{"id":101,"date":"2024-04-04T07:15:59","date_gmt":"2024-04-04T04:15:59","guid":{"rendered":"https:\/\/sisu.ut.ee\/ope\/doktoritoo-avaldamine\/"},"modified":"2024-10-01T10:43:03","modified_gmt":"2024-10-01T07:43:03","slug":"doktoritoo-avaldamine","status":"publish","type":"page","link":"https:\/\/sisu.ut.ee\/ope\/doktoritoo-avaldamine\/","title":{"rendered":"III.6. Doktorit\u00f6\u00f6 avaldamine"},"content":{"rendered":"<p style=\"text-align: justify;\"><strong><br>\n134. <\/strong>Doktorit\u00f6\u00f6 avaldatakse paberil ja elektroonselt\u00a0<a title=\"\" href=\"https:\/\/creativecommons.org\/licenses\/\" target=\"_blank\" rel=\"noopener\" data-url=\"https:\/\/creativecommons.org\/licenses\/\">Creative Commonsi litsentsiga<\/a>\u00a0CC BY NC ND 4.0, mis lubab autorile viidates teost reprodutseerida, levitada ja \u00fcldsusele suunata ning keelab tuletatud teose loomise ja teose kasutamise \u00e4rilisel eesm\u00e4rgil. Doktorit\u00f6\u00f6d tr\u00fckitakse v\u00e4hemalt 15 eksemplari.<\/p>\n<p style=\"text-align: justify;\"><strong>135.<\/strong> Kui doktorit\u00f6\u00f6d kaitstakse tervikliku teaduspublikatsioonide kogumina, avaldatakse selles katuspeat\u00fckk koos teaduspublikatsioonidega. Kui publikatsioone ei ole teistele isikutele kuuluvate autori varaliste \u00f5iguste t\u00f5ttu v\u00f5imalik avaldada, viidatakse doktorit\u00f6\u00f6s publikatsiooni avaldamise allikale koos viitega internetiallikale. Autoril on \u00f5igus keelata k\u00e4sikirjalise artikli avaldamine elektroonselt enne selle esmaavaldamist.<\/p>\n<p style=\"text-align: justify;\"><\/p><div class=\"accordion mb-3\">\n        <div class=\"accordion-item accordion-item--white\">\n        <h2 class=\"accordion-header\" id=\"accordion-69d50a8e9f404-heading\">\n            <button class=\"accordion-button collapsed\" type=\"button\" data-bs-toggle=\"collapse\" data-bs-target=\"#accordion-69d50a8e9f404-collapse\" aria-expanded=\"true\" aria-controls=\"accordion-69d50a8e9f404-collapse\">Juhendid<\/button>\n        <\/h2>\n        <div id=\"accordion-69d50a8e9f404-collapse\" class=\"accordion-collapse collapse\" aria-labelledby=\"accordion-69d50a8e9f404-heading\">\n            <div class=\"accordion-body\">Punktis 138\u00a0nimetatud lepingu lisas m\u00e4\u00e4ratakse t\u00e4pselt \u00e4ra, kuidas varem avaldatud v\u00f5i publitseerimiseks esitatud artiklid tr\u00fcki- ja elektroonses versioonis avaldatakse \u2013 kas terviktekstidena v\u00f5i viidetena. Tr\u00fcki- ja elektroonne versioon v\u00f5ivad selles osas erineda. Tr\u00fckiversiooni jaoks on lihtsam luba saada, elektroonses versioonis sageli tervikartiklit avaldada ei lubata. K\u00e4sikirjaliste artiklite puhul, mida pole publitseerimiseks veel esitatud, v\u00f5ib autor keelata nende avaldamise elektroonses versioonis.\n<p>Varasemate publikatsioonide doktorit\u00f6\u00f6s avaldamise loa k\u00fcsimine avaldajalt:<\/p>\n<ul>\n<li style=\"text-align: justify;\">esmalt uurige kirjastuse\/ajakirja kodulehelt, kas neil on avaldamise loa k\u00fcsimiseks oma spetsiifiline vorm, sageli on see olemas ja seda saab esitada ka elektroonselt;<\/li>\n<li style=\"text-align: justify;\">kui kirjastusel\/ajakirjal oma spetsiifilist vormi ei ole, siis soovitusliku kirja n\u00e4idise leiate <span class=\"file media-element file-os-files-link\" data-file_info=\"%7B%22fid%22:%2272240%22,%22view_mode%22:%22os_files_link%22,%22type%22:%22media%22%7D\"><img decoding=\"async\" class=\"file-icon\" src=\"\/profiles\/openscholar\/modules\/os\/modules\/os_files\/icons\/x-office-document.svg\" alt=\"\"><a href=\"https:\/\/sisu.ut.ee\/wp-content\/uploads\/sites\/500\/ajakirja_kirjastuselt_artikli_avaldamiseks_loa_kusimine.doc\">siin<\/a>.<\/span>\u00a0<\/li><\/ul><\/div>\n        <\/div>\n        <\/div>\n    <\/div>\n\n<p style=\"text-align: justify;\"><strong>136.<\/strong> Kui doktorit\u00f6\u00f6d kaitstakse tr\u00fckis ilmunud monograafia(te) p\u00f5hjal, avaldatakse selles viide monograafia(te)le.<\/p>\n<p style=\"text-align: justify;\"><strong>137.<\/strong> Kui publikatsioonide v\u00f5i muude doktorit\u00f6\u00f6 osade avalikustamine ei ole isikuandmete, riigi- v\u00f5i \u00e4risaladuse v\u00f5i muu salastatud teabe kaitseks v\u00f5imalik, avaldatakse nendest autori koostatud nimestik. Autor esitab n\u00f5ukogule p\u00f5hjendatud taotluse doktorit\u00f6\u00f6 avalikustamise piirangute kehtestamiseks. Piirangud kehtestab teadusprorektor n\u00f5ukogu ettepanekul.<\/p>\n<p style=\"text-align: justify;\"><strong>138.<\/strong> Doktorit\u00f6\u00f6 tr\u00fckib \u00fclikooli kirjastus, kui doktorikraadi taotleja ei otsusta erandjuhul teisiti. Doktorit\u00f6\u00f6 tr\u00fckkimiseks s\u00f5lmivad autor ja \u00fclikool lepingu.<\/p>\n<p style=\"text-align: justify;\"><strong>139.<\/strong> Kui doktorit\u00f6\u00f6d ei tr\u00fcki \u00fclikooli kirjastus, antakse \u00fclikooli raamatukogule \u00fcle \u00fcks tr\u00fckitud eksemplar ja elektrooniline fail doktorit\u00f6\u00f6st. Vajaduse korral t\u00e4psustatakse lepingus doktorit\u00f6\u00f6 avaldamise tingimusi.<\/p>\n<p style=\"text-align: justify;\"><strong>140. <\/strong>Doktorit\u00f6\u00f6 tr\u00fckitakse vastavalt \u00fclikooli kirjastuse tehnilistele <a href=\"https:\/\/tyk.ee\/et\/nouded-kasikirjadele\">n\u00f5uetele k\u00e4sikirjade kohta<\/a> ja valdkonnale omase kaanekujundusega.<\/p>\n<p style=\"text-align: justify;\"><strong>141. <\/strong>Autor esitab \u00fclikooli kirjastusele v\u00e4hemalt seitse n\u00e4dalat enne kaitsmise kuup\u00e4eva elektroonselt doktorit\u00f6\u00f6 k\u00e4sikirja, populaarteadusliku eesm\u00e4rgiga koostatud ja laiale lugejaskonnale m\u00f5eldud eesti- ja ingliskeelse l\u00fchikokkuv\u00f5tte (kuni 2000 t\u00e4hem\u00e4rki) ning publikatsioonide separaadid v\u00f5i PDF-vormingus failid. Autor esitab kirjastusele v\u00e4ljav\u00f5tte n\u00f5ukogu protokollist kaitsmisele lubamise kohta, varem avaldatud publikatsiooni uuesti avaldamiseks avaldajalt saadud litsentsi, kui seda on vaja, ja punktis 137 nimetatud juhul teadusprorektori korralduse koopia.<\/p>\n<p style=\"text-align: justify;\"><strong>142.<\/strong> Autor vastutab selle eest, et doktorit\u00f6\u00f6 avaldamisega ei rikuta teiste isikute intellektuaalse omandi \u00f5igusi, isikuandmete kaitse ega muid \u00f5igusaktidest tulenevaid n\u00f5udeid.<\/p>\n<p style=\"text-align: justify;\"><strong>143.<\/strong> \u00dclikooli kirjastus tagab doktorit\u00f6\u00f6 elektroonse ja paberversiooni samasuse, arvestades punktides 136 ja 137 nimetatud erisusi. Kirjastus saadab rektoraadile ja \u00f5ppeosakonnale \u00fche pabereksemplari. Kui doktorit\u00f6\u00f6d tr\u00fckitakse v\u00e4hem kui 50 eksemplari, saadab kirjastus \u00fche pabereksemplari ja elektroonse versiooni \u00fclikooli raamatukogule, Eesti Rahvusraamatukogule, Eesti Kirjandusmuuseumi arhiivraamatukogule ja Tallinna \u00dclikooli akadeemilisele raamatukogule.<\/p>\n<p style=\"text-align: justify;\"><strong>144.<\/strong> \u00dclikool tagab doktorit\u00f6\u00f6 elektroonse ja paberversiooni avaldamise, s\u00e4ilimise ja k\u00e4ttesaadavuse.<\/p>\n","protected":false},"excerpt":{"rendered":"<p>134. Doktorit\u00f6\u00f6 avaldatakse paberil ja elektroonselt\u00a0Creative Commonsi litsentsiga\u00a0CC BY NC ND 4.0, mis lubab autorile viidates teost reprodutseerida, levitada ja \u00fcldsusele suunata ning keelab tuletatud teose loomise ja teose kasutamise \u00e4rilisel eesm\u00e4rgil. Doktorit\u00f6\u00f6d tr\u00fckitakse v\u00e4hemalt 15 eksemplari. 135. Kui doktorit\u00f6\u00f6d &#8230;<\/p>\n","protected":false},"author":228,"featured_media":0,"parent":0,"menu_order":0,"comment_status":"closed","ping_status":"closed","template":"","meta":{"_acf_changed":false,"inline_featured_image":false,"footnotes":""},"class_list":["post-101","page","type-page","status-publish","hentry"],"acf":[],"_links":{"self":[{"href":"https:\/\/sisu.ut.ee\/ope\/wp-json\/wp\/v2\/pages\/101","targetHints":{"allow":["GET"]}}],"collection":[{"href":"https:\/\/sisu.ut.ee\/ope\/wp-json\/wp\/v2\/pages"}],"about":[{"href":"https:\/\/sisu.ut.ee\/ope\/wp-json\/wp\/v2\/types\/page"}],"author":[{"embeddable":true,"href":"https:\/\/sisu.ut.ee\/ope\/wp-json\/wp\/v2\/users\/228"}],"replies":[{"embeddable":true,"href":"https:\/\/sisu.ut.ee\/ope\/wp-json\/wp\/v2\/comments?post=101"}],"version-history":[{"count":4,"href":"https:\/\/sisu.ut.ee\/ope\/wp-json\/wp\/v2\/pages\/101\/revisions"}],"predecessor-version":[{"id":1774,"href":"https:\/\/sisu.ut.ee\/ope\/wp-json\/wp\/v2\/pages\/101\/revisions\/1774"}],"wp:attachment":[{"href":"https:\/\/sisu.ut.ee\/ope\/wp-json\/wp\/v2\/media?parent=101"}],"curies":[{"name":"wp","href":"https:\/\/api.w.org\/{rel}","templated":true}]}}