{"id":100,"date":"2024-04-04T07:15:59","date_gmt":"2024-04-04T04:15:59","guid":{"rendered":"https:\/\/sisu.ut.ee\/ope\/kaitsmisest-teavitamine-ja-doktoritoo-avalikustamine\/"},"modified":"2024-04-16T11:29:40","modified_gmt":"2024-04-16T08:29:40","slug":"kaitsmisest-teavitamine-ja-doktoritoo-avalikustamine","status":"publish","type":"page","link":"https:\/\/sisu.ut.ee\/ope\/kaitsmisest-teavitamine-ja-doktoritoo-avalikustamine\/","title":{"rendered":"III.5.4. Kaitsmisest teavitamine ja doktorit\u00f6\u00f6 avalikustamine"},"content":{"rendered":"<p style=\"text-align: justify;\"><strong><br>\n132. <\/strong>Doktorit\u00f6\u00f6 peab olema \u00fclikooli raamatukogus tutvumiseks k\u00e4ttesaadav tr\u00fckitult ja \u00fclikooli raamatukogu veebilehel elektroonselt v\u00e4hemalt kaks n\u00e4dalat enne kaitsmist, v\u00e4lja arvatud juhul, kui kaitsmine on kuulutatud kinniseks v\u00f5i doktorit\u00f6\u00f6 avalikustamisele on seatud piirangud.<\/p>\n<p style=\"text-align: justify;\"><strong>133. <\/strong>Teave kaitsmise kohta avaldatakse \u00fclikooli <a title=\"\" href=\"https:\/\/ut.ee\/et\/doktoritoode-kaitsmised\" target=\"_blank\" rel=\"noopener\" data-url=\"https:\/\/ut.ee\/et\/doktoritoode-kaitsmised\">veebilehel<\/a>.<\/p>\n","protected":false},"excerpt":{"rendered":"<p>132. Doktorit\u00f6\u00f6 peab olema \u00fclikooli raamatukogus tutvumiseks k\u00e4ttesaadav tr\u00fckitult ja \u00fclikooli raamatukogu veebilehel elektroonselt v\u00e4hemalt kaks n\u00e4dalat enne kaitsmist, v\u00e4lja arvatud juhul, kui kaitsmine on kuulutatud kinniseks v\u00f5i doktorit\u00f6\u00f6 avalikustamisele on seatud piirangud. 133. Teave kaitsmise kohta avaldatakse \u00fclikooli veebilehel.<\/p>\n","protected":false},"author":228,"featured_media":0,"parent":0,"menu_order":0,"comment_status":"closed","ping_status":"closed","template":"","meta":{"_acf_changed":false,"inline_featured_image":false,"footnotes":""},"class_list":["post-100","page","type-page","status-publish","hentry"],"acf":[],"_links":{"self":[{"href":"https:\/\/sisu.ut.ee\/ope\/wp-json\/wp\/v2\/pages\/100","targetHints":{"allow":["GET"]}}],"collection":[{"href":"https:\/\/sisu.ut.ee\/ope\/wp-json\/wp\/v2\/pages"}],"about":[{"href":"https:\/\/sisu.ut.ee\/ope\/wp-json\/wp\/v2\/types\/page"}],"author":[{"embeddable":true,"href":"https:\/\/sisu.ut.ee\/ope\/wp-json\/wp\/v2\/users\/228"}],"replies":[{"embeddable":true,"href":"https:\/\/sisu.ut.ee\/ope\/wp-json\/wp\/v2\/comments?post=100"}],"version-history":[{"count":2,"href":"https:\/\/sisu.ut.ee\/ope\/wp-json\/wp\/v2\/pages\/100\/revisions"}],"predecessor-version":[{"id":1395,"href":"https:\/\/sisu.ut.ee\/ope\/wp-json\/wp\/v2\/pages\/100\/revisions\/1395"}],"wp:attachment":[{"href":"https:\/\/sisu.ut.ee\/ope\/wp-json\/wp\/v2\/media?parent=100"}],"curies":[{"name":"wp","href":"https:\/\/api.w.org\/{rel}","templated":true}]}}