{"id":10,"date":"2024-04-04T07:15:49","date_gmt":"2024-04-04T04:15:49","guid":{"rendered":"https:\/\/sisu.ut.ee\/ope\/oppekava-labimise-planeerimine\/"},"modified":"2024-04-04T07:17:34","modified_gmt":"2024-04-04T04:17:34","slug":"oppekava-labimise-planeerimine","status":"publish","type":"page","link":"https:\/\/sisu.ut.ee\/ope\/oppekava-labimise-planeerimine\/","title":{"rendered":"II.2. \u00d5ppekava l\u00e4bimise planeerimine"},"content":{"rendered":"<p style=\"text-align: justify\">\n\t<br><strong>II.2. \u00d5ppekava l\u00e4bimise planeerimine<\/strong><br>\u00a0\n<\/p>\n<p style=\"text-align: justify\">\n\t17. \u00d5ppeained on \u00f5ppekavades r\u00fchmitatud mooduliteks vastavalt \u00f5ppekava statuudile.\n<\/p>\n<p style=\"text-align: justify\">\n\t18. Bakalaureuse\u00f5ppe \u00fcli\u00f5pilane valib \u00f5ppekavasse v\u00e4hemalt kuus 24 EAP mahus moodulit, v\u00e4hemalt \u00fche 12 EAP mahus valikmooduli, 6\u201312 EAP mahus lopueksami v\u00f5i l\u00f5put\u00f6\u00f6 ja vabaainete mooduli.\n<\/p>\n<p style=\"text-align: justify\">\n\t19. Bakalaureuse\u00f5ppes on peaeriala miinimummaht kaks alusmoodulit, v\u00e4hemalt \u00fcks suuna\u2011, \u00fcks eriala- ja \u00fcks valikmoodul ning lopueksam v\u00f5i -t\u00f6\u00f6. K\u00f5rvaleriala koosneb bakalaureuse\u00f5ppekava suuna-, eriala- ja valikmoodulist (kokku 60 EAP-d), mis erinevad peaeriala moodulitest. Kui peaeriala valitakse miinimummahus, on kohustuslik valida \u00fcks k\u00f5rvaleriala. Peaeriala mahu suurendamiseks loetakse v\u00e4hemalt veel \u00fche oma \u00f5ppekavasse kuuluva suuna-, eriala- v\u00f5i valikmooduli l\u00e4bimist. Peaeriala mahu suurendamise korral ei ole k\u00f5rvaleriala valimine kohustuslik. S\u00f5ltuvalt \u00fcli\u00f5pilase valitud moodulitest, n\u00e4iteks k\u00f5rvaleriala v\u00f5i miinimummahtu \u00fcletavate moodulite valimisel, v\u00f5ib bakalaureuse\u00f5ppekava maht t\u00e4ituda ilma vabaaineteta; sellisel juhul ei l\u00e4he sooritatud vabaained \u00fcli\u00f5pilase \u00f5ppekava mahu t\u00e4itmisel arvesse.\n<\/p>\n<p style=\"text-align: justify\">\n\t20. Bakalaureuse\u00f5ppe \u00fcli\u00f5pilane valib \u00f5ppeinfos\u00fcsteemis k\u00f5ik peaeriala moodulid \u2013 kaks alusmoodulit, \u00fche suuna- ja \u00fche erialamooduli ning valikmooduli \u2013 hiljemalt esimese semestri l\u00f5puks, kui \u00f5ppekavas ei ole peaeriala suuna-, eriala- ja valikmooduli valimiseks kehtestatud hilisemat t\u00e4htaega. K\u00f5ik \u00f5ppekava t\u00e4itmiseks vajalikud moodulid tuleb<br>valida bakalaureuse\u00f5ppekavadest ja valik teha hiljemalt teise \u00f5ppeaasta s\u00fcgissemestri l\u00f5puks.\n<\/p>\n<p style=\"text-align: justify\">\n\t21. Rakendusk\u00f5rgharidus- ja magistri\u00f5ppe \u00fcli\u00f5pilane valib hiljemalt esimese semestri l\u00f5puks \u00f5ppeinfos\u00fcsteemis k\u00f5ik \u00f5ppekava l\u00e4bimiseks vajalikud moodulid, kui \u00f5ppekavas on valitavad moodulid.<\/p>\n","protected":false},"excerpt":{"rendered":"<p>II.2. \u00d5ppekava l\u00e4bimise planeerimine\u00a0 17. \u00d5ppeained on \u00f5ppekavades r\u00fchmitatud mooduliteks vastavalt \u00f5ppekava statuudile. 18. Bakalaureuse\u00f5ppe \u00fcli\u00f5pilane valib \u00f5ppekavasse v\u00e4hemalt kuus 24 EAP mahus moodulit, v\u00e4hemalt \u00fche 12 EAP mahus valikmooduli, 6\u201312 EAP mahus lopueksami v\u00f5i l\u00f5put\u00f6\u00f6 ja vabaainete mooduli. 19. &#8230;<\/p>\n","protected":false},"author":228,"featured_media":0,"parent":0,"menu_order":0,"comment_status":"closed","ping_status":"closed","template":"","meta":{"_acf_changed":false,"inline_featured_image":false,"footnotes":""},"class_list":["post-10","page","type-page","status-publish","hentry"],"acf":[],"_links":{"self":[{"href":"https:\/\/sisu.ut.ee\/ope\/wp-json\/wp\/v2\/pages\/10","targetHints":{"allow":["GET"]}}],"collection":[{"href":"https:\/\/sisu.ut.ee\/ope\/wp-json\/wp\/v2\/pages"}],"about":[{"href":"https:\/\/sisu.ut.ee\/ope\/wp-json\/wp\/v2\/types\/page"}],"author":[{"embeddable":true,"href":"https:\/\/sisu.ut.ee\/ope\/wp-json\/wp\/v2\/users\/228"}],"replies":[{"embeddable":true,"href":"https:\/\/sisu.ut.ee\/ope\/wp-json\/wp\/v2\/comments?post=10"}],"version-history":[{"count":1,"href":"https:\/\/sisu.ut.ee\/ope\/wp-json\/wp\/v2\/pages\/10\/revisions"}],"predecessor-version":[{"id":735,"href":"https:\/\/sisu.ut.ee\/ope\/wp-json\/wp\/v2\/pages\/10\/revisions\/735"}],"wp:attachment":[{"href":"https:\/\/sisu.ut.ee\/ope\/wp-json\/wp\/v2\/media?parent=10"}],"curies":[{"name":"wp","href":"https:\/\/api.w.org\/{rel}","templated":true}]}}