{"id":9,"date":"2024-04-04T03:42:56","date_gmt":"2024-04-04T00:42:56","guid":{"rendered":"https:\/\/sisu.ut.ee\/oigusealused\/registreerumine\/"},"modified":"2026-03-11T12:37:32","modified_gmt":"2026-03-11T10:37:32","slug":"registreerumine","status":"publish","type":"page","link":"https:\/\/sisu.ut.ee\/oigusealused\/registreerumine\/","title":{"rendered":"Registreerumine"},"content":{"rendered":"<p>Vali endale sobiv kursus (vt l\u00e4hemalt lehelt \u201cTeemad ja materjalid\u201d):<\/p>\n<ul>\n<li>\u00d5iguse alused mittejuristile (3 EAP), g\u00fcmnaasiumi\u00f5pilastele*<\/li>\n<li>\u00d5iguse alused mittejuristile (3 EAP), t\u00e4iskasvanutele<\/li>\n<\/ul>\n<p>S\u00fcgisel 2019 lisandusid kursusele uued teemad: t\u00f6\u00f6, ettev\u00f5tlus, kord \u00fchiskonnas ja perekond. Osalejatel, kes l\u00e4bisid kursuse kevadel 2019 v\u00f5i varem mahus 2 EAP, on v\u00f5imalik l\u00e4bida lisandunud moodulid kursust korrates ja nii lisapunktide arvu kandideerimisel \u00f5igusteaduskonda 1 EAP v\u00f5rra suurendada. Rohkem infot projektijuhilt: Tiina Karm (Mikk), <a href=\"mailto:tiina.mikk@ut.ee\">tiina.karm@ut.ee<\/a><\/p>\n<blockquote>\n<p><strong>REGISTREERIMINE kursusele \u201c\u00d5iguse alused mittejuristile\u201d 3 EAP<\/strong><\/p>\n<\/blockquote>\n<h4><strong>J\u00e4rgmise kursuse algus: 14.09.2026<\/strong><\/h4>\n<ul>\n<li><strong>G\u00fcmnaasiumi\u00f5pilased*<\/strong>:\u00a0<strong>REGISTREERU <a href=\"https:\/\/www.is.ut.ee\/pls\/ois\/!tere.tulemast?leht=OK.AR.ID&amp;id_ay_toimumine=77838&amp;systeemi_seaded=10,1,12,1&amp;sessioon=0\" target=\"_blank\" rel=\"noopener\">G\u00dcMNASISTIDE KURSUSELE<\/a>\u00a0<\/strong><br>G\u00fcmnaasiumi\u00f5pilastele on kursus\u00a0TASUTA.<\/li>\n<\/ul>\n<p style=\"margin-left: 40px;\">Registreerimise t\u00e4htaeg g\u00fcmnasistidele: <span style=\"color: #617bc9;\">13. september 2026<\/span>.<\/p>\n<p style=\"padding-left: 40px;\"><em>*\u00a0 Kuni 19-aastane (kaasa arvatud) g\u00fcmnaasiumis \u00f5ppiv noor.<\/em><\/p>\n<p style=\"margin-left: 40px;\">** G\u00fcmnasistidel palume registreerimisel\u00a0m\u00e4rkida lahtrisse \u201cAine\u00f5petaja\u201d \u00fchiskonna\u00f5petuse \u00f5petaja v\u00f5i klassijuhataja nime.<\/p>\n<ul>\n<li><strong>T\u00e4iskasvanud<\/strong>:\u00a0<strong>REGISTREERU <a href=\"https:\/\/www.is.ut.ee\/pls\/ois\/!tere.tulemast?leht=OK.AR.ID&amp;id_ay_toimumine=77841&amp;systeemi_seaded=10,1,12,1&amp;sessioon=0\" target=\"_blank\" rel=\"noopener\">T\u00c4ISKASVANUTE KURSUSELE<\/a>\u00a0<\/strong><br>Osalustasu t\u00e4iskasvanutele on 250 eurot (sh k\u00e4ibemaks).<\/li>\n<\/ul>\n<p style=\"margin-left: 40px;\">Registreerimise t\u00e4htaeg t\u00e4iskasvanutele: <span style=\"color: #617bc9;\">\u00a07. september 2026.\u00a0<\/span><\/p>\n<p>T\u00e4psem info maksetingimuste kohta saadetakse p\u00e4rast registreerimist.<\/p>\n\n\n<p><\/p>\n","protected":false},"excerpt":{"rendered":"<p>Vali endale sobiv kursus (vt l\u00e4hemalt lehelt \u201cTeemad ja materjalid\u201d): \u00d5iguse alused mittejuristile (3 EAP), g\u00fcmnaasiumi\u00f5pilastele* \u00d5iguse alused mittejuristile (3 EAP), t\u00e4iskasvanutele S\u00fcgisel 2019 lisandusid kursusele uued teemad: t\u00f6\u00f6, ettev\u00f5tlus, kord \u00fchiskonnas ja perekond. Osalejatel, kes l\u00e4bisid kursuse kevadel 2019 &#8230;<\/p>\n","protected":false},"author":126,"featured_media":0,"parent":0,"menu_order":0,"comment_status":"closed","ping_status":"closed","template":"","meta":{"_acf_changed":false,"inline_featured_image":false,"footnotes":""},"class_list":["post-9","page","type-page","status-publish","hentry"],"acf":[],"_links":{"self":[{"href":"https:\/\/sisu.ut.ee\/oigusealused\/wp-json\/wp\/v2\/pages\/9","targetHints":{"allow":["GET"]}}],"collection":[{"href":"https:\/\/sisu.ut.ee\/oigusealused\/wp-json\/wp\/v2\/pages"}],"about":[{"href":"https:\/\/sisu.ut.ee\/oigusealused\/wp-json\/wp\/v2\/types\/page"}],"author":[{"embeddable":true,"href":"https:\/\/sisu.ut.ee\/oigusealused\/wp-json\/wp\/v2\/users\/126"}],"replies":[{"embeddable":true,"href":"https:\/\/sisu.ut.ee\/oigusealused\/wp-json\/wp\/v2\/comments?post=9"}],"version-history":[{"count":28,"href":"https:\/\/sisu.ut.ee\/oigusealused\/wp-json\/wp\/v2\/pages\/9\/revisions"}],"predecessor-version":[{"id":261,"href":"https:\/\/sisu.ut.ee\/oigusealused\/wp-json\/wp\/v2\/pages\/9\/revisions\/261"}],"wp:attachment":[{"href":"https:\/\/sisu.ut.ee\/oigusealused\/wp-json\/wp\/v2\/media?parent=9"}],"curies":[{"name":"wp","href":"https:\/\/api.w.org\/{rel}","templated":true}]}}