{"id":8,"date":"2024-04-04T03:42:56","date_gmt":"2024-04-04T00:42:56","guid":{"rendered":"https:\/\/sisu.ut.ee\/oigusealused\/tagasiside\/"},"modified":"2026-02-04T13:29:21","modified_gmt":"2026-02-04T11:29:21","slug":"tagasiside","status":"publish","type":"page","link":"https:\/\/sisu.ut.ee\/oigusealused\/tagasiside\/","title":{"rendered":"Tagasiside"},"content":{"rendered":"<p>Kursus on t\u00e4naseks toimunud <strong>kuusteist\u00a0korda<\/strong>. Esimene kursus toimus 2017. aasta kevadel. Kursusel on osalenud \u00fcle<strong>\u00a06000\u00a0inimese<\/strong>, kellest ligikaudu\u00a0<strong>2\/3 on<\/strong>\u00a0<strong>g\u00fcmnaasiumi\u00f5pilased.<\/strong><\/p>\n\n\n\n<p>\u00d5ppijate tagasiside j\u00e4rgi on tegemist v\u00e4ga kasuliku, kaasahaarava ja kasutajamugava kursusega. <\/p>\n\n\n\n<p>\u201c<em>S\u00fcdamest soovitan! See on mahukas, aga seda v\u00e4\u00e4rt<\/em>.\u201d<\/p>\n\n\n\n<p>Vaatamata sellele, et kursuse l\u00e4bimine n\u00f5udis \u00f5ppijatelt aega ja pingutust:<\/p>\n\n\n\n<ul class=\"wp-block-list\">\n<li>tegi\u00a0<strong>\u00fcle 80%<\/strong>\u00a0alustanutest kursuse l\u00f5puni<\/li>\n\n\n\n<li>hindas \u00fcle\u00a0<strong>90%<\/strong>\u00a0l\u00f5petajatest kursust kahe k\u00f5rgeima hinde\u00a0<strong>\u201esuurep\u00e4rane\u201c<\/strong>\u00a0<strong>ja \u201ev\u00e4ga hea\u201c<\/strong>\u00a0v\u00e4\u00e4riliseks<\/li>\n\n\n\n<li>andis\u00a0<strong>\u00fcle 50%<\/strong>\u00a0l\u00f5petajatest kursusele k\u00f5ige k\u00f5rgema hinde\u00a0<strong>\u201esuurep\u00e4rane\u201c<\/strong><\/li>\n<\/ul>\n\n\n\n<hr class=\"wp-block-separator has-alpha-channel-opacity\">\n\n\n\n<div class=\"wp-block-columns is-layout-flex wp-container-core-columns-is-layout-9d6595d7 wp-block-columns-is-layout-flex\">\n<div class=\"wp-block-column is-layout-flow wp-block-column-is-layout-flow\">\n<h5 class=\"wp-block-heading has-text-align-left\"><strong>G\u00fcmnaasiumi\u00f5pilased on kursuse kohta \u00f6elnud:<\/strong><\/h5>\n\n\n\n<p><em>\u201cSuurep\u00e4rane, l\u00e4bi m\u00f5eldud kursus!\u201d<\/em><\/p>\n\n\n\n<p><em>\u201cKursuse tugevuseks mitmek\u00fclgsus. On konspekt, on videod, on intervjuud, on test. See muudab \u00f5ppimist p\u00f5nevamaks ning aitab kogu aeg teadmiste kinnistumisele kaasa.\u201d<\/em><\/p>\n\n\n\n<p><em>\u201cTerve see kursus oli v\u00e4ga \u00f5ppija s\u00f5bralik ja toetav ning lihtne ja arusaadav.\u201d<\/em><\/p>\n\n\n\n<p><em>\u201cV\u00e4ga h\u00e4sti oli \u00f5nnestunud teadmiste edastamine, nii konspekti kui ka videoloengu n\u00e4ol, ning oli tehtud piisavalt arusaadavaks mitte-juristile\u201d<\/em><\/p>\n\n\n\n<p><em>\u201cH\u00e4sti selged ning arusaadavad konspektid ja videod. Test v\u00f5ttis mooduli h\u00e4sti kokku.\u201d\u00a0<\/em><\/p>\n\n\n\n<p><em>\u201cV\u00e4ga professionaalne, kuid samas arusaadav ka noortele, kes pole varem \u00f5igusteaduse \u00f5ppimisega kokku puutunud.\u201d<\/em><\/p>\n\n\n\n<p>\u201c<em>Ootasin natuke v\u00e4hem lugemist, aga sain v\u00e4ga palju uusi teadmisi, mida ei oodanud teada saada ja need on tegelikult p\u00e4ris abistavad ka igap\u00e4evases elus<\/em>.\u201d<\/p>\n\n\n\n<p><em>\u201cKursuse moodulid olid huvitavad ning iga l\u00e4bitud moodul andis veel rohkem motivatsiooni uusi teadmisi omandada.\u201d<\/em><\/p>\n\n\n\n<p><em><em>\u201cE-kursus on hea v\u00f5imalus ise oma aega ja mooduleid planeerida. N\u00e4iteks viibisin ma esimesed 2 n\u00e4dalat kui kursus algas v\u00e4lismaal ja sain k\u00f5ik kenasti j\u00e4rgi teha ehk see on mugav. Ajakulu algul tuli \u00fcllatusena, samas ei uskunud et veebikursus v\u00f5ib mingi aine alused n\u00f5nda h\u00e4sti kokku v\u00f5tta. Sain v\u00e4ga palju uut teada.\u201d<\/em><\/em><\/p>\n\n\n\n<p><em>\u201cL\u00e4bitud e-kursus \u00fcletas positiivses m\u00f5ttes igasuguseid v\u00f5imalikke ootuseid. K\u00e4sitletud oli suurt osa valdkonda puudutavatest teemadest. K\u00e4sitlus oli \u00fclevaatlik ja huvitavalt \u00fcles ehitatud.\u201d<\/em><\/p>\n\n\n\n<p><em>\u201c\u00d5ppisin uusi teadmisi, mida saan ise ka rakendama hakata. K\u00f5ik \u00f5pitu oli h\u00e4sti t\u00f5sieluline.\u201d<\/em><\/p>\n\n\n\n<p><em>\u201cKindlasti oskan varasemast rohkem \u00f5igusalasel teemal kaasa r\u00e4\u00e4kida. \u00d5ppisin, et k\u00f5ik see ei olegi nii keeruline kui alguses arvasin vaid peab tegema rohkem loogilisemaid seoseid seaduste ja eluliste asjade vahel.\u201d<\/em><\/p>\n\n\n\n<p><em>\u201cSee kursus avardas mu silmaringi ja m\u00f5tteviisi, sain t\u00e4psemalt teada, mida pean j\u00e4lgima lepingute puhul ja kui enne teadsin umbkaudu ja natukene \u00f5igusest, siis n\u00fc\u00fcd on teadmiste pagas palju suurem.\u201d<\/em><\/p>\n\n\n\n<p><em>\u201cSain palju praktilisi teadmisi \u2013 mida lepingu s\u00f5lmimisel silmas pidada, kuidas suhtuda t\u00fc\u00fcptingimustesse, kuidas on \u00fcles ehitatud kohtus\u00fcsteem jne.\u201d<\/em><\/p>\n\n\n\n<p>\u00a0<em>\u201cKursus andis elulise pildi \u00f5igusteadusest ning aitab mind kindlasti elukutsevaliku tegemisel.\u201d<\/em><\/p>\n\n\n\n<p><em>\u201cPeale kursuse l\u00e4bimist ja k\u00f5ikide erinevate \u00f5igusalade ning ametitega tutvumist, on juba palju selgem, kas \u00f5igusteadus on asi, millega siduda ennast ka oma j\u00e4rgnevas elus.\u201d<\/em><\/p>\n\n\n\n<p><em>\u201cEnne kursust kahtlesin ma, kas \u00fclikoolis \u00f5igusteaduse \u00f5ppimine mulle p\u00f5nev ja meeldiv oleks. T\u00e4nu sellele kursusele sain ma siiski teada, et \u00f5igusteadus ja k\u00f5ik sellega seonduv on kindlasti mulle v\u00e4ga huvitavad.\u201d<\/em><\/p>\n\n\n\n<p>\u201c<em>K\u00f5ige meeldivam on fakt, et n\u00fc\u00fcd tean kindlalt, et tahan tulevikus \u00f5igust minna \u00f5ppima, sest sain eelk\u00f5ige l\u00e4bi ametitutvustuste aru, et see on see, mida tulevikus n\u00e4en ennast tegemas.<\/em>\u201c<\/p>\n\n\n\n<p><em>\u201cSain aru, et juura \u00f5ppimine ei ole siiski minule, olgugi et sain palju uusi ja vajalikke teadmisi.\u201d<\/em><\/p>\n\n\n\n<p><em>\u201cEhkki osalemine n\u00f5uab ajalist investeeringut, saab kursuselt palju praktilisi teadmisi, millest on kasu ka siis, kui \u00f5igust \u00f5ppima ei l\u00e4he.\u201d<\/em><\/p>\n\n\n\n<p><em>\u201cKindlasti soovitan osaleda. See annab nii palju elulisi teadmisi ja tekitab \u00f5igusteaduse vastu suuremat huvi.\u201d<\/em><\/p>\n<\/div>\n\n\n\n<div class=\"wp-block-column is-layout-flow wp-block-column-is-layout-flow\">\n<h5 class=\"wp-block-heading has-text-align-left\"><strong>T\u00e4iskasvanute kursusel osalejad on kursuse kohta \u00f6elnud:<\/strong><\/h5>\n\n\n\n<p class=\"has-text-align-left\"><em><em>\u201cKursus annab suurep\u00e4rase \u00fclevaate \u00f5igusest ja -teadusest ning aitab kahtlemata neid, kel ees eriala valik v\u00f5i soov teha muutusi oma karj\u00e4\u00e4riteel.\u201d<\/em><\/em><\/p>\n\n\n\n<p><em>\u201cV\u00e4ga hea kursus \u2013 sisukas, arusaadav, illustratiivne. Kartsin algul, et ehk j\u00e4\u00e4b see kursus liiga lihtsaks, kui usun, et on leitud v\u00e4ga hea tasakaal \u2013 ei olnud liiga raske, aga mitte liiga kerge. Meeldis ka, et kursuse sisu ja info olid elulised ja praktilisi n\u00e4iteid oli palju.\u201d<\/em><\/p>\n\n\n\n<p>\u201c<em>Meeldis, et sai laialdase \u00fclevaate erinevatest \u00f5iguse valdkondades, koos viidetega, kust soovi korral edasi lugeda-otsida \u2013 see orienteerumisoskus ja -abi ongi ju p\u00f5hiline<\/em>.\u201d<\/p>\n\n\n\n<p><em>\u201cOotasin suure p\u00f5nevusega iga j\u00e4rgnevat moodulit. Eriti p\u00f5nev oli minule nn juhtumite lahendamine.\u201d<\/em><\/p>\n\n\n\n<p><em>\u201cSoovitan noortele ja vanadele, kellele t\u00f6\u00f6alaselt vajalik ja kes eelnevalt ei ole \u00fcldse kursis.\u201d<\/em><\/p>\n\n\n\n<p><em>\u201cKindlasti tasub osaleda neil, kes pole enne sellega kursis (teine eriala vms) ning kes soovivad head \u00fclevaadet \u00f5igusest ning selle toimimisest. Kes on juba rohkemal m\u00e4\u00e4ral kursis, neile j\u00e4\u00e4b see ehk liiga pinnapealseks.\u00a0Samas on kindlasti midagi, mida \u00fcle korrata\/vaadata. Meeldis, et igas moodulis olid \u00f5ppej\u00f5ud lisanud erinevaid viiteid ning lisalugemist.\u201d<\/em><\/p>\n\n\n\n<p><em>\u201cKindlasti osaleda! See on nagu lugemisoskus, palju lihtsamaks teeb erialase ja isikliku asjaajamise korraldamise, annab nn seljataguse.\u201d<\/em><\/p>\n\n\n\n<p><em>\u201cIgal inimesel v\u00f5iks olla kasv\u00f5i isiklikes huvides algteadmised \u00f5iguss\u00fcsteemi toimimisest. Kuna materjal on loogilise ja mugava \u00fclesehitusega, paraja mahuga ning piisavalt kerge omandada, siis pole vaja ka kursuse l\u00e4bimise p\u00e4rast muretseda.\u201d<\/em><\/p>\n\n\n\n<p><em>\u201cArvan, et k\u00f5ik eestlased v\u00f5iksid selle l\u00e4bi, sellised algteadmised kuluvad \u00e4ra. Midagi taolist \u00f5pitakse ka keskkoolis, aga siin on k\u00f5ik v\u00e4ga h\u00e4sti struktureeritud, selgelt s\u00f5nastatud ja on v\u00f5imalus saada tervikpilt.\u201d<\/em><\/p>\n\n\n\n<p>\u201c<em>See kursus on hea v\u00f5imalus omandada baasteadmised valdkonnas, millega puutub varem v\u00f5i hiljem kokku iga\u00fcks \u2013 ka v\u00e4ljaspool eriala<\/em>.\u201d<\/p>\n\n\n\n<p>\u201c<em>V\u00e4ga hea s\u00fcstemaatiline \u00fclevaade Eesti \u00f5iguss\u00fcsteemist<\/em>.\u201d<\/p>\n<\/div>\n<\/div>\n","protected":false},"excerpt":{"rendered":"<p>Kursus on t\u00e4naseks toimunud kuusteist\u00a0korda. Esimene kursus toimus 2017. aasta kevadel. Kursusel on osalenud \u00fcle\u00a06000\u00a0inimese, kellest ligikaudu\u00a02\/3 on\u00a0g\u00fcmnaasiumi\u00f5pilased. \u00d5ppijate tagasiside j\u00e4rgi on tegemist v\u00e4ga kasuliku, kaasahaarava ja kasutajamugava kursusega. \u201cS\u00fcdamest soovitan! See on mahukas, aga seda v\u00e4\u00e4rt.\u201d Vaatamata sellele, et &#8230;<\/p>\n","protected":false},"author":126,"featured_media":0,"parent":0,"menu_order":0,"comment_status":"closed","ping_status":"closed","template":"","meta":{"_acf_changed":false,"inline_featured_image":false,"footnotes":""},"class_list":["post-8","page","type-page","status-publish","hentry"],"acf":[],"_links":{"self":[{"href":"https:\/\/sisu.ut.ee\/oigusealused\/wp-json\/wp\/v2\/pages\/8","targetHints":{"allow":["GET"]}}],"collection":[{"href":"https:\/\/sisu.ut.ee\/oigusealused\/wp-json\/wp\/v2\/pages"}],"about":[{"href":"https:\/\/sisu.ut.ee\/oigusealused\/wp-json\/wp\/v2\/types\/page"}],"author":[{"embeddable":true,"href":"https:\/\/sisu.ut.ee\/oigusealused\/wp-json\/wp\/v2\/users\/126"}],"replies":[{"embeddable":true,"href":"https:\/\/sisu.ut.ee\/oigusealused\/wp-json\/wp\/v2\/comments?post=8"}],"version-history":[{"count":12,"href":"https:\/\/sisu.ut.ee\/oigusealused\/wp-json\/wp\/v2\/pages\/8\/revisions"}],"predecessor-version":[{"id":171,"href":"https:\/\/sisu.ut.ee\/oigusealused\/wp-json\/wp\/v2\/pages\/8\/revisions\/171"}],"wp:attachment":[{"href":"https:\/\/sisu.ut.ee\/oigusealused\/wp-json\/wp\/v2\/media?parent=8"}],"curies":[{"name":"wp","href":"https:\/\/api.w.org\/{rel}","templated":true}]}}