{"id":6,"date":"2024-04-04T03:42:56","date_gmt":"2024-04-04T00:42:56","guid":{"rendered":"https:\/\/sisu.ut.ee\/oigusealused\/oigusametid\/"},"modified":"2026-02-28T15:30:53","modified_gmt":"2026-02-28T13:30:53","slug":"oigusametid","status":"publish","type":"page","link":"https:\/\/sisu.ut.ee\/oigusealused\/oigusametid\/","title":{"rendered":"\u00d5igusametid"},"content":{"rendered":"<p>Kursusel tutvustatakse kokku \u00fchtteist erinevat \u00f5igusametit.<\/p>\n\n\n\n<p>Karj\u00e4\u00e4riv\u00f5imalusi riigiametniku, \u00f5iguskantsleri, patendivoliniku, notari, advokaadi, diplomaadi, omavalitsuse juristi,\u00a0kohtut\u00e4ituri, prokur\u00f6ri, kohtuniku ja \u00f5igusteadlase ametis tutvustavad:<\/p>\n\n\n\n<div class=\"wp-block-columns is-layout-flex wp-container-core-columns-is-layout-9d6595d7 wp-block-columns-is-layout-flex\">\n<div class=\"wp-block-column is-layout-flow wp-block-column-is-layout-flow\">\n<div class=\"wp-block-media-text has-media-on-the-right is-stacked-on-mobile is-vertically-aligned-center\"><div class=\"wp-block-media-text__content\">\n<p class=\"has-text-align-right\"><strong>Riigisekret\u00e4r<\/strong> <br>2003-2018<\/p>\n\n\n\n<p class=\"has-text-align-right\"><strong>Riigikohtunik<\/strong><br>Heiki Loot\u00a0<\/p>\n<\/div><figure class=\"wp-block-media-text__media\"><img loading=\"lazy\" decoding=\"async\" width=\"703\" height=\"395\" src=\"https:\/\/sisu.ut.ee\/wp-content\/uploads\/sites\/249\/riigisekretar.png\" alt=\"\" class=\"wp-image-13 size-full\" srcset=\"https:\/\/sisu.ut.ee\/wp-content\/uploads\/sites\/249\/riigisekretar.png 703w, https:\/\/sisu.ut.ee\/wp-content\/uploads\/sites\/249\/riigisekretar-300x169.png 300w\" sizes=\"auto, (max-width: 703px) 100vw, 703px\"><\/figure><\/div>\n\n\n\n<div style=\"height:25px\" aria-hidden=\"true\" class=\"wp-block-spacer\"><\/div>\n\n\n\n<div class=\"wp-block-media-text has-media-on-the-right is-stacked-on-mobile\"><div class=\"wp-block-media-text__content\">\n<p class=\"has-text-align-right\"><strong>Patendivolinik<\/strong><br>Almar Sehver<\/p>\n<\/div><figure class=\"wp-block-media-text__media\"><img loading=\"lazy\" decoding=\"async\" width=\"702\" height=\"393\" src=\"https:\/\/sisu.ut.ee\/wp-content\/uploads\/sites\/249\/almar_sehver.png\" alt=\"\" class=\"wp-image-17 size-full\" srcset=\"https:\/\/sisu.ut.ee\/wp-content\/uploads\/sites\/249\/almar_sehver.png 702w, https:\/\/sisu.ut.ee\/wp-content\/uploads\/sites\/249\/almar_sehver-300x168.png 300w\" sizes=\"auto, (max-width: 702px) 100vw, 702px\"><\/figure><\/div>\n\n\n\n<div style=\"height:25px\" aria-hidden=\"true\" class=\"wp-block-spacer\"><\/div>\n\n\n\n<div class=\"wp-block-media-text has-media-on-the-right is-stacked-on-mobile\"><div class=\"wp-block-media-text__content\">\n<p class=\"has-text-align-right\"><strong>Diplomaat<\/strong><br>Thea Treier<\/p>\n<\/div><figure class=\"wp-block-media-text__media\"><img loading=\"lazy\" decoding=\"async\" width=\"648\" height=\"365\" src=\"https:\/\/sisu.ut.ee\/wp-content\/uploads\/sites\/249\/5_theatreier.png\" alt=\"Thea Treier\" class=\"wp-image-32 size-full\" srcset=\"https:\/\/sisu.ut.ee\/wp-content\/uploads\/sites\/249\/5_theatreier.png 648w, https:\/\/sisu.ut.ee\/wp-content\/uploads\/sites\/249\/5_theatreier-300x169.png 300w\" sizes=\"auto, (max-width: 648px) 100vw, 648px\"><\/figure><\/div>\n\n\n\n<div style=\"height:25px\" aria-hidden=\"true\" class=\"wp-block-spacer\"><\/div>\n\n\n\n<div class=\"wp-block-media-text has-media-on-the-right is-stacked-on-mobile\"><div class=\"wp-block-media-text__content\">\n<p class=\"has-text-align-right\"><strong>Kohtut\u00e4itur<\/strong><br>Risto Sepp<\/p>\n<\/div><figure class=\"wp-block-media-text__media\"><img loading=\"lazy\" decoding=\"async\" width=\"648\" height=\"366\" src=\"https:\/\/sisu.ut.ee\/wp-content\/uploads\/sites\/249\/7_ristosepp.png\" alt=\"Risto Sepp\" class=\"wp-image-38 size-full\" srcset=\"https:\/\/sisu.ut.ee\/wp-content\/uploads\/sites\/249\/7_ristosepp.png 648w, https:\/\/sisu.ut.ee\/wp-content\/uploads\/sites\/249\/7_ristosepp-300x169.png 300w\" sizes=\"auto, (max-width: 648px) 100vw, 648px\"><\/figure><\/div>\n\n\n\n<div style=\"height:25px\" aria-hidden=\"true\" class=\"wp-block-spacer\"><\/div>\n\n\n\n<div class=\"wp-block-media-text has-media-on-the-right is-stacked-on-mobile\"><div class=\"wp-block-media-text__content\">\n<p class=\"has-text-align-right\"><strong>Vandeadvokaat<\/strong><br>Hannes Vallikivi<br><small><em>Eesti Advokatuuri esimees<br>2016 \u2013 2019<\/em><\/small><\/p>\n<\/div><figure class=\"wp-block-media-text__media\"><img loading=\"lazy\" decoding=\"async\" width=\"701\" height=\"394\" src=\"https:\/\/sisu.ut.ee\/wp-content\/uploads\/sites\/249\/hannes_vallikivi.png\" alt=\"\" class=\"wp-image-19 size-full\" srcset=\"https:\/\/sisu.ut.ee\/wp-content\/uploads\/sites\/249\/hannes_vallikivi.png 701w, https:\/\/sisu.ut.ee\/wp-content\/uploads\/sites\/249\/hannes_vallikivi-300x169.png 300w\" sizes=\"auto, (max-width: 701px) 100vw, 701px\"><\/figure><\/div>\n\n\n\n<div style=\"height:25px\" aria-hidden=\"true\" class=\"wp-block-spacer\"><\/div>\n\n\n\n<div class=\"wp-block-media-text has-media-on-the-right is-stacked-on-mobile\"><div class=\"wp-block-media-text__content\">\n<p class=\"has-text-align-right\"><strong>Riigikohtu esimees<\/strong><br>2013 \u2013 2019<\/p>\n\n\n\n<p class=\"has-text-align-right\"><strong>\u00d5igusteaduskonna direktor<\/strong> <br>Priit Pikam\u00e4e<\/p>\n<\/div><figure class=\"wp-block-media-text__media\"><img loading=\"lazy\" decoding=\"async\" width=\"647\" height=\"365\" src=\"https:\/\/sisu.ut.ee\/wp-content\/uploads\/sites\/249\/10_priitpikamae.png\" alt=\"Priit Pikam\u00e4e\" class=\"wp-image-31 size-full\" srcset=\"https:\/\/sisu.ut.ee\/wp-content\/uploads\/sites\/249\/10_priitpikamae.png 647w, https:\/\/sisu.ut.ee\/wp-content\/uploads\/sites\/249\/10_priitpikamae-300x169.png 300w\" sizes=\"auto, (max-width: 647px) 100vw, 647px\"><\/figure><\/div>\n<\/div>\n\n\n\n<div class=\"wp-block-column is-layout-flow wp-block-column-is-layout-flow\">\n<div class=\"wp-block-media-text is-stacked-on-mobile\"><figure class=\"wp-block-media-text__media\"><img loading=\"lazy\" decoding=\"async\" width=\"647\" height=\"365\" src=\"https:\/\/sisu.ut.ee\/wp-content\/uploads\/sites\/249\/2_yllemadise.png\" alt=\"\u00dclle Madise\" class=\"wp-image-33 size-full\" srcset=\"https:\/\/sisu.ut.ee\/wp-content\/uploads\/sites\/249\/2_yllemadise.png 647w, https:\/\/sisu.ut.ee\/wp-content\/uploads\/sites\/249\/2_yllemadise-300x169.png 300w\" sizes=\"auto, (max-width: 647px) 100vw, 647px\"><\/figure><div class=\"wp-block-media-text__content\">\n<p class=\"has-text-align-left\"><strong>\u00d5iguskantsler<\/strong><br>\u00dclle Madise<\/p>\n<\/div><\/div>\n\n\n\n<div style=\"height:25px\" aria-hidden=\"true\" class=\"wp-block-spacer\"><\/div>\n\n\n\n<div class=\"wp-block-media-text is-stacked-on-mobile\"><figure class=\"wp-block-media-text__media\"><img loading=\"lazy\" decoding=\"async\" width=\"702\" height=\"394\" src=\"https:\/\/sisu.ut.ee\/wp-content\/uploads\/sites\/249\/tarvo_puri.png\" alt=\"\" class=\"wp-image-18 size-full\" srcset=\"https:\/\/sisu.ut.ee\/wp-content\/uploads\/sites\/249\/tarvo_puri.png 702w, https:\/\/sisu.ut.ee\/wp-content\/uploads\/sites\/249\/tarvo_puri-300x168.png 300w\" sizes=\"auto, (max-width: 702px) 100vw, 702px\"><\/figure><div class=\"wp-block-media-text__content\">\n<p class=\"has-text-align-left\"><strong>Notar<\/strong><br>Tarvo Puri<\/p>\n<\/div><\/div>\n\n\n\n<div style=\"height:25px\" aria-hidden=\"true\" class=\"wp-block-spacer\"><\/div>\n\n\n\n<div class=\"wp-block-media-text is-stacked-on-mobile\"><figure class=\"wp-block-media-text__media\"><img loading=\"lazy\" decoding=\"async\" width=\"648\" height=\"365\" src=\"https:\/\/sisu.ut.ee\/wp-content\/uploads\/sites\/249\/6_jurimolder.png\" alt=\"J\u00fcri M\u00f6lder\" class=\"wp-image-36 size-full\" srcset=\"https:\/\/sisu.ut.ee\/wp-content\/uploads\/sites\/249\/6_jurimolder.png 648w, https:\/\/sisu.ut.ee\/wp-content\/uploads\/sites\/249\/6_jurimolder-300x169.png 300w\" sizes=\"auto, (max-width: 648px) 100vw, 648px\"><\/figure><div class=\"wp-block-media-text__content\">\n<p><strong>Tartu linnasekret\u00e4r<\/strong><br>J\u00fcri M\u00f6lder<\/p>\n<\/div><\/div>\n\n\n\n<div style=\"height:25px\" aria-hidden=\"true\" class=\"wp-block-spacer\"><\/div>\n\n\n\n<div class=\"wp-block-media-text is-stacked-on-mobile\"><figure class=\"wp-block-media-text__media\"><img loading=\"lazy\" decoding=\"async\" width=\"648\" height=\"364\" src=\"https:\/\/sisu.ut.ee\/wp-content\/uploads\/sites\/249\/9_lavlyperling.png\" alt=\"Lavly Perling\" class=\"wp-image-35 size-full\" srcset=\"https:\/\/sisu.ut.ee\/wp-content\/uploads\/sites\/249\/9_lavlyperling.png 648w, https:\/\/sisu.ut.ee\/wp-content\/uploads\/sites\/249\/9_lavlyperling-300x169.png 300w\" sizes=\"auto, (max-width: 648px) 100vw, 648px\"><\/figure><div class=\"wp-block-media-text__content\">\n<p class=\"has-text-align-left\"><strong>Riigi peaprokur\u00f6r<\/strong><br>2014\u00a0\u2013 2020<br>Lavly Perling <br><small><em>Alates 3.02.2020 on riigi peaprokur\u00f6r Andres Parmas.<\/em><\/small><\/p>\n<\/div><\/div>\n\n\n\n<div style=\"height:25px\" aria-hidden=\"true\" class=\"wp-block-spacer\"><\/div>\n\n\n\n<div class=\"wp-block-media-text is-stacked-on-mobile\"><figure class=\"wp-block-media-text__media\"><img loading=\"lazy\" decoding=\"async\" width=\"648\" height=\"364\" src=\"https:\/\/sisu.ut.ee\/wp-content\/uploads\/sites\/249\/11_laurimalksoo.png\" alt=\"Lauri M\u00e4lksoo\" class=\"wp-image-37 size-full\" srcset=\"https:\/\/sisu.ut.ee\/wp-content\/uploads\/sites\/249\/11_laurimalksoo.png 648w, https:\/\/sisu.ut.ee\/wp-content\/uploads\/sites\/249\/11_laurimalksoo-300x169.png 300w\" sizes=\"auto, (max-width: 648px) 100vw, 648px\"><\/figure><div class=\"wp-block-media-text__content\">\n<p class=\"has-text-align-left\"><strong>\u00d5igusteadlane<\/strong><br>Lauri M\u00e4lksoo<\/p>\n<\/div><\/div>\n\n\n\n<div style=\"height:25px\" aria-hidden=\"true\" class=\"wp-block-spacer\"><\/div>\n\n\n\n<p><br><small><em>Alates 4. veebruarist 2019 on Riigikohtu esimees Villu K\u00f5ve.\u00a0Priit Pikam\u00e4e j\u00e4tkas karj\u00e4\u00e4ri Euroopa Kohtu kohtujuristina. Alates 2025. aastast on Priit Pikam\u00e4e \u00f5igusteaduskonna direktor.\u00a0<\/em><\/small><\/p>\n<\/div>\n<\/div>\n\n\n\n<p><\/p>\n","protected":false},"excerpt":{"rendered":"<p>Kursusel tutvustatakse kokku \u00fchtteist erinevat \u00f5igusametit. Karj\u00e4\u00e4riv\u00f5imalusi riigiametniku, \u00f5iguskantsleri, patendivoliniku, notari, advokaadi, diplomaadi, omavalitsuse juristi,\u00a0kohtut\u00e4ituri, prokur\u00f6ri, kohtuniku ja \u00f5igusteadlase ametis tutvustavad: Riigisekret\u00e4r 2003-2018 RiigikohtunikHeiki Loot\u00a0 PatendivolinikAlmar Sehver DiplomaatThea Treier Kohtut\u00e4iturRisto Sepp VandeadvokaatHannes VallikiviEesti Advokatuuri esimees2016 \u2013 2019 Riigikohtu esimees2013 \u2013 &#8230;<\/p>\n","protected":false},"author":126,"featured_media":13,"parent":0,"menu_order":0,"comment_status":"closed","ping_status":"closed","template":"","meta":{"_acf_changed":false,"inline_featured_image":false,"footnotes":""},"class_list":["post-6","page","type-page","status-publish","has-post-thumbnail","hentry"],"acf":[],"_links":{"self":[{"href":"https:\/\/sisu.ut.ee\/oigusealused\/wp-json\/wp\/v2\/pages\/6","targetHints":{"allow":["GET"]}}],"collection":[{"href":"https:\/\/sisu.ut.ee\/oigusealused\/wp-json\/wp\/v2\/pages"}],"about":[{"href":"https:\/\/sisu.ut.ee\/oigusealused\/wp-json\/wp\/v2\/types\/page"}],"author":[{"embeddable":true,"href":"https:\/\/sisu.ut.ee\/oigusealused\/wp-json\/wp\/v2\/users\/126"}],"replies":[{"embeddable":true,"href":"https:\/\/sisu.ut.ee\/oigusealused\/wp-json\/wp\/v2\/comments?post=6"}],"version-history":[{"count":26,"href":"https:\/\/sisu.ut.ee\/oigusealused\/wp-json\/wp\/v2\/pages\/6\/revisions"}],"predecessor-version":[{"id":222,"href":"https:\/\/sisu.ut.ee\/oigusealused\/wp-json\/wp\/v2\/pages\/6\/revisions\/222"}],"wp:featuredmedia":[{"embeddable":true,"href":"https:\/\/sisu.ut.ee\/oigusealused\/wp-json\/wp\/v2\/media\/13"}],"wp:attachment":[{"href":"https:\/\/sisu.ut.ee\/oigusealused\/wp-json\/wp\/v2\/media?parent=6"}],"curies":[{"name":"wp","href":"https:\/\/api.w.org\/{rel}","templated":true}]}}