{"id":5,"date":"2024-04-04T03:42:56","date_gmt":"2024-04-04T00:42:56","guid":{"rendered":"https:\/\/sisu.ut.ee\/oigusealused\/kursusesisu\/"},"modified":"2026-02-28T15:31:57","modified_gmt":"2026-02-28T13:31:57","slug":"kursusesisu","status":"publish","type":"page","link":"https:\/\/sisu.ut.ee\/oigusealused\/kursusesisu\/","title":{"rendered":"Kursuse sisu ja materjalid"},"content":{"rendered":"<blockquote><p><strong><a name=\"oigusealused\"><\/a>Kursus \u201c\u00d5iguse alused mittejuristile\u201d (3 EAP)<\/strong><\/p><\/blockquote>\n<p><strong>S\u00fcgisel 2019 lisandusid\u00a0kursusele uued teemad ja suurenes\u00a0kursuse ainepunktide arv \u2013<\/strong>\u00a0<strong>3 EAP<\/strong>.<\/p>\n<p><strong>Kursuse l\u00f5petaja saab kaasa algteadmised:<\/strong><\/p>\n<ul>\n<li>\u00f5iguse alusp\u00f5him\u00f5tetest<\/li>\n<li>p\u00f5hiseadusest, Eesti seadustest ja Euroopa Liidu \u00f5igusest ja \u00f5igusloomest<\/li>\n<li>inim\u00f5igustest<\/li>\n<li>omandi\u00f5igusest<\/li>\n<li>autori\u00f5igusest, kaubam\u00e4rkidest ja patentidest<\/li>\n<li>lepingu\u00f5igusest<\/li>\n<li>perekonna\u00f5igusest<\/li>\n<li>t\u00f6\u00f6\u00f5igusest ning \u00fchingu\u00f5igusest<strong>\u00a0<\/strong><\/li>\n<li>haldus\u00f5igusest<\/li>\n<li>karistus\u00f5igusest<\/li>\n<li>\u00f5igusvaidluste lahendamisest kohtus ja kohtuv\u00e4liselt<\/li>\n<\/ul>\n<p>Lisaks saab \u00f5ppija kursuselt kaasa mitmeid praktilisi oskusi, nt kuidas leida elulise juhtumi lahendamise jaoks \u00f5ige seadus ja arvutada v\u00f5lgnetavalt summalt viivist. Samuti ettekujutuse \u00f5igusteaduse \u00f5ppimisest \u00fclikoolis ning \u00f5igusametitest (vt \u201cTutvustatavad oigusametid\u201d).<\/p>\n<p><strong>Kursus on loodud inimestele, kes ei ole \u00f5iguse spetsiifiliste teemadega varem kokku puutunud:<\/strong><\/p>\n<ul>\n<li>g\u00fcmnasistid (kuni 19-aastased noored)<\/li>\n<li>t\u00e4iskasvanud<\/li>\n<\/ul>\n<div><strong>Kursus on loodud eelk\u00f5ige g\u00fcmnaasiumi\u00f5pilastele. T\u00e4iskasvanud osalejate suur huvi ja tagasiside n\u00e4itab, et kursus on kasulik eneset\u00e4iendus ja karj\u00e4\u00e4rivalikute lihtsustaja ka teistele (vt \u201cOsalejate tagasiside\u201d).\u00a0<\/strong><\/div>\n<div><\/div>\n<div>Teadmisi jagatakse mitte-juristile arusaadavalt ja kaasahaaravalt, kartmata m\u00f5nev\u00f5rra erineda klassikalisest \u00f5petamisviisist.<\/div>\n<p>\u00d5petamine toimub k\u00fcll \u00f5petamise kaasaegseid t\u00f5ekspidamisi ja parimat praktikat j\u00e4rgides, kuid \u00fclikoolis omase aine- ja \u00f5ppekava p\u00f5hise l\u00e4henemise asemel n\u00f6 eluliste juhtumite p\u00f5hiselt, seejuures erinevaid valdkondi omavahel l\u00f5imides ja k\u00e4sitlust m\u00f5istlikult lihtsustades.<\/p>\n<h4><strong>Kursuse \u00fclesehitus ja ajakava<\/strong><\/h4>\n<p>Kursus on jaotatud \u00fcheteistk\u00fcmneks suuremaks teemaks. Iga teema kohta on eraldi moodul. Kursus kestab\u00a0koos n\u00e4dalase vaheajaga 12\u00a0n\u00e4dalat. Iga n\u00e4dal avatakse \u00fcks moodul. J\u00e4rgmisele moodulile p\u00e4\u00e4semiseks on vaja l\u00e4bi lugeda oppematerjalid, vaadata videoloenguid ja \u2013intervjuusid ning teha teadmiste kontroll positiivsele tulemusele.<\/p>\n<p><strong>Moodulite teemad:<\/strong><\/p>\n<table class=\"table table-hover\" border=\"0\">\n<tbody>\n<tr>\n<td style=\"padding-left: 30px;\">1. Sissejuhatus \u00f5igusesse<\/td>\n<td style=\"padding-left: 60px;\"><em>Vaheaeg<\/em><\/td>\n<\/tr>\n<tr>\n<td style=\"padding-left: 30px;\">2. \u00d5iguse loomine<\/td>\n<td style=\"padding-left: 30px;\">7. Perekond<\/td>\n<\/tr>\n<tr>\n<td style=\"padding-left: 30px;\">3. Omand<\/td>\n<td style=\"padding-left: 30px;\">8. \u00d5igusrikkumine ja h\u00fcvitis<\/td>\n<\/tr>\n<tr>\n<td style=\"padding-left: 30px;\">4. Lepingud<\/td>\n<td style=\"padding-left: 30px;\">9. \u00d5igusrikkumine ja karistus<\/td>\n<\/tr>\n<tr>\n<td style=\"padding-left: 30px;\">5. Kord \u00fchiskonnas<\/td>\n<td style=\"padding-left: 30px;\">10. \u00d5igusvaidluste lahendamine<\/td>\n<\/tr>\n<tr>\n<td style=\"padding-left: 30px;\">6. T\u00f6\u00f6 ja ettev\u00f5tlus<\/td>\n<td style=\"padding-left: 30px;\">11. \u00d5igusteadus \u00fclikoolis<\/td>\n<\/tr>\n<\/tbody>\n<\/table>\n<p><strong><a name=\"jatkukursus\"><\/a><\/strong><\/p>\n<blockquote><p><strong>N\u00e4iteid kursuse materjalidest<\/strong><\/p><\/blockquote>\n<p><strong>V\u00e4ljav\u00f5te konspektist \u201eOmand\u201c<\/strong> (P\u00f5hiautor Gea Lepik):<\/p>\n<p><img loading=\"lazy\" decoding=\"async\" width=\"1443\" height=\"991\" class=\"alignnone wp-image-11\" title=\"oppematerjal.png\" src=\"https:\/\/sisu.ut.ee\/wp-content\/uploads\/sites\/249\/oppematerjal.png\" alt=\"oppematerjal.png\" srcset=\"https:\/\/sisu.ut.ee\/wp-content\/uploads\/sites\/249\/oppematerjal.png 1443w, https:\/\/sisu.ut.ee\/wp-content\/uploads\/sites\/249\/oppematerjal-300x206.png 300w, https:\/\/sisu.ut.ee\/wp-content\/uploads\/sites\/249\/oppematerjal-1024x703.png 1024w, https:\/\/sisu.ut.ee\/wp-content\/uploads\/sites\/249\/oppematerjal-768x527.png 768w\" sizes=\"auto, (max-width: 1443px) 100vw, 1443px\"><\/p>\n<p><strong>Videoloeng \u201eOmand\u201c<\/strong> (Urmas Volens):<\/p>\n<p><img loading=\"lazy\" decoding=\"async\" width=\"748\" height=\"461\" class=\"alignnone wp-image-12\" title=\"urmas_volens.png\" src=\"https:\/\/sisu.ut.ee\/wp-content\/uploads\/sites\/249\/urmas_volens.png\" alt=\"urmas_volens.png\" srcset=\"https:\/\/sisu.ut.ee\/wp-content\/uploads\/sites\/249\/urmas_volens.png 748w, https:\/\/sisu.ut.ee\/wp-content\/uploads\/sites\/249\/urmas_volens-300x185.png 300w\" sizes=\"auto, (max-width: 748px) 100vw, 748px\"><\/p>\n","protected":false},"excerpt":{"rendered":"<p>Kursus \u201c\u00d5iguse alused mittejuristile\u201d (3 EAP) S\u00fcgisel 2019 lisandusid\u00a0kursusele uued teemad ja suurenes\u00a0kursuse ainepunktide arv \u2013\u00a03 EAP. Kursuse l\u00f5petaja saab kaasa algteadmised: \u00f5iguse alusp\u00f5him\u00f5tetest p\u00f5hiseadusest, Eesti seadustest ja Euroopa Liidu \u00f5igusest ja \u00f5igusloomest inim\u00f5igustest omandi\u00f5igusest autori\u00f5igusest, kaubam\u00e4rkidest ja patentidest lepingu\u00f5igusest &#8230;<\/p>\n","protected":false},"author":126,"featured_media":0,"parent":0,"menu_order":0,"comment_status":"closed","ping_status":"closed","template":"","meta":{"_acf_changed":false,"inline_featured_image":false,"footnotes":""},"class_list":["post-5","page","type-page","status-publish","hentry"],"acf":[],"_links":{"self":[{"href":"https:\/\/sisu.ut.ee\/oigusealused\/wp-json\/wp\/v2\/pages\/5","targetHints":{"allow":["GET"]}}],"collection":[{"href":"https:\/\/sisu.ut.ee\/oigusealused\/wp-json\/wp\/v2\/pages"}],"about":[{"href":"https:\/\/sisu.ut.ee\/oigusealused\/wp-json\/wp\/v2\/types\/page"}],"author":[{"embeddable":true,"href":"https:\/\/sisu.ut.ee\/oigusealused\/wp-json\/wp\/v2\/users\/126"}],"replies":[{"embeddable":true,"href":"https:\/\/sisu.ut.ee\/oigusealused\/wp-json\/wp\/v2\/comments?post=5"}],"version-history":[{"count":3,"href":"https:\/\/sisu.ut.ee\/oigusealused\/wp-json\/wp\/v2\/pages\/5\/revisions"}],"predecessor-version":[{"id":223,"href":"https:\/\/sisu.ut.ee\/oigusealused\/wp-json\/wp\/v2\/pages\/5\/revisions\/223"}],"wp:attachment":[{"href":"https:\/\/sisu.ut.ee\/oigusealused\/wp-json\/wp\/v2\/media?parent=5"}],"curies":[{"name":"wp","href":"https:\/\/api.w.org\/{rel}","templated":true}]}}