{"id":3,"date":"2024-04-04T03:42:56","date_gmt":"2024-04-04T00:42:56","guid":{"rendered":"https:\/\/sisu.ut.ee\/oigusealused\/avaleht\/"},"modified":"2026-02-28T15:51:55","modified_gmt":"2026-02-28T13:51:55","slug":"avaleht","status":"publish","type":"page","link":"https:\/\/sisu.ut.ee\/oigusealused\/","title":{"rendered":"T\u00dc \u00f5igusteaduskonna e-kursus &#8220;\u00d5iguse alused mittejuristile&#8221;"},"content":{"rendered":"<blockquote class=\"wp-block-quote is-layout-flow wp-block-quote-is-layout-flow\">\n<p><em><strong>Tartu \u00dclikooli e-\u00f5ppe keskkonnas Moodle toimuv kursus tutvustab \u00f5iguse algt\u00f5desid ja\u00a0<\/strong><\/em><em><strong>aitab m\u00f5ista \u00f5iguse erinevaid valdkondi \u00fchtse, seostatud tervikuna.<\/strong><\/em><\/p>\n\n\n\n<p>\u201c\u00d5iguse alused mittejuristile\u201d on suunatud eelk\u00f5ige g\u00fcmnaasiumi\u00f5pilasele ja aitab \u00f5ppijal otsustada, kas juura on talle sobiv eriala, mida \u00fclikoolis \u00f5ppida.<\/p>\n\n\n\n<p>Kursus annab T\u00dc \u00f5igusteaduskonna bakalaureuse\u00f5ppesse kandideerijale\u00a0kolm lisapunkti.\u00a0<strong>Osale kursusel ja saa aimu, kui p\u00f5nev on \u00f5igusteadus!<\/strong><\/p>\n<\/blockquote>\n\n\n\n<h4 class=\"wp-block-heading\">Kursuse viivad l\u00e4bi \u00f5igusvaldkonna silmapaistvamad asjatundjad:<\/h4>\n\n\n\n<ul class=\"wp-block-list\">\n<li>\u00f5ppematerjalid ja videoloengud valmistasid spetsiaalselt e-kursuse jaoks ette T\u00dc \u00f5igusteaduskonna \u00f5ppej\u00f5ud (vt lehte \u201c\u00d5ppej\u00f5ud\u201d)<\/li>\n\n\n\n<li>\u00f5igusameteid tutvustavad riigisekret\u00e4r 2003 \u2013 2018 Heiki Loot, \u00f5iguskantsler \u00dclle Madise, patendivolinik Almar Sehver, notar ja Notarite Koja esimees 2014 \u2013 2017\u00a0Tarvo Puri, advokaat ja Eesti Advokatuuri esimees 2016 \u2013 2019\u00a0Hannes Vallikivi, riigi peaprokur\u00f6r 2014 \u2013 2020\u00a0Lavly Perling, riigikohtunik 2013 \u2013 2019 Priit Pikam\u00e4e ja \u00f5igusteadlane Lauri M\u00e4lksoo (vt lehte \u201cTutvustatavad \u00f5igusametid\u201d)<\/li>\n<\/ul>\n\n\n\n<blockquote class=\"wp-block-quote is-layout-flow wp-block-quote-is-layout-flow\">\n<p>\u00a7\u00a0 S\u00fcgiskursuse algus:\u00a0<strong>14.09.2026<\/strong> \u00a0<a href=\"https:\/\/sisu.ut.ee\/oigusealused\/registreerumine\/\">REGISTREERI SIIN<\/a><\/p>\n\n\n\n<p>NB! Kursus toimub\u00a0kaks korda aastas: kevadel ja s\u00fcgisel. J\u00e4lgi registreerimise t\u00e4htaega!\u00a0<\/p>\n<\/blockquote>\n\n\n\n<p>Kursusel avatakse \u00f5iguse paljutahuline maailm l\u00fchidalt, kuid terviklikult, samas sisukalt ja atraktiivselt.<\/p>\n\n\n\n<div class=\"wp-block-columns is-layout-flex wp-container-core-columns-is-layout-9d6595d7 wp-block-columns-is-layout-flex\">\n<div class=\"wp-block-column is-layout-flow wp-block-column-is-layout-flow\">\n<h2 class=\"wp-block-heading\">Videotutvustus<\/h2>\n\n\n\n<p>Vaata, mida r\u00e4\u00e4gib kursuse kohta Tartu \u00dclikooli \u00f5igusteaduskonna direktor 2019-2024 Gaabriel Tavits:<\/p>\n<\/div>\n\n\n\n<div class=\"wp-block-column is-layout-flow wp-block-column-is-layout-flow\">\n<div class=\"ratio ratio-16x9 mb-3\"><div class=\"video-placeholder-wrapper video-placeholder-wrapper--16x9\">\n\t\t\t    <div class=\"video-placeholder d-flex justify-content-center align-items-center\">\n\t\t\t        <div class=\"overlay text-white p-2 w-100 text-center d-block justify-content-center align-items-center\">\n\t\t\t            <div>Kolmandate osapoolte sisu n\u00e4gemiseks palun n\u00f5ustu k\u00fcpsistega.<\/div>\n\t\t\t            <button class=\"btn btn-secondary btn-sm mt-1 consent-change\">Muuda n\u00f5usolekut<\/button>\n\t\t\t        <\/div>\n\t\t\t    <\/div>\n\t\t\t<\/div>\n<\/div>\n<\/div>\n<\/div>\n\n\n\n<p>\u00d5ppimine toimub \u00f5ppijale sobival ajal ja kohas (vajalik interneti\u00fchendus, min 4 Mb\/s).<\/p>\n","protected":false},"excerpt":{"rendered":"<p>Tartu \u00dclikooli e-\u00f5ppe keskkonnas Moodle toimuv kursus tutvustab \u00f5iguse algt\u00f5desid ja\u00a0aitab m\u00f5ista \u00f5iguse erinevaid valdkondi \u00fchtse, seostatud tervikuna. \u201c\u00d5iguse alused mittejuristile\u201d on suunatud eelk\u00f5ige g\u00fcmnaasiumi\u00f5pilasele ja aitab \u00f5ppijal otsustada, kas juura on talle sobiv eriala, mida \u00fclikoolis \u00f5ppida. Kursus annab &#8230;<\/p>\n","protected":false},"author":126,"featured_media":0,"parent":0,"menu_order":0,"comment_status":"closed","ping_status":"closed","template":"","meta":{"_acf_changed":false,"inline_featured_image":false,"footnotes":""},"class_list":["post-3","page","type-page","status-publish","hentry"],"acf":[],"_links":{"self":[{"href":"https:\/\/sisu.ut.ee\/oigusealused\/wp-json\/wp\/v2\/pages\/3","targetHints":{"allow":["GET"]}}],"collection":[{"href":"https:\/\/sisu.ut.ee\/oigusealused\/wp-json\/wp\/v2\/pages"}],"about":[{"href":"https:\/\/sisu.ut.ee\/oigusealused\/wp-json\/wp\/v2\/types\/page"}],"author":[{"embeddable":true,"href":"https:\/\/sisu.ut.ee\/oigusealused\/wp-json\/wp\/v2\/users\/126"}],"replies":[{"embeddable":true,"href":"https:\/\/sisu.ut.ee\/oigusealused\/wp-json\/wp\/v2\/comments?post=3"}],"version-history":[{"count":21,"href":"https:\/\/sisu.ut.ee\/oigusealused\/wp-json\/wp\/v2\/pages\/3\/revisions"}],"predecessor-version":[{"id":181,"href":"https:\/\/sisu.ut.ee\/oigusealused\/wp-json\/wp\/v2\/pages\/3\/revisions\/181"}],"wp:attachment":[{"href":"https:\/\/sisu.ut.ee\/oigusealused\/wp-json\/wp\/v2\/media?parent=3"}],"curies":[{"name":"wp","href":"https:\/\/api.w.org\/{rel}","templated":true}]}}