{"id":36,"date":"2024-04-04T03:42:27","date_gmt":"2024-04-04T00:42:27","guid":{"rendered":"https:\/\/sisu.ut.ee\/nutiturva\/rakendamine\/"},"modified":"2024-04-04T03:42:45","modified_gmt":"2024-04-04T00:42:45","slug":"rakendamine","status":"publish","type":"page","link":"https:\/\/sisu.ut.ee\/nutiturva\/rakendamine\/","title":{"rendered":"Teadmiste rakendamine"},"content":{"rendered":"<p>N\u00fc\u00fcdseks oled teadlik infotube p\u00f5him\u00f5istetest.<\/p>\n<p>Lahenda j\u00e4rgmised \u00fclesanded, et seostada m\u00f5isted enda kogemusega. Soovitan Sul <strong>alla laadida<\/strong> nutiseadme turvalisuse <strong>t\u00f6\u00f6lehe<\/strong> (<img decoding=\"async\" class=\"file-icon\" src=\"\/modules\/file\/icons\/x-office-document.png\" alt=\"Fail\" title=\"application\/vnd.openxmlformats-officedocument.wordprocessingml.document\"> <a href=\"https:\/\/sisu.ut.ee\/wp-content\/uploads\/sites\/247\/nutiseadme_turvalisus_tooleht_v2.docx\">Nutiseadme_turvalisus_tooleht.docx<\/a>,\u00a0<img decoding=\"async\" class=\"file-icon\" src=\"\/modules\/file\/icons\/x-office-document.png\" alt=\"Fail\" title=\"application\/vnd.oasis.opendocument.text\"> <a href=\"https:\/\/sisu.ut.ee\/wp-content\/uploads\/sites\/247\/hitsa_ti_nutiseadme_turvalisus_tooleht_v2.odt\">Nutiseadme_turvalisus_tooleht_v2.odt<\/a>, <img decoding=\"async\" class=\"file-icon\" src=\"\/modules\/file\/icons\/application-pdf.png\" alt=\"PDF icon\" title=\"application\/pdf\"> <a href=\"https:\/\/sisu.ut.ee\/wp-content\/uploads\/sites\/247\/hitsa_ti_nutiseadme_turvalisus_tooleht_v2.pdf\">Nutiseadme_turvalisus_tooleht_v2.pdf<\/a>), see aitab Sul paremini \u00f5pitus <strong>s\u00fcsteemi luua<\/strong> ning hiljem teadmisi <strong>taaskasutada turvameetmete rakendamisel<\/strong>.\u00a0<\/p>\n<p><\/p><div class=\"accordion mb-3\">\n        <div class=\"accordion-item accordion-item--white\">\n        <h2 class=\"accordion-header\" id=\"accordion-69d29295d8597-heading\">\n            <button class=\"accordion-button collapsed\" type=\"button\" data-bs-toggle=\"collapse\" data-bs-target=\"#accordion-69d29295d8597-collapse\" aria-expanded=\"true\" aria-controls=\"accordion-69d29295d8597-collapse\">\u00dclesanne 1. Turvalisusega seotud m\u00f5istete lahtim\u00f5testamine<\/button>\n        <\/h2>\n        <div id=\"accordion-69d29295d8597-collapse\" class=\"accordion-collapse collapse\" aria-labelledby=\"accordion-69d29295d8597-heading\">\n            <div class=\"accordion-body\">\n<p><\/p>\n<p>M\u00f5tle v\u00e4lja \u00fcks reaaleluline turvalisust puudutav olukord (ei pea olema seotud nutiseadmetega) ja kirjeldada seda \u00f5ppematerjalis toodud m\u00f5istete (oht, n\u00f5rkus, risk, turvameetmed, kahjud) abil. Sa saad loodud juttu kasutada \u00f5pilastele v\u00f5i kolleegidele turvalisuse teema selgitamiseks.\u00a0<\/p>\n<p><\/p><\/div>\n        <\/div>\n        <\/div>\n    <\/div>\n<p><\/p><div class=\"accordion mb-3\">\n        <div class=\"accordion-item accordion-item--white\">\n        <h2 class=\"accordion-header\" id=\"accordion-69d29295d85a2-heading\">\n            <button class=\"accordion-button collapsed\" type=\"button\" data-bs-toggle=\"collapse\" data-bs-target=\"#accordion-69d29295d85a2-collapse\" aria-expanded=\"true\" aria-controls=\"accordion-69d29295d85a2-collapse\">\u00dclesanne 2. Minu nutiseadme turvalisus: infovarad, ohud, n\u00f5rkused, kahjud, turvameetmed<\/button>\n        <\/h2>\n        <div id=\"accordion-69d29295d85a2-collapse\" class=\"accordion-collapse collapse\" aria-labelledby=\"accordion-69d29295d85a2-heading\">\n            <div class=\"accordion-body\">\n<p><\/p>\n<p>Vasta j\u00e4rgmistele k\u00fcsimustele oma senisele kogemusele tuginedes.<\/p>\n<ul>\n<li>Millised olulised <strong>infovarad<\/strong> on Sinu nutiseadmes?<\/li>\n<li>Kellel\/millel on <strong>ligip\u00e4\u00e4s<\/strong> Sinu infovaradele?<\/li>\n<li>Millised on v\u00f5imalikud (v\u00e4lised) <strong>ohud<\/strong> Sinu infovaradele?<\/li>\n<li>Nimeta Sinu infovaradega seotud <strong>n\u00f5rkusi<\/strong>, mida saavad <strong>ohud<\/strong> \u00e4ra kasutada?<\/li>\n<li>Millised on v\u00f5imalikud <strong>kahjud<\/strong> Sinule, Sinu s\u00f5pradele, l\u00e4hedastele, kolleegidele v\u00f5i koolile <strong>ohtude realiseerumisel<\/strong>?<\/li>\n<li>Milliseid <strong>turvameetmeid<\/strong> saad kasutada, et <strong>v\u00e4hendada riski<\/strong> kahjude tekkeks?<\/li>\n<\/ul>\n<p><\/p><\/div>\n        <\/div>\n        <\/div>\n    <\/div>\n","protected":false},"excerpt":{"rendered":"<p>N\u00fc\u00fcdseks oled teadlik infotube p\u00f5him\u00f5istetest. Lahenda j\u00e4rgmised \u00fclesanded, et seostada m\u00f5isted enda kogemusega. Soovitan Sul alla laadida nutiseadme turvalisuse t\u00f6\u00f6lehe ( Nutiseadme_turvalisus_tooleht.docx,\u00a0 Nutiseadme_turvalisus_tooleht_v2.odt, Nutiseadme_turvalisus_tooleht_v2.pdf), see aitab Sul paremini \u00f5pitus s\u00fcsteemi luua ning hiljem teadmisi taaskasutada turvameetmete rakendamisel.\u00a0 \u00dclesanne 1. Turvalisusega &#8230;<\/p>\n","protected":false},"author":6,"featured_media":0,"parent":0,"menu_order":0,"comment_status":"closed","ping_status":"closed","template":"","meta":{"_acf_changed":false,"inline_featured_image":false,"footnotes":""},"class_list":["post-36","page","type-page","status-publish","hentry"],"acf":[],"_links":{"self":[{"href":"https:\/\/sisu.ut.ee\/nutiturva\/wp-json\/wp\/v2\/pages\/36","targetHints":{"allow":["GET"]}}],"collection":[{"href":"https:\/\/sisu.ut.ee\/nutiturva\/wp-json\/wp\/v2\/pages"}],"about":[{"href":"https:\/\/sisu.ut.ee\/nutiturva\/wp-json\/wp\/v2\/types\/page"}],"author":[{"embeddable":true,"href":"https:\/\/sisu.ut.ee\/nutiturva\/wp-json\/wp\/v2\/users\/6"}],"replies":[{"embeddable":true,"href":"https:\/\/sisu.ut.ee\/nutiturva\/wp-json\/wp\/v2\/comments?post=36"}],"version-history":[{"count":1,"href":"https:\/\/sisu.ut.ee\/nutiturva\/wp-json\/wp\/v2\/pages\/36\/revisions"}],"predecessor-version":[{"id":131,"href":"https:\/\/sisu.ut.ee\/nutiturva\/wp-json\/wp\/v2\/pages\/36\/revisions\/131"}],"wp:attachment":[{"href":"https:\/\/sisu.ut.ee\/nutiturva\/wp-json\/wp\/v2\/media?parent=36"}],"curies":[{"name":"wp","href":"https:\/\/api.w.org\/{rel}","templated":true}]}}