{"id":34,"date":"2024-04-04T03:42:27","date_gmt":"2024-04-04T00:42:27","guid":{"rendered":"https:\/\/sisu.ut.ee\/nutiturva\/sissejuhatus\/"},"modified":"2024-04-04T03:42:45","modified_gmt":"2024-04-04T00:42:45","slug":"sissejuhatus","status":"publish","type":"page","link":"https:\/\/sisu.ut.ee\/nutiturva\/sissejuhatus\/","title":{"rendered":"Sissejuhatus"},"content":{"rendered":"<p>&lt;img class=\"alignnone wp-image-59\" style=\"float: right;\" src=\"https:\/\/sisu.ut.ee\/wp-content\/uploads\/sites\/247\/er_pilt_security_smartphone-1868489_1920-1.jpg\" title=\"Ligip\u00e4\u00e4su piiramine nutiseadmele on oluline <br>n[val=Allikas href=https:\/\/pixabay.com\/en\/smartphone-phone-castle-key-1868489\/]\u201d alt=\u201dLigip\u00e4\u00e4su piiramine nutiseadmele on oluline\u201d&gt;T\u00e4nap\u00e4eval mahub <strong>kogu maailm nutiseadme abil taskusse<\/strong>. Sa v\u00f5id v\u00f5tta seadme ja kontakteeruda koheselt oma s\u00f5prade, t\u00f6\u00f6kaaslaste ja l\u00e4hedastega. Inimesed on nutiseadme helim\u00e4rguande kaugusel. Kui Sul tekib k\u00fcsimus, millele ei oska lahendust leida, saad Sa selle esitada nutiseadme kaudu kolleegile v\u00f5i m\u00f5nele kogukonnale internetis ning m\u00f5ne hetke p\u00e4rast on Sul olemas hulk lahendusi.<\/p>\n<p>Sul on v\u00f5imalus oma seadmega pildistada laual olevat t\u00f6\u00f6lehte ning m\u00f5ne hetke p\u00e4rast saad seda juba n\u00e4idata arvutiga \u00fchendatud projektori ekraanil ning jagada \u00f5pilastega.<\/p>\n<p>Sul on v\u00f5imalus anda \u00f5ppijatele tagasisidet salvestades telefoniga h\u00e4\u00e4l- v\u00f5i videos\u00f5numi.<\/p>\n<p>K\u00f5iki eelnevaid tegevusi on <strong>v\u00f5imalik kasutada ka halbadel eesm\u00e4rkidel<\/strong>: kaaslaste kiusamiseks, v\u00e4ljapressimiseks, maine kahjustamiseks ja muudeks pahategudeks.<\/p>\n<p>\u00d5petaja jaoks on oluline olla<strong>\u00a0<\/strong>nutiseadme kasutajana<strong> ise eeskujuks,\u00a0<\/strong>m\u00e4rgata pahatahtlikku v\u00f5i lohakat seadme kasutamist ning reageerida sellele. Sama oluline on teha ennetust\u00f6\u00f6d ja teavitada \u00f5ppijaid nutiseadme kasutamisega seotud ohtudest. Selleks on oluline<strong> t\u00f5sta oma teadlikkust nutiseadmete turvalisusest ja rakendada turvameetmeid<\/strong> igap\u00e4evaselt.<\/p>\n<p>Kutsun Sind <strong>kaasa m\u00f5tlema<\/strong> nutiseadmete turvalisuse teemadel ja mis veegi olulisem \u2013 neid ka praktiliste harjutuste abil\u00a0<strong>rakendama<\/strong>.<\/p>\n","protected":false},"excerpt":{"rendered":"<p>&lt;img class=&#8221;alignnone wp-image-59&#8243; style=&#8221;float: right;&#8221; src=&#8221;https:\/\/sisu.ut.ee\/wp-content\/uploads\/sites\/247\/er_pilt_security_smartphone-1868489_1920-1.jpg&#8221; title=&#8221;Ligip\u00e4\u00e4su piiramine nutiseadmele on oluline n[val=Allikas href=https:\/\/pixabay.com\/en\/smartphone-phone-castle-key-1868489\/]\u201d alt=\u201dLigip\u00e4\u00e4su piiramine nutiseadmele on oluline\u201d&gt;T\u00e4nap\u00e4eval mahub kogu maailm nutiseadme abil taskusse. Sa v\u00f5id v\u00f5tta seadme ja kontakteeruda koheselt oma s\u00f5prade, t\u00f6\u00f6kaaslaste ja l\u00e4hedastega. Inimesed on nutiseadme helim\u00e4rguande &#8230;<\/p>\n","protected":false},"author":6,"featured_media":0,"parent":0,"menu_order":0,"comment_status":"closed","ping_status":"closed","template":"","meta":{"_acf_changed":false,"inline_featured_image":false,"footnotes":""},"class_list":["post-34","page","type-page","status-publish","hentry"],"acf":[],"_links":{"self":[{"href":"https:\/\/sisu.ut.ee\/nutiturva\/wp-json\/wp\/v2\/pages\/34","targetHints":{"allow":["GET"]}}],"collection":[{"href":"https:\/\/sisu.ut.ee\/nutiturva\/wp-json\/wp\/v2\/pages"}],"about":[{"href":"https:\/\/sisu.ut.ee\/nutiturva\/wp-json\/wp\/v2\/types\/page"}],"author":[{"embeddable":true,"href":"https:\/\/sisu.ut.ee\/nutiturva\/wp-json\/wp\/v2\/users\/6"}],"replies":[{"embeddable":true,"href":"https:\/\/sisu.ut.ee\/nutiturva\/wp-json\/wp\/v2\/comments?post=34"}],"version-history":[{"count":1,"href":"https:\/\/sisu.ut.ee\/nutiturva\/wp-json\/wp\/v2\/pages\/34\/revisions"}],"predecessor-version":[{"id":129,"href":"https:\/\/sisu.ut.ee\/nutiturva\/wp-json\/wp\/v2\/pages\/34\/revisions\/129"}],"wp:attachment":[{"href":"https:\/\/sisu.ut.ee\/nutiturva\/wp-json\/wp\/v2\/media?parent=34"}],"curies":[{"name":"wp","href":"https:\/\/api.w.org\/{rel}","templated":true}]}}