{"id":33,"date":"2024-04-04T03:42:27","date_gmt":"2024-04-04T00:42:27","guid":{"rendered":"https:\/\/sisu.ut.ee\/nutiturva\/11-sammu\/"},"modified":"2024-04-04T03:42:45","modified_gmt":"2024-04-04T00:42:45","slug":"11-sammu","status":"publish","type":"page","link":"https:\/\/sisu.ut.ee\/nutiturva\/11-sammu\/","title":{"rendered":"Nutiseadme turvalisuse 11 sammu"},"content":{"rendered":"<p><span>Loodetavasti kaardistasid Sa oma <strong>infovarad<\/strong> nutiseadmes. Kui Sa seda ei teinud, siis p\u00f6\u00f6rdu tagasi ja leia 5-10 minutit, et \u00a0see oma praeguste teadmiste ja kogemuste p\u00f5hjal \u00e4ra teha. T\u00f6\u00f6lehe t\u00e4itmine aitab Sul \u00f5ppematerjali paremini m\u00f5ista, kui lihtsat teemade \u00fcle m\u00f5tisklemine. J\u00e4rgnevalt saad Sa t\u00f5sta oma teadlikkust nutiseadme turvalisusest t\u00e4iendades t\u00f6\u00f6lehel 2. \u00fclesande lahendust ning turvameetmete rakendamise abil t\u00f5sta reaalselt oma nutiseadme turvalisust.<\/span><\/p>\n<p><span>Kui Sa pole oma <strong>turvaseadeid<\/strong> nutiseadmes \u00fcle vaadanud, siis just praegu on \u00f5ige hetk seda teha. Vastasel korral oled Sa nutiseadme kaudu v\u00e4ga haavatav.<\/span><\/p>\n<p><span>100% turvalist lahendust ei ole olemas. Aga on v\u00f5imalik luua piisavalt turvalisi lahendusi, mille j\u00e4\u00e4kriski me aktsepteerime. Turvalisuse tagamine pole \u00fchekordne tegevus vaid pigem <strong>j\u00e4tkupidev tegevuste kogum<\/strong>, sest tekivad uued ohud ja n\u00f5rkused, mis v\u00f5ivad muutuvas olukorras suurema t\u00f5en\u00e4osusega realiseeruda. <\/span><\/p>\n<p><strong>Parim praktika on kujundada endas m\u00f5tteviisi, et minu infovarad on minu jaoks olulised ja nende rikkumine, kadumine, h\u00e4vitamine v\u00f5i avalikuks tulemine v\u00f5ib tekitada mulle v\u00f5i minuga seotud inimestele, ettev\u00f5tetele ja riigile reaalset kahju. Kahjude \u00e4rahoidmiseks rakendan ma teadlikult turvameetmeid.<span class=\"nolink\"><\/span><\/strong><\/p>\n<p>&lt;img class=\"alignnone wp-image-58\" style=\"\" src=\"https:\/\/sisu.ut.ee\/wp-content\/uploads\/sites\/247\/er_pilt_turvalisus_mont-saint-michel-688405_1920.jpg\" title=\"N\u00e4ide mitmekihilisest turvalisusest: Mont Saint Michel <br>n[val=Allikas href=https:\/\/pixabay.com\/en\/mont-saint-michel-france-normandy-688405\/]\u201d alt=\u201dN\u00e4ide mitmekihilisest turvalisusest: Mont Saint Michel\u201d&gt;<\/p>\n","protected":false},"excerpt":{"rendered":"<p>Loodetavasti kaardistasid Sa oma infovarad nutiseadmes. Kui Sa seda ei teinud, siis p\u00f6\u00f6rdu tagasi ja leia 5-10 minutit, et \u00a0see oma praeguste teadmiste ja kogemuste p\u00f5hjal \u00e4ra teha. T\u00f6\u00f6lehe t\u00e4itmine aitab Sul \u00f5ppematerjali paremini m\u00f5ista, kui lihtsat teemade \u00fcle m\u00f5tisklemine. &#8230;<\/p>\n","protected":false},"author":6,"featured_media":0,"parent":0,"menu_order":0,"comment_status":"closed","ping_status":"closed","template":"","meta":{"_acf_changed":false,"inline_featured_image":false,"footnotes":""},"class_list":["post-33","page","type-page","status-publish","hentry"],"acf":[],"_links":{"self":[{"href":"https:\/\/sisu.ut.ee\/nutiturva\/wp-json\/wp\/v2\/pages\/33","targetHints":{"allow":["GET"]}}],"collection":[{"href":"https:\/\/sisu.ut.ee\/nutiturva\/wp-json\/wp\/v2\/pages"}],"about":[{"href":"https:\/\/sisu.ut.ee\/nutiturva\/wp-json\/wp\/v2\/types\/page"}],"author":[{"embeddable":true,"href":"https:\/\/sisu.ut.ee\/nutiturva\/wp-json\/wp\/v2\/users\/6"}],"replies":[{"embeddable":true,"href":"https:\/\/sisu.ut.ee\/nutiturva\/wp-json\/wp\/v2\/comments?post=33"}],"version-history":[{"count":1,"href":"https:\/\/sisu.ut.ee\/nutiturva\/wp-json\/wp\/v2\/pages\/33\/revisions"}],"predecessor-version":[{"id":128,"href":"https:\/\/sisu.ut.ee\/nutiturva\/wp-json\/wp\/v2\/pages\/33\/revisions\/128"}],"wp:attachment":[{"href":"https:\/\/sisu.ut.ee\/nutiturva\/wp-json\/wp\/v2\/media?parent=33"}],"curies":[{"name":"wp","href":"https:\/\/api.w.org\/{rel}","templated":true}]}}