{"id":31,"date":"2024-04-04T03:42:26","date_gmt":"2024-04-04T00:42:26","guid":{"rendered":"https:\/\/sisu.ut.ee\/nutiturva\/uheteistkumnes-turvakiht-turvateadliku-motteviisi-rakendamine\/"},"modified":"2024-04-04T03:42:45","modified_gmt":"2024-04-04T00:42:45","slug":"uheteistkumnes-turvakiht-turvateadliku-motteviisi-rakendamine","status":"publish","type":"page","link":"https:\/\/sisu.ut.ee\/nutiturva\/uheteistkumnes-turvakiht-turvateadliku-motteviisi-rakendamine\/","title":{"rendered":"\u00dcheteistk\u00fcmnes turvakiht: turvateadliku m\u00f5tteviisi rakendamine"},"content":{"rendered":"<p><strong>Parim praktika on kujundada endas m\u00f5tteviisi, et minu infovarad on minu jaoks olulised ja nende rikkumine, kadumine, h\u00e4vitamine v\u00f5i avalikuks tulemine v\u00f5ib tekitada mulle v\u00f5i minuga seotud inimestele, ettev\u00f5tetele ja riigile reaalset kahju. Kahjude \u00e4rahoidmiseks rakendan ma teadlikult ja j\u00e4repidevalt turvameetmeid.<\/strong><\/p>\n<p>&lt;img class=\"alignnone wp-image-58\" style=\"\" src=\"https:\/\/sisu.ut.ee\/wp-content\/uploads\/sites\/247\/er_pilt_turvalisus_mont-saint-michel-688405_1920.jpg\" title=\"N\u00e4ide mitmekihilisest turvalisusest: Mont Saint Michel<br>n[val=Allikas href=https:\/\/pixabay.com\/en\/mont-saint-michel-france-normandy-688405\/]\u201d alt=\u201dN\u00e4ide mitmekihilisest turvalisusest: Mont Saint Michel\u201d&gt;<\/p>\n<p><span id=\"docs-internal-guid-23bc2801-9185-2a20-ea93-bf2a1989ef52\"><span id=\"docs-internal-guid-23bc2801-9185-2a20-ea93-bf2a1989ef52\"><div class=\"accordion mb-3\">\n        <div class=\"accordion-item accordion-item--white\">\n        <h2 class=\"accordion-header\" id=\"accordion-69d62d7db0c24-heading\">\n            <button class=\"accordion-button collapsed\" type=\"button\" data-bs-toggle=\"collapse\" data-bs-target=\"#accordion-69d62d7db0c24-collapse\" aria-expanded=\"true\" aria-controls=\"accordion-69d62d7db0c24-collapse\">\u00dclesanne 16. Turvateadliku m\u00f5tteviisi rakendamine<\/button>\n        <\/h2>\n        <div id=\"accordion-69d62d7db0c24-collapse\" class=\"accordion-collapse collapse\" aria-labelledby=\"accordion-69d62d7db0c24-heading\">\n            <div class=\"accordion-body\">Pane kirja k\u00f5ik turvameetmed, mida plaanid edaspidi rakendada, ja nende rakendamise sagedused, et v\u00e4hendada kahjude tekkimise t\u00f5en\u00e4osust.<\/div>\n        <\/div>\n        <\/div>\n    <\/div><\/span><\/span><\/p>\n","protected":false},"excerpt":{"rendered":"<p>Parim praktika on kujundada endas m\u00f5tteviisi, et minu infovarad on minu jaoks olulised ja nende rikkumine, kadumine, h\u00e4vitamine v\u00f5i avalikuks tulemine v\u00f5ib tekitada mulle v\u00f5i minuga seotud inimestele, ettev\u00f5tetele ja riigile reaalset kahju. Kahjude \u00e4rahoidmiseks rakendan ma teadlikult ja j\u00e4repidevalt &#8230;<\/p>\n","protected":false},"author":6,"featured_media":0,"parent":0,"menu_order":0,"comment_status":"closed","ping_status":"closed","template":"","meta":{"_acf_changed":false,"inline_featured_image":false,"footnotes":""},"class_list":["post-31","page","type-page","status-publish","hentry"],"acf":[],"_links":{"self":[{"href":"https:\/\/sisu.ut.ee\/nutiturva\/wp-json\/wp\/v2\/pages\/31","targetHints":{"allow":["GET"]}}],"collection":[{"href":"https:\/\/sisu.ut.ee\/nutiturva\/wp-json\/wp\/v2\/pages"}],"about":[{"href":"https:\/\/sisu.ut.ee\/nutiturva\/wp-json\/wp\/v2\/types\/page"}],"author":[{"embeddable":true,"href":"https:\/\/sisu.ut.ee\/nutiturva\/wp-json\/wp\/v2\/users\/6"}],"replies":[{"embeddable":true,"href":"https:\/\/sisu.ut.ee\/nutiturva\/wp-json\/wp\/v2\/comments?post=31"}],"version-history":[{"count":1,"href":"https:\/\/sisu.ut.ee\/nutiturva\/wp-json\/wp\/v2\/pages\/31\/revisions"}],"predecessor-version":[{"id":148,"href":"https:\/\/sisu.ut.ee\/nutiturva\/wp-json\/wp\/v2\/pages\/31\/revisions\/148"}],"wp:attachment":[{"href":"https:\/\/sisu.ut.ee\/nutiturva\/wp-json\/wp\/v2\/media?parent=31"}],"curies":[{"name":"wp","href":"https:\/\/api.w.org\/{rel}","templated":true}]}}