{"id":30,"date":"2024-04-04T03:42:26","date_gmt":"2024-04-04T00:42:26","guid":{"rendered":"https:\/\/sisu.ut.ee\/nutiturva\/kumnes-turvakiht-kasuta-turvalist-uhendust\/"},"modified":"2024-04-04T03:42:45","modified_gmt":"2024-04-04T00:42:45","slug":"kumnes-turvakiht-kasuta-turvalist-uhendust","status":"publish","type":"page","link":"https:\/\/sisu.ut.ee\/nutiturva\/kumnes-turvakiht-kasuta-turvalist-uhendust\/","title":{"rendered":"K\u00fcmnes turvakiht: kasuta turvalist \u00fchendust"},"content":{"rendered":"<h2>WiFi<\/h2>\n<p>V\u00e4ldi nutiseadmega avaliku WiFi kasutamist. Avalikus WiFi levialas v\u00f5ib osutuda v\u00f5imalikuks levialas olevate seadmete pealtkuulamine.\u00a0<\/p>\n<p><span>Samuti v\u00f5id Sa kasutajana ennast \u00fchendada kogemata mitteametlikku v\u00f5rku (v\u00f5rgu nimi sarnane v\u00f5i sama), mis on pahalase poolt \u00fcles pandud. Pahalane v\u00f5ib \u00fcle v\u00f5tta Sinu veebilehitseja sessiooni ja n\u00e4iteks j\u00e4tkata tegevust Sinuna Facebookis.<\/span><span><br><\/span><\/p>\n<h2><span>Turvameetmed turvalise \u00fchenduse kasutamiseks (WiFi)<\/span><\/h2>\n<ul>\n<li>\n<p>\u00c4ra kasuta avalikke WiFi levialasid, kasuta selle asemel oma mobiiliteenuse pakkuja andmesidet.<\/p>\n<\/li>\n<li>\n<p>Uuri oma mobiilsideteenuse pakkuja k\u00e4est andmesideteenuse kasutamisv\u00f5imalusi v\u00e4lismaal. Euroopa Liidu piires on mobiilse andmesider\u00e4ndluse teenused v\u00e4ga m\u00f5istliku hinnaga.<\/p>\n<\/li>\n<li>Kui on vajalik siiski avalikku WiFi leviala kasutada, siis<\/li>\n<ul>\n<li>\n<p>kasuta veebilehti sirvides HTTPS \u00fchendust (tunned \u00e4ra rohelisest suletud tabalukust veebiaadressi real) HTTP asemel;<\/p>\n<\/li>\n<li>\n<p>kui veebilehitseja kuvab HTTPS \u00fchenduse korral teavituse turvasertifikaadi probleemiga, siis loobu lehe k\u00fclastamisest;<\/p>\n<\/li>\n<li>\n<p>kasuta VPN lahendust (<a href=\"https:\/\/www.pcmag.com\/article2\/0,2817,2403388,00.asp\" target=\"_blank\" rel=\"noopener\">tasulised<\/a>\u00a0(Eddy, The Best VPN Services of 2017, 2017), \u00a0<a href=\"https:\/\/www.pcmag.com\/roundup\/285788\/the-best-free-vpn-services\" target=\"_blank\" rel=\"noopener\">tasuta<\/a>\u00a0(Eddy, The Best VPN Services of 2017, 2017));<\/p>\n<\/li>\n<li>\n<p>kasuta teenustesse sisselogimiseks eelistatult Mobiil ID-d v\u00f5i muud kaheastmelist autentimist.<\/p>\n<\/li>\n<\/ul>\n<\/ul>\n<h2>Bluetooth<\/h2>\n<p><span>Turvauudised kirjutavad <\/span><span><a href=\"https:\/\/www.armis.com\/blueborne\/\" target=\"_blank\" rel=\"noopener\">Blueborne r\u00fcndev\u00f5imalusest<\/a>\u00a0\u00a0(Armis, kuup\u00e4ev puudub)<\/span><span>, kus pahalane v\u00f5ib Bluetoothi \u00fchenduse kaudu saada kontrolli kasutaja seadme \u00fcle nii, et kasutaja sellest teada ei saa. Selliseid seadmeid on maailmas hetkel 5,3 miljardit. \u00d5nneks on k\u00fcll Bluetoothi levi seadmest ainult <em>ca.<\/em>\u00a010-30 meetrit, seega on oht suurim suurtel rahvakogunemistel. <\/span><\/p>\n<h2>Turvameetmed turvalise \u00fchenduse kasutamiseks (Bluetooth)<\/h2>\n<ul>\n<li>\n<p><span>\u00c4ra hoia sees Bluetoothi \u00fchendust, kui Sa seda ei kasuta. <\/span><\/p>\n<\/li>\n<ul>\n<li>\n<p><strong>Seaded &gt; Bluetooth &gt; l\u00fclita v\u00e4lja<\/strong><\/p>\n<\/li>\n<\/ul>\n<li>\n<p><span>Keeldu k\u00f5igist tundmatute seadmete ettepanekutest, mis soovivad Bluetoothi kaudu Sinu seadmega ennast paari siduda (ingl<em>\u00a0pair with a device<\/em>).<\/span><\/p>\n<\/li>\n<\/ul>\n<p><span><img loading=\"lazy\" decoding=\"async\" width=\"1080\" height=\"960\" class=\"alignnone wp-image-57\" src=\"https:\/\/sisu.ut.ee\/wp-content\/uploads\/sites\/247\/er_pilt_ti-09b_bluetooth.png\" title=\"Bluetooth \u00fchenduse v\u00e4ljal\u00fclitamine\" alt=\"Bluetooth \u00fchenduse v\u00e4ljal\u00fclitamine\" srcset=\"https:\/\/sisu.ut.ee\/wp-content\/uploads\/sites\/247\/er_pilt_ti-09b_bluetooth.png 1080w, https:\/\/sisu.ut.ee\/wp-content\/uploads\/sites\/247\/er_pilt_ti-09b_bluetooth-300x267.png 300w, https:\/\/sisu.ut.ee\/wp-content\/uploads\/sites\/247\/er_pilt_ti-09b_bluetooth-1024x910.png 1024w, https:\/\/sisu.ut.ee\/wp-content\/uploads\/sites\/247\/er_pilt_ti-09b_bluetooth-768x683.png 768w\" sizes=\"auto, (max-width: 1080px) 100vw, 1080px\"><\/span><\/p>\n<p><span><div class=\"accordion mb-3\">\n        <div class=\"accordion-item accordion-item--white\">\n        <h2 class=\"accordion-header\" id=\"accordion-69dee9a6e68c0-heading\">\n            <button class=\"accordion-button collapsed\" type=\"button\" data-bs-toggle=\"collapse\" data-bs-target=\"#accordion-69dee9a6e68c0-collapse\" aria-expanded=\"true\" aria-controls=\"accordion-69dee9a6e68c0-collapse\">\u00dclesanne 14. Bluetoothi v\u00e4ljal\u00fclitamine<\/button>\n        <\/h2>\n        <div id=\"accordion-69dee9a6e68c0-collapse\" class=\"accordion-collapse collapse\" aria-labelledby=\"accordion-69dee9a6e68c0-heading\">\n            <div class=\"accordion-body\">L\u00fclita v\u00e4lja oma seadme Bluetooth \u00fchendus. \n<p><span>T\u00e4ienda t\u00f6\u00f6lehelt \u00fclesannet nr 2: lisa infovarasid, nendele ligip\u00e4\u00e4sejaid, ohte, n\u00f5rkusi, kahjusid ja turvameetmeid, mis varem j\u00e4id m\u00e4rkamata.<\/span><\/p><\/div>\n        <\/div>\n        <\/div>\n    <\/div><\/span><\/p>\n<p><span><span><div class=\"accordion mb-3\">\n        <div class=\"accordion-item accordion-item--white\">\n        <h2 class=\"accordion-header\" id=\"accordion-69dee9a6e68c8-heading\">\n            <button class=\"accordion-button collapsed\" type=\"button\" data-bs-toggle=\"collapse\" data-bs-target=\"#accordion-69dee9a6e68c8-collapse\" aria-expanded=\"true\" aria-controls=\"accordion-69dee9a6e68c8-collapse\">\u00dclesanne 15. Turvameetmed turvalse \u00fchenduse kasutamiseks<\/button>\n        <\/h2>\n        <div id=\"accordion-69dee9a6e68c8-collapse\" class=\"accordion-collapse collapse\" aria-labelledby=\"accordion-69dee9a6e68c8-heading\">\n            <div class=\"accordion-body\">\n<p><span><span>Vali sobivad turvameetmed turvalise \u00fchenduse kasutamiseks.<\/span><\/span><\/p>\n<p><span><span>T\u00e4ienda t\u00f6\u00f6lehelt \u00fclesannet nr 2: lisa infovarasid, nendele ligip\u00e4\u00e4sejaid, ohte, n\u00f5rkusi, kahjusid ja turvameetmeid, mis varem j\u00e4id m\u00e4rkamata.<\/span><\/span><\/p><\/div>\n        <\/div>\n        <\/div>\n    <\/div><\/span><\/span><\/p>\n","protected":false},"excerpt":{"rendered":"<p>WiFi V\u00e4ldi nutiseadmega avaliku WiFi kasutamist. Avalikus WiFi levialas v\u00f5ib osutuda v\u00f5imalikuks levialas olevate seadmete pealtkuulamine.\u00a0 Samuti v\u00f5id Sa kasutajana ennast \u00fchendada kogemata mitteametlikku v\u00f5rku (v\u00f5rgu nimi sarnane v\u00f5i sama), mis on pahalase poolt \u00fcles pandud. Pahalane v\u00f5ib \u00fcle v\u00f5tta &#8230;<\/p>\n","protected":false},"author":6,"featured_media":0,"parent":0,"menu_order":0,"comment_status":"closed","ping_status":"closed","template":"","meta":{"_acf_changed":false,"inline_featured_image":false,"footnotes":""},"class_list":["post-30","page","type-page","status-publish","hentry"],"acf":[],"_links":{"self":[{"href":"https:\/\/sisu.ut.ee\/nutiturva\/wp-json\/wp\/v2\/pages\/30","targetHints":{"allow":["GET"]}}],"collection":[{"href":"https:\/\/sisu.ut.ee\/nutiturva\/wp-json\/wp\/v2\/pages"}],"about":[{"href":"https:\/\/sisu.ut.ee\/nutiturva\/wp-json\/wp\/v2\/types\/page"}],"author":[{"embeddable":true,"href":"https:\/\/sisu.ut.ee\/nutiturva\/wp-json\/wp\/v2\/users\/6"}],"replies":[{"embeddable":true,"href":"https:\/\/sisu.ut.ee\/nutiturva\/wp-json\/wp\/v2\/comments?post=30"}],"version-history":[{"count":1,"href":"https:\/\/sisu.ut.ee\/nutiturva\/wp-json\/wp\/v2\/pages\/30\/revisions"}],"predecessor-version":[{"id":147,"href":"https:\/\/sisu.ut.ee\/nutiturva\/wp-json\/wp\/v2\/pages\/30\/revisions\/147"}],"wp:attachment":[{"href":"https:\/\/sisu.ut.ee\/nutiturva\/wp-json\/wp\/v2\/media?parent=30"}],"curies":[{"name":"wp","href":"https:\/\/api.w.org\/{rel}","templated":true}]}}