{"id":29,"date":"2024-04-04T03:42:26","date_gmt":"2024-04-04T00:42:26","guid":{"rendered":"https:\/\/sisu.ut.ee\/nutiturva\/uheksas-turvakiht-paigalda-viirusetorje\/"},"modified":"2024-04-04T03:42:45","modified_gmt":"2024-04-04T00:42:45","slug":"uheksas-turvakiht-paigalda-viirusetorje","status":"publish","type":"page","link":"https:\/\/sisu.ut.ee\/nutiturva\/uheksas-turvakiht-paigalda-viirusetorje\/","title":{"rendered":"\u00dcheksas turvakiht: paigalda viiruset\u00f5rje"},"content":{"rendered":"<p>Paigalda <strong>usaldusv\u00e4\u00e4rne viiruset\u00f5rje<\/strong>. Praegused viiruset\u00f5rjed pole k\u00fcll veel v\u00e4ga v\u00f5imekad, aga see on parem alternatiiv, kui selle puudumine. Paigalda viiruset\u00f5rje ka oma arvutitesse, sest nutiseadme \u00fchendamisel arvutiga v\u00f5ib seade ise ka nakatuda v\u00f5i muutuda viiruse kandjaks.<\/p>\n<p>Ja veel \u00fcks soovitus\u00a0\u2013 \u00e4ra \u00fchenda oma nutiseadet tundmatu arvutiga. Sinu nutiseade k\u00e4itub arvutiga \u00fchendudes sarnaselt m\u00e4lupulgaga ning v\u00f5ib saada viiruse.<\/p>\n<p>Parimate viiruset\u00f5rjete \u00fcle peab arvet <a href=\"https:\/\/www.av-test.org\/en\/\" target=\"_blank\" rel=\"noopener\">AV-TEST<\/a>\u00a0(AV-TEST, 2017). Siit saab enda nutiseadmele ja arvutile valida hetkel turul parima viiruset\u00f5rje.<\/p>\n<p>M\u00f5nikord arvatakse, et kui paigaldan arvutisse v\u00f5i nutiseadmesse viiruset\u00f5rje, siis v\u00f5in oluliselt riskantsemalt k\u00e4ituda. Paraku ei suuda ka parimad viiruset\u00f5rjed tuvastada k\u00f5iki viirusi. Tuvastamata j\u00e4\u00e4vad n-\u00f6 0-p\u00e4eva viirused, mis on just v\u00e4lja arendatud ja pahategusid tegema saadetud. Seega pole turvalisus seisud, vaid pidevalt arenev protsess, millega tuleb igal tehnoloogia kasutajal kaasas k\u00e4ia.<\/p>\n<p><img loading=\"lazy\" decoding=\"async\" width=\"960\" height=\"540\" class=\"alignnone wp-image-56\" src=\"https:\/\/sisu.ut.ee\/wp-content\/uploads\/sites\/247\/er_pilt_ti-06b_viirusetorje.png\" title=\"Valik viiruset\u00f5rjeid Google Play poes\" alt=\"Valik viiruset\u00f5rjeid Google Play poes\" srcset=\"https:\/\/sisu.ut.ee\/wp-content\/uploads\/sites\/247\/er_pilt_ti-06b_viirusetorje.png 960w, https:\/\/sisu.ut.ee\/wp-content\/uploads\/sites\/247\/er_pilt_ti-06b_viirusetorje-300x169.png 300w, https:\/\/sisu.ut.ee\/wp-content\/uploads\/sites\/247\/er_pilt_ti-06b_viirusetorje-768x432.png 768w\" sizes=\"auto, (max-width: 960px) 100vw, 960px\"><\/p>\n\n<p><\/p><div class=\"accordion mb-3\">\n        <div class=\"accordion-item accordion-item--white\">\n        <h2 class=\"accordion-header\" id=\"accordion-69dbac9d02765-heading\">\n            <button class=\"accordion-button collapsed\" type=\"button\" data-bs-toggle=\"collapse\" data-bs-target=\"#accordion-69dbac9d02765-collapse\" aria-expanded=\"true\" aria-controls=\"accordion-69dbac9d02765-collapse\">\u00dclesanne 13<\/button>\n        <\/h2>\n        <div id=\"accordion-69dbac9d02765-collapse\" class=\"accordion-collapse collapse\" aria-labelledby=\"accordion-69dbac9d02765-heading\">\n            <div class=\"accordion-body\">Paigalda oma nutiseadmele viiruset\u00f5rje ja vii l\u00e4bi esimene skaneerimine.\n<p>T\u00e4ienda t\u00f6\u00f6lehelt \u00fclesannet nr 2: lisa infovarasid, nendele ligip\u00e4\u00e4sejaid, ohte, n\u00f5rkusi, kahjusid ja turvameetmeid, mis varem j\u00e4id m\u00e4rkamata.<\/p><\/div>\n        <\/div>\n        <\/div>\n    <\/div>\n","protected":false},"excerpt":{"rendered":"<p>Paigalda usaldusv\u00e4\u00e4rne viiruset\u00f5rje. Praegused viiruset\u00f5rjed pole k\u00fcll veel v\u00e4ga v\u00f5imekad, aga see on parem alternatiiv, kui selle puudumine. Paigalda viiruset\u00f5rje ka oma arvutitesse, sest nutiseadme \u00fchendamisel arvutiga v\u00f5ib seade ise ka nakatuda v\u00f5i muutuda viiruse kandjaks. Ja veel \u00fcks soovitus\u00a0\u2013 &#8230;<\/p>\n","protected":false},"author":6,"featured_media":0,"parent":0,"menu_order":0,"comment_status":"closed","ping_status":"closed","template":"","meta":{"_acf_changed":false,"inline_featured_image":false,"footnotes":""},"class_list":["post-29","page","type-page","status-publish","hentry"],"acf":[],"_links":{"self":[{"href":"https:\/\/sisu.ut.ee\/nutiturva\/wp-json\/wp\/v2\/pages\/29","targetHints":{"allow":["GET"]}}],"collection":[{"href":"https:\/\/sisu.ut.ee\/nutiturva\/wp-json\/wp\/v2\/pages"}],"about":[{"href":"https:\/\/sisu.ut.ee\/nutiturva\/wp-json\/wp\/v2\/types\/page"}],"author":[{"embeddable":true,"href":"https:\/\/sisu.ut.ee\/nutiturva\/wp-json\/wp\/v2\/users\/6"}],"replies":[{"embeddable":true,"href":"https:\/\/sisu.ut.ee\/nutiturva\/wp-json\/wp\/v2\/comments?post=29"}],"version-history":[{"count":1,"href":"https:\/\/sisu.ut.ee\/nutiturva\/wp-json\/wp\/v2\/pages\/29\/revisions"}],"predecessor-version":[{"id":146,"href":"https:\/\/sisu.ut.ee\/nutiturva\/wp-json\/wp\/v2\/pages\/29\/revisions\/146"}],"wp:attachment":[{"href":"https:\/\/sisu.ut.ee\/nutiturva\/wp-json\/wp\/v2\/media?parent=29"}],"curies":[{"name":"wp","href":"https:\/\/api.w.org\/{rel}","templated":true}]}}