{"id":27,"date":"2024-04-04T03:42:26","date_gmt":"2024-04-04T00:42:26","guid":{"rendered":"https:\/\/sisu.ut.ee\/nutiturva\/seitsmes-turvakiht-aktiveeri-automaatne-varukoopiate-tegemine\/"},"modified":"2024-04-04T03:42:45","modified_gmt":"2024-04-04T00:42:45","slug":"seitsmes-turvakiht-aktiveeri-automaatne-varukoopiate-tegemine","status":"publish","type":"page","link":"https:\/\/sisu.ut.ee\/nutiturva\/seitsmes-turvakiht-aktiveeri-automaatne-varukoopiate-tegemine\/","title":{"rendered":"Seitsmes turvakiht: aktiveeri automaatne varukoopiate tegemine"},"content":{"rendered":"<p><span id=\"docs-internal-guid-23bc2801-9180-2d3a-e3a2-0fe81e669054\">Tee oma andmetest automaatsed varukoopiad pilve. Kui t\u00e4pne olla, siis seda ei saa nimetada p\u00e4ris varukoopia tegemiseks, vaid s\u00fcnkroniseerimiseks, aga see on ikkagi parem kui koopiat mitte teha. <\/span><\/p>\n<p><span id=\"docs-internal-guid-23bc2801-9180-2d3a-e3a2-0fe81e669054\">Varukoopiat l\u00e4heb vaja siis, kui Sa kaotad oma seadme v\u00f5i see varastatakse Sinult ja Sa ei saa seda enam k\u00e4tte. Seega on asjakohane oma seadmes varukoopiate tegemine sisse l\u00fclitada. Varukoopia sissel\u00fclitamine aitab Sul taastada kadunud telefoni s\u00e4tted ja \u00e4pid uude telefoni. <\/span><\/p>\n<p><span id=\"docs-internal-guid-23bc2801-9180-2d3a-e3a2-0fe81e669054\">Selline v\u00f5imalus on olemas k\u00f5igil tootjatel.<\/span><\/p>\n<p><span id=\"docs-internal-guid-23bc2801-9180-2d3a-e3a2-0fe81e669054\">N\u00e4iteks Android telefonis tuleb selleks teha j\u00e4rgmist:<\/span><\/p>\n<ul>\n<li>\n<p><span id=\"docs-internal-guid-23bc2801-9180-2d3a-e3a2-0fe81e669054\"><strong>Seaded &gt; Varundamine ja l\u00e4htestamine &gt; Minu andmete varundamine &gt; l\u00fclita sisse<\/strong>.<\/span><\/p>\n<\/li>\n<li>\n<p><span id=\"docs-internal-guid-23bc2801-9180-2d3a-e3a2-0fe81e669054\">Samuti l\u00fclita sisse <strong>Seaded &gt;Varundamine ja l\u00e4htestamine &gt; Automaatne taastamine &gt; l\u00fclita sisse<\/strong>.<\/span><\/p>\n<\/li>\n<\/ul>\n<p><img loading=\"lazy\" decoding=\"async\" width=\"808\" height=\"480\" class=\"alignnone wp-image-54\" src=\"https:\/\/sisu.ut.ee\/wp-content\/uploads\/sites\/247\/er_pilt_ti-04b_varundamine.png\" title=\"Seadete varundamise ja automaatse taastamise sissel\u00fclitamine\" alt=\"Seadete varundamise ja automaatse taastamise sissel\u00fclitamine\" srcset=\"https:\/\/sisu.ut.ee\/wp-content\/uploads\/sites\/247\/er_pilt_ti-04b_varundamine.png 808w, https:\/\/sisu.ut.ee\/wp-content\/uploads\/sites\/247\/er_pilt_ti-04b_varundamine-300x178.png 300w, https:\/\/sisu.ut.ee\/wp-content\/uploads\/sites\/247\/er_pilt_ti-04b_varundamine-768x456.png 768w\" sizes=\"auto, (max-width: 808px) 100vw, 808px\"><\/p>\n<p><span id=\"docs-internal-guid-23bc2801-9180-2d3a-e3a2-0fe81e669054\"><strong>NB!<\/strong> Siinkohal on oluline teada, et <strong>varukoopiad tehakse vaid seadme ja \u00e4ppide s\u00e4tetest<\/strong>. Fotodest, videotest ja muudest failidest, mis on erinevate \u00e4ppide poolt tehtud ja seadmesse salvestatud, varukoopiaid selle s\u00e4tte sissel\u00fclitamisel ei tehta. Nende jaoks tuleb eraldi varukoopiate tegemine h\u00e4\u00e4lestada.<\/span><\/p>\n<p><span id=\"docs-internal-guid-23bc2801-9180-2d3a-e3a2-0fe81e669054\">N\u00e4iteks fotodest ja videotest varukoopiate tegemiseks sobib <\/span><span id=\"docs-internal-guid-23bc2801-9180-2d3a-e3a2-0fe81e669054\"><a href=\"https:\/\/play.google.com\/store\/apps\/details?id=com.google.android.apps.photos&amp;hl=et\" target=\"_blank\" rel=\"noopener\">Google Photos<\/a>\u00a0(k\u00f5rge kvaliteediga re\u017eiimil piiramatu varundusruum)\u00a0(Google, 2017)<\/span><span id=\"docs-internal-guid-23bc2801-9180-2d3a-e3a2-0fe81e669054\">. Muud failid oleks m\u00f5istlik p\u00f5hiasukohana hoida arvutis ja peegeldada pilve n\u00e4iteks <\/span><a href=\"https:\/\/www.google.com\/drive\/download\/\" target=\"_blank\" rel=\"noopener\"><span id=\"docs-internal-guid-23bc2801-9180-2d3a-e3a2-0fe81e669054\">Google Backup &amp; Sync<\/span><\/a><span id=\"docs-internal-guid-23bc2801-9180-2d3a-e3a2-0fe81e669054\"> abil, kust neid saab nutiseadme abil vaadata (Google, kuup\u00e4ev puudub).<\/span><\/p>\n<p><span id=\"docs-internal-guid-23bc2801-9180-2d3a-e3a2-0fe81e669054\"><span id=\"docs-internal-guid-23bc2801-9180-2d3a-e3a2-0fe81e669054\"><div class=\"accordion mb-3\">\n        <div class=\"accordion-item accordion-item--white\">\n        <h2 class=\"accordion-header\" id=\"accordion-69d62d8c15bcf-heading\">\n            <button class=\"accordion-button collapsed\" type=\"button\" data-bs-toggle=\"collapse\" data-bs-target=\"#accordion-69d62d8c15bcf-collapse\" aria-expanded=\"true\" aria-controls=\"accordion-69d62d8c15bcf-collapse\">\u00dclesanne 11. Automaatsete varukoopiate tegemise aktiveerimine<\/button>\n        <\/h2>\n        <div id=\"accordion-69d62d8c15bcf-collapse\" class=\"accordion-collapse collapse\" aria-labelledby=\"accordion-69d62d8c15bcf-heading\">\n            <div class=\"accordion-body\">L\u00fclita sisse oma seadme Minu andmete varundamine ja Automaatne taastamine. \n<p><span id=\"docs-internal-guid-23bc2801-9180-2d3a-e3a2-0fe81e669054\"><span id=\"docs-internal-guid-23bc2801-9180-2d3a-e3a2-0fe81e669054\">Paigalda fotode ja videote varundamiseks nutiseadmesse Google Photos rakendus. <\/span><\/span><\/p>\n<p><span id=\"docs-internal-guid-23bc2801-9180-2d3a-e3a2-0fe81e669054\"><span id=\"docs-internal-guid-23bc2801-9180-2d3a-e3a2-0fe81e669054\">Paigalda oma arvutisse Google Backup &amp; Sync.<\/span><\/span><\/p>\n<p><span id=\"docs-internal-guid-23bc2801-9180-2d3a-e3a2-0fe81e669054\"><span id=\"docs-internal-guid-23bc2801-9180-2d3a-e3a2-0fe81e669054\">T\u00e4ienda t\u00f6\u00f6lehelt \u00fclesannet nr 2: lisa infovarasid, nendele ligip\u00e4\u00e4sejaid, ohte, n\u00f5rkusi, kahjusid ja turvameetmeid, mis varem j\u00e4id m\u00e4rkamata.<\/span><\/span><\/p><\/div>\n        <\/div>\n        <\/div>\n    <\/div><\/span><\/span><\/p>\n","protected":false},"excerpt":{"rendered":"<p>Tee oma andmetest automaatsed varukoopiad pilve. Kui t\u00e4pne olla, siis seda ei saa nimetada p\u00e4ris varukoopia tegemiseks, vaid s\u00fcnkroniseerimiseks, aga see on ikkagi parem kui koopiat mitte teha. Varukoopiat l\u00e4heb vaja siis, kui Sa kaotad oma seadme v\u00f5i see varastatakse &#8230;<\/p>\n","protected":false},"author":6,"featured_media":0,"parent":0,"menu_order":0,"comment_status":"closed","ping_status":"closed","template":"","meta":{"_acf_changed":false,"inline_featured_image":false,"footnotes":""},"class_list":["post-27","page","type-page","status-publish","hentry"],"acf":[],"_links":{"self":[{"href":"https:\/\/sisu.ut.ee\/nutiturva\/wp-json\/wp\/v2\/pages\/27","targetHints":{"allow":["GET"]}}],"collection":[{"href":"https:\/\/sisu.ut.ee\/nutiturva\/wp-json\/wp\/v2\/pages"}],"about":[{"href":"https:\/\/sisu.ut.ee\/nutiturva\/wp-json\/wp\/v2\/types\/page"}],"author":[{"embeddable":true,"href":"https:\/\/sisu.ut.ee\/nutiturva\/wp-json\/wp\/v2\/users\/6"}],"replies":[{"embeddable":true,"href":"https:\/\/sisu.ut.ee\/nutiturva\/wp-json\/wp\/v2\/comments?post=27"}],"version-history":[{"count":1,"href":"https:\/\/sisu.ut.ee\/nutiturva\/wp-json\/wp\/v2\/pages\/27\/revisions"}],"predecessor-version":[{"id":144,"href":"https:\/\/sisu.ut.ee\/nutiturva\/wp-json\/wp\/v2\/pages\/27\/revisions\/144"}],"wp:attachment":[{"href":"https:\/\/sisu.ut.ee\/nutiturva\/wp-json\/wp\/v2\/media?parent=27"}],"curies":[{"name":"wp","href":"https:\/\/api.w.org\/{rel}","templated":true}]}}