{"id":26,"date":"2024-04-04T03:42:26","date_gmt":"2024-04-04T00:42:26","guid":{"rendered":"https:\/\/sisu.ut.ee\/nutiturva\/kuues-turvakiht-aktiveeri-seadme-asukoha-leidmine\/"},"modified":"2024-04-04T03:42:45","modified_gmt":"2024-04-04T00:42:45","slug":"kuues-turvakiht-aktiveeri-seadme-asukoha-leidmine","status":"publish","type":"page","link":"https:\/\/sisu.ut.ee\/nutiturva\/kuues-turvakiht-aktiveeri-seadme-asukoha-leidmine\/","title":{"rendered":"Kuues turvakiht: aktiveeri seadme asukoha leidmine"},"content":{"rendered":"<p>Kui Sinu telefon juhtub \u00e4ra kaduma v\u00f5i see varastatakse, siis telefoni on v\u00f5imalik \u00fcles leida, kui sellele on paigaldatud\/h\u00e4\u00e4lestatud vastav rakendus.<\/p>\n<p>Kaugleidmise lahenduse puhul on v\u00f5imalus<\/p>\n<ul>\n<li>\n<p>n\u00e4ha oma seadme asukohta,<\/p>\n<\/li>\n<li>\n<p>panna seade helisema,<\/p>\n<\/li>\n<li>\n<p>lukustada oma seade,<\/p>\n<\/li>\n<li>\n<p>kuvada ekraanile s\u00f5num v\u00f5i<\/p>\n<\/li>\n<li>\n<p>kustutada oma seadme sisu\u00a0(Google, kuup\u00e4ev puudub).<\/p>\n<\/li>\n<\/ul>\n<p>iOS-i jaoks on olemas lahendus <a href=\"https:\/\/support.apple.com\/en-us\/HT205362\" target=\"_blank\" rel=\"noopener\">Find my iPhone<\/a>\u00a0(Apple, 2017), Microsoftil on <a href=\"https:\/\/support.microsoft.com\/et-ee\/help\/11696\/windows-phone-7\" target=\"_blank\" rel=\"noopener\">Find my Phone<\/a> (Microsoft, 2016) ja Androidil on <a href=\"https:\/\/support.google.com\/accounts\/answer\/3265955?hl=et\" target=\"_blank\" rel=\"noopener\">Android Device Manager<\/a>\u00a0(Google, kuup\u00e4ev puudub).<\/p>\n<p>Kaugleidmise rakenduse toimimiseks peab telefon olema \u00fchendatud internetiga mobiiliv\u00f5rgu v\u00f5i wifi kaudu ning GPS peab toimima.\u00a0<\/p>\n<p>&lt;img class=\"alignnone wp-image-53\" style=\"\" src=\"https:\/\/sisu.ut.ee\/wp-content\/uploads\/sites\/247\/er_pilt_android_device_manager.jpg\" title=\"Nutiseadme asukoha leidmine Android Device Manager'i abil <br>[val=Allikas href=https:\/\/www.flickr.com\/photos\/squirrel02\/9458849143]\u201d alt=\u201dAndroid Device Manager\u201d&gt;<\/p>\n<p class=\"text-muted\">\u00a0<\/p>\n<p><\/p><div class=\"accordion mb-3\">\n        <div class=\"accordion-item accordion-item--white\">\n        <h2 class=\"accordion-header\" id=\"accordion-69dbac9d05035-heading\">\n            <button class=\"accordion-button collapsed\" type=\"button\" data-bs-toggle=\"collapse\" data-bs-target=\"#accordion-69dbac9d05035-collapse\" aria-expanded=\"true\" aria-controls=\"accordion-69dbac9d05035-collapse\">\u00dclesanne 10. Kaugleidmise sissel\u00fclitamine<\/button>\n        <\/h2>\n        <div id=\"accordion-69dbac9d05035-collapse\" class=\"accordion-collapse collapse\" aria-labelledby=\"accordion-69dbac9d05035-heading\">\n            <div class=\"accordion-body\">Aktiveeri oma seadme kaugleidmise v\u00f5imalus ja testi selle toimivust.\n<p>T\u00e4ienda t\u00f6\u00f6lehelt \u00fclesannet nr 2: lisa infovarasid, nendele ligip\u00e4\u00e4sejaid, ohte, n\u00f5rkusi, kahjusid ja turvameetmeid, mis varem j\u00e4id m\u00e4rkamata.<\/p><\/div>\n        <\/div>\n        <\/div>\n    <\/div>\n","protected":false},"excerpt":{"rendered":"<p>Kui Sinu telefon juhtub \u00e4ra kaduma v\u00f5i see varastatakse, siis telefoni on v\u00f5imalik \u00fcles leida, kui sellele on paigaldatud\/h\u00e4\u00e4lestatud vastav rakendus. Kaugleidmise lahenduse puhul on v\u00f5imalus n\u00e4ha oma seadme asukohta, panna seade helisema, lukustada oma seade, kuvada ekraanile s\u00f5num v\u00f5i &#8230;<\/p>\n","protected":false},"author":6,"featured_media":0,"parent":0,"menu_order":0,"comment_status":"closed","ping_status":"closed","template":"","meta":{"_acf_changed":false,"inline_featured_image":false,"footnotes":""},"class_list":["post-26","page","type-page","status-publish","hentry"],"acf":[],"_links":{"self":[{"href":"https:\/\/sisu.ut.ee\/nutiturva\/wp-json\/wp\/v2\/pages\/26","targetHints":{"allow":["GET"]}}],"collection":[{"href":"https:\/\/sisu.ut.ee\/nutiturva\/wp-json\/wp\/v2\/pages"}],"about":[{"href":"https:\/\/sisu.ut.ee\/nutiturva\/wp-json\/wp\/v2\/types\/page"}],"author":[{"embeddable":true,"href":"https:\/\/sisu.ut.ee\/nutiturva\/wp-json\/wp\/v2\/users\/6"}],"replies":[{"embeddable":true,"href":"https:\/\/sisu.ut.ee\/nutiturva\/wp-json\/wp\/v2\/comments?post=26"}],"version-history":[{"count":1,"href":"https:\/\/sisu.ut.ee\/nutiturva\/wp-json\/wp\/v2\/pages\/26\/revisions"}],"predecessor-version":[{"id":143,"href":"https:\/\/sisu.ut.ee\/nutiturva\/wp-json\/wp\/v2\/pages\/26\/revisions\/143"}],"wp:attachment":[{"href":"https:\/\/sisu.ut.ee\/nutiturva\/wp-json\/wp\/v2\/media?parent=26"}],"curies":[{"name":"wp","href":"https:\/\/api.w.org\/{rel}","templated":true}]}}