{"id":22,"date":"2024-04-04T03:42:26","date_gmt":"2024-04-04T00:42:26","guid":{"rendered":"https:\/\/sisu.ut.ee\/nutiturva\/kolmas-turvakiht-ole-tahelepanelik-veebi-sirvimisel\/"},"modified":"2024-04-04T03:42:45","modified_gmt":"2024-04-04T00:42:45","slug":"kolmas-turvakiht-ole-tahelepanelik-veebi-sirvimisel","status":"publish","type":"page","link":"https:\/\/sisu.ut.ee\/nutiturva\/kolmas-turvakiht-ole-tahelepanelik-veebi-sirvimisel\/","title":{"rendered":"Kolmas turvakiht: ole t\u00e4helepanelik veebi sirvimisel"},"content":{"rendered":"<p><a href=\"https:\/\/arstechnica.com\/information-technology\/2016\/03\/big-name-sites-hit-by-rash-of-malicious-ads-spreading-crypto-ransomware\/\" target=\"_blank\" rel=\"noopener\">2016. aasta m\u00e4rtsis<\/a> olid suured veebilehed (BBC, The New York Times) nakatunud pahavaraga veebireklaamide kaudu (<em>malvertising<\/em>) (Goodin, 2016). Lehtede k\u00fclastajatele \u00fcritati salaja paigaldada kr\u00fcptopahavara ja m\u00f5ned muud pahavarad.<\/p>\n<p>Seega on soovitav oma nutiseadmetesse paigaldada reklaamiblokeerija, mis kahandab t\u00f5en\u00e4osust saada nakatatud. Mitmed tuntud teadlikumale teholoogiakasutajale suunatud veebilehed jagavad soovitusi paigaldada reklaamiblokeerijatega veebilehitsejaid kolmandate osapoolte poodidest. Tavakasutaja puhul j\u00e4\u00e4ksime Google Play poes pakutava juurde. \u00dcks v\u00f5imalik valik soovitustest:\u00a0\u00a0<a style=\"background-color: #ffffff;color: #2a6496\" href=\"https:\/\/play.google.com\/store\/apps\/details?id=com.opera.browser\" target=\"_blank\" rel=\"noopener\">Opera Browser<\/a>,\u00a0<a style=\"background-color: #ffffff\" href=\"https:\/\/play.google.com\/store\/apps\/details?id=org.mozilla.focus\" target=\"_blank\" rel=\"noopener\">Firefox Focus<\/a>,\u00a0<a style=\"background-color: #ffffff\" href=\"https:\/\/play.google.com\/store\/apps\/details?id=org.adblockplus.browser\" target=\"_blank\" rel=\"noopener\">Adblock browser for Android<\/a>,\u00a0<a style=\"background-color: #ffffff\" href=\"https:\/\/play.google.com\/store\/apps\/details?id=com.ksmobile.cb\" target=\"_blank\" rel=\"noopener\">CM Browser<\/a>,\u00a0<a style=\"background-color: #ffffff\" href=\"https:\/\/play.google.com\/store\/apps\/details?id=com.brave.browser\" target=\"_blank\" rel=\"noopener\">Brave browser<\/a>. Eestikeelsete reklaamide blokeerimisega k\u00f5ik pakutud lahendused paraku hakkama ei saa.<\/p>\n<ul>\n<li>Laiema valiku reklaamiblokeerijatest leiad Play poest m\u00e4rks\u00f5na <a style=\"background-color: #ffffff\" href=\"https:\/\/play.google.com\/store\/search?q=adblock&amp;c=apps&amp;hl=et\" target=\"_blank\" rel=\"noopener\">adblock<\/a>.<\/li>\n<li>Vali sobiv reklaamiblokeerijaga veebiehitseja ja paigalda see.<\/li>\n<\/ul>\n<p><img loading=\"lazy\" decoding=\"async\" width=\"960\" height=\"540\" class=\"alignnone wp-image-48\" src=\"https:\/\/sisu.ut.ee\/wp-content\/uploads\/sites\/247\/er_pilt_ti-19a_adblock.png\" title=\"Valik reklaamiblokeerijaid rakenduste poes\" alt=\"Valik reklaamiblokeerijaid rakenduste poes\" srcset=\"https:\/\/sisu.ut.ee\/wp-content\/uploads\/sites\/247\/er_pilt_ti-19a_adblock.png 960w, https:\/\/sisu.ut.ee\/wp-content\/uploads\/sites\/247\/er_pilt_ti-19a_adblock-300x169.png 300w, https:\/\/sisu.ut.ee\/wp-content\/uploads\/sites\/247\/er_pilt_ti-19a_adblock-768x432.png 768w\" sizes=\"auto, (max-width: 960px) 100vw, 960px\"><\/p>\n<ul>\n<li>\n<p>Samuti on soovitav v\u00e4lja l\u00fclitada h\u00fcpikakende blokeerijad.\u00a0<\/p>\n<\/li>\n<ul>\n<li>Chrome veebilehitsejas: <strong>Settings &gt; Site Settings &gt; Pop-ups &gt; Blocked<\/strong>.<\/li>\n<\/ul>\n<li>Samuti tuleks soovitada, et v\u00f5iks blokeerida JavaScripti veebilehitsejates, aga paraku ei t\u00f6\u00f6ta siis paljud veebilehed korrektselt.<\/li>\n<ul>\n<li>Chrome veebilehitsejas: <strong>Settings &gt; Site Settings &gt; JavaScript &gt; Blocked<\/strong>.<\/li>\n<\/ul>\n<\/ul>\n<p><img loading=\"lazy\" decoding=\"async\" width=\"2160\" height=\"960\" class=\"alignnone wp-image-49\" src=\"https:\/\/sisu.ut.ee\/wp-content\/uploads\/sites\/247\/er_pilt_ti-21c_chrome.png\" title=\"Chrome veebilehitseja turvas\u00e4tted\" alt=\"Chrome veebilehitseja turvas\u00e4tted\" srcset=\"https:\/\/sisu.ut.ee\/wp-content\/uploads\/sites\/247\/er_pilt_ti-21c_chrome.png 2160w, https:\/\/sisu.ut.ee\/wp-content\/uploads\/sites\/247\/er_pilt_ti-21c_chrome-300x133.png 300w, https:\/\/sisu.ut.ee\/wp-content\/uploads\/sites\/247\/er_pilt_ti-21c_chrome-1024x455.png 1024w, https:\/\/sisu.ut.ee\/wp-content\/uploads\/sites\/247\/er_pilt_ti-21c_chrome-768x341.png 768w, https:\/\/sisu.ut.ee\/wp-content\/uploads\/sites\/247\/er_pilt_ti-21c_chrome-1536x683.png 1536w, https:\/\/sisu.ut.ee\/wp-content\/uploads\/sites\/247\/er_pilt_ti-21c_chrome-2048x910.png 2048w, https:\/\/sisu.ut.ee\/wp-content\/uploads\/sites\/247\/er_pilt_ti-21c_chrome-1920x853.png 1920w\" sizes=\"auto, (max-width: 2160px) 100vw, 2160px\"><\/p>\n<ul>\n<li>Kuna nutitelefoni ekraan on v\u00e4ike, siis v\u00f5id Sa kogemata klikkida mittesoovitud lingil v\u00f5i reklaamil.<\/li>\n<ul>\n<li>Kasuta veebilehe sirvimisel mobiili jaoks kohandatud vaadet.<\/li>\n<li>\n<p>Vajadusel suurenda ekraanil olevaid linke.<\/p>\n<\/li>\n<\/ul>\n<\/ul>\n<p>N\u00e4iteid internetis levivatest pettustest ja \u00f5ngitsemistest leiab RIA blogist: <a href=\"https:\/\/blog.ria.ee\/koik-pole-kuld-mis-seinal-hiilgab\/\" target=\"_blank\" rel=\"noopener\">K\u00f5ik pole kuld, mis seinal hiilgab<\/a>\u00a0(Veldre, 2017).<\/p>\n<p><\/p><div class=\"accordion mb-3\">\n        <div class=\"accordion-item accordion-item--white\">\n        <h2 class=\"accordion-header\" id=\"accordion-69d5f7ab1eaf9-heading\">\n            <button class=\"accordion-button collapsed\" type=\"button\" data-bs-toggle=\"collapse\" data-bs-target=\"#accordion-69d5f7ab1eaf9-collapse\" aria-expanded=\"true\" aria-controls=\"accordion-69d5f7ab1eaf9-collapse\">\u00dclesanne 7. Turvaline veebi sirvimine<\/button>\n        <\/h2>\n        <div id=\"accordion-69d5f7ab1eaf9-collapse\" class=\"accordion-collapse collapse\" aria-labelledby=\"accordion-69d5f7ab1eaf9-heading\">\n            <div class=\"accordion-body\">Rakenda sobivad turvameetmed veebi sirvimise jaoks nutiseadmes.\n<p>T\u00e4ienda t\u00f6\u00f6lehelt \u00fclesannet nr 2: lisa infovarasid, nendele ligip\u00e4\u00e4sejaid, ohte, n\u00f5rkusi, kahjusid ja turvameetmeid, mis varem j\u00e4id m\u00e4rkamata.<\/p><\/div>\n        <\/div>\n        <\/div>\n    <\/div>\n","protected":false},"excerpt":{"rendered":"<p>2016. aasta m\u00e4rtsis olid suured veebilehed (BBC, The New York Times) nakatunud pahavaraga veebireklaamide kaudu (malvertising) (Goodin, 2016). Lehtede k\u00fclastajatele \u00fcritati salaja paigaldada kr\u00fcptopahavara ja m\u00f5ned muud pahavarad. Seega on soovitav oma nutiseadmetesse paigaldada reklaamiblokeerija, mis kahandab t\u00f5en\u00e4osust saada nakatatud. &#8230;<\/p>\n","protected":false},"author":6,"featured_media":0,"parent":0,"menu_order":0,"comment_status":"closed","ping_status":"closed","template":"","meta":{"_acf_changed":false,"inline_featured_image":false,"footnotes":""},"class_list":["post-22","page","type-page","status-publish","hentry"],"acf":[],"_links":{"self":[{"href":"https:\/\/sisu.ut.ee\/nutiturva\/wp-json\/wp\/v2\/pages\/22","targetHints":{"allow":["GET"]}}],"collection":[{"href":"https:\/\/sisu.ut.ee\/nutiturva\/wp-json\/wp\/v2\/pages"}],"about":[{"href":"https:\/\/sisu.ut.ee\/nutiturva\/wp-json\/wp\/v2\/types\/page"}],"author":[{"embeddable":true,"href":"https:\/\/sisu.ut.ee\/nutiturva\/wp-json\/wp\/v2\/users\/6"}],"replies":[{"embeddable":true,"href":"https:\/\/sisu.ut.ee\/nutiturva\/wp-json\/wp\/v2\/comments?post=22"}],"version-history":[{"count":1,"href":"https:\/\/sisu.ut.ee\/nutiturva\/wp-json\/wp\/v2\/pages\/22\/revisions"}],"predecessor-version":[{"id":139,"href":"https:\/\/sisu.ut.ee\/nutiturva\/wp-json\/wp\/v2\/pages\/22\/revisions\/139"}],"wp:attachment":[{"href":"https:\/\/sisu.ut.ee\/nutiturva\/wp-json\/wp\/v2\/media?parent=22"}],"curies":[{"name":"wp","href":"https:\/\/api.w.org\/{rel}","templated":true}]}}