{"id":20,"date":"2024-04-04T03:42:26","date_gmt":"2024-04-04T00:42:26","guid":{"rendered":"https:\/\/sisu.ut.ee\/nutiturva\/teine-turvakiht-tea-oma-appe\/"},"modified":"2024-04-04T03:42:45","modified_gmt":"2024-04-04T00:42:45","slug":"teine-turvakiht-tea-oma-appe","status":"publish","type":"page","link":"https:\/\/sisu.ut.ee\/nutiturva\/teine-turvakiht-tea-oma-appe\/","title":{"rendered":"Teine turvakiht: tea oma \u00e4ppe"},"content":{"rendered":"<p>&lt;img class=\"alignnone wp-image-46\" style=\"float: right; margin: 4px;\" src=\"https:\/\/sisu.ut.ee\/wp-content\/uploads\/sites\/247\/er_pilt_apps_tablet-1442900_640.jpg\" title=\"\u00c4pid nutiseadmes <br> [val=Allikas href=https:\/\/pixabay.com\/en\/tablet-screen-apps-android-1442900\/]\u201d alt=\u201d\u00c4pid nutiseadmes\u201d&gt;<strong>\u00c4pid<\/strong> on programmid, mida Sa saad oma seadmesse paigaldada. Google\u2019il on \u00e4ppide paigladamiseks Google Play pood. M\u00f5nikord on telefoni tootjad otsustanud luua lisaks oma rakendustepoe. Apple kasutab oma seadmete jaoks App Store\u2019i poodi.<\/p>\n<p>Rakendustepoodides on sadu tuhandeid \u00e4ppe. Kuigi Google ja Apple kontrolivad \u00e4ppe, mis nende ametlikkesse poodidesse arendajate poolt \u00fcles l\u00e4hevad, v\u00f5ib juhtuda, et <strong>m\u00f5ned \u00e4pid v\u00f5ivad siiski sisaldada pahavara<\/strong>. T\u00e4nap\u00e4eval on \u00e4ppide arendajad m\u00f5elnud rohkem turundamise peale, kui oma klientide andmete kaitsmise peale. Sageli sisaldavad \u00e4pid reklaamvara v\u00f5i lausa pahavara.<\/p>\n<h2>Milliseid turvameetmeid rakendada, et v\u00e4hendada oma telefoni nakatumise riski viiruste v\u00f5i pahavaraga?<\/h2>\n<ul>\n<li>\n<p>Mitte paigaldada \u00e4ppe v\u00e4ljatspoolt ametlikke poode v\u00f5i telefoni tootja poode.<\/p>\n<\/li>\n<li>\n<p>Keela v\u00f5imalus paigaldada \u00e4ppe kolmandate osapoolte poodidest.<\/p>\n<\/li>\n<li>\n<p>\u00c4pi paigaldamisel vaata kasutajate arvustusi (eriti neid, mis on madala hindega) ja paigalduste arvu.<\/p>\n<\/li>\n<li>\n<p>Kontrolli paigaldatud ja paigaldatavate \u00e4ppide \u00f5igusi. (Taskulambi\u00e4pp ei pea saama ligip\u00e4\u00e4su Sinu s\u00f5numitele ja kontaktidele.)<\/p>\n<\/li>\n<ul>\n<li>\n<p>Paigaldatud \u00e4ppide \u00f5igusi n\u00e4eb Play poest v\u00f5i <strong>Seaded &gt; Rakendused &gt; vali rakendus &gt; Load.<\/strong><\/p>\n<\/li>\n<\/ul>\n<li>\n<p>\u00c4ra anna rakendusele \u00f5igusi, mida Sa ei soovi anda.<\/p>\n<\/li>\n<ul>\n<li>\n<p>Loobu rakenduse paigaldamisest ja otsi analoog, mis n\u00f5uab v\u00e4hem \u00f5igusi.<\/p>\n<\/li>\n<li>\n<p>Alates operatsioonis\u00fcsteemi Android 6.0 versioonist k\u00fcsitakse rakenduses \u00f5igusi alles siis, kui neid reaalselt vaja l\u00e4heb.<\/p>\n<\/li>\n<\/ul>\n<li>\n<p>Kustuta \u00e4pid, mida Sa ei vaja.<\/p>\n<\/li>\n<ul>\n<li>\n<p><strong>Seaded &gt; Rakendused &gt; vali rakendus &gt; Desinstalli<\/strong>.<\/p>\n<\/li>\n<li>\n<p>Kui \u00e4pp on paigaldatud tootja poolt, siis saab selle keelata\u00a0<strong>Seaded &gt; Rakendused &gt; vali rakendus &gt; Keela<\/strong> (kui Keela nuppu pole, siis tuleb esmalt vajutada Desinstalli v\u00e4rskendused).<\/p>\n<\/li>\n<\/ul>\n<li>\n<p>Veendu, et tarkvara uuendamine on seadmes lubatud ja uuendused paigaldatakse.<\/p>\n<\/li>\n<ul>\n<li>\n<p><strong>Play pood &gt; Seaded &gt; Rakenduse automaatne v\u00e4rksendamine.<\/strong><\/p>\n<\/li>\n<\/ul>\n<li>\n<p>Kui seadmele enam uuendusi ei pakuta vaheta seade uuema vastu v\u00e4lja.<\/p>\n<\/li>\n<li>\n<p>Vajadusel p\u00f6\u00f6rdu abi saamiseks valdkonnas p\u00e4deva isiku poole (haridustehnoloog, infojuht).<\/p>\n<\/li>\n<\/ul>\n<p><img loading=\"lazy\" decoding=\"async\" width=\"2151\" height=\"960\" class=\"alignnone wp-image-47\" src=\"https:\/\/sisu.ut.ee\/wp-content\/uploads\/sites\/247\/er_pilt_ti-18a_load.png\" title=\"Rakenduse lubade muutmine\" alt=\"Rakenduse lubade muutmine\" srcset=\"https:\/\/sisu.ut.ee\/wp-content\/uploads\/sites\/247\/er_pilt_ti-18a_load.png 2151w, https:\/\/sisu.ut.ee\/wp-content\/uploads\/sites\/247\/er_pilt_ti-18a_load-300x134.png 300w, https:\/\/sisu.ut.ee\/wp-content\/uploads\/sites\/247\/er_pilt_ti-18a_load-1024x457.png 1024w, https:\/\/sisu.ut.ee\/wp-content\/uploads\/sites\/247\/er_pilt_ti-18a_load-768x343.png 768w, https:\/\/sisu.ut.ee\/wp-content\/uploads\/sites\/247\/er_pilt_ti-18a_load-1536x686.png 1536w, https:\/\/sisu.ut.ee\/wp-content\/uploads\/sites\/247\/er_pilt_ti-18a_load-2048x914.png 2048w, https:\/\/sisu.ut.ee\/wp-content\/uploads\/sites\/247\/er_pilt_ti-18a_load-1920x857.png 1920w\" sizes=\"auto, (max-width: 2151px) 100vw, 2151px\"><\/p>\n<p><\/p><div class=\"accordion mb-3\">\n        <div class=\"accordion-item accordion-item--white\">\n        <h2 class=\"accordion-header\" id=\"accordion-69d5778426fb1-heading\">\n            <button class=\"accordion-button collapsed\" type=\"button\" data-bs-toggle=\"collapse\" data-bs-target=\"#accordion-69d5778426fb1-collapse\" aria-expanded=\"true\" aria-controls=\"accordion-69d5778426fb1-collapse\">\u00dclesanne 4. Uuenda oma \u00e4pid<\/button>\n        <\/h2>\n        <div id=\"accordion-69d5778426fb1-collapse\" class=\"accordion-collapse collapse\" aria-labelledby=\"accordion-69d5778426fb1-heading\">\n            <div class=\"accordion-body\">Veendu, et Sinu nutiseadme tarkvarauuendused on sisse l\u00fclitatud, kui ei ole, siis l\u00fclita need sisse. Uuenda uuendamist vajavad \u00e4pid.\u00a0\n<p>T\u00e4ienda t\u00f6\u00f6lehelt \u00fclesannet nr 2. Lisa infovarasid, nendele ligip\u00e4\u00e4sejaid, ohte, n\u00f5rkusi, kahjusid ja\u00a0 turvameetmeid, mis varem j\u00e4id m\u00e4rkamata.<\/p><\/div>\n        <\/div>\n        <\/div>\n    <\/div>\n<p><\/p><div class=\"accordion mb-3\">\n        <div class=\"accordion-item accordion-item--white\">\n        <h2 class=\"accordion-header\" id=\"accordion-69d5778426fb7-heading\">\n            <button class=\"accordion-button collapsed\" type=\"button\" data-bs-toggle=\"collapse\" data-bs-target=\"#accordion-69d5778426fb7-collapse\" aria-expanded=\"true\" aria-controls=\"accordion-69d5778426fb7-collapse\">\u00dclesanne 5. Eemalda mittevajalikud \u00e4pid<\/button>\n        <\/h2>\n        <div id=\"accordion-69d5778426fb7-collapse\" class=\"accordion-collapse collapse\" aria-labelledby=\"accordion-69d5778426fb7-heading\">\n            <div class=\"accordion-body\">Eemalda mittevajalikud \u00e4pid, mida sa enam ei kasuta.\n<p>T\u00e4ienda t\u00f6\u00f6lehelt \u00fclesannet nr 2: lisa infovarasid, nendele ligip\u00e4\u00e4sejaid, ohte, n\u00f5rkusi, kahjusid ja\u00a0 turvameetmeid, mis varem j\u00e4id m\u00e4rkamata.<\/p><\/div>\n        <\/div>\n        <\/div>\n    <\/div>\n<p><\/p><div class=\"accordion mb-3\">\n        <div class=\"accordion-item accordion-item--white\">\n        <h2 class=\"accordion-header\" id=\"accordion-69d5778426fba-heading\">\n            <button class=\"accordion-button collapsed\" type=\"button\" data-bs-toggle=\"collapse\" data-bs-target=\"#accordion-69d5778426fba-collapse\" aria-expanded=\"true\" aria-controls=\"accordion-69d5778426fba-collapse\">\u00dclesanne 6. Vaata \u00fcle oma \u00e4ppide load<\/button>\n        <\/h2>\n        <div id=\"accordion-69d5778426fba-collapse\" class=\"accordion-collapse collapse\" aria-labelledby=\"accordion-69d5778426fba-heading\">\n            <div class=\"accordion-body\">Vaata \u00fcle oma \u00e4ppide load ja eemalda, mis tunduvad \u00fcleliigsed.\u00a0\n<p>T\u00e4ienda t\u00f6\u00f6lehelt \u00fclesannet nr 2: lisa infovarasid, nendele ligip\u00e4\u00e4sejaid, ohte, n\u00f5rkusi, kahjusid ja\u00a0 turvameetmeid, mis varem j\u00e4id m\u00e4rkamata.<\/p>\n<p><\/p><\/div>\n        <\/div>\n        <\/div>\n    <\/div>\n","protected":false},"excerpt":{"rendered":"<p>&lt;img class=&#8221;alignnone wp-image-46&#8243; style=&#8221;float: right; margin: 4px;&#8221; src=&#8221;https:\/\/sisu.ut.ee\/wp-content\/uploads\/sites\/247\/er_pilt_apps_tablet-1442900_640.jpg&#8221; title=&#8221;\u00c4pid nutiseadmes [val=Allikas href=https:\/\/pixabay.com\/en\/tablet-screen-apps-android-1442900\/]\u201d alt=\u201d\u00c4pid nutiseadmes\u201d&gt;\u00c4pid on programmid, mida Sa saad oma seadmesse paigaldada. Google\u2019il on \u00e4ppide paigladamiseks Google Play pood. M\u00f5nikord on telefoni tootjad otsustanud luua lisaks oma rakendustepoe. Apple kasutab &#8230;<\/p>\n","protected":false},"author":6,"featured_media":0,"parent":0,"menu_order":0,"comment_status":"closed","ping_status":"closed","template":"","meta":{"_acf_changed":false,"inline_featured_image":false,"footnotes":""},"class_list":["post-20","page","type-page","status-publish","hentry"],"acf":[],"_links":{"self":[{"href":"https:\/\/sisu.ut.ee\/nutiturva\/wp-json\/wp\/v2\/pages\/20","targetHints":{"allow":["GET"]}}],"collection":[{"href":"https:\/\/sisu.ut.ee\/nutiturva\/wp-json\/wp\/v2\/pages"}],"about":[{"href":"https:\/\/sisu.ut.ee\/nutiturva\/wp-json\/wp\/v2\/types\/page"}],"author":[{"embeddable":true,"href":"https:\/\/sisu.ut.ee\/nutiturva\/wp-json\/wp\/v2\/users\/6"}],"replies":[{"embeddable":true,"href":"https:\/\/sisu.ut.ee\/nutiturva\/wp-json\/wp\/v2\/comments?post=20"}],"version-history":[{"count":1,"href":"https:\/\/sisu.ut.ee\/nutiturva\/wp-json\/wp\/v2\/pages\/20\/revisions"}],"predecessor-version":[{"id":137,"href":"https:\/\/sisu.ut.ee\/nutiturva\/wp-json\/wp\/v2\/pages\/20\/revisions\/137"}],"wp:attachment":[{"href":"https:\/\/sisu.ut.ee\/nutiturva\/wp-json\/wp\/v2\/media?parent=20"}],"curies":[{"name":"wp","href":"https:\/\/api.w.org\/{rel}","templated":true}]}}