{"id":172,"date":"2024-04-11T19:38:56","date_gmt":"2024-04-11T16:38:56","guid":{"rendered":"https:\/\/sisu.ut.ee\/nutiturva\/loputest\/"},"modified":"2024-04-11T19:38:56","modified_gmt":"2024-04-11T16:38:56","slug":"loputest","status":"publish","type":"page","link":"https:\/\/sisu.ut.ee\/nutiturva\/loputest\/","title":{"rendered":"L\u00f5putest"},"content":{"rendered":"<div id=\"watupro_quiz\" class=\"quiz-area single-page-quiz\">\n<p id=\"submittingExam3\" style=\"display:none;text-align:center;\"><img loading=\"lazy\" decoding=\"async\" src=\"https:\/\/sisu.ut.ee\/wp-content\/plugins\/watupro\/img\/loading.gif\" width=\"16\" height=\"16\"><\/p>\n\n<div class=\"watupro-exam-description\" id=\"description-quiz-3\"><p>Siin on Sul v\u00f5imalik oma teadmisi kinnistada enesekontrollitestiga.\u00a0Testi v\u00f5id sooritada nii palju kordi, kui soovid. Edu!<\/p>\n<\/div>\n\n<form action=\"\" method=\"post\" class=\"quiz-form\" id=\"quiz-3\" enctype=\"multipart\/form-data\">\n<div class=\"watu-question \" id=\"question-1\" style=\";\"><div id=\"questionWrap-1\" class=\"  watupro-required-13 watupro-question-id-13\">\n\t\t\t<div class=\"question-content\"><div><p><strong>Milliseid kahjusid aitab varukoopiate tegemine v\u00e4hendada?<\/strong><\/p><\/div><input type=\"hidden\" name=\"question_id[]\" id=\"qID_1\" value=\"13\" class=\"watupro-question-id\"><input type=\"hidden\" id=\"answerType13\" class=\"answerTypeCnt1\" value=\"checkbox\"><input type=\"hidden\" id=\"watupro-required-question-13\"><!-- end question-content--><\/div><div class=\"question-choices watupro-choices-columns \" id=\"questionChoices13\"><div class=\"watupro-question-choice  \" dir=\"auto\"><input type=\"checkbox\" name=\"answer-13[]\" id=\"answer-id-49\" class=\"answer   answerof-13 \" value=\"49\"><label for=\"answer-id-49\" id=\"answer-label-49\" class=\" answer\"><span><p>Andmete rikkumisest tulenevad kahjud.<\/p><\/span><\/label><\/div><div class=\"watupro-question-choice  \" dir=\"auto\"><input type=\"checkbox\" name=\"answer-13[]\" id=\"answer-id-50\" class=\"answer   answerof-13 \" value=\"50\"><label for=\"answer-id-50\" id=\"answer-label-50\" class=\" answer\"><span><p>Andmete kustutamisest tulenevad kahjud.<\/p><\/span><\/label><\/div><div class=\"watupro-question-choice  \" dir=\"auto\"><input type=\"checkbox\" name=\"answer-13[]\" id=\"answer-id-51\" class=\"answer   answerof-13 \" value=\"51\"><label for=\"answer-id-51\" id=\"answer-label-51\" class=\" answer\"><span><p>Andmete avalikustamisest tulenevad kahjud.<\/p><\/span><\/label><\/div><!-- end question-choices--><\/div><!-- end questionWrap--><\/div><\/div><div class=\"watu-question \" id=\"question-2\" style=\";\"><div id=\"questionWrap-2\" class=\"  watupro-required-16 watupro-question-id-16\">\n\t\t\t<div class=\"question-content\"><div><p>Mati sisenes ebaturvalisse wifi v\u00f5rku ja sellest v\u00f5rgust k\u00fclastas ta oma t\u00f6\u00f6koha meilipostkasti aadressil http:\/\/nutimati.ee\/webmail.<\/p><p><strong>Millised v\u00f5ivad olla v\u00f5imalikud kahjud sellest tegevusest?<\/strong><\/p><\/div><input type=\"hidden\" name=\"question_id[]\" id=\"qID_2\" value=\"16\" class=\"watupro-question-id\"><input type=\"hidden\" id=\"answerType16\" class=\"answerTypeCnt2\" value=\"checkbox\"><input type=\"hidden\" id=\"watupro-required-question-16\"><!-- end question-content--><\/div><div class=\"question-choices watupro-choices-columns \" id=\"questionChoices16\"><div class=\"watupro-question-choice  \" dir=\"auto\"><input type=\"checkbox\" name=\"answer-16[]\" id=\"answer-id-60\" class=\"answer   answerof-16 \" value=\"60\"><label for=\"answer-id-60\" id=\"answer-label-60\" class=\" answer\"><span><p>Mati ei saa enam oma t\u00f6\u00f6 meilipostkastile ligi.<\/p><\/span><\/label><\/div><div class=\"watupro-question-choice  \" dir=\"auto\"><input type=\"checkbox\" name=\"answer-16[]\" id=\"answer-id-61\" class=\"answer   answerof-16 \" value=\"61\"><label for=\"answer-id-61\" id=\"answer-label-61\" class=\" answer\"><span><p>Mati v\u00f5ib saada v\u00e4ljapressimisteate pahalaselt.<\/p><\/span><\/label><\/div><div class=\"watupro-question-choice  \" dir=\"auto\"><input type=\"checkbox\" name=\"answer-16[]\" id=\"answer-id-62\" class=\"answer   answerof-16 \" value=\"62\"><label for=\"answer-id-62\" id=\"answer-label-62\" class=\" answer\"><span><p>Mati postkastis olev ettev\u00f5tte info v\u00f5idakse avalikustada konkurentidele.<\/p><\/span><\/label><\/div><div class=\"watupro-question-choice  \" dir=\"auto\"><input type=\"checkbox\" name=\"answer-16[]\" id=\"answer-id-63\" class=\"answer   answerof-16 \" value=\"63\"><label for=\"answer-id-63\" id=\"answer-label-63\" class=\" answer\"><span><p>Mati ettev\u00f5ttes juhtunud turvaintsidendist kirjutavad j\u00e4rgmise p\u00e4eva ajalehed.<\/p><\/span><\/label><\/div><!-- end question-choices--><\/div><!-- end questionWrap--><\/div><\/div><div class=\"watu-question \" id=\"question-3\" style=\";\"><div id=\"questionWrap-3\" class=\"  watupro-required-15 watupro-question-id-15\">\n\t\t\t<div class=\"question-content\"><div><p>Millisid turvariske aitab viiruset\u00f5rje nutiseadmes v\u00e4hendada?<\/p><\/div><input type=\"hidden\" name=\"question_id[]\" id=\"qID_3\" value=\"15\" class=\"watupro-question-id\"><input type=\"hidden\" id=\"answerType15\" class=\"answerTypeCnt3\" value=\"checkbox\"><input type=\"hidden\" id=\"watupro-required-question-15\"><!-- end question-content--><\/div><div class=\"question-choices watupro-choices-columns \" id=\"questionChoices15\"><div class=\"watupro-question-choice  \" dir=\"auto\"><input type=\"checkbox\" name=\"answer-15[]\" id=\"answer-id-56\" class=\"answer   answerof-15 \" value=\"56\"><label for=\"answer-id-56\" id=\"answer-label-56\" class=\" answer\"><span><p>Aitab otsida ja eemaldada pahavara.<\/p><\/span><\/label><\/div><div class=\"watupro-question-choice  \" dir=\"auto\"><input type=\"checkbox\" name=\"answer-15[]\" id=\"answer-id-57\" class=\"answer   answerof-15 \" value=\"57\"><label for=\"answer-id-57\" id=\"answer-label-57\" class=\" answer\"><span><p>Otsib k\u00fclastatavatelt veebilehtedelt kahjulikku sisu.<\/p><\/span><\/label><\/div><div class=\"watupro-question-choice  \" dir=\"auto\"><input type=\"checkbox\" name=\"answer-15[]\" id=\"answer-id-58\" class=\"answer   answerof-15 \" value=\"58\"><label for=\"answer-id-58\" id=\"answer-label-58\" class=\" answer\"><span><p>V\u00f5imaldab \u00e4ppide kasutamise lukustamist.<\/p><\/span><\/label><\/div><div class=\"watupro-question-choice  \" dir=\"auto\"><input type=\"checkbox\" name=\"answer-15[]\" id=\"answer-id-59\" class=\"answer   answerof-15 \" value=\"59\"><label for=\"answer-id-59\" id=\"answer-label-59\" class=\" answer\"><span><p>Aitab anal\u00fc\u00fcsida \u00e4ppide \u00f5igusi.<\/p><\/span><\/label><\/div><!-- end question-choices--><\/div><!-- end questionWrap--><\/div><\/div><div class=\"watu-question \" id=\"question-4\" style=\";\"><div id=\"questionWrap-4\" class=\"  watupro-required-14 watupro-question-id-14\">\n\t\t\t<div class=\"question-content\"><div><p><strong>Milliseid kahjusid aitab nutiseadmete kr\u00fcpteerimine v\u00e4hendada?<\/strong><\/p><\/div><input type=\"hidden\" name=\"question_id[]\" id=\"qID_4\" value=\"14\" class=\"watupro-question-id\"><input type=\"hidden\" id=\"answerType14\" class=\"answerTypeCnt4\" value=\"checkbox\"><input type=\"hidden\" id=\"watupro-required-question-14\"><!-- end question-content--><\/div><div class=\"question-choices watupro-choices-columns \" id=\"questionChoices14\"><div class=\"watupro-question-choice  \" dir=\"auto\"><input type=\"checkbox\" name=\"answer-14[]\" id=\"answer-id-52\" class=\"answer   answerof-14 \" value=\"52\"><label for=\"answer-id-52\" id=\"answer-label-52\" class=\" answer\"><span><p>V\u00e4ljapressimisega seotud kahjusid.<\/p><\/span><\/label><\/div><div class=\"watupro-question-choice  \" dir=\"auto\"><input type=\"checkbox\" name=\"answer-14[]\" id=\"answer-id-53\" class=\"answer   answerof-14 \" value=\"53\"><label for=\"answer-id-53\" id=\"answer-label-53\" class=\" answer\"><span><p>Privaatse v\u00f5i tundliku info avaldamisega seotud kahjusid.<\/p><\/span><\/label><\/div><div class=\"watupro-question-choice  \" dir=\"auto\"><input type=\"checkbox\" name=\"answer-14[]\" id=\"answer-id-54\" class=\"answer   answerof-14 \" value=\"54\"><label for=\"answer-id-54\" id=\"answer-label-54\" class=\" answer\"><span><p>Mainekahjusid.<\/p><\/span><\/label><\/div><div class=\"watupro-question-choice  \" dir=\"auto\"><input type=\"checkbox\" name=\"answer-14[]\" id=\"answer-id-55\" class=\"answer   answerof-14 \" value=\"55\"><label for=\"answer-id-55\" id=\"answer-label-55\" class=\" answer\"><span><p>Nutiseadme katkimineku kahjusid.<\/p><\/span><\/label><\/div><!-- end question-choices--><\/div><!-- end questionWrap--><\/div><\/div><div class=\"watu-question \" id=\"question-5\" style=\";\"><div id=\"questionWrap-5\" class=\"  watupro-required-12 watupro-question-id-12\">\n\t\t\t<div class=\"question-content\"><div><p><strong>Mida teha, kui nutiseade \u00e4ra kaob?<\/strong><\/p><\/div><input type=\"hidden\" name=\"question_id[]\" id=\"qID_5\" value=\"12\" class=\"watupro-question-id\"><input type=\"hidden\" id=\"answerType12\" class=\"answerTypeCnt5\" value=\"checkbox\"><input type=\"hidden\" id=\"watupro-required-question-12\"><!-- end question-content--><\/div><div class=\"question-choices watupro-choices-columns \" id=\"questionChoices12\"><div class=\"watupro-question-choice  \" dir=\"auto\"><input type=\"checkbox\" name=\"answer-12[]\" id=\"answer-id-46\" class=\"answer   answerof-12 \" value=\"46\"><label for=\"answer-id-46\" id=\"answer-label-46\" class=\" answer\"><span><p>Proovida kaughalduse kaudu nutiseadme asukohta leida.<\/p><\/span><\/label><\/div><div class=\"watupro-question-choice  \" dir=\"auto\"><input type=\"checkbox\" name=\"answer-12[]\" id=\"answer-id-47\" class=\"answer   answerof-12 \" value=\"47\"><label for=\"answer-id-47\" id=\"answer-label-47\" class=\" answer\"><span><p>Kustutada nutiseadme sisu kaughalduse kaudu.<\/p><\/span><\/label><\/div><div class=\"watupro-question-choice  \" dir=\"auto\"><input type=\"checkbox\" name=\"answer-12[]\" id=\"answer-id-48\" class=\"answer   answerof-12 \" value=\"48\"><label for=\"answer-id-48\" id=\"answer-label-48\" class=\" answer\"><span><p>Sulgeda nutiseadme SIM-kaart.<\/p><\/span><\/label><\/div><!-- end question-choices--><\/div><!-- end questionWrap--><\/div><\/div><div class=\"watu-question \" id=\"question-6\" style=\";\"><div id=\"questionWrap-6\" class=\"  watupro-required-17 watupro-question-id-17\">\n\t\t\t<div class=\"question-content\"><div><p>Mati l\u00e4ks reisile ja peatus hotellis. Talle helistati t\u00f6\u00f6kohast ja paluti kiiresti \u00fcle vaadata pakkumine, mis oli talle meilile saadetud. Kuna Matil polnud kaasas s\u00fclearvutit, siis otsustas ta meili lugeda nutiseadmes. Ta p\u00f6\u00f6rdus retseptsiooni ja k\u00fcsis, kas hotellis on v\u00f5imalik kasutada wifit. Talle anti hotelli wifi v\u00f5rgu nimi ja parool. Mati l\u00e4ks hotelli ooteruumi ja hakkas sisestama wifi v\u00f5rgu andmeid. Millegip\u00e4rast ei saanud te internetti. Mati n\u00e4gi, et v\u00e4ljapakutud v\u00f5rkude seas on hotelli nimega v\u00f5rk, mis ei k\u00fcsi parooli. Mati otsustas \u00fchenduda sellesse v\u00f5rku. Tema heameel oli suur kui ta sai sisse logida oma t\u00f6\u00f6koha veebipostkasti aadressil http:\/\/nutimati.ee\/webmail ja pakkumise \u00fcle vaadata.\u00a0<\/p><p><strong>Millised turvameetmed j\u00e4id Matil kasutamata?<\/strong><\/p><p><\/p><\/div><input type=\"hidden\" name=\"question_id[]\" id=\"qID_6\" value=\"17\" class=\"watupro-question-id\"><input type=\"hidden\" id=\"answerType17\" class=\"answerTypeCnt6\" value=\"checkbox\"><input type=\"hidden\" id=\"watupro-required-question-17\"><!-- end question-content--><\/div><div class=\"question-choices watupro-choices-columns \" id=\"questionChoices17\"><div class=\"watupro-question-choice  \" dir=\"auto\"><input type=\"checkbox\" name=\"answer-17[]\" id=\"answer-id-64\" class=\"answer   answerof-17 \" value=\"64\"><label for=\"answer-id-64\" id=\"answer-label-64\" class=\" answer\"><span><p>Mati sisenes ebaturvalisse wifi v\u00f5rku.<\/p><\/span><\/label><\/div><div class=\"watupro-question-choice  \" dir=\"auto\"><input type=\"checkbox\" name=\"answer-17[]\" id=\"answer-id-65\" class=\"answer   answerof-17 \" value=\"65\"><label for=\"answer-id-65\" id=\"answer-label-65\" class=\" answer\"><span><p>Mati ei teavitanud hotelli sellest, et nende wifi ei t\u00f6\u00f6ta.<\/p><\/span><\/label><\/div><div class=\"watupro-question-choice  \" dir=\"auto\"><input type=\"checkbox\" name=\"answer-17[]\" id=\"answer-id-66\" class=\"answer   answerof-17 \" value=\"66\"><label for=\"answer-id-66\" id=\"answer-label-66\" class=\" answer\"><span><p>Mati kasutas kr\u00fcpteerimata \u00fchendust oma t\u00f6\u00f6 meilipostkasti sisenemiseks.\u00a0<\/p><\/span><\/label><\/div><div class=\"watupro-question-choice  \" dir=\"auto\"><input type=\"checkbox\" name=\"answer-17[]\" id=\"answer-id-67\" class=\"answer   answerof-17 \" value=\"67\"><label for=\"answer-id-67\" id=\"answer-label-67\" class=\" answer\"><span><p>Mati ei kasutanud kaheastmelist autentimist meilipostkasti sisenemiseks.<\/p><\/span><\/label><\/div><!-- end question-choices--><\/div><!-- end questionWrap--><\/div><\/div><div style=\"display:none\" id=\"question-7\">\n\t<div class=\"question-content\">\n\t\t<img loading=\"lazy\" decoding=\"async\" src=\"https:\/\/sisu.ut.ee\/wp-content\/plugins\/watupro\/img\/loading.gif\" width=\"16\" height=\"16\" alt=\"Loading...\" title=\"Loading...\">\u00a0Loading...\t<\/div>\n<\/div>\n\n<br>\n\t\n\t\t\t<div class=\"watupro_buttons flex \" id=\"watuPROButtons3\">\n\t\t  <div id=\"prev-question\" style=\"display:none;\"><input type=\"button\" value=\"&lt; Previous\" onclick=\"WatuPRO.nextQuestion(event, 'previous');\"><\/div>\t\t  \t\t  \t\t   \n\t\t   \t  \t\t<div><input type=\"button\" name=\"action\" class=\"watupro-submit-button\" onclick=\"WatuPRO.submitResult(event)\" id=\"action-button\" value=\"Vaata tulemusi\">\n\t\t<\/div>\n\t\t<\/div>\n\t\t\n\t<input type=\"hidden\" name=\"quiz_id\" value=\"3\" id=\"watuPROExamID\">\n\t<input type=\"hidden\" name=\"start_time\" id=\"startTime\" value=\"2026-04-05 21:15:58\">\n\t<input type=\"hidden\" name=\"start_timestamp\" id=\"startTimeStamp\" value=\"1775423758\">\n\t<input type=\"hidden\" name=\"question_ids\" value=\"\">\n\t<input type=\"hidden\" name=\"watupro_questions\" value=\"13:49,50,51 | 16:60,61,62,63 | 15:56,57,58,59 | 14:52,53,54,55 | 12:46,47,48 | 17:64,65,66,67\">\n\t<input type=\"hidden\" name=\"no_ajax\" value=\"0\">\t\t\t<\/form>\n\t<p>\u00a0<\/p>\n<\/div>\n\n<script type=\"text\/javascript\">\n\/\/jQuery(document).ready(function(){\ndocument.addEventListener(\"DOMContentLoaded\", function(event) { \t\nvar question_ids = \"13,16,15,14,12,17\";\nWatuPROSettings[3] = {};\nWatuPRO.qArr = question_ids.split(',');\nWatuPRO.exam_id = 3;\t    \nWatuPRO.post_id = 172;\nWatuPRO.store_progress = 0;\nWatuPRO.curCatPage = 1;\nWatuPRO.requiredIDs=\"0,13,16,15,14,12,17\".split(\",\");\nWatuPRO.hAppID = \"0.45793600 1775412958\";\nvar url = \"https:\/\/sisu.ut.ee\/wp-content\/plugins\/watupro\/show_exam.php\";\nWatuPRO.examMode = 1;\nWatuPRO.siteURL=\"https:\/\/sisu.ut.ee\/nutiturva\/wp-admin\/admin-ajax.php\";\nWatuPRO.emailIsNotRequired = 0;\nWatuPRO.perDecade = 10;\nWatuPROIntel.init(3);\nWatuPRO.inCategoryPages=1;});    \t \n<\/script>\n\n","protected":false},"excerpt":{"rendered":"","protected":false},"author":6,"featured_media":0,"parent":0,"menu_order":0,"comment_status":"closed","ping_status":"closed","template":"","meta":{"_acf_changed":false,"inline_featured_image":false,"footnotes":""},"class_list":["post-172","page","type-page","status-publish","hentry"],"acf":[],"_links":{"self":[{"href":"https:\/\/sisu.ut.ee\/nutiturva\/wp-json\/wp\/v2\/pages\/172","targetHints":{"allow":["GET"]}}],"collection":[{"href":"https:\/\/sisu.ut.ee\/nutiturva\/wp-json\/wp\/v2\/pages"}],"about":[{"href":"https:\/\/sisu.ut.ee\/nutiturva\/wp-json\/wp\/v2\/types\/page"}],"author":[{"embeddable":true,"href":"https:\/\/sisu.ut.ee\/nutiturva\/wp-json\/wp\/v2\/users\/6"}],"replies":[{"embeddable":true,"href":"https:\/\/sisu.ut.ee\/nutiturva\/wp-json\/wp\/v2\/comments?post=172"}],"version-history":[{"count":0,"href":"https:\/\/sisu.ut.ee\/nutiturva\/wp-json\/wp\/v2\/pages\/172\/revisions"}],"wp:attachment":[{"href":"https:\/\/sisu.ut.ee\/nutiturva\/wp-json\/wp\/v2\/media?parent=172"}],"curies":[{"name":"wp","href":"https:\/\/api.w.org\/{rel}","templated":true}]}}