{"id":170,"date":"2024-04-11T19:37:15","date_gmt":"2024-04-11T16:37:15","guid":{"rendered":"https:\/\/sisu.ut.ee\/nutiturva\/test-teadmiste-kinnistamiseks\/"},"modified":"2024-04-11T19:37:15","modified_gmt":"2024-04-11T16:37:15","slug":"test-teadmiste-kinnistamiseks","status":"publish","type":"page","link":"https:\/\/sisu.ut.ee\/nutiturva\/test-teadmiste-kinnistamiseks\/","title":{"rendered":"Test teadmiste kinnistamiseks"},"content":{"rendered":"<div id=\"watupro_quiz\" class=\"quiz-area single-page-quiz\">\n<p id=\"submittingExam1\" style=\"display:none;text-align:center;\"><img loading=\"lazy\" decoding=\"async\" src=\"https:\/\/sisu.ut.ee\/wp-content\/plugins\/watupro\/img\/loading.gif\" width=\"16\" height=\"16\"><\/p>\n\n<div class=\"watupro-exam-description\" id=\"description-quiz-1\"><p>Siin on Sul v\u00f5imalik oma teadmisi kinnistada enesekontrollitestiga.\u00a0Testi v\u00f5id sooritada nii palju kordi, kui soovid. Edu!<\/p>\n<\/div>\n\n<form action=\"\" method=\"post\" class=\"quiz-form\" id=\"quiz-1\" enctype=\"multipart\/form-data\">\n<div class=\"watu-question \" id=\"question-1\" style=\";\"><div id=\"questionWrap-1\" class=\"  watupro-required-4 watupro-question-id-4\">\n\t\t\t<div class=\"question-content\"><div><p><strong><span id=\"docs-internal-guid-3edf4588-a972-0d72-dd05-c1b82c3dd260\">Millised on enamlevinud infoturbega seotud n\u00f5rkused?<\/span><\/strong><\/p><\/div><input type=\"hidden\" name=\"question_id[]\" id=\"qID_1\" value=\"4\" class=\"watupro-question-id\"><input type=\"hidden\" id=\"answerType4\" class=\"answerTypeCnt1\" value=\"checkbox\"><input type=\"hidden\" id=\"watupro-required-question-4\"><!-- end question-content--><\/div><div class=\"question-choices watupro-choices-columns \" id=\"questionChoices4\"><div class=\"watupro-question-choice  \" dir=\"auto\"><input type=\"checkbox\" name=\"answer-4[]\" id=\"answer-id-11\" class=\"answer   answerof-4 \" value=\"11\"><label for=\"answer-id-11\" id=\"answer-label-11\" class=\" answer\"><span><p><span id=\"docs-internal-guid-3edf4588-a972-5dc5-d395-243d0e2398ff\"><span>P\u00f5hjalik planeerimine ja infovarade kaardistamine.<\/span><\/span><\/p><\/span><\/label><\/div><div class=\"watupro-question-choice  \" dir=\"auto\"><input type=\"checkbox\" name=\"answer-4[]\" id=\"answer-id-12\" class=\"answer   answerof-4 \" value=\"12\"><label for=\"answer-id-12\" id=\"answer-label-12\" class=\" answer\"><span><p><span id=\"docs-internal-guid-3edf4588-a972-f541-6e65-0bef0204f983\"><span>Seadme j\u00e4relvalveta j\u00e4tmine.<\/span><\/span><\/p><\/span><\/label><\/div><div class=\"watupro-question-choice  \" dir=\"auto\"><input type=\"checkbox\" name=\"answer-4[]\" id=\"answer-id-13\" class=\"answer   answerof-4 \" value=\"13\"><label for=\"answer-id-13\" id=\"answer-label-13\" class=\" answer\"><span><p><span id=\"docs-internal-guid-3edf4588-a973-59a1-80d5-000f6bb943f0\"><span>Varukoopiate taastamise toimivuse testimine.<\/span><\/span><\/p><\/span><\/label><\/div><div class=\"watupro-question-choice  \" dir=\"auto\"><input type=\"checkbox\" name=\"answer-4[]\" id=\"answer-id-14\" class=\"answer   answerof-4 \" value=\"14\"><label for=\"answer-id-14\" id=\"answer-label-14\" class=\" answer\"><span><p><span id=\"docs-internal-guid-3edf4588-a973-9977-24e4-e18ededa8300\"><span>Ekraaniluku eemaldamine nutiseadmelt, et saaks andmetele kiiresti ligi.<\/span><\/span><\/p><\/span><\/label><\/div><!-- end question-choices--><\/div><!-- end questionWrap--><\/div><\/div><div class=\"watu-question \" id=\"question-2\" style=\";\"><div id=\"questionWrap-2\" class=\"  watupro-required-5 watupro-question-id-5\">\n\t\t\t<div class=\"question-content\"><div><p><strong><span id=\"docs-internal-guid-3edf4588-a974-083f-b338-bbb2c43662fa\">Millised j\u00e4rgnevatest on turvameetmed?<\/span><\/strong><\/p><\/div><input type=\"hidden\" name=\"question_id[]\" id=\"qID_2\" value=\"5\" class=\"watupro-question-id\"><input type=\"hidden\" id=\"answerType5\" class=\"answerTypeCnt2\" value=\"checkbox\"><input type=\"hidden\" id=\"watupro-required-question-5\"><!-- end question-content--><\/div><div class=\"question-choices watupro-choices-columns \" id=\"questionChoices5\"><div class=\"watupro-question-choice  \" dir=\"auto\"><input type=\"checkbox\" name=\"answer-5[]\" id=\"answer-id-15\" class=\"answer   answerof-5 \" value=\"15\"><label for=\"answer-id-15\" id=\"answer-label-15\" class=\" answer\"><span><p><span id=\"docs-internal-guid-3edf4588-a974-e899-3ed7-72124fd01d4d\"><span>Enesekindel nutiseadme kasutamine.<\/span><\/span><\/p><\/span><\/label><\/div><div class=\"watupro-question-choice  \" dir=\"auto\"><input type=\"checkbox\" name=\"answer-5[]\" id=\"answer-id-16\" class=\"answer   answerof-5 \" value=\"16\"><label for=\"answer-id-16\" id=\"answer-label-16\" class=\" answer\"><span><p><span id=\"docs-internal-guid-3edf4588-a975-09b7-79f1-39fc099a9158\"><span>Viiruset\u00f5rje paigaldamine nutiseadmesse.<\/span><\/span><\/p><\/span><\/label><\/div><div class=\"watupro-question-choice  \" dir=\"auto\"><input type=\"checkbox\" name=\"answer-5[]\" id=\"answer-id-17\" class=\"answer   answerof-5 \" value=\"17\"><label for=\"answer-id-17\" id=\"answer-label-17\" class=\" answer\"><span><p><span id=\"docs-internal-guid-3edf4588-a975-2809-2762-19cddd34c5af\"><span>Ohtudest, riskidest ja n\u00f5rkustest teadlik olemine.<\/span><\/span><\/p><\/span><\/label><\/div><div class=\"watupro-question-choice  \" dir=\"auto\"><input type=\"checkbox\" name=\"answer-5[]\" id=\"answer-id-18\" class=\"answer   answerof-5 \" value=\"18\"><label for=\"answer-id-18\" id=\"answer-label-18\" class=\" answer\"><span><p><span id=\"docs-internal-guid-3edf4588-a975-4939-9b34-c3b7d176df98\"><span>Ekraaniluku mittekasutamine.<\/span><\/span><\/p><\/span><\/label><\/div><div class=\"watupro-question-choice  \" dir=\"auto\"><input type=\"checkbox\" name=\"answer-5[]\" id=\"answer-id-19\" class=\"answer   answerof-5 \" value=\"19\"><label for=\"answer-id-19\" id=\"answer-label-19\" class=\" answer\"><span><p><span id=\"docs-internal-guid-3edf4588-a975-951f-dca2-9a4e5ed0d3c4\"><span>Parooli jagamine kolleegile.<\/span><\/span><\/p><\/span><\/label><\/div><div class=\"watupro-question-choice  \" dir=\"auto\"><input type=\"checkbox\" name=\"answer-5[]\" id=\"answer-id-20\" class=\"answer   answerof-5 \" value=\"20\"><label for=\"answer-id-20\" id=\"answer-label-20\" class=\" answer\"><span><p><span id=\"docs-internal-guid-3edf4588-a975-c84a-8da6-cbbd48a349b7\"><span>Varukoopiast andmete taastamine.<\/span><\/span><\/p><\/span><\/label><\/div><!-- end question-choices--><\/div><!-- end questionWrap--><\/div><\/div><div class=\"watu-question \" id=\"question-3\" style=\";\"><div id=\"questionWrap-3\" class=\"  watupro-required-3 watupro-question-id-3\">\n\t\t\t<div class=\"question-content\"><div><p><strong><span id=\"docs-internal-guid-3edf4588-a970-0568-56cc-b0ff468fca48\">Millised on enamlevinud infoturbega seotud ohud?<\/span><\/strong><\/p><\/div><input type=\"hidden\" name=\"question_id[]\" id=\"qID_3\" value=\"3\" class=\"watupro-question-id\"><input type=\"hidden\" id=\"answerType3\" class=\"answerTypeCnt3\" value=\"checkbox\"><input type=\"hidden\" id=\"watupro-required-question-3\"><!-- end question-content--><\/div><div class=\"question-choices watupro-choices-columns \" id=\"questionChoices3\"><div class=\"watupro-question-choice  \" dir=\"auto\"><input type=\"checkbox\" name=\"answer-3[]\" id=\"answer-id-7\" class=\"answer   answerof-3 \" value=\"7\"><label for=\"answer-id-7\" id=\"answer-label-7\" class=\" answer\"><span><p><span id=\"docs-internal-guid-3edf4588-a970-8d19-3e36-56c281347c76\"><span>Volitamata ligip\u00e4\u00e4s andmetele nii f\u00fc\u00fcsiliselt otse seadme kaudu, kui ka \u00fcle v\u00f5rgu.<\/span><\/span><\/p><\/span><\/label><\/div><div class=\"watupro-question-choice  \" dir=\"auto\"><input type=\"checkbox\" name=\"answer-3[]\" id=\"answer-id-8\" class=\"answer   answerof-3 \" value=\"8\"><label for=\"answer-id-8\" id=\"answer-label-8\" class=\" answer\"><span><p><span id=\"docs-internal-guid-3edf4588-a970-b23a-47dd-da7780a514e4\"><span>Inimvead, n\u00e4iteks andmed kustutatakse v\u00f5i rikutakse kogemata \u00e4ra.<\/span><\/span><\/p><\/span><\/label><\/div><div class=\"watupro-question-choice  \" dir=\"auto\"><input type=\"checkbox\" name=\"answer-3[]\" id=\"answer-id-9\" class=\"answer   answerof-3 \" value=\"9\"><label for=\"answer-id-9\" id=\"answer-label-9\" class=\" answer\"><span><p><span id=\"docs-internal-guid-3edf4588-a970-cf36-0164-970060de1077\"><span>Tehnilised rikked - seade l\u00e4heb katki.<\/span><\/span><\/p><\/span><\/label><\/div><div class=\"watupro-question-choice  \" dir=\"auto\"><input type=\"checkbox\" name=\"answer-3[]\" id=\"answer-id-10\" class=\"answer   answerof-3 \" value=\"10\"><label for=\"answer-id-10\" id=\"answer-label-10\" class=\" answer\"><span><p><span id=\"docs-internal-guid-3edf4588-a970-e914-5ec7-44da3c949b88\"><span>R\u00fcnded (h\u00e4kkimine, viirused, pahavara, internetiliikluse pealtkuulamine).<\/span><\/span><\/p><\/span><\/label><\/div><!-- end question-choices--><\/div><!-- end questionWrap--><\/div><\/div><div class=\"watu-question \" id=\"question-4\" style=\";\"><div id=\"questionWrap-4\" class=\"  watupro-required-2 watupro-question-id-2\">\n\t\t\t<div class=\"question-content\"><div><p><strong><span id=\"docs-internal-guid-3edf4588-a963-2992-c285-58ea0e6d4a9e\"><span id=\"docs-internal-guid-3edf4588-a963-2992-c285-58ea0e6d4a9e\">Kui ma s\u00e4tin oma nutiseadme turvaliseks, siis ei pea ma enam turvalisuse p\u00e4rast muretsema.<\/span><\/span><\/strong><\/p><\/div><input type=\"hidden\" name=\"question_id[]\" id=\"qID_4\" value=\"2\" class=\"watupro-question-id\"><input type=\"hidden\" id=\"answerType2\" class=\"answerTypeCnt4\" value=\"radio\"><input type=\"hidden\" id=\"watupro-required-question-2\"><!-- end question-content--><\/div><div class=\"question-choices watupro-choices-columns \" id=\"questionChoices2\"><div class=\"watupro-question-choice  \" dir=\"auto\"><input type=\"radio\" name=\"answer-2[]\" id=\"answer-id-5\" class=\"answer   answerof-2 \" value=\"5\"><label for=\"answer-id-5\" id=\"answer-label-5\" class=\" answer\"><span>True<\/span><\/label><\/div><div class=\"watupro-question-choice  \" dir=\"auto\"><input type=\"radio\" name=\"answer-2[]\" id=\"answer-id-6\" class=\"answer   answerof-2 \" value=\"6\"><label for=\"answer-id-6\" id=\"answer-label-6\" class=\" answer\"><span>False<\/span><\/label><\/div><!-- end question-choices--><\/div><!-- end questionWrap--><\/div><\/div><div class=\"watu-question \" id=\"question-5\" style=\";\"><div id=\"questionWrap-5\" class=\"  watupro-required-1 watupro-question-id-1\">\n\t\t\t<div class=\"question-content\"><div><p><strong><span id=\"docs-internal-guid-3edf4588-a95e-cac3-db28-f33525113ae2\">Millised on olulised ohud?<\/span><\/strong><\/p><\/div><input type=\"hidden\" name=\"question_id[]\" id=\"qID_5\" value=\"1\" class=\"watupro-question-id\"><input type=\"hidden\" id=\"answerType1\" class=\"answerTypeCnt5\" value=\"checkbox\"><input type=\"hidden\" id=\"watupro-required-question-1\"><!-- end question-content--><\/div><div class=\"question-choices watupro-choices-columns \" id=\"questionChoices1\"><div class=\"watupro-question-choice  \" dir=\"auto\"><input type=\"checkbox\" name=\"answer-1[]\" id=\"answer-id-1\" class=\"answer   answerof-1 \" value=\"1\"><label for=\"answer-id-1\" id=\"answer-label-1\" class=\" answer\"><span><p><span id=\"docs-internal-guid-3edf4588-a95f-4a5a-3959-4e347eb98bcb\"><span>Need mis realiseeruvad k\u00f5ige t\u00f5en\u00e4olisemalt.<\/span><\/span><\/p><\/span><\/label><\/div><div class=\"watupro-question-choice  \" dir=\"auto\"><input type=\"checkbox\" name=\"answer-1[]\" id=\"answer-id-2\" class=\"answer   answerof-1 \" value=\"2\"><label for=\"answer-id-2\" id=\"answer-label-2\" class=\" answer\"><span><p><span id=\"docs-internal-guid-3edf4588-a95f-6f75-3a5d-4e07504c446f\"><span>Need ohud, mis p\u00f5hjustavad k\u00f5ige rohkem kahju.<\/span><\/span><\/p><\/span><\/label><\/div><div class=\"watupro-question-choice  \" dir=\"auto\"><input type=\"checkbox\" name=\"answer-1[]\" id=\"answer-id-3\" class=\"answer   answerof-1 \" value=\"3\"><label for=\"answer-id-3\" id=\"answer-label-3\" class=\" answer\"><span><p><span id=\"docs-internal-guid-3edf4588-a962-13bc-7f96-3e82498d6263\"><span>Need ohud, mis on k\u00f5igile teada.<\/span><\/span><\/p><\/span><\/label><\/div><div class=\"watupro-question-choice  \" dir=\"auto\"><input type=\"checkbox\" name=\"answer-1[]\" id=\"answer-id-4\" class=\"answer   answerof-1 \" value=\"4\"><label for=\"answer-id-4\" id=\"answer-label-4\" class=\" answer\"><span><p><span id=\"docs-internal-guid-3edf4588-a962-4485-ef03-b6c6d48beb08\"><span>Need ohud, mida teised ei tea.<\/span><\/span><\/p><\/span><\/label><\/div><!-- end question-choices--><\/div><!-- end questionWrap--><\/div><\/div><div style=\"display:none\" id=\"question-6\">\n\t<div class=\"question-content\">\n\t\t<img loading=\"lazy\" decoding=\"async\" src=\"https:\/\/sisu.ut.ee\/wp-content\/plugins\/watupro\/img\/loading.gif\" width=\"16\" height=\"16\" alt=\"Loading...\" title=\"Loading...\">\u00a0Loading...\t<\/div>\n<\/div>\n\n<br>\n\t\n\t\t\t<div class=\"watupro_buttons flex \" id=\"watuPROButtons1\">\n\t\t  <div id=\"prev-question\" style=\"display:none;\"><input type=\"button\" value=\"&lt; Previous\" onclick=\"WatuPRO.nextQuestion(event, 'previous');\"><\/div>\t\t  \t\t  \t\t   \n\t\t   \t  \t\t<div><input type=\"button\" name=\"action\" class=\"watupro-submit-button\" onclick=\"WatuPRO.submitResult(event)\" id=\"action-button\" value=\"Vaata tulemusi\">\n\t\t<\/div>\n\t\t<\/div>\n\t\t\n\t<input type=\"hidden\" name=\"quiz_id\" value=\"1\" id=\"watuPROExamID\">\n\t<input type=\"hidden\" name=\"start_time\" id=\"startTime\" value=\"2026-04-06 18:55:59\">\n\t<input type=\"hidden\" name=\"start_timestamp\" id=\"startTimeStamp\" value=\"1775501759\">\n\t<input type=\"hidden\" name=\"question_ids\" value=\"\">\n\t<input type=\"hidden\" name=\"watupro_questions\" value=\"4:11,12,13,14 | 5:15,16,17,18,19,20 | 3:7,8,9,10 | 2:5,6 | 1:1,2,3,4\">\n\t<input type=\"hidden\" name=\"no_ajax\" value=\"0\">\t\t\t<\/form>\n\t<p>\u00a0<\/p>\n<\/div>\n\n<script type=\"text\/javascript\">\n\/\/jQuery(document).ready(function(){\ndocument.addEventListener(\"DOMContentLoaded\", function(event) { \t\nvar question_ids = \"4,5,3,2,1\";\nWatuPROSettings[1] = {};\nWatuPRO.qArr = question_ids.split(',');\nWatuPRO.exam_id = 1;\t    \nWatuPRO.post_id = 170;\nWatuPRO.store_progress = 0;\nWatuPRO.curCatPage = 1;\nWatuPRO.requiredIDs=\"0,4,5,3,2,1\".split(\",\");\nWatuPRO.hAppID = \"0.04424500 1775490959\";\nvar url = \"https:\/\/sisu.ut.ee\/wp-content\/plugins\/watupro\/show_exam.php\";\nWatuPRO.examMode = 1;\nWatuPRO.siteURL=\"https:\/\/sisu.ut.ee\/nutiturva\/wp-admin\/admin-ajax.php\";\nWatuPRO.emailIsNotRequired = 0;\nWatuPRO.perDecade = 10;\nWatuPROIntel.init(1);\nWatuPRO.inCategoryPages=1;});    \t \n<\/script>\n\n","protected":false},"excerpt":{"rendered":"","protected":false},"author":6,"featured_media":0,"parent":0,"menu_order":0,"comment_status":"closed","ping_status":"closed","template":"","meta":{"_acf_changed":false,"inline_featured_image":false,"footnotes":""},"class_list":["post-170","page","type-page","status-publish","hentry"],"acf":[],"_links":{"self":[{"href":"https:\/\/sisu.ut.ee\/nutiturva\/wp-json\/wp\/v2\/pages\/170","targetHints":{"allow":["GET"]}}],"collection":[{"href":"https:\/\/sisu.ut.ee\/nutiturva\/wp-json\/wp\/v2\/pages"}],"about":[{"href":"https:\/\/sisu.ut.ee\/nutiturva\/wp-json\/wp\/v2\/types\/page"}],"author":[{"embeddable":true,"href":"https:\/\/sisu.ut.ee\/nutiturva\/wp-json\/wp\/v2\/users\/6"}],"replies":[{"embeddable":true,"href":"https:\/\/sisu.ut.ee\/nutiturva\/wp-json\/wp\/v2\/comments?post=170"}],"version-history":[{"count":0,"href":"https:\/\/sisu.ut.ee\/nutiturva\/wp-json\/wp\/v2\/pages\/170\/revisions"}],"wp:attachment":[{"href":"https:\/\/sisu.ut.ee\/nutiturva\/wp-json\/wp\/v2\/media?parent=170"}],"curies":[{"name":"wp","href":"https:\/\/api.w.org\/{rel}","templated":true}]}}