{"id":16,"date":"2024-04-04T03:42:25","date_gmt":"2024-04-04T00:42:25","guid":{"rendered":"https:\/\/sisu.ut.ee\/nutiturva\/moisted\/"},"modified":"2024-04-04T03:42:46","modified_gmt":"2024-04-04T00:42:46","slug":"moisted","status":"publish","type":"page","link":"https:\/\/sisu.ut.ee\/nutiturva\/moisted\/","title":{"rendered":"M\u00f5isted"},"content":{"rendered":"<p>J\u00e4rgnevalt seletame lahti m\u00f5ned infoturbega seotud m\u00f5isted, mis on abiks turvalisuse m\u00f5istmisel.<\/p>\n<h2>Mis on turvalisus?<\/h2>\n<p>Kui ma tunnen ennast turvaliselt, kas see ongi siis turvalisus? Paraku<strong> turvatunne ei ole turvalisus<\/strong>, sest turvatunde \u00fcks p\u00f5hjustest v\u00f5ib olla lihtsalt teadmatus.<\/p>\n<p>Absoluutne turvalisus on olukord, kus halvad s\u00fcndmused (ohud) on v\u00f5imatud, sest ei saa realiseeruda. Seega tuleks rakendada turvameetmeid, mis muudavad ohud v\u00f5imatuteks s\u00fcndmusteks. Paraku pole see reaalses maailmas v\u00f5imalik, tuleb leppida piisavate turvameetmetaga, mis tagavad piisava turvalisuse. Meil pole lihtsalt v\u00f5imalik k\u00f5ikide ohtudega arvestada. Meil tuleb arvestada oluliste ohtudega. <strong>Oht on seda olulisem<\/strong>, mida suurem on tema <strong>realiseerumise t\u00f5en\u00e4osus<\/strong> ja mida suurem on temast <strong>p\u00f5hjustatud potentsiaalne kahju<\/strong>.\u00a0(Buldas, kuup\u00e4ev puudub)<!--[if supportFields]&gt;--><span><\/span><\/p>\n<h2>Mis on nutiseadme turvalisus?<\/h2>\n<p>\u00dche lausena kokku v\u00f5ttes v\u00f5iks selle kirja panna j\u00e4rgmiselt: kuidas kasutada nutiseadet nii, et see tekitaks k\u00f5ige v\u00e4hem kahju.<\/p>\n<h2>Mida me kaitseme?<\/h2>\n<p><img loading=\"lazy\" decoding=\"async\" width=\"1041\" height=\"986\" class=\"alignnone wp-image-43\" style=\"float: right\" src=\"https:\/\/sisu.ut.ee\/wp-content\/uploads\/sites\/247\/infoturbe_pohimoisted.png\" title=\"Infoturbe p\u00f5him\u00f5isted\" alt=\"Invoturbe p\u00f5him\u00f5isted\" srcset=\"https:\/\/sisu.ut.ee\/wp-content\/uploads\/sites\/247\/infoturbe_pohimoisted.png 1041w, https:\/\/sisu.ut.ee\/wp-content\/uploads\/sites\/247\/infoturbe_pohimoisted-300x284.png 300w, https:\/\/sisu.ut.ee\/wp-content\/uploads\/sites\/247\/infoturbe_pohimoisted-1024x970.png 1024w, https:\/\/sisu.ut.ee\/wp-content\/uploads\/sites\/247\/infoturbe_pohimoisted-768x727.png 768w\" sizes=\"auto, (max-width: 1041px) 100vw, 1041px\"><\/p>\n\n<p>\u00dcldiselt <strong>infovarasid<\/strong> (andmeid, andmekandjaid, dokumente, personali, organisatsioone, nende mainet)\u00a0(Cybernetica AS, 2017)&lt;!\u2013[if supportFields]&gt;<span><\/span>&lt;![endif]\u2013&gt;. Seega v\u00f5ib \u00f6elda, et ka Sina oled kooli t\u00f6\u00f6tajana oluline infovara, keda tuleb kaitsta. <br>Me keskendume k\u00fcll nutiseadmete turvalisusele, aga arvestada tuleb ka nutiseadmetega seotud v\u00f5rkude, seadmete, organisatsiooni, kasutajate ja nende harjumustega \u2013 neid k\u00f5iki tuleb kaitsta.<\/p>\n<h2>Millised on minu, minu l\u00e4hedaste ja t\u00f6\u00f6koha olulised infovarad?<\/h2>\n<p><strong>Olulised infovarad<\/strong> on pildid, videod, artiklid, tunnikavad, t\u00f6\u00f6lehed, \u00f5ppematerjalid, aruanded, kasutusjuhendid, t\u00f6\u00f6protsessid, nutiseadmed, s\u00fclearvutid, m\u00e4lukaardid, m\u00e4lupulgad, aga ka personal ja koost\u00f6\u00f6partnerid.<\/p>\n<h2>Mis on oht?<\/h2>\n<p>Oht on v\u00f5imalik <strong>soovimatu s\u00fcndmus<\/strong>, mis v\u00f5ib <strong>kahjustada infovara<\/strong> (sh ka inimest v\u00f5i organisatsiooni).<\/p>\n<h2>Millised on levinuimad infoturbega seotud ohud?<\/h2>\n<ul>\n<li>\n<p><strong>Volitamata ligip\u00e4\u00e4s<\/strong> andmetele nii f\u00fc\u00fcsiliselt otse seadme kaudu kui ka \u00fcle v\u00f5rgu.<\/p>\n<\/li>\n<li>\n<p><strong>Inimvead<\/strong>, n\u00e4iteks andmed kustutatakse v\u00f5i rikutakse kogemata \u00e4ra.<\/p>\n<\/li>\n<li>\n<p><strong>Tehnilised rikked<\/strong>\u00a0\u2013 seade l\u00e4heb katki.<\/p>\n<\/li>\n<li>\n<p><strong>R\u00fcnded<\/strong> (h\u00e4kkimine, viirused, pahavara, internetiliikluse pealtkuulamine)\u00a0(Hansson, Leego &amp; Partner O\u00dc, 2013).<\/p>\n<\/li>\n<\/ul>\n<h2>Mis on n\u00f5rkus?<\/h2>\n<p>N\u00f5rkus on infovara, s\u00fcsteemi v\u00f5i protsessi <strong>n\u00f5rk koht<\/strong>, mida saab \u00e4ra kasutada <strong>oht<\/strong>. Turvameetme puudumine v\u00f5i ebapiisavus.<\/p>\n<h2>Mis on levinuimad n\u00f5rkused?<\/h2>\n<p>\u00dcldiselt mis tahes l\u00e4bim\u00f5tlemata olukord:<\/p>\n<ul>\n<li>varukoopiate tegemata j\u00e4tmine,<\/li>\n<li>tarkvarauuenduste tegemata j\u00e4tmine,<\/li>\n<li>oma seadme j\u00e4relvalveta j\u00e4tmine,<\/li>\n<li>ekraaniluku mittekasutamine,<\/li>\n<li>oma paroolide k\u00e4ttesaadavaks tegemine teistele isikutele,<\/li>\n<li>hooletu suhtumine infovaradesse.<\/li>\n<\/ul>\n<h2>Mis on turvarisk?<\/h2>\n<p>Turvarisk v\u00e4ljendub t\u00f5en\u00e4osusena, et vaadeldav <strong>oht<\/strong> kasutab \u00e4ra mingi infovara <strong>n\u00f5rkused<\/strong>, p\u00f5hjustades infovarade <strong>kaotuse v\u00f5i kahjustuse<\/strong>.<\/p>\n<h2>Kuidas infovarasid kaitsta?<\/h2>\n<p>Tuleb rakendada <strong>turvameetmeid<\/strong>.<\/p>\n<h2>Mis on turvameetmed?<\/h2>\n<p>Turvameetmete all m\u00f5istetakse <strong>turvariske v\u00e4hendavaid teguviise, protseduure v\u00f5i mehhanisme<\/strong>. Turvameetmed jaotatakse ennetavateks, avastavateks ja taastavateks turvameetmeteks.<\/p>\n<p><strong>Ennetavad meetmed:<\/strong><\/p>\n<ul>\n<li>kasutan ekraanilukku,<\/li>\n<li>olen teadlik ohtudest, risikdest ja n\u00f5rkustest,<\/li>\n<li>rakendan teadlikult turvameetmeid.<\/li>\n<\/ul>\n<p><strong>Avastavad meetmed:<\/strong><\/p>\n<ul>\n<li>kasutan viiruset\u00f5rje tarkvara.<\/li>\n<\/ul>\n<p><strong>Taastavad meetmed:<\/strong><\/p>\n<ul>\n<li>andmete h\u00e4vimise korral varukoopiast andmete taastamine.<\/li>\n<\/ul>\n<h2>Millised on nutiseadme kasutamise enamlevinud kahjud?<\/h2>\n<p>Materiaalne kahju:<\/p>\n<ul>\n<li>andmete h\u00e4vimine, rikkumine v\u00f5i sattumine k\u00f5rvaliste isikute k\u00e4tte,<\/li>\n<li>seade lakkab t\u00f6\u00f6tamast,<\/li>\n<li>ekraan l\u00e4heb katki.<\/li>\n<\/ul>\n<p>Mittemateriaalne kahju:<\/p>\n<ul>\n<li>mainekahju.<\/li>\n<\/ul>\n<h2>N\u00e4ide<\/h2>\n<p>Toon \u00fche n\u00e4ite, mis pole seotud nutimaailmaga, aga kasutab eelpool kirjeldatud turvalisusega seotud m\u00f5isteid.<\/p>\n<p><em>Oletame, et Sa otsustad minna \u00fcle silla. \u00dcle silla minnes on olemas teatud <strong>oht<\/strong>, et sild v\u00f5ib minna katki. V\u00f5imalus, et sild l\u00e4heb katki on <strong>oht<\/strong> Sinu turvalisusele. Oletame, et sillal on n\u00f5rk koht \u2013 sild on pragunenud. Seda silla pragu nimetatakse <strong>n\u00f5rkuseks<\/strong>. <strong>N\u00f5rkuse<\/strong> olemasolul suureneb <strong>risk<\/strong> (t\u00f5en\u00e4osus) <strong>ohu<\/strong> realiseerumiseks. V\u00f5ib juhtuda, et <strong>oht<\/strong> realiseerub kasutades \u00e4ra silla <strong>n\u00f5rkust<\/strong> (pragunemist) ning l\u00e4heb katki. See omakorda v\u00f5ib tekitada Sulle f\u00fc\u00fcsilist <strong>kahju<\/strong>. \u00a0F\u00fc\u00fcsilise <strong>kahju<\/strong> \u00e4rahoidmiseks saame v\u00e4hendada <strong>n\u00f5rkusi<\/strong>. <strong>N\u00f5rkusi<\/strong> saab v\u00e4hendada <strong>turvameetmetega<\/strong>. N\u00e4iteks saab silla \u00e4ra parandada v\u00f5i paigaldada toed. Samuti v\u00f5ib silla juurde paigaldada teate, et silla \u00fcletamine on ohtlik pragunemise t\u00f5ttu.<\/em><\/p>\n","protected":false},"excerpt":{"rendered":"<p>J\u00e4rgnevalt seletame lahti m\u00f5ned infoturbega seotud m\u00f5isted, mis on abiks turvalisuse m\u00f5istmisel. Mis on turvalisus? Kui ma tunnen ennast turvaliselt, kas see ongi siis turvalisus? Paraku turvatunne ei ole turvalisus, sest turvatunde \u00fcks p\u00f5hjustest v\u00f5ib olla lihtsalt teadmatus. Absoluutne turvalisus &#8230;<\/p>\n","protected":false},"author":6,"featured_media":0,"parent":0,"menu_order":0,"comment_status":"closed","ping_status":"closed","template":"","meta":{"_acf_changed":false,"inline_featured_image":false,"footnotes":""},"class_list":["post-16","page","type-page","status-publish","hentry"],"acf":[],"_links":{"self":[{"href":"https:\/\/sisu.ut.ee\/nutiturva\/wp-json\/wp\/v2\/pages\/16","targetHints":{"allow":["GET"]}}],"collection":[{"href":"https:\/\/sisu.ut.ee\/nutiturva\/wp-json\/wp\/v2\/pages"}],"about":[{"href":"https:\/\/sisu.ut.ee\/nutiturva\/wp-json\/wp\/v2\/types\/page"}],"author":[{"embeddable":true,"href":"https:\/\/sisu.ut.ee\/nutiturva\/wp-json\/wp\/v2\/users\/6"}],"replies":[{"embeddable":true,"href":"https:\/\/sisu.ut.ee\/nutiturva\/wp-json\/wp\/v2\/comments?post=16"}],"version-history":[{"count":1,"href":"https:\/\/sisu.ut.ee\/nutiturva\/wp-json\/wp\/v2\/pages\/16\/revisions"}],"predecessor-version":[{"id":160,"href":"https:\/\/sisu.ut.ee\/nutiturva\/wp-json\/wp\/v2\/pages\/16\/revisions\/160"}],"wp:attachment":[{"href":"https:\/\/sisu.ut.ee\/nutiturva\/wp-json\/wp\/v2\/media?parent=16"}],"curies":[{"name":"wp","href":"https:\/\/api.w.org\/{rel}","templated":true}]}}