{"id":14,"date":"2024-04-04T03:42:25","date_gmt":"2024-04-04T00:42:25","guid":{"rendered":"https:\/\/sisu.ut.ee\/nutiturva\/avaleht\/"},"modified":"2024-04-11T20:00:44","modified_gmt":"2024-04-11T17:00:44","slug":"avaleht","status":"publish","type":"page","link":"https:\/\/sisu.ut.ee\/nutiturva\/","title":{"rendered":"Avaleht"},"content":{"rendered":"<h2>\u00d5piobjekt \u201c<strong>Nutiseadmete turvalisus<\/strong>\u201d (ingl\u00a0<em>Smart Device Security<\/em>)<\/h2>\n<p><strong>Autor:<\/strong>\u00a0Veiko Hani (Eduring O\u00dc)<\/p>\n<p><strong>Eesm\u00e4rk:<\/strong>\u00a0\u00f5ppematerjali l\u00e4bimise tulemusel oskab \u00f5petaja kasutada oma nutiseadet (nutitelefoni, tahvelarvutit) turvalisemalt ja oskab m\u00e4rgata potentsiaalseid probleeme enda v\u00f5i teiste tegevuses ning neile lahendusi pakkuda.<\/p>\n<p><strong>Sihtr\u00fchm:<\/strong>\u00a0k\u00f5ikide haridusastmete \u00f5petajad ja teised huvilised.<\/p>\n<p><strong>Maht:<\/strong> 3 akadeemilist tundi.<\/p>\n<p><strong>\u00d5piv\u00e4ljundid:<\/strong>\u00a0\u00f5ppematerjali l\u00e4bimise tulemusel teab \u00f5ppija infoturbe p\u00f5him\u00f5isteid, p\u00f5hilisi turvaohte, nutiseadmete n\u00f5rkusi ning oskab rakendada turvameetmeid ohtude v\u00e4hendamiseks.<\/p>\n<p><strong>\u00d5pijuhised<\/strong><\/p>\n<p>K\u00e4esolev materjal on m\u00f5eldud iseseisvaks l\u00e4bimiseks. Materjal algab\u00a0<strong>sissejuhatava osaga<\/strong>, kus tutvustatakse turvalisusega seotud <strong>m\u00f5isteid<\/strong>. Seej\u00e4rel saad Sa l\u00e4bida <strong>nutiseadme turvalisuse 11 sammu<\/strong>.<\/p>\n<p>Materjali tulemuslikuma l\u00e4bimise jaoks on koostatud ka <strong><a href=\"https:\/\/sisu.ut.ee\/nutiturva\/rakendamine\" target=\"_blank\" rel=\"noopener\">t\u00f6\u00f6leht<\/a>,<\/strong>\u00a0mis sisaldab praktilisi \u00fclesandeid iga sammu kohta.<\/p>\n<p>Tr\u00fcki see t\u00f6\u00f6leht endale v\u00e4lja v\u00f5i t\u00e4ienda otse arvutis. L\u00e4bi materjal sammude kaupa, t\u00e4ida t\u00f6\u00f6lehte ja rakenda turvameetmeid praktiliselt oma nutiseadmes.<\/p>\n<p>K\u00e4esolev materjal on p\u00f5hiliselt keskendunud Androidi telefonide turvalisusele, kuid n\u00e4iteid on toodud ka teiste operatsioonis\u00fcsteemidega seadmete kohta.\u00a0Teadmiste kinnistamiseks ja rakendamiseks on koostatud m\u00f5tisklus\u00fclesanded ja enesekontrollitestid.<\/p>\n<p><strong>\u00d5piobjekti loomise aeg:<\/strong>\u00a0september 2017<\/p>\n<p><a href=\"http:\/\/creativecommons.org\/licenses\/by-sa\/4.0\/\"><img decoding=\"async\" src=\"https:\/\/i.creativecommons.org\/l\/by-sa\/4.0\/88x31.png\"><\/a><br>\nThis work is licensed under a\u00a0<a href=\"http:\/\/creativecommons.org\/licenses\/by-sa\/4.0\/\" target=\"_blank\" rel=\"noopener\">Creative Commons Attribution-ShareAlike 4.0 International License<\/a>.<\/p>\n<p>\u00d5piobjektide loomist projekti \u201eTargalt internetis\u201c raames kaasrahastab 50% ulatuses Euroopa Komisjoni Euroopa \u00dchendamise Rahastu.<\/p>\n<p><img loading=\"lazy\" decoding=\"async\" width=\"522\" height=\"59\" class=\"alignnone wp-image-40\" title=\"ee_cef_0.png\" src=\"https:\/\/sisu.ut.ee\/wp-content\/uploads\/sites\/247\/ee_cef_0.png\" alt=\"rahastaja logo\" srcset=\"https:\/\/sisu.ut.ee\/wp-content\/uploads\/sites\/247\/ee_cef_0.png 522w, https:\/\/sisu.ut.ee\/wp-content\/uploads\/sites\/247\/ee_cef_0-300x34.png 300w\" sizes=\"auto, (max-width: 522px) 100vw, 522px\">\u00a0<img loading=\"lazy\" decoding=\"async\" width=\"450\" height=\"87\" class=\"alignnone wp-image-41\" title=\"targalt-internetis-logo.jpg\" src=\"https:\/\/sisu.ut.ee\/wp-content\/uploads\/sites\/247\/targalt-internetis-logo.jpg\" alt=\"Targalt internetis logo\" srcset=\"https:\/\/sisu.ut.ee\/wp-content\/uploads\/sites\/247\/targalt-internetis-logo.jpg 450w, https:\/\/sisu.ut.ee\/wp-content\/uploads\/sites\/247\/targalt-internetis-logo-300x58.jpg 300w\" sizes=\"auto, (max-width: 450px) 100vw, 450px\">\u00a0<img loading=\"lazy\" decoding=\"async\" class=\"alignnone wp-image-42\" title=\"hitsa_logo.jpg\" src=\"https:\/\/sisu.ut.ee\/wp-content\/uploads\/sites\/247\/hitsa_logo.jpg\" alt=\"Hitsa logo\" width=\"347\" height=\"138\" srcset=\"https:\/\/sisu.ut.ee\/wp-content\/uploads\/sites\/247\/hitsa_logo.jpg 1081w, https:\/\/sisu.ut.ee\/wp-content\/uploads\/sites\/247\/hitsa_logo-300x119.jpg 300w, https:\/\/sisu.ut.ee\/wp-content\/uploads\/sites\/247\/hitsa_logo-1024x407.jpg 1024w, https:\/\/sisu.ut.ee\/wp-content\/uploads\/sites\/247\/hitsa_logo-768x305.jpg 768w\" sizes=\"auto, (max-width: 347px) 100vw, 347px\"><\/p>\n<p><strong>Vaata ka teisi projekti \u201cTargalt internetis\u201d raames loodud \u00f5piobjekte:<\/strong><\/p>\n<ul>\n<li><a style=\"background-color: #ffffff;\" href=\"https:\/\/sisu.ut.ee\/viitamiseabc\" target=\"_blank\" rel=\"noopener\">Viitamise ABC<\/a><\/li>\n<li><a style=\"background-color: #ffffff;\" href=\"https:\/\/sisu.ut.ee\/autorioigused\" target=\"_blank\" rel=\"noopener\">Teiste autorite t\u00f6\u00f6de ja litsentside kasutamine \u00f5ppet\u00f6\u00f6s<\/a><\/li>\n<li><a style=\"background-color: #ffffff;\" href=\"https:\/\/sisu.ut.ee\/autentimine\" target=\"_blank\" rel=\"noopener\">Erinevad autentimisviisid<\/a><\/li>\n<li><a style=\"background-color: #ffffff;\" href=\"https:\/\/sisu.ut.ee\/minuandmed\" target=\"_blank\" rel=\"noopener\">Kus on minu andmed?<\/a><\/li>\n<\/ul>\n","protected":false},"excerpt":{"rendered":"<p>\u00d5piobjekt \u201cNutiseadmete turvalisus\u201d (ingl\u00a0Smart Device Security) Autor:\u00a0Veiko Hani (Eduring O\u00dc) Eesm\u00e4rk:\u00a0\u00f5ppematerjali l\u00e4bimise tulemusel oskab \u00f5petaja kasutada oma nutiseadet (nutitelefoni, tahvelarvutit) turvalisemalt ja oskab m\u00e4rgata potentsiaalseid probleeme enda v\u00f5i teiste tegevuses ning neile lahendusi pakkuda. Sihtr\u00fchm:\u00a0k\u00f5ikide haridusastmete \u00f5petajad ja teised huvilised. &#8230;<\/p>\n","protected":false},"author":6,"featured_media":0,"parent":0,"menu_order":0,"comment_status":"closed","ping_status":"closed","template":"","meta":{"_acf_changed":false,"inline_featured_image":false,"footnotes":""},"class_list":["post-14","page","type-page","status-publish","hentry"],"acf":[],"_links":{"self":[{"href":"https:\/\/sisu.ut.ee\/nutiturva\/wp-json\/wp\/v2\/pages\/14","targetHints":{"allow":["GET"]}}],"collection":[{"href":"https:\/\/sisu.ut.ee\/nutiturva\/wp-json\/wp\/v2\/pages"}],"about":[{"href":"https:\/\/sisu.ut.ee\/nutiturva\/wp-json\/wp\/v2\/types\/page"}],"author":[{"embeddable":true,"href":"https:\/\/sisu.ut.ee\/nutiturva\/wp-json\/wp\/v2\/users\/6"}],"replies":[{"embeddable":true,"href":"https:\/\/sisu.ut.ee\/nutiturva\/wp-json\/wp\/v2\/comments?post=14"}],"version-history":[{"count":3,"href":"https:\/\/sisu.ut.ee\/nutiturva\/wp-json\/wp\/v2\/pages\/14\/revisions"}],"predecessor-version":[{"id":204,"href":"https:\/\/sisu.ut.ee\/nutiturva\/wp-json\/wp\/v2\/pages\/14\/revisions\/204"}],"wp:attachment":[{"href":"https:\/\/sisu.ut.ee\/nutiturva\/wp-json\/wp\/v2\/media?parent=14"}],"curies":[{"name":"wp","href":"https:\/\/api.w.org\/{rel}","templated":true}]}}