{"id":4,"date":"2024-04-04T07:39:30","date_gmt":"2024-04-04T04:39:30","guid":{"rendered":"https:\/\/sisu.ut.ee\/ntelg\/n-telg-luhitutvustus\/"},"modified":"2024-04-04T07:39:40","modified_gmt":"2024-04-04T04:39:40","slug":"n-telg-luhitutvustus","status":"publish","type":"page","link":"https:\/\/sisu.ut.ee\/ntelg\/n-telg-luhitutvustus\/","title":{"rendered":"N-TELG l\u00fchitutvustus"},"content":{"rendered":"<p style=\"text-align:justify\">\n\t\u00a0\n<\/p>\n<p style=\"text-align:justify\">\n\tN-TELG on innovatiivne teadusp\u00f5hine mudel, mis loob v\u00f5imaluse arendada noortele suunatud teenuste ja tegevuste korraldust ning toetada nende kvaliteeti v\u00f5ttes aluseks noortekeskse l\u00e4henemise kontseptsiooni (NKL). N-TELG on koostatud Tartu \u00dclikooli Narva kolled\u017ei projekti \u201eNoortekesksel l\u00e4henemisel p\u00f5hineva kohaliku tasandi noorsoot\u00f6\u00f6 korralduse uuendusliku mudeli arendamine\u201c raames.\u00a0<span><span style=\"Arial,Helvetica,sans-serif,serif,EmojiFont\"><span style=\"background-color:#ffffff\">Projekti toetajad olid Haridus- ja Teadusministeerium, Haridus- ja Noorteamet ja Euroopa Sotsiaalfond.<\/span><\/span><\/span>\n<\/p>\n<p style=\"text-align:justify\">\n\t\u00a0\n<\/p>\n<p style=\"text-align:justify\">\n\tProjekt koosnes kolmest tegevussuunast:\n<\/p>\n<p style=\"text-align: justify;margin-left: 40px\">\n\t1. Noortekeskse l\u00e4henemise kontseptualiseerimine\n<\/p>\n<p style=\"text-align: justify;margin-left: 40px\">\n\tSelle tegevussuuna raames kaardistati asjakohased uuringud ja teaduskirjandus ning anal\u00fc\u00fcsiti selle p\u00f5hjal rahvusvahelist noortekesksest l\u00e4henemise k\u00e4sitlust.\n<\/p>\n<p style=\"margin-left: 40px;text-align: justify\">\n\tTegevussuuna raames viidi l\u00e4bi ka uuring Eesti ekspertide hulgas noortekeskse l\u00e4henemise komponentide k\u00f5lapinna v\u00e4ljaselgitamiseks.\n<\/p>\n<p style=\"text-align: justify;margin-left: 40px\">\n\tTegevuste tulemusena valmis teoreetiline k\u00e4sitlus noortekesksusest ja kontseptsioon selle definitsioonist ja komponentidest. Tulemused on kajastatud raportis\u00a0<a data-fid=\"66239\" href=\"https:\/\/sisu.ut.ee\/wp-content\/uploads\/sites\/537\/nkl_teoreetiline_alus_final_1.pdf\" target=\"_blank\" rel=\"noopener\">\u201eNoortekeskse l\u00e4henemise teoreetiline alus: taust, kontseptsioon ja selle k\u00f5lapind Eestis\u201c<\/a><span lang=\"ET\"><span>.<\/span><\/span>\n<\/p>\n<p style=\"text-align: justify;margin-left: 40px\">\n\t2. Komponentidep\u00f5hine uurimust\u00f6\u00f6\n<\/p>\n<p style=\"margin-left: 40px;text-align: justify\">\n\tTegevussuuna raames t\u00f6\u00f6tati v\u00e4lja uurimisstrateegia selleks, et saada paremini aru, milline t\u00e4hendus on v\u00e4ljat\u00f6\u00f6tatud teoreetilisel noortekeskse l\u00e4henemise kontseptsioonil Eesti noorsoot\u00f6\u00f6s. Uuring viidi l\u00e4bi avatud noorsoot\u00f6\u00f6 valdkonnas ja kokku toimus 8 fookusgrupi intervjuud kokku 23 osalejaga. Uuringu tulemused on kirjeldatud raportis\u00a0<a data-fid=\"66240\" href=\"https:\/\/sisu.ut.ee\/wp-content\/uploads\/sites\/537\/nkl_uuring_avatud_noorsootoo_kontekstis_final.pdf\" target=\"_blank\" rel=\"noopener\">\u201eNoortekeskse l\u00e4henemise teoreetiline kontseptsioon avatud noorsoot\u00f6\u00f6 kontekstis. Uuringuraport\u201c<\/a><span lang=\"ET\"><span>.<\/span><\/span>\n<\/p>\n<p style=\"text-align: justify;margin-left: 40px\">\n\t3. Mudeldamine\n<\/p>\n<p style=\"margin-left: 40px;text-align: justify\">\n\tProjekti kolmandas tegevussuunas t\u00f6\u00f6tati eelnevate tegevuste p\u00f5hjal v\u00e4lja terviklik mudel noortekesksel l\u00e4henemisel p\u00f5hineva kohaliku tasandi noorsoot\u00f6\u00f6 korralduse uuenduslikuks arendamiseks. Mudeli rakendatavuse anal\u00fc\u00fcsiks viidi l\u00e4bi simulatsioon 34 osalejaga.\n<\/p>\n<p style=\"margin-left: 40px;text-align: justify\">\n\tMudeli nimeks sai N-TELG ja see on kirjeldatud dokumendis\u00a0<a data-fid=\"66241\" href=\"https:\/\/sisu.ut.ee\/wp-content\/uploads\/sites\/537\/ntelg_final.pdf\" target=\"_blank\" rel=\"noopener\">\u201eNoortekeskse l\u00e4henemise rakendamise mudel N-TELG. Mudeli l\u00e4htekohad, rakendatavus ja olemus\u201c<\/a><span lang=\"ET\"><span>.<\/span><\/span>\n<\/p>\n<p style=\"text-align:justify\">\n\t\u00a0\n<\/p>\n<p style=\"text-align:justify\">\n\tN-TELG mudeli loomise taga on Narva kolled\u017ei noorsoot\u00f6\u00f6 \u00f5ppekava meeskond: Andu R\u00e4mmer, Anne Kivim\u00e4e, Maria \u017duravljova ja Kaur K\u00f6tsi.\n<\/p>\n<p style=\"text-align:justify\">\n\t\u00a0<\/p>\n","protected":false},"excerpt":{"rendered":"<p>\u00a0 N-TELG on innovatiivne teadusp\u00f5hine mudel, mis loob v\u00f5imaluse arendada noortele suunatud teenuste ja tegevuste korraldust ning toetada nende kvaliteeti v\u00f5ttes aluseks noortekeskse l\u00e4henemise kontseptsiooni (NKL). N-TELG on koostatud Tartu \u00dclikooli Narva kolled\u017ei projekti \u201eNoortekesksel l\u00e4henemisel p\u00f5hineva kohaliku tasandi noorsoot\u00f6\u00f6 &#8230;<\/p>\n","protected":false},"author":7,"featured_media":0,"parent":0,"menu_order":0,"comment_status":"closed","ping_status":"closed","template":"","meta":{"_acf_changed":false,"inline_featured_image":false,"footnotes":""},"class_list":["post-4","page","type-page","status-publish","hentry"],"acf":[],"_links":{"self":[{"href":"https:\/\/sisu.ut.ee\/ntelg\/wp-json\/wp\/v2\/pages\/4","targetHints":{"allow":["GET"]}}],"collection":[{"href":"https:\/\/sisu.ut.ee\/ntelg\/wp-json\/wp\/v2\/pages"}],"about":[{"href":"https:\/\/sisu.ut.ee\/ntelg\/wp-json\/wp\/v2\/types\/page"}],"author":[{"embeddable":true,"href":"https:\/\/sisu.ut.ee\/ntelg\/wp-json\/wp\/v2\/users\/7"}],"replies":[{"embeddable":true,"href":"https:\/\/sisu.ut.ee\/ntelg\/wp-json\/wp\/v2\/comments?post=4"}],"version-history":[{"count":1,"href":"https:\/\/sisu.ut.ee\/ntelg\/wp-json\/wp\/v2\/pages\/4\/revisions"}],"predecessor-version":[{"id":34,"href":"https:\/\/sisu.ut.ee\/ntelg\/wp-json\/wp\/v2\/pages\/4\/revisions\/34"}],"wp:attachment":[{"href":"https:\/\/sisu.ut.ee\/ntelg\/wp-json\/wp\/v2\/media?parent=4"}],"curies":[{"name":"wp","href":"https:\/\/api.w.org\/{rel}","templated":true}]}}