{"id":3,"date":"2024-04-04T07:39:29","date_gmt":"2024-04-04T04:39:29","guid":{"rendered":"https:\/\/sisu.ut.ee\/ntelg\/avaleht\/"},"modified":"2024-04-12T15:44:05","modified_gmt":"2024-04-12T12:44:05","slug":"avaleht","status":"publish","type":"page","link":"https:\/\/sisu.ut.ee\/ntelg\/","title":{"rendered":"Avaleht"},"content":{"rendered":"<p><span lang=\"ET\"><span style=\"line-height: 107%;\">N-TELG lehestik on koostatud Tartu \u00dclikooli Narva kolled\u017ei projekti \u201eNoortekesksel l\u00e4henemisel p\u00f5hineva kohaliku tasandi noorsoot\u00f6\u00f6 korralduse uuendusliku mudeli arendamine\u201c raames.\u00a0<\/span><\/span><span style=\"background-color: #ffffff;\">Projekti toetajad olid Haridus- ja Teadusministeerium, Haridus- ja Noorteamet ja Euroopa Sotsiaalfond.<\/span><\/p>\n<p><img loading=\"lazy\" decoding=\"async\" class=\"alignnone wp-image-9\" title=\"el_sotsiaalfond_horisontaalne.jpg\" src=\"https:\/\/sisu.ut.ee\/wp-content\/uploads\/sites\/537\/el_sotsiaalfond_horisontaalne-1024x541.jpg\" alt=\"ESF logo\" width=\"700\" height=\"370\" srcset=\"https:\/\/sisu.ut.ee\/wp-content\/uploads\/sites\/537\/el_sotsiaalfond_horisontaalne-1024x541.jpg 1024w, https:\/\/sisu.ut.ee\/wp-content\/uploads\/sites\/537\/el_sotsiaalfond_horisontaalne-300x158.jpg 300w, https:\/\/sisu.ut.ee\/wp-content\/uploads\/sites\/537\/el_sotsiaalfond_horisontaalne-768x406.jpg 768w, https:\/\/sisu.ut.ee\/wp-content\/uploads\/sites\/537\/el_sotsiaalfond_horisontaalne-1536x811.jpg 1536w, https:\/\/sisu.ut.ee\/wp-content\/uploads\/sites\/537\/el_sotsiaalfond_horisontaalne-2048x1082.jpg 2048w, https:\/\/sisu.ut.ee\/wp-content\/uploads\/sites\/537\/el_sotsiaalfond_horisontaalne-1920x1014.jpg 1920w\" sizes=\"auto, (max-width: 700px) 100vw, 700px\"><\/p>\n","protected":false},"excerpt":{"rendered":"<p>N-TELG lehestik on koostatud Tartu \u00dclikooli Narva kolled\u017ei projekti \u201eNoortekesksel l\u00e4henemisel p\u00f5hineva kohaliku tasandi noorsoot\u00f6\u00f6 korralduse uuendusliku mudeli arendamine\u201c raames.\u00a0Projekti toetajad olid Haridus- ja Teadusministeerium, Haridus- ja Noorteamet ja Euroopa Sotsiaalfond.<\/p>\n","protected":false},"author":7,"featured_media":0,"parent":0,"menu_order":0,"comment_status":"closed","ping_status":"closed","template":"","meta":{"_acf_changed":false,"inline_featured_image":false,"footnotes":""},"class_list":["post-3","page","type-page","status-publish","hentry"],"acf":[],"_links":{"self":[{"href":"https:\/\/sisu.ut.ee\/ntelg\/wp-json\/wp\/v2\/pages\/3","targetHints":{"allow":["GET"]}}],"collection":[{"href":"https:\/\/sisu.ut.ee\/ntelg\/wp-json\/wp\/v2\/pages"}],"about":[{"href":"https:\/\/sisu.ut.ee\/ntelg\/wp-json\/wp\/v2\/types\/page"}],"author":[{"embeddable":true,"href":"https:\/\/sisu.ut.ee\/ntelg\/wp-json\/wp\/v2\/users\/7"}],"replies":[{"embeddable":true,"href":"https:\/\/sisu.ut.ee\/ntelg\/wp-json\/wp\/v2\/comments?post=3"}],"version-history":[{"count":2,"href":"https:\/\/sisu.ut.ee\/ntelg\/wp-json\/wp\/v2\/pages\/3\/revisions"}],"predecessor-version":[{"id":38,"href":"https:\/\/sisu.ut.ee\/ntelg\/wp-json\/wp\/v2\/pages\/3\/revisions\/38"}],"wp:attachment":[{"href":"https:\/\/sisu.ut.ee\/ntelg\/wp-json\/wp\/v2\/media?parent=3"}],"curies":[{"name":"wp","href":"https:\/\/api.w.org\/{rel}","templated":true}]}}