{"id":4,"date":"2024-04-04T06:24:35","date_gmt":"2024-04-04T03:24:35","guid":{"rendered":"https:\/\/sisu.ut.ee\/norra\/kypsis\/"},"modified":"2024-04-24T22:59:17","modified_gmt":"2024-04-24T19:59:17","slug":"kypsis","status":"publish","type":"page","link":"https:\/\/sisu.ut.ee\/norra\/kypsis\/","title":{"rendered":"S\u00f5navara \u00f5ppimise tarkvara Kypsis"},"content":{"rendered":"<p><img loading=\"lazy\" decoding=\"async\" width=\"2333\" height=\"1024\" class=\"alignnone wp-image-7\" title=\"N\u00e4idis\" src=\"https:\/\/sisu.ut.ee\/wp-content\/uploads\/sites\/449\/screenshot_2021-06-17_at_13.17.52.png\" alt=\"\u00d5petaja vaade\" srcset=\"https:\/\/sisu.ut.ee\/wp-content\/uploads\/sites\/449\/screenshot_2021-06-17_at_13.17.52.png 2333w, https:\/\/sisu.ut.ee\/wp-content\/uploads\/sites\/449\/screenshot_2021-06-17_at_13.17.52-300x132.png 300w, https:\/\/sisu.ut.ee\/wp-content\/uploads\/sites\/449\/screenshot_2021-06-17_at_13.17.52-1024x449.png 1024w, https:\/\/sisu.ut.ee\/wp-content\/uploads\/sites\/449\/screenshot_2021-06-17_at_13.17.52-768x337.png 768w, https:\/\/sisu.ut.ee\/wp-content\/uploads\/sites\/449\/screenshot_2021-06-17_at_13.17.52-1536x674.png 1536w, https:\/\/sisu.ut.ee\/wp-content\/uploads\/sites\/449\/screenshot_2021-06-17_at_13.17.52-2048x899.png 2048w, https:\/\/sisu.ut.ee\/wp-content\/uploads\/sites\/449\/screenshot_2021-06-17_at_13.17.52-1920x843.png 1920w\" sizes=\"auto, (max-width: 2333px) 100vw, 2333px\"><\/p>\n<p dir=\"ltr\">Tarkvara v\u00f5imalused \u00f5petajale:<\/p>\n<ul dir=\"ltr\">\n<li>V\u00f5imaldab lihtsalt lisada suurt hulka s\u00f5navara<\/li>\n<li>V\u00f5imaldab n\u00e4ha \u00f5ppijatele raskuseid valmistavaid s\u00f5nu<\/li>\n<li>V\u00f5imaldab lisada selgitusi<\/li>\n<\/ul>\n<p dir=\"ltr\">Tarkvara v\u00f5imalused \u00f5ppijale:<\/p>\n<ul>\n<li>Lihtne ja paindlik s\u00f5nade \u00f5ppimiseks omas tempos<\/li>\n<li>Tuletab meelde s\u00f5nade kordamist<\/li>\n<li>V\u00f5imaldab s\u00f5nade kuulamist<\/li>\n<\/ul>\n<p>Kypsise kasutamiseks tuleb tasuta keskkonda k\u00f5igepealt konto luua.\u00a0Keskkond on eesti- ja inglisekeelne.<\/p>\n<p><\/p><div class=\"accordion mb-3\">\n        <div class=\"accordion-item accordion-item--white\">\n        <h2 class=\"accordion-header\" id=\"accordion-69db7193e2229-heading\">\n            <button class=\"accordion-button collapsed\" type=\"button\" data-bs-toggle=\"collapse\" data-bs-target=\"#accordion-69db7193e2229-collapse\" aria-expanded=\"true\" aria-controls=\"accordion-69db7193e2229-collapse\">Konto loomine<\/button>\n        <\/h2>\n        <div id=\"accordion-69db7193e2229-collapse\" class=\"accordion-collapse collapse\" aria-labelledby=\"accordion-69db7193e2229-heading\">\n            <div class=\"accordion-body\">\n<p><img loading=\"lazy\" decoding=\"async\" width=\"2586\" height=\"788\" class=\"alignnone wp-image-9\" title=\"Konto loomine\" src=\"https:\/\/sisu.ut.ee\/wp-content\/uploads\/sites\/449\/screenshot_2021-06-14_at_14.14.06.png\" alt=\"Konto loomine\" srcset=\"https:\/\/sisu.ut.ee\/wp-content\/uploads\/sites\/449\/screenshot_2021-06-14_at_14.14.06.png 2586w, https:\/\/sisu.ut.ee\/wp-content\/uploads\/sites\/449\/screenshot_2021-06-14_at_14.14.06-300x91.png 300w, https:\/\/sisu.ut.ee\/wp-content\/uploads\/sites\/449\/screenshot_2021-06-14_at_14.14.06-1024x312.png 1024w, https:\/\/sisu.ut.ee\/wp-content\/uploads\/sites\/449\/screenshot_2021-06-14_at_14.14.06-768x234.png 768w, https:\/\/sisu.ut.ee\/wp-content\/uploads\/sites\/449\/screenshot_2021-06-14_at_14.14.06-1536x468.png 1536w, https:\/\/sisu.ut.ee\/wp-content\/uploads\/sites\/449\/screenshot_2021-06-14_at_14.14.06-2048x624.png 2048w, https:\/\/sisu.ut.ee\/wp-content\/uploads\/sites\/449\/screenshot_2021-06-14_at_14.14.06-1920x585.png 1920w\" sizes=\"auto, (max-width: 2586px) 100vw, 2586px\"><br>\n<\/p><\/div>\n        <\/div>\n        <\/div>\n    <\/div>\n<p>Kui keskkonda on konto loodud, saab sisse logida ja kursuseid kas kasutama v\u00f5i looma hakata.<\/p>\n<p><\/p><div class=\"accordion mb-3\">\n        <div class=\"accordion-item accordion-item--white\">\n        <h2 class=\"accordion-header\" id=\"accordion-69db7193e223b-heading\">\n            <button class=\"accordion-button collapsed\" type=\"button\" data-bs-toggle=\"collapse\" data-bs-target=\"#accordion-69db7193e223b-collapse\" aria-expanded=\"true\" aria-controls=\"accordion-69db7193e223b-collapse\">Uue\u00a0kursuse loomine<\/button>\n        <\/h2>\n        <div id=\"accordion-69db7193e223b-collapse\" class=\"accordion-collapse collapse\" aria-labelledby=\"accordion-69db7193e223b-heading\">\n            <div class=\"accordion-body\">Selleks, et luua uus kursus, kliki nupul \u201cLoo kursus\u201d.\n<p><img loading=\"lazy\" decoding=\"async\" width=\"2637\" height=\"692\" class=\"alignnone wp-image-10\" title=\"Loo kursus\" src=\"https:\/\/sisu.ut.ee\/wp-content\/uploads\/sites\/449\/screenshot_2021-06-14_at_14.59.39.png\" alt=\"Loo kursus\" srcset=\"https:\/\/sisu.ut.ee\/wp-content\/uploads\/sites\/449\/screenshot_2021-06-14_at_14.59.39.png 2637w, https:\/\/sisu.ut.ee\/wp-content\/uploads\/sites\/449\/screenshot_2021-06-14_at_14.59.39-300x79.png 300w, https:\/\/sisu.ut.ee\/wp-content\/uploads\/sites\/449\/screenshot_2021-06-14_at_14.59.39-1024x269.png 1024w, https:\/\/sisu.ut.ee\/wp-content\/uploads\/sites\/449\/screenshot_2021-06-14_at_14.59.39-768x202.png 768w, https:\/\/sisu.ut.ee\/wp-content\/uploads\/sites\/449\/screenshot_2021-06-14_at_14.59.39-1536x403.png 1536w, https:\/\/sisu.ut.ee\/wp-content\/uploads\/sites\/449\/screenshot_2021-06-14_at_14.59.39-2048x537.png 2048w, https:\/\/sisu.ut.ee\/wp-content\/uploads\/sites\/449\/screenshot_2021-06-14_at_14.59.39-1920x504.png 1920w\" sizes=\"auto, (max-width: 2637px) 100vw, 2637px\"><\/p>\n<p>T\u00e4ida v\u00e4ljad kursuse infoga. Vaikimisi on kursus peidetud.\u00a0Kui soovid kursust avalikuks teha, v\u00f5id\u00a0\u201cPeidetud\u201d eest linnukese \u00e4ra v\u00f5tta.<\/p>\n<p><img loading=\"lazy\" decoding=\"async\" class=\"alignnone wp-image-11\" title=\"Kursuse info\" src=\"https:\/\/sisu.ut.ee\/wp-content\/uploads\/sites\/449\/screenshot_2021-06-14_at_15.24.28.png\" alt=\"Kursuse info\" width=\"557\" height=\"671\" srcset=\"https:\/\/sisu.ut.ee\/wp-content\/uploads\/sites\/449\/screenshot_2021-06-14_at_15.24.28.png 981w, https:\/\/sisu.ut.ee\/wp-content\/uploads\/sites\/449\/screenshot_2021-06-14_at_15.24.28-249x300.png 249w, https:\/\/sisu.ut.ee\/wp-content\/uploads\/sites\/449\/screenshot_2021-06-14_at_15.24.28-851x1024.png 851w, https:\/\/sisu.ut.ee\/wp-content\/uploads\/sites\/449\/screenshot_2021-06-14_at_15.24.28-768x925.png 768w\" sizes=\"auto, (max-width: 557px) 100vw, 557px\"><\/p>\n<p>Kursus on leitav loodud kursuste nimekirjast.<\/p>\n<p><img loading=\"lazy\" decoding=\"async\" width=\"2538\" height=\"825\" class=\"alignnone wp-image-12\" title=\"Kursuse leidmine nimekirjast\" src=\"https:\/\/sisu.ut.ee\/wp-content\/uploads\/sites\/449\/screenshot_2021-06-14_at_14.56.15.png\" alt=\"Kursuse leidmine nimekirjast\" srcset=\"https:\/\/sisu.ut.ee\/wp-content\/uploads\/sites\/449\/screenshot_2021-06-14_at_14.56.15.png 2538w, https:\/\/sisu.ut.ee\/wp-content\/uploads\/sites\/449\/screenshot_2021-06-14_at_14.56.15-300x98.png 300w, https:\/\/sisu.ut.ee\/wp-content\/uploads\/sites\/449\/screenshot_2021-06-14_at_14.56.15-1024x333.png 1024w, https:\/\/sisu.ut.ee\/wp-content\/uploads\/sites\/449\/screenshot_2021-06-14_at_14.56.15-768x250.png 768w, https:\/\/sisu.ut.ee\/wp-content\/uploads\/sites\/449\/screenshot_2021-06-14_at_14.56.15-1536x499.png 1536w, https:\/\/sisu.ut.ee\/wp-content\/uploads\/sites\/449\/screenshot_2021-06-14_at_14.56.15-2048x666.png 2048w, https:\/\/sisu.ut.ee\/wp-content\/uploads\/sites\/449\/screenshot_2021-06-14_at_14.56.15-1920x624.png 1920w\" sizes=\"auto, (max-width: 2538px) 100vw, 2538px\"><\/p>\n<p>Ja on kuvatud kursuste nimekirjas.<\/p>\n<p><img loading=\"lazy\" decoding=\"async\" width=\"2594\" height=\"1204\" class=\"alignnone wp-image-13\" title=\"Kursuse leidmine\" src=\"https:\/\/sisu.ut.ee\/wp-content\/uploads\/sites\/449\/screenshot_2021-06-14_at_16.03.56.png\" alt=\"Kursuse leidmine\" srcset=\"https:\/\/sisu.ut.ee\/wp-content\/uploads\/sites\/449\/screenshot_2021-06-14_at_16.03.56.png 2594w, https:\/\/sisu.ut.ee\/wp-content\/uploads\/sites\/449\/screenshot_2021-06-14_at_16.03.56-300x139.png 300w, https:\/\/sisu.ut.ee\/wp-content\/uploads\/sites\/449\/screenshot_2021-06-14_at_16.03.56-1024x475.png 1024w, https:\/\/sisu.ut.ee\/wp-content\/uploads\/sites\/449\/screenshot_2021-06-14_at_16.03.56-768x356.png 768w, https:\/\/sisu.ut.ee\/wp-content\/uploads\/sites\/449\/screenshot_2021-06-14_at_16.03.56-1536x713.png 1536w, https:\/\/sisu.ut.ee\/wp-content\/uploads\/sites\/449\/screenshot_2021-06-14_at_16.03.56-2048x951.png 2048w, https:\/\/sisu.ut.ee\/wp-content\/uploads\/sites\/449\/screenshot_2021-06-14_at_16.03.56-1920x891.png 1920w\" sizes=\"auto, (max-width: 2594px) 100vw, 2594px\"><br>\n<\/p><\/div>\n        <\/div>\n        <\/div>\n    <\/div>\n<p>Kui kursus on loodud, saab sinna hakata sisu looma. \u00dche kursuse alla v\u00f5ib paigutada erinevaid s\u00f5nagruppe. N\u00e4iteks on v\u00f5imalik\u00a0s\u00f5nu s\u00f5naliikide v\u00f5i \u00f5pitava materjali\u00a0peat\u00fckkide kaupa r\u00fchmitada.<\/p>\n<p><\/p><div class=\"accordion mb-3\">\n        <div class=\"accordion-item accordion-item--white\">\n        <h2 class=\"accordion-header\" id=\"accordion-69db7193e2240-heading\">\n            <button class=\"accordion-button collapsed\" type=\"button\" data-bs-toggle=\"collapse\" data-bs-target=\"#accordion-69db7193e2240-collapse\" aria-expanded=\"true\" aria-controls=\"accordion-69db7193e2240-collapse\">S\u00f5nagruppide sisestamine<\/button>\n        <\/h2>\n        <div id=\"accordion-69db7193e2240-collapse\" class=\"accordion-collapse collapse\" aria-labelledby=\"accordion-69db7193e2240-heading\">\n            <div class=\"accordion-body\">\n<p>S\u00f5nagrupi lisamiseks on nupp \u201cLisa s\u00f5nagrupp\u201d.<\/p>\n<p><img loading=\"lazy\" decoding=\"async\" width=\"2401\" height=\"747\" class=\"alignnone wp-image-14\" title=\"S\u00f5nagrupi lisamine\" src=\"https:\/\/sisu.ut.ee\/wp-content\/uploads\/sites\/449\/screenshot_2021-06-14_at_16.01.24.png\" alt=\"S\u00f5nagrupi lisamine\" srcset=\"https:\/\/sisu.ut.ee\/wp-content\/uploads\/sites\/449\/screenshot_2021-06-14_at_16.01.24.png 2401w, https:\/\/sisu.ut.ee\/wp-content\/uploads\/sites\/449\/screenshot_2021-06-14_at_16.01.24-300x93.png 300w, https:\/\/sisu.ut.ee\/wp-content\/uploads\/sites\/449\/screenshot_2021-06-14_at_16.01.24-1024x319.png 1024w, https:\/\/sisu.ut.ee\/wp-content\/uploads\/sites\/449\/screenshot_2021-06-14_at_16.01.24-768x239.png 768w, https:\/\/sisu.ut.ee\/wp-content\/uploads\/sites\/449\/screenshot_2021-06-14_at_16.01.24-1536x478.png 1536w, https:\/\/sisu.ut.ee\/wp-content\/uploads\/sites\/449\/screenshot_2021-06-14_at_16.01.24-2048x637.png 2048w, https:\/\/sisu.ut.ee\/wp-content\/uploads\/sites\/449\/screenshot_2021-06-14_at_16.01.24-1920x597.png 1920w\" sizes=\"auto, (max-width: 2401px) 100vw, 2401px\"><\/p>\n<p>N\u00e4itena\u00a0lisame\u00a0s\u00f5nagrupid\u00a0\u201cAdjektiv\u201d<\/p>\n<p><img loading=\"lazy\" decoding=\"async\" width=\"1870\" height=\"845\" class=\"alignnone wp-image-15\" title=\"Adjektiv\" src=\"https:\/\/sisu.ut.ee\/wp-content\/uploads\/sites\/449\/screenshot_2021-06-14_at_16.09.09.png\" alt=\"Adjektiv\" srcset=\"https:\/\/sisu.ut.ee\/wp-content\/uploads\/sites\/449\/screenshot_2021-06-14_at_16.09.09.png 1870w, https:\/\/sisu.ut.ee\/wp-content\/uploads\/sites\/449\/screenshot_2021-06-14_at_16.09.09-300x136.png 300w, https:\/\/sisu.ut.ee\/wp-content\/uploads\/sites\/449\/screenshot_2021-06-14_at_16.09.09-1024x463.png 1024w, https:\/\/sisu.ut.ee\/wp-content\/uploads\/sites\/449\/screenshot_2021-06-14_at_16.09.09-768x347.png 768w, https:\/\/sisu.ut.ee\/wp-content\/uploads\/sites\/449\/screenshot_2021-06-14_at_16.09.09-1536x694.png 1536w\" sizes=\"auto, (max-width: 1870px) 100vw, 1870px\"><\/p>\n<p>ja \u201cSubstantiv\u201d.<\/p>\n<p><img loading=\"lazy\" decoding=\"async\" width=\"1836\" height=\"907\" class=\"alignnone wp-image-16\" title=\"Substantiv\" src=\"https:\/\/sisu.ut.ee\/wp-content\/uploads\/sites\/449\/screenshot_2021-06-14_at_16.19.33.png\" alt=\"Substantiv\" srcset=\"https:\/\/sisu.ut.ee\/wp-content\/uploads\/sites\/449\/screenshot_2021-06-14_at_16.19.33.png 1836w, https:\/\/sisu.ut.ee\/wp-content\/uploads\/sites\/449\/screenshot_2021-06-14_at_16.19.33-300x148.png 300w, https:\/\/sisu.ut.ee\/wp-content\/uploads\/sites\/449\/screenshot_2021-06-14_at_16.19.33-1024x506.png 1024w, https:\/\/sisu.ut.ee\/wp-content\/uploads\/sites\/449\/screenshot_2021-06-14_at_16.19.33-768x379.png 768w, https:\/\/sisu.ut.ee\/wp-content\/uploads\/sites\/449\/screenshot_2021-06-14_at_16.19.33-1536x759.png 1536w\" sizes=\"auto, (max-width: 1836px) 100vw, 1836px\"><\/p>\n<p>S\u00f5nagrupi nime k\u00f5rval olevale \u201cPliiatsi\u201d-ikoonile klikkides saab s\u00f5nu lisada ja muuta, \u201cPr\u00fcgikasti\u201d-ikoonile klikkides saab s\u00f5nar\u00fchma kustutada.<\/p>\n<p><img loading=\"lazy\" decoding=\"async\" width=\"2393\" height=\"756\" class=\"alignnone wp-image-17\" title=\"screenshot_2021-06-14_at_16.19.14.png\" src=\"https:\/\/sisu.ut.ee\/wp-content\/uploads\/sites\/449\/screenshot_2021-06-14_at_16.19.14.png\" alt=\"Muutmine\" srcset=\"https:\/\/sisu.ut.ee\/wp-content\/uploads\/sites\/449\/screenshot_2021-06-14_at_16.19.14.png 2393w, https:\/\/sisu.ut.ee\/wp-content\/uploads\/sites\/449\/screenshot_2021-06-14_at_16.19.14-300x95.png 300w, https:\/\/sisu.ut.ee\/wp-content\/uploads\/sites\/449\/screenshot_2021-06-14_at_16.19.14-1024x324.png 1024w, https:\/\/sisu.ut.ee\/wp-content\/uploads\/sites\/449\/screenshot_2021-06-14_at_16.19.14-768x243.png 768w, https:\/\/sisu.ut.ee\/wp-content\/uploads\/sites\/449\/screenshot_2021-06-14_at_16.19.14-1536x485.png 1536w, https:\/\/sisu.ut.ee\/wp-content\/uploads\/sites\/449\/screenshot_2021-06-14_at_16.19.14-2048x647.png 2048w, https:\/\/sisu.ut.ee\/wp-content\/uploads\/sites\/449\/screenshot_2021-06-14_at_16.19.14-1920x607.png 1920w\" sizes=\"auto, (max-width: 2393px) 100vw, 2393px\"><\/p>\n<p><\/p><\/div>\n        <\/div>\n        <\/div>\n    <\/div>\n<p>Kui sobilik s\u00f5nagrupp on loodud, saab sinna hakata s\u00f5nu lisama.<\/p>\n<p><\/p><div class=\"accordion mb-3\">\n        <div class=\"accordion-item accordion-item--white\">\n        <h2 class=\"accordion-header\" id=\"accordion-69db7193e2245-heading\">\n            <button class=\"accordion-button collapsed\" type=\"button\" data-bs-toggle=\"collapse\" data-bs-target=\"#accordion-69db7193e2245-collapse\" aria-expanded=\"true\" aria-controls=\"accordion-69db7193e2245-collapse\">S\u00f5nade lisamine<\/button>\n        <\/h2>\n        <div id=\"accordion-69db7193e2245-collapse\" class=\"accordion-collapse collapse\" aria-labelledby=\"accordion-69db7193e2245-heading\">\n            <div class=\"accordion-body\">S\u00f5nu saab Kypsises lisada kahel viisil:\n<a href=\"#\" data-bs-toggle=\"modal\" data-bs-target=\"#popup-modal\" data-title=\"1. \u00dcksikult\" data-content='&lt;\/p&gt;\n&lt;p&gt;&lt;img class=\"alignnone wp-image-18\" title=\"screenshot_2021-06-14_at_16.11.03.png\" src=\"https:\/\/sisu.ut.ee\/wp-content\/uploads\/sites\/449\/screenshot_2021-06-14_at_16.11.03.png\" alt=\"Lisa s\u00f5nu\" \/&gt;&lt;\/p&gt;\n&lt;p&gt;Klikkides \u201cLisa s\u00f5nu\u201d-nupule saab lisada m\u00f5isteid ja nende t\u00e4hendusi, t\u00f5lgetega n\u00e4itelauseid, mis kuvatakse l\u00fcnktekstina ja vajadusel saab lisada ka grammatikavihjeid.&lt;\/p&gt;\n&lt;p&gt;&lt;img class=\"alignnone wp-image-19\" title=\"screenshot_2021-06-14_at_20.51.53.png\" src=\"https:\/\/sisu.ut.ee\/wp-content\/uploads\/sites\/449\/screenshot_2021-06-14_at_20.51.53.png\" alt=\"S\u00f5nade lisamine\" \/&gt;&lt;\/p&gt;\n&lt;p&gt;'>1. \u00dcksikult<\/a>\n<p><a href=\"#\" data-bs-toggle=\"modal\" data-bs-target=\"#popup-modal\" data-title=\"2. Kopeerides tabelist\" data-content='&lt;\/p&gt;\n&lt;p&gt;&lt;img class=\"alignnone wp-image-20\" title=\"screenshot_2021-06-14_at_16.14.26.png\" src=\"https:\/\/sisu.ut.ee\/wp-content\/uploads\/sites\/449\/screenshot_2021-06-14_at_16.14.26.png\" alt=\"S\u00f5nar\u00fchma lisamine\" \/&gt;Microsoft Excel-ist ja OpenOffice Calc-ist saab\u00a0kopeeri korraga kaks s\u00f5napaaridega tulpa.&lt;\/p&gt;\n&lt;p&gt;&lt;img class=\"alignnone wp-image-21\" title=\"screenshot_2021-06-14_at_20.55.59.png\" src=\"https:\/\/sisu.ut.ee\/wp-content\/uploads\/sites\/449\/screenshot_2021-06-14_at_20.55.59.png\" alt=\"S\u00f5nar\u00fchma kopeerimine\" \/&gt;&lt;\/p&gt;\n&lt;p&gt;Kui ekraanile ilmub punase h\u00fc\u00fcum\u00e4rgina hoiatus, tuleb s\u00f5na ja m\u00f5iste vahele l\u00fc\u00fca\u00a0t\u00fchik.&lt;\/p&gt;\n&lt;p&gt;&lt;img class=\"alignnone wp-image-22\" title=\"screenshot_2021-06-17_at_16.56.22.png\" src=\"https:\/\/sisu.ut.ee\/wp-content\/uploads\/sites\/449\/screenshot_2021-06-17_at_16.56.22.png\" alt=\"Hoiatus\" \/&gt;&lt;\/p&gt;\n&lt;p&gt;'>2. Kopeerides tabelist<\/a><\/p><\/div>\n        <\/div>\n        <\/div>\n    <\/div>\n<p>Kypsises on erinevat laadi \u00fclesandeid, kus \u00f5ppija saab s\u00f5nade kirjapilti ja t\u00e4hendust\u00a0\u00f5ppida, s\u00f5nu kuulata, erinevate s\u00f5nade vahelt \u00f5iget valida, kirjutada s\u00f5nu \u00fcksikult ja t\u00e4ites l\u00fcnklauset.<\/p>\n<p><\/p><div class=\"accordion mb-3\">\n        <div class=\"accordion-item accordion-item--white\">\n        <h2 class=\"accordion-header\" id=\"accordion-69db7193e2249-heading\">\n            <button class=\"accordion-button collapsed\" type=\"button\" data-bs-toggle=\"collapse\" data-bs-target=\"#accordion-69db7193e2249-collapse\" aria-expanded=\"true\" aria-controls=\"accordion-69db7193e2249-collapse\">\u00dclesandet\u00fc\u00fcbid<\/button>\n        <\/h2>\n        <div id=\"accordion-69db7193e2249-collapse\" class=\"accordion-collapse collapse\" aria-labelledby=\"accordion-69db7193e2249-heading\">\n            <div class=\"accordion-body\">\n<a href=\"#\" data-bs-toggle=\"modal\" data-bs-target=\"#popup-modal\" data-title=\"\u00d5pi uus s\u00f5na\" data-content='&lt;img class=\"alignnone wp-image-23\" title=\"screenshot_2021-06-15_at_11.42.23.png\" src=\"https:\/\/sisu.ut.ee\/wp-content\/uploads\/sites\/449\/screenshot_2021-06-15_at_11.42.23.png\" alt=\"\u00d5pi s\u00f5na1\" \/&gt;'>\u00d5pi uus s\u00f5na<\/a>\n<a href=\"#\" data-bs-toggle=\"modal\" data-bs-target=\"#popup-modal\" data-title=\"Valikvastus\" data-content='&lt;img class=\"alignnone wp-image-30\" title=\"screenshot_2021-06-15_at_15.45.30.png\" src=\"https:\/\/sisu.ut.ee\/wp-content\/uploads\/sites\/449\/screenshot_2021-06-15_at_15.45.30.png\" alt=\"Vali \u00f5ige vaste\" \/&gt;'>Valikvastus<\/a>\n<a href=\"#\" data-bs-toggle=\"modal\" data-bs-target=\"#popup-modal\" data-title=\"Kirjuta ise\" data-content='&lt;img class=\"alignnone wp-image-31\" title=\"screenshot_2021-06-15_at_15.46.49.png\" src=\"https:\/\/sisu.ut.ee\/wp-content\/uploads\/sites\/449\/screenshot_2021-06-15_at_15.46.49.png\" alt=\"Kirjuta ise\" \/&gt;'>Kirjuta ise<\/a>\n<a href=\"#\" data-bs-toggle=\"modal\" data-bs-target=\"#popup-modal\" data-title=\"Kuula\" data-content='&lt;img class=\"alignnone wp-image-32\" title=\"screenshot_2021-06-15_at_15.44.37.png\" src=\"https:\/\/sisu.ut.ee\/wp-content\/uploads\/sites\/449\/screenshot_2021-06-15_at_15.44.37.png\" alt=\"Kuula\" \/&gt;'>Kuula<\/a>\n<a href=\"#\" data-bs-toggle=\"modal\" data-bs-target=\"#popup-modal\" data-title=\"L\u00fcnktekst\" data-content='&lt;\/p&gt;\n&lt;p&gt;&lt;img class=\"alignnone wp-image-29\" title=\"l.png\" src=\"https:\/\/sisu.ut.ee\/wp-content\/uploads\/sites\/449\/l.png\" alt=\"L\u00fcnktekst\" \/&gt;'>L\u00fcnktekst<\/a>\n<p><\/p><\/div>\n        <\/div>\n        <\/div>\n    <\/div>\n<p>Lisaks v\u00f5imaldab Kypsis\u00a0\u00f5petajal\u00a0n\u00e4ha ka \u00f5ppijate edasij\u00f5udmist,\u00a0raskeid s\u00f5nu ning vihjeid, mis \u00f5petaja\/\u00f5ppijad s\u00f5nade \u00f5ppimiseks lisanud on.<\/p>\n<p><\/p><div class=\"accordion mb-3\">\n        <div class=\"accordion-item accordion-item--white\">\n        <h2 class=\"accordion-header\" id=\"accordion-69db7193e224d-heading\">\n            <button class=\"accordion-button collapsed\" type=\"button\" data-bs-toggle=\"collapse\" data-bs-target=\"#accordion-69db7193e224d-collapse\" aria-expanded=\"true\" aria-controls=\"accordion-69db7193e224d-collapse\">Statistika<\/button>\n        <\/h2>\n        <div id=\"accordion-69db7193e224d-collapse\" class=\"accordion-collapse collapse\" aria-labelledby=\"accordion-69db7193e224d-heading\">\n            <div class=\"accordion-body\">\n<p>\u00d5ppijate pingerida n\u00e4itab \u00f5petajale kui palju keegi \u00f5ppijatest punkte on kogunud, ehk aega s\u00f5nade \u00f5ppimise peale kulutanud. Mida k\u00f5rgem skoor, seda rohkem s\u00f5nu \u00f5pitud on ning seda k\u00f5rgemal ollakse pingereas.<\/p>\n<p><img loading=\"lazy\" decoding=\"async\" width=\"1798\" height=\"710\" class=\"alignnone wp-image-35\" title=\"screenshot_2021-06-15_at_12.08.49.png\" src=\"https:\/\/sisu.ut.ee\/wp-content\/uploads\/sites\/449\/screenshot_2021-06-15_at_12.08.49.png\" alt=\"\u00d5ppijate pingerida\" srcset=\"https:\/\/sisu.ut.ee\/wp-content\/uploads\/sites\/449\/screenshot_2021-06-15_at_12.08.49.png 1798w, https:\/\/sisu.ut.ee\/wp-content\/uploads\/sites\/449\/screenshot_2021-06-15_at_12.08.49-300x118.png 300w, https:\/\/sisu.ut.ee\/wp-content\/uploads\/sites\/449\/screenshot_2021-06-15_at_12.08.49-1024x404.png 1024w, https:\/\/sisu.ut.ee\/wp-content\/uploads\/sites\/449\/screenshot_2021-06-15_at_12.08.49-768x303.png 768w, https:\/\/sisu.ut.ee\/wp-content\/uploads\/sites\/449\/screenshot_2021-06-15_at_12.08.49-1536x607.png 1536w\" sizes=\"auto, (max-width: 1798px) 100vw, 1798px\"><\/p>\n<p>Probleemsete\u00a0s\u00f5nade rubriigis on n\u00e4ha, millistest s\u00f5nades k\u00f5ige rohkem eksitud on. Number \u201cViga\u201d all n\u00e4itab mitu kord \u00f5ppijad kokku antud s\u00f5naga\u00a0eksinud on.<\/p>\n<p><img loading=\"lazy\" decoding=\"async\" width=\"1774\" height=\"693\" class=\"alignnone wp-image-34\" title=\"screenshot_2021-06-15_at_12.10.15.png\" src=\"https:\/\/sisu.ut.ee\/wp-content\/uploads\/sites\/449\/screenshot_2021-06-15_at_12.10.15.png\" alt=\"Probleemsed s\u00f5nad\" srcset=\"https:\/\/sisu.ut.ee\/wp-content\/uploads\/sites\/449\/screenshot_2021-06-15_at_12.10.15.png 1774w, https:\/\/sisu.ut.ee\/wp-content\/uploads\/sites\/449\/screenshot_2021-06-15_at_12.10.15-300x117.png 300w, https:\/\/sisu.ut.ee\/wp-content\/uploads\/sites\/449\/screenshot_2021-06-15_at_12.10.15-1024x400.png 1024w, https:\/\/sisu.ut.ee\/wp-content\/uploads\/sites\/449\/screenshot_2021-06-15_at_12.10.15-768x300.png 768w, https:\/\/sisu.ut.ee\/wp-content\/uploads\/sites\/449\/screenshot_2021-06-15_at_12.10.15-1536x600.png 1536w\" sizes=\"auto, (max-width: 1774px) 100vw, 1774px\">\u201cVihjete\u201d all on n\u00e4ha nii vihjeid (selgitused, t\u00e4psustused, meeldetuletused), mis \u00f5petaja\u00a0on lisanud kui ka vihjeid mis \u00f5ppijad ise sinna lisand on, n\u00e4iteks s\u00f5nade vasted oma\u00a0emakeeles.<\/p>\n<p><img loading=\"lazy\" decoding=\"async\" width=\"1769\" height=\"662\" class=\"alignnone wp-image-33\" title=\"screenshot_2021-06-15_at_12.12.03.png\" src=\"https:\/\/sisu.ut.ee\/wp-content\/uploads\/sites\/449\/screenshot_2021-06-15_at_12.12.03.png\" alt=\"Vihje\" srcset=\"https:\/\/sisu.ut.ee\/wp-content\/uploads\/sites\/449\/screenshot_2021-06-15_at_12.12.03.png 1769w, https:\/\/sisu.ut.ee\/wp-content\/uploads\/sites\/449\/screenshot_2021-06-15_at_12.12.03-300x112.png 300w, https:\/\/sisu.ut.ee\/wp-content\/uploads\/sites\/449\/screenshot_2021-06-15_at_12.12.03-1024x383.png 1024w, https:\/\/sisu.ut.ee\/wp-content\/uploads\/sites\/449\/screenshot_2021-06-15_at_12.12.03-768x287.png 768w, https:\/\/sisu.ut.ee\/wp-content\/uploads\/sites\/449\/screenshot_2021-06-15_at_12.12.03-1536x575.png 1536w\" sizes=\"auto, (max-width: 1769px) 100vw, 1769px\"><\/p>\n<p><\/p><\/div>\n        <\/div>\n        <\/div>\n    <\/div>\n<p>\u00d5ppijatega saab \u00f5pitavat s\u00f5navara jagada terve kursuse\u00a0v\u00f5i \u00f5pitava\u00a0s\u00f5nagrupi\u00a0lingina.<\/p>\n<p><\/p><div class=\"accordion mb-3\">\n        <div class=\"accordion-item accordion-item--white\">\n        <h2 class=\"accordion-header\" id=\"accordion-69db7193e2251-heading\">\n            <button class=\"accordion-button collapsed\" type=\"button\" data-bs-toggle=\"collapse\" data-bs-target=\"#accordion-69db7193e2251-collapse\" aria-expanded=\"true\" aria-controls=\"accordion-69db7193e2251-collapse\">Jagamine \u00f5ppijatega<\/button>\n        <\/h2>\n        <div id=\"accordion-69db7193e2251-collapse\" class=\"accordion-collapse collapse\" aria-labelledby=\"accordion-69db7193e2251-heading\">\n            <div class=\"accordion-body\">\n<p>Enne s\u00f5nagrupi (<a title=\"\" href=\"http:\/\/www.kypsis.com\/et\/courses\/578\/levels\/1890\" target=\"_blank\" rel=\"noopener\" data-url=\"http:\/\/www.kypsis.com\/et\/courses\/578\/levels\/1890\">Adjektiv<\/a>) v\u00f5i kursuse (<a title=\"\" href=\"http:\/\/www.kypsis.com\/et\/courses\/578\" target=\"_blank\" rel=\"noopener\" data-url=\"http:\/\/www.kypsis.com\/et\/courses\/578\">http:\/\/www.kypsis.com\/et\/courses\/578<\/a>) lingi\u00a0jagamist v\u00f5ib \u00f5ppijatele lisada ka v\u00e4ikese \u00f5pijuhendi, n\u00e4iteks:<\/p>\n<p><em>Selleks, et korrata ja\u00a0\u00f5ppida juurde omaduss\u00f5nu,\u00a0olen lisanud siia abivahendi \u201cKypsis\u201d.<\/em><\/p>\n<p><em>\u201cKypsis\u201d, viib sind keskkonda, kus peaksid registreeruma (kasutades kasutajanimena oma nime, et n\u00e4eksin p\u00e4rast su tulemusi). Sellel lehel saad korrata s\u00f5navara, mida lehelt \u201cAdjektiv\u201d\u00a0\u00f5ppisid. Tulemused registreeruvad, et n\u00e4eksin, kuidas sul \u00f5ppimine\u00a0ja kinnistamine edenenud on. Head \u00f5ppimist!<\/em><\/p>\n<p><\/p><\/div>\n        <\/div>\n        <\/div>\n    <\/div>\n<p>\u00d5ppematerjali on loonud\u00a0Antonina Kostina\u00a0Haridus-ja noorteameti IT-akadeemia toetusel arendusprojektis \u201cV\u00f5\u00f5rkeeltega seotud erialaste digip\u00e4devuste arendamine Tartu \u00dclikooli maailma keelte ja kultuuride kolled\u017eis\u201d.<\/p>\n","protected":false},"excerpt":{"rendered":"<p>Tarkvara v\u00f5imalused \u00f5petajale: V\u00f5imaldab lihtsalt lisada suurt hulka s\u00f5navara V\u00f5imaldab n\u00e4ha \u00f5ppijatele raskuseid valmistavaid s\u00f5nu V\u00f5imaldab lisada selgitusi Tarkvara v\u00f5imalused \u00f5ppijale: Lihtne ja paindlik s\u00f5nade \u00f5ppimiseks omas tempos Tuletab meelde s\u00f5nade kordamist V\u00f5imaldab s\u00f5nade kuulamist Kypsise kasutamiseks tuleb tasuta keskkonda &#8230;<\/p>\n","protected":false},"author":234,"featured_media":0,"parent":0,"menu_order":0,"comment_status":"closed","ping_status":"closed","template":"","meta":{"_acf_changed":false,"inline_featured_image":false,"footnotes":""},"class_list":["post-4","page","type-page","status-publish","hentry"],"acf":[],"_links":{"self":[{"href":"https:\/\/sisu.ut.ee\/norra\/wp-json\/wp\/v2\/pages\/4","targetHints":{"allow":["GET"]}}],"collection":[{"href":"https:\/\/sisu.ut.ee\/norra\/wp-json\/wp\/v2\/pages"}],"about":[{"href":"https:\/\/sisu.ut.ee\/norra\/wp-json\/wp\/v2\/types\/page"}],"author":[{"embeddable":true,"href":"https:\/\/sisu.ut.ee\/norra\/wp-json\/wp\/v2\/users\/234"}],"replies":[{"embeddable":true,"href":"https:\/\/sisu.ut.ee\/norra\/wp-json\/wp\/v2\/comments?post=4"}],"version-history":[{"count":4,"href":"https:\/\/sisu.ut.ee\/norra\/wp-json\/wp\/v2\/pages\/4\/revisions"}],"predecessor-version":[{"id":47,"href":"https:\/\/sisu.ut.ee\/norra\/wp-json\/wp\/v2\/pages\/4\/revisions\/47"}],"wp:attachment":[{"href":"https:\/\/sisu.ut.ee\/norra\/wp-json\/wp\/v2\/media?parent=4"}],"curies":[{"name":"wp","href":"https:\/\/api.w.org\/{rel}","templated":true}]}}