{"id":3,"date":"2024-04-04T06:24:35","date_gmt":"2024-04-04T03:24:35","guid":{"rendered":"https:\/\/sisu.ut.ee\/norra\/avaleht\/"},"modified":"2024-04-24T22:55:41","modified_gmt":"2024-04-24T19:55:41","slug":"avaleht","status":"publish","type":"page","link":"https:\/\/sisu.ut.ee\/norra\/","title":{"rendered":"Avaleht"},"content":{"rendered":"<p>Tere, v\u00f5\u00f5rkeeleentusiast!<\/p>\n<p>Kui soovid s\u00f5navara \u00f5petamist keele\u00f5ppes\u00a0huvitavamaks teha, siis oled komistanud \u00f5ige \u00f5pppematerjali\u00a0otsa. Sellel lehel tutvustan s\u00f5navara omandamise tarkvara\u00a0<a href=\"http:\/\/www.kypsis.com\/et?filter=all\">Kypsis<\/a>, mille algoritmid p\u00f5hinevad m\u00e4lu- ja \u00f5ppimise uuringutel. Tarkvara sobib s\u00f5navara \u00f5ppimiseks ja kordamiseks.\u00a0<\/p>\n<p>See \u00f5pivara\u00a0keskendub \u00f5petaja vaatele ja n\u00e4itab Kypsise v\u00f5imalusi norra keele \u00f5petamise n\u00e4itel.<\/p>\n<p>Head kasutamist!<\/p>\n<p>\u00d5ppematerjali on loonud\u00a0Antonina Kostina\u00a0Haridus-ja noorteameti IT-akadeemia toetusel arendusprojektis \u201cV\u00f5\u00f5rkeeltega seotud erialaste digip\u00e4devuste arendamine Tartu \u00dclikooli maailma keelte ja kultuuride kolled\u017eis\u201d.<\/p>\n\n\n<div class=\"wp-block-columns is-layout-flex wp-container-core-columns-is-layout-9d6595d7 wp-block-columns-is-layout-flex\">\n<div class=\"wp-block-column is-layout-flow wp-block-column-is-layout-flow\">\n<figure class=\"wp-block-image size-full\"><img loading=\"lazy\" decoding=\"async\" width=\"1000\" height=\"292\" src=\"https:\/\/sisu.ut.ee\/wp-content\/uploads\/sites\/449\/it_akadeemia_logo_rgb.jpg\" alt=\"IT Akadeemia\" class=\"wp-image-5\" srcset=\"https:\/\/sisu.ut.ee\/wp-content\/uploads\/sites\/449\/it_akadeemia_logo_rgb.jpg 1000w, https:\/\/sisu.ut.ee\/wp-content\/uploads\/sites\/449\/it_akadeemia_logo_rgb-300x88.jpg 300w, https:\/\/sisu.ut.ee\/wp-content\/uploads\/sites\/449\/it_akadeemia_logo_rgb-768x224.jpg 768w\" sizes=\"auto, (max-width: 1000px) 100vw, 1000px\"><\/figure>\n<\/div>\n\n\n\n<div class=\"wp-block-column is-layout-flow wp-block-column-is-layout-flow\">\n<figure class=\"wp-block-image size-large\"><img loading=\"lazy\" decoding=\"async\" width=\"1024\" height=\"334\" src=\"https:\/\/sisu.ut.ee\/wp-content\/uploads\/sites\/449\/haridus-_ja_noorteamet_vapp_est_rgb-1024x334.jpg\" alt=\"Haridus ja Noorteamet\" class=\"wp-image-6\" srcset=\"https:\/\/sisu.ut.ee\/wp-content\/uploads\/sites\/449\/haridus-_ja_noorteamet_vapp_est_rgb-1024x334.jpg 1024w, https:\/\/sisu.ut.ee\/wp-content\/uploads\/sites\/449\/haridus-_ja_noorteamet_vapp_est_rgb-300x98.jpg 300w, https:\/\/sisu.ut.ee\/wp-content\/uploads\/sites\/449\/haridus-_ja_noorteamet_vapp_est_rgb-768x250.jpg 768w, https:\/\/sisu.ut.ee\/wp-content\/uploads\/sites\/449\/haridus-_ja_noorteamet_vapp_est_rgb-1536x501.jpg 1536w, https:\/\/sisu.ut.ee\/wp-content\/uploads\/sites\/449\/haridus-_ja_noorteamet_vapp_est_rgb.jpg 1883w\" sizes=\"auto, (max-width: 1024px) 100vw, 1024px\"><\/figure>\n<\/div>\n<\/div>\n","protected":false},"excerpt":{"rendered":"<p>Tere, v\u00f5\u00f5rkeeleentusiast! Kui soovid s\u00f5navara \u00f5petamist keele\u00f5ppes\u00a0huvitavamaks teha, siis oled komistanud \u00f5ige \u00f5pppematerjali\u00a0otsa. Sellel lehel tutvustan s\u00f5navara omandamise tarkvara\u00a0Kypsis, mille algoritmid p\u00f5hinevad m\u00e4lu- ja \u00f5ppimise uuringutel. Tarkvara sobib s\u00f5navara \u00f5ppimiseks ja kordamiseks.\u00a0 See \u00f5pivara\u00a0keskendub \u00f5petaja vaatele ja n\u00e4itab Kypsise v\u00f5imalusi &#8230;<\/p>\n","protected":false},"author":234,"featured_media":0,"parent":0,"menu_order":0,"comment_status":"closed","ping_status":"closed","template":"","meta":{"_acf_changed":false,"inline_featured_image":false,"footnotes":""},"class_list":["post-3","page","type-page","status-publish","hentry"],"acf":[],"_links":{"self":[{"href":"https:\/\/sisu.ut.ee\/norra\/wp-json\/wp\/v2\/pages\/3","targetHints":{"allow":["GET"]}}],"collection":[{"href":"https:\/\/sisu.ut.ee\/norra\/wp-json\/wp\/v2\/pages"}],"about":[{"href":"https:\/\/sisu.ut.ee\/norra\/wp-json\/wp\/v2\/types\/page"}],"author":[{"embeddable":true,"href":"https:\/\/sisu.ut.ee\/norra\/wp-json\/wp\/v2\/users\/234"}],"replies":[{"embeddable":true,"href":"https:\/\/sisu.ut.ee\/norra\/wp-json\/wp\/v2\/comments?post=3"}],"version-history":[{"count":3,"href":"https:\/\/sisu.ut.ee\/norra\/wp-json\/wp\/v2\/pages\/3\/revisions"}],"predecessor-version":[{"id":45,"href":"https:\/\/sisu.ut.ee\/norra\/wp-json\/wp\/v2\/pages\/3\/revisions\/45"}],"wp:attachment":[{"href":"https:\/\/sisu.ut.ee\/norra\/wp-json\/wp\/v2\/media?parent=3"}],"curies":[{"name":"wp","href":"https:\/\/api.w.org\/{rel}","templated":true}]}}