{"id":14,"date":"2024-04-04T05:53:25","date_gmt":"2024-04-04T02:53:25","guid":{"rendered":"https:\/\/sisu.ut.ee\/nordplusisland\/appar-lexikon-ordbocker-och-andra-hjalpmedel\/"},"modified":"2024-04-04T05:53:29","modified_gmt":"2024-04-04T02:53:29","slug":"appar-lexikon-ordbocker-och-andra-hjalpmedel","status":"publish","type":"page","link":"https:\/\/sisu.ut.ee\/nordplusisland\/appar-lexikon-ordbocker-och-andra-hjalpmedel\/","title":{"rendered":"Appar, lexikon, ordb\u00f6cker och andra hj\u00e4lpmedel"},"content":{"rendered":"<p>\n\t<i><span lang=\"SV\">F\u00f6r den som vill tr\u00e4na mer svenska, ut\u00f6ka sitt ordf\u00f6rr\u00e5d eller ha kontakt med autentiskt levande spr\u00e5k kan vi rekommendera f\u00f6ljande appar f\u00f6r smarttelefoner och l\u00e4rorika internetsidor med fokus p\u00e5 det svenska spr\u00e5ket.<\/span><\/i>\n<\/p>\n<p>\n\t<i><span lang=\"SV\">Flertalet av nedanst\u00e5ende lexikon, tidningar och annan media har ocks\u00e5 egna appar.<\/span><\/i>\n<\/p>\n<p>\n\t\u00a0\n<\/p>\n<ul>\n<li>\n\t\t<b><span lang=\"SV\">Appar (ord- och frastr\u00e4ning)<\/span><\/b>\n\t<\/li>\n<\/ul>\n<p>\n\t<span lang=\"EN-US\">Learning Swedish\u00a0\u00a0 <\/span><a href=\"https:\/\/learningswedish.se\/courses\/11\"><span lang=\"EN-US\">https:\/\/learningswedish.se\/courses\/11<\/span><\/a>\n<\/p>\n<p>\n\t<span lang=\"EN-US\">Duolingo\u00a0\u00a0\u00a0\u00a0\u00a0\u00a0\u00a0\u00a0\u00a0\u00a0\u00a0\u00a0\u00a0\u00a0\u00a0\u00a0 <\/span><a href=\"https:\/\/www.duolingo.com\/\"><span lang=\"EN-US\">https:\/\/www.duolingo.com\/<\/span><\/a> \u00a0\u00a0\u00a0\u00a0\u00a0\u00a0\u00a0\u00a0\u00a0\n<\/p>\n<p>\n\t<span lang=\"EN-US\">Quizlet\u00a0\u00a0\u00a0\u00a0\u00a0\u00a0\u00a0\u00a0\u00a0\u00a0\u00a0\u00a0\u00a0\u00a0\u00a0\u00a0\u00a0\u00a0\u00a0 <\/span><a href=\"https:\/\/quizlet.com\/\"><span lang=\"EN-US\">https:\/\/quizlet.com\/<\/span><\/a> \u00a0\n<\/p>\n<p>\n\t<span lang=\"EN-US\">Memrise\u00a0\u00a0\u00a0\u00a0\u00a0\u00a0\u00a0\u00a0\u00a0\u00a0\u00a0\u00a0\u00a0\u00a0\u00a0\u00a0 <\/span><a href=\"https:\/\/www.memrise.com\/\"><span lang=\"EN-US\">https:\/\/www.memrise.com\/<\/span><\/a> \u00a0\n<\/p>\n<p>\n\t\u00a0\n<\/p>\n<ul>\n<li>\n\t\t<b><span lang=\"SV\">Lexikon och ordb\u00f6cker<\/span><\/b>\n\t<\/li>\n<\/ul>\n<p>\n\t<b><span lang=\"SV\">Lexin <\/span><\/b><span lang=\"SV\">\/ Digitalt lexikon f\u00f6r svenska och minoritetsspr\u00e5k \u00a0<\/span><a href=\"https:\/\/lexin.nada.kth.se\/lexin\"><span>https:\/\/lexin.nada.kth.se\/lexin<\/span><\/a>\n<\/p>\n<p>\n\t<b><span lang=\"SV\">Svenska Akademiens ordb\u00f6cker<\/span><\/b><span lang=\"SV\"> \/ SAOL, SO, SAOB \u00a0<\/span><a href=\"https:\/\/svenska.se\"><span>https:\/\/svenska.se<\/span><\/a>\n<\/p>\n<p>\n\t<b><span lang=\"SV\">Ord.se<\/span><\/b><span lang=\"SV\"> \/ NE:s lexikon, svenska-till och fr\u00e5n olika spr\u00e5k \u00a0<\/span><a href=\"https:\/\/ne.ord.se\/\"><span>https:\/\/ne.ord.se\/<\/span><\/a>\n<\/p>\n<p>\n\t<b><span lang=\"SV\">ISLEX <\/span><\/b><span lang=\"SV\">\/ Flerspr\u00e5kig nordisk n\u00e4tordbok\u00a0\u00a0 \u00a0\u00a0\u00a0\u00a0\u00a0\u00a0\u00a0\u00a0 \u00a0<\/span><a href=\"https:\/\/islex.arnastofnun.is\/se\/\"><span>https:\/\/islex.arnastofnun.is\/se\/<\/span><\/a>\n<\/p>\n<p>\n\t<b><span lang=\"SV\">Institutet f\u00f6r spr\u00e5k och folkminnen<\/span><\/b><span lang=\"SV\"> (Isof)\u00a0\u00a0\u00a0\u00a0\u00a0 \u00a0\u00a0\u00a0\u00a0\u00a0\u00a0\u00a0\u00a0 \u00a0<\/span><a href=\"https:\/\/www.isof.se\/\"><span>https:\/\/www.isof.se\/<\/span><\/a>\n<\/p>\n<p>\n\t\u00a0\n<\/p>\n<ul>\n<li>\n\t\t<b><span lang=\"SV\">Tidningar, radio, tv och poddar<\/span><\/b>\n\t<\/li>\n<\/ul>\n<p>\n\t<i><span lang=\"SV\">Dagens Nyheter<\/span><\/i><span lang=\"SV\"> (DN) \u00a0\u00a0\u00a0\u00a0\u00a0\u00a0\u00a0\u00a0\u00a0\u00a0\u00a0\u00a0\u00a0\u00a0\u00a0\u00a0 <\/span><a href=\"https:\/\/www.dn.se\"><span>https:\/\/www.dn.se<\/span><\/a>\n<\/p>\n<p>\n\t<i><span lang=\"SV\">Svenska Dagbladet<\/span><\/i><span lang=\"SV\"> (SvD) \u00a0\u00a0\u00a0\u00a0\u00a0\u00a0\u00a0\u00a0\u00a0 <\/span><a href=\"https:\/\/www.svd.se\"><span>https:\/\/www.svd.se<\/span><\/a>\n<\/p>\n<p>\n\t<i><span lang=\"SV\">Hufvudstadsbladet<\/span><\/i><span lang=\"SV\"> (HBL) <\/span><a href=\"https:\/\/www.hbl.fi\"><span>https:\/\/www.hbl.fi<\/span><\/a>\n<\/p>\n<p>\n\t<span lang=\"SV\">Sveriges Radio \u00a0\u00a0\u00a0\u00a0\u00a0\u00a0\u00a0\u00a0\u00a0\u00a0\u00a0\u00a0\u00a0\u00a0\u00a0 <\/span><a href=\"https:\/\/sverigesradio.se\"><span>https:\/\/sverigesradio.se<\/span><\/a>\n<\/p>\n<p>\n\t<span lang=\"SV\">UR \u2013 Sveriges utbildningsradio\u00a0\u00a0\u00a0\u00a0 <\/span><a href=\"https:\/\/www.ur.se\"><span>https:\/\/www.ur.se<\/span><\/a>\n<\/p>\n<p>\n\t<span lang=\"EN-US\">SVT Play\u00a0 \u00a0\u00a0<\/span><a href=\"https:\/\/www.svtplay.se\"><span lang=\"EN-US\">https:\/\/www.svtplay.se<\/span><\/a>\n<\/p>\n<p>\n\t<span lang=\"SV\">SVT Barn\u00a0 \u00a0<\/span><a href=\"https:\/\/www.svt.se\/barnkanalen\"><span>https:\/\/www.svt.se\/barnkanalen<\/span><\/a>\n<\/p>\n<p>\n\t\u00a0\n<\/p>\n<ul>\n<li>\n\t\t<b><span lang=\"SV\">P\u00e5 l\u00e4tt svenska<\/span><\/b>\n\t<\/li>\n<\/ul>\n<p>\n\t<span lang=\"SV\">Nyheter p\u00e5 l\u00e4tt svenska \/ TV\u00a0\u00a0\u00a0\u00a0\u00a0\u00a0\u00a0\u00a0\u00a0 <\/span><a href=\"https:\/\/www.svtplay.se\/nyheter-pa-latt-svenska\"><span>https:\/\/www.svtplay.se\/nyheter-pa-latt-svenska<\/span><\/a>\n<\/p>\n<p>\n\t<span lang=\"SV\">Klartext \/ Radio\u00a0\u00a0\u00a0\u00a0\u00a0\u00a0\u00a0\u00a0\u00a0\u00a0\u00a0\u00a0\u00a0\u00a0\u00a0\u00a0 <\/span><a href=\"https:\/\/sverigesradio.se\/klartext\"><span>https:\/\/sverigesradio.se\/klartext<\/span><\/a>\n<\/p>\n<p>\n\t<span lang=\"SV\">8 sidor \/ Tidning\u00a0\u00a0\u00a0\u00a0\u00a0\u00a0\u00a0\u00a0\u00a0\u00a0\u00a0\u00a0\u00a0\u00a0\u00a0 <\/span><a href=\"http:\/\/8sidor.se\/\"><span>http:\/\/8sidor.se\/<\/span><\/a>\n<\/p>\n<p>\n\t\u00a0\n<\/p>\n<ul>\n<li>\n\t\t<b><span lang=\"EN-US\">Spr\u00e5kutbyte online<\/span><\/b>\n\t<\/li>\n<\/ul>\n<p>\n\t<span lang=\"EN-US\">My Language Exchange\u00a0\u00a0\u00a0 (MLE)\u00a0\u00a0\u00a0\u00a0\u00a0\u00a0\u00a0\u00a0\u00a0 <\/span><a href=\"https:\/\/www.mylanguageexchange.com\"><span lang=\"EN-US\">https:\/\/www.mylanguageexchange.com<\/span><\/a>\n<\/p>\n<p>\n\t\u00a0\n<\/p>\n<ul>\n<li>\n\t\t<b><span lang=\"SV\">Material f\u00f6r spr\u00e5kpartnerstudier<\/span><\/b>\n\t<\/li>\n<\/ul>\n<p>\n\t<span lang=\"EN-US\">SEAGULL\u00a0\u00a0\u00a0\u00a0\u00a0\u00a0\u00a0\u00a0\u00a0\u00a0\u00a0\u00a0\u00a0\u00a0\u00a0\u00a0\u00a0\u00a0\u00a0\u00a0\u00a0\u00a0\u00a0\u00a0 <\/span><a href=\"http:\/\/seagull-tandem.eu\"><span lang=\"EN-US\">http:\/\/seagull-tandem.eu<\/span><\/a><\/p>\n","protected":false},"excerpt":{"rendered":"<p>F\u00f6r den som vill tr\u00e4na mer svenska, ut\u00f6ka sitt ordf\u00f6rr\u00e5d eller ha kontakt med autentiskt levande spr\u00e5k kan vi rekommendera f\u00f6ljande appar f\u00f6r smarttelefoner och l\u00e4rorika internetsidor med fokus p\u00e5 det svenska spr\u00e5ket. Flertalet av nedanst\u00e5ende lexikon, tidningar och annan &#8230;<\/p>\n","protected":false},"author":28,"featured_media":0,"parent":0,"menu_order":0,"comment_status":"closed","ping_status":"closed","template":"","meta":{"_acf_changed":false,"inline_featured_image":false,"footnotes":""},"class_list":["post-14","page","type-page","status-publish","hentry"],"acf":[],"_links":{"self":[{"href":"https:\/\/sisu.ut.ee\/nordplusisland\/wp-json\/wp\/v2\/pages\/14","targetHints":{"allow":["GET"]}}],"collection":[{"href":"https:\/\/sisu.ut.ee\/nordplusisland\/wp-json\/wp\/v2\/pages"}],"about":[{"href":"https:\/\/sisu.ut.ee\/nordplusisland\/wp-json\/wp\/v2\/types\/page"}],"author":[{"embeddable":true,"href":"https:\/\/sisu.ut.ee\/nordplusisland\/wp-json\/wp\/v2\/users\/28"}],"replies":[{"embeddable":true,"href":"https:\/\/sisu.ut.ee\/nordplusisland\/wp-json\/wp\/v2\/comments?post=14"}],"version-history":[{"count":1,"href":"https:\/\/sisu.ut.ee\/nordplusisland\/wp-json\/wp\/v2\/pages\/14\/revisions"}],"predecessor-version":[{"id":29,"href":"https:\/\/sisu.ut.ee\/nordplusisland\/wp-json\/wp\/v2\/pages\/14\/revisions\/29"}],"wp:attachment":[{"href":"https:\/\/sisu.ut.ee\/nordplusisland\/wp-json\/wp\/v2\/media?parent=14"}],"curies":[{"name":"wp","href":"https:\/\/api.w.org\/{rel}","templated":true}]}}