{"id":10,"date":"2024-04-04T05:53:25","date_gmt":"2024-04-04T02:53:25","guid":{"rendered":"https:\/\/sisu.ut.ee\/nordplusisland\/theories-and-research\/"},"modified":"2024-04-04T05:53:29","modified_gmt":"2024-04-04T02:53:29","slug":"theories-and-research","status":"publish","type":"page","link":"https:\/\/sisu.ut.ee\/nordplusisland\/theories-and-research\/","title":{"rendered":"Theories and Research"},"content":{"rendered":"<p>\n\t<b><span lang=\"SV\"><span style=\"color:#4472c4\">L\u00e4rarhandledning f\u00f6r responsarbete med studenters texter<\/span><\/span><\/b>\n<\/p>\n<p>\n\t\u00a0\n<\/p>\n<p>\n\t<b><span lang=\"SV\">N\u00e4tbaserad undervisning<\/span><\/b>\n<\/p>\n<p>\n\t<b><span lang=\"SV\">Svenska institutet: \u00a0Webbinarium 25 mars 2021<\/span><\/b>\n<\/p>\n<p>\n\t<b><span lang=\"SV\"><span style=\"color:#4472c4\">Vilken respons ger l\u00e4rare i svenskundervisning och vad vill elever ha? <\/span><\/span><\/b>\n<\/p>\n<p>\n\t<b>\u00c4mne: <\/b>Presentationen diskuterar framf\u00f6rallt de psykologiska-pedagogiska aspekterna i samband med respons. Fr\u00e5gor som behandlas avser framf\u00f6rallt s\u00e4ttet att ge respons p\u00e5 (t.ex. ber\u00f6m och information) ur l\u00e4rar- och elevperspektiv. Sedan diskuteras olika dilemman l\u00e4rare beh\u00f6ver handskas med i responsarbetet i n\u00e4tbaserad undervisning och till slut f\u00e5r vi tips och r\u00e5d om medvetna didaktiska val som l\u00e4rare kan g\u00f6ra f\u00f6r att engagera och motivera elever till l\u00e4rande.<\/p>\n<p><b>F\u00f6rel\u00e4sare: <\/b>Liivi Jakobson, Universitetslektor i svenska som andraspr\u00e5k \/ H\u00f6gskolan Dalarna\n<\/p>\n<p>\n\t<b>Doktorsavhandling:<\/b> <i>Skriftlig l\u00e4rarrespons f\u00f6r vuxna nyb\u00f6rjare i svenska som andraspr\u00e5k: teoretiska perspektiv, responspraktik och uppfattningar<\/i> (2019 \/ G\u00f6teborgs universitet)\n<\/p>\n<p>\n\t<b>Avhandlingens tre forskningsomr\u00e5den <\/b>\n<\/p>\n<ol style=\"margin-left: 40px\">\n<li>\n\t\t<b>Vad ger l\u00e4rare respons p\u00e5? (Responspraktik)<\/b><br><span lang=\"EN-US\" style=\"color:#4472c4\">What do teachers focus on and in what manner is feedback given?<\/span>\n\t<\/li>\n<li>\n\t\t<b>Vad har l\u00e4rare f\u00f6r uppfattning om respons?<\/b><br><span lang=\"EN-US\" style=\"color:#2e74b5\">What are the teachers\u2019 beliefs about feedback?<\/span>\n\t<\/li>\n<li>\n\t\t<b>Vad har elever f\u00f6r uppfattning om respons?<\/b><br><span lang=\"EN-US\" style=\"color:#4472c4\">What are the students\u2019 preferences concerning feedback?<\/span>\n\t<\/li>\n<\/ol>\n<p>\n\tAvhandlingen fokuserar p\u00e5 skriftlig respons p\u00e5 skrivande och uttal i n\u00e4tbaserad undervisning och unders\u00f6ker vad vi vet om l\u00e4rarrespons.\n<\/p>\n<p>\n\tNoterbart \u00e4r att Liivi framh\u00e5ller att andraspr\u00e5kskontext (fr\u00e4mmandespr\u00e5kskontext) \u00e4r relativt outforskad i Norden \u2013 speciellt vad g\u00e4ller nyb\u00f6rjare.\n<\/p>\n<p>\n\t\u00a0\n<\/p>\n<p>\n\t<b><span lang=\"SV\"><span style=\"color:#4472c4\">WEBBINARIETS RUBRIKER OCH INNEH\u00c5LL<\/span><\/span><\/b>\n<\/p>\n<p>\n\t<b><span lang=\"IS\" style=\"color:#4472c4\">A. RESPONS<\/span><\/b>\n<\/p>\n<p>\n\t<b>Respons<\/b> = Feedback = \u00c5terkoppling = Formativ bed\u00f6mning\n<\/p>\n<p>\n\t<b>Responskontext: <\/b>Svarar p\u00e5 fr\u00e5gan hur man ger respons i ett spr\u00e5kklassrum.\n<\/p>\n<p>\n\t<b>Vem levererar: <\/b>L\u00e4rare \/ Studenter \/ Digitala verktyg <b>\u2013 <\/b>exempelvis onlinekursen Learning Swedish\u00a0 <a href=\"https:\/\/learningswedish.se\/courses\/11\">https:\/\/learningswedish.se\/courses\/11<\/a>\n<\/p>\n<p>\n\t<b>Omgivning och tidpunkt: <\/b>Fysiskt klassrum \/ N\u00e4tbaserat klassrum \/ Blended learning (kombination av fysiskt och n\u00e4tbaserat l\u00e4rande) \/<b> <\/b>P\u00e5 distans med eller utan virtuella m\u00f6ten \/ Synkront eller Asynkront \/ Kombination av Synkront och Asynkront\n<\/p>\n<p>\n\t<b>Typer av Respons: Skriftligt<\/b> \u2013 p\u00e5 skrift och tal (uttal) \/ <b>Muntligt<\/b> \u2013 p\u00e5 skrift och tal (uttal)\n<\/p>\n<p>\n\t<b><span lang=\"IS\" style=\"color:#4472c4\">1. Vad \u00e4r formativ respons?<\/span><\/b>\n<\/p>\n<p>\n\tTill skillnad fr\u00e5n <i>summativ bed\u00f6mning<\/i>, som ofta handlar om att summera resultat i slutet av en kurs eller period, \u00e4r <i>formativ bed\u00f6mning<\/i> till f\u00f6r studenters l\u00e4rande. I enlighet med det formativa arbetss\u00e4ttet ska man bed\u00f6ma elever f\u00f6r att fr\u00e4mja deras l\u00e4rande. Detta inneb\u00e4r att respons \u00e4r en grundbult i formativ bed\u00f6mning och l\u00e4rare m\u00e5ste vara medvetna om hur olika typer av respons p\u00e5verkar studenters l\u00e4rande.\n<\/p>\n<ul style=\"margin-left: 40px\">\n<li>\n\t\tOrdet \u201dformativ\u201d syftar p\u00e5 bed\u00f6mningens \/ responsens formerande och utbildande karakt\u00e4r och avser framtida l\u00e4rande och utveckling\n\t<\/li>\n<li>\n\t\tFormativ respons f\u00f6rb\u00e4ttrar l\u00e4randet enbart om den \u00e4r en del av l\u00e4randeprocessen \u2013 en del av undervisningen\n\t<\/li>\n<li>\n\t\tFormativ respons best\u00e5r av tv\u00e5 viktiga komponenter:\n\t<\/li>\n<\/ul>\n<p>\n\t<b>Steg 1<\/b> \u00a0\u00a0Att l\u00e4raren f\u00f6rst tar fram bel\u00e4gg om studenternas prestation och identifierar dessa bel\u00e4gg\n<\/p>\n<p>\n\t<b>Steg 2<\/b> \u00a0\u00a0Att l\u00e4raren sedan fattar beslut utifr\u00e5n f\u00f6reg\u00e5ende steg f\u00f6r att anpassa undervisningen s\u00e5 att fortsatt l\u00e4rande kan skapas\n<\/p>\n<p>\n\t<b><span lang=\"IS\" style=\"color:#4472c4\">2. Varf\u00f6r \u00e4r respons \/ formativ bed\u00f6mning viktig?<\/span><\/b>\n<\/p>\n<p>\n\tInternationella studier har visat att formativ bed\u00f6mning f\u00f6rmodligen \u00e4r en av de effektivaste,\u00a0 och till och med den mest effektiva v\u00e4gen, f\u00f6r att \u00f6ka studenters prestationer\n<\/p>\n<p>\n\t<b>OBS! F\u00f6r m\u00e5nga (andraspr\u00e5ks)l\u00e4rare och andraspr\u00e5ksforskare \u00e4r responsarbetet den viktigaste men ocks\u00e5 sv\u00e5raste och mest tidskr\u00e4vande delen av undervisningen.<\/b>\n<\/p>\n<p>\n\t<b><span lang=\"IS\" style=\"color:#4472c4\">3. Komplexitet med respons<\/span><\/b>\n<\/p>\n<p>\n\tEn m\u00e4ngd specifikt individuella och kontextuella faktorer p\u00e5verkar responsarbetet\n<\/p>\n<p>\n\t<b><span lang=\"IS\" style=\"color:#4472c4\">4. Responsfokus och Responss\u00e4tt <\/span><\/b>\n<\/p>\n<p>\n\t<b>a. Responsanalysmodell \u2013 Tv\u00e5 dimensioner av l\u00e4rares responspraktik<\/b>\n<\/p>\n<ul style=\"margin-left: 40px\">\n<li>\n\t\t<b>Responsfokus<\/b><br><b>Vad <\/b>l\u00e4rare koncentrerar sig p\u00e5 i sina kommentarer (Aktuell kontext)\n\t<\/li>\n<li>\n\t\t<b>Responss\u00e4tt<\/b><br><b>Hur<\/b> l\u00e4rare formulerar kommentarer (Psykologisk-pedagogiska aspekter\n\t<\/li>\n<\/ul>\n<p>\n\t\u00a0\n<\/p>\n<p>\n\t<b><span lang=\"IS\" style=\"color:#4472c4\">5. Vad p\u00e5verkar l\u00e4rares responspraktik?<\/span><\/b>\n<\/p>\n<ul style=\"margin-left: 40px\">\n<li>\n\t\tL\u00e4rares personliga erfarenheter \u00e4r den faktor som har st\u00f6rst p\u00e5verkan p\u00e5 valet av respons\n\t<\/li>\n<li>\n\t\tAndra faktorer: den egna utbildningsbakgrunden, kollegornas synpunkter, institutionella f\u00f6rv\u00e4ntningar och studenters uppfattningar\n\t<\/li>\n<\/ul>\n<p>\n\t<b>Slutsats:<\/b> Valet av respons beror p\u00e5 kontexten som l\u00e4raren befinner sig i och psykologiska-pedagogiska aspekter som speglar mellanm\u00e4nskliga relationer\n<\/p>\n<p>\n\t<b><span lang=\"IS\" style=\"color:#4472c4\">B. RESPONSFOKUS <\/span><\/b>\n<\/p>\n<p>\n\t<b><span lang=\"IS\" style=\"color:#4472c4\">Vad l\u00e4rare kommenterar i en text<\/span><\/b>\n<\/p>\n<p>\n\t<b>1. \u00a0Inneh\u00e5ll<br>2. \u00a0Organisation \/ Disposition<br>3. \u00a0Spr\u00e5klig korrekthet \/ WFC \u2013 Written Corrective Feedback<\/b>\n<\/p>\n<ul style=\"margin-left: 40px\">\n<li>\n\t\tGrammatiska strukturer\n\t<\/li>\n<li>\n\t\tOrdval\n\t<\/li>\n<li>\n\t\tStavning\n\t<\/li>\n<li>\n\t\tInterpunktion\n\t<\/li>\n<li>\n\t\tSpr\u00e5k generellt\n\t<\/li>\n<\/ul>\n<p>\n\t<b>4. \u00a0H\u00e4nvisning till kursm\u00e5l<br>5. \u00a0H\u00e4nvisning till l\u00e4romedel<br>6. \u00a0Skrivande generellt<br>7. \u00a0\u00d6vrigt (utan fokus p\u00e5 skrivandet)<\/b>\n<\/p>\n<p>\n\t<br><b><span lang=\"IS\" style=\"color:#4472c4\">C. RESPONSS\u00c4TT <\/span><\/b>\n<\/p>\n<p>\n\t<b><span lang=\"IS\" style=\"color:#4472c4\">Hur l\u00e4rare kommenterar en text<\/span><\/b>\n<\/p>\n<ol>\n<li>\n\t\t<b>Information<\/b>\n\t<\/li>\n<\/ol>\n<ul style=\"margin-left: 40px\">\n<li>\n\t\tP\u00e5st\u00e5enden\n\t<\/li>\n<\/ul>\n<p>\n\t2.\u00a0<b>Kritik<\/b>\n<\/p>\n<ul style=\"margin-left: 40px\">\n<li>\n\t\tSpecifik \/ Allm\u00e4n\n\t<\/li>\n<\/ul>\n<p>\n\t3.\u00a0<b>F\u00f6rslag<\/b>\n<\/p>\n<ul style=\"margin-left: 40px\">\n<li>\n\t\tP\u00e5st\u00e5ende\u00a0 \u00a0 \u00a0L\u00e5g grad av l\u00e4rarkontroll \/ Minst kontrollerande\n\t<\/li>\n<li>\n\t\tFr\u00e5ga \u00a0\u00a0\u00a0\u00a0\u00a0\u00a0\u00a0\u00a0\u00a0\u00a0\u00a0\u00a0\u00a0St\u00f6djande respons \/ St\u00f6rre handlingsfrihet\n\t<\/li>\n<li>\n\t\tUppmaning\u00a0 \u00a0 \u00a0 H\u00f6g grad av l\u00e4rarkontroll\n\t<\/li>\n<\/ul>\n<p>\n\t4.\u00a0<b>Ber\u00f6m<\/b>\n<\/p>\n<ul style=\"margin-left: 40px\">\n<li>\n\t\tSpecifikt \/ Allm\u00e4nt\n\t<\/li>\n<\/ul>\n<p>\n\t\u00a0\n<\/p>\n<p align=\"center\" style=\"text-align:center\">\n\t<b>RESPONSS\u00c4TT<\/b>\n<\/p>\n<p align=\"center\" style=\"text-align:center\">\n\tL\u00e4raren visar sin kontrollniv\u00e5\n<\/p>\n<p align=\"center\" style=\"text-align:center\">\n\t<b>Elevcentrerad\u00a0 &lt;\u2013&gt;\u00a0 L\u00e4rarcentrerad<\/b>\n<\/p>\n<p align=\"center\" style=\"text-align:center\">\n\t<b>Kontrollniv\u00e5er p\u00e5 en skala i fem steg<\/b>\n<\/p>\n<p align=\"center\" style=\"text-align:center\">\n\t(Ytterligheterna b\u00f6r undvikas)\n<\/p>\n<p align=\"center\" style=\"text-align:center\">\n\tHelt utan kontroll \u2013 Erbjudande av hj\u00e4lp \u2013 Interaktiv \u2013 Auktoritativ \u2013 Auktorit\u00e4r kontroll\n<\/p>\n<p align=\"center\" style=\"text-align:center\">\n\t\u00a0\n<\/p>\n<p>\n\t<b><span lang=\"SV\" style=\"color:#4472c4\">Vad studenter vill ha<\/span><\/b>\n<\/p>\n<ul style=\"margin-left: 40px\">\n<li>\n\t\tDe f\u00f6redrar konkreta f\u00f6rslag och detaljerad respons \u2013 ogillar otydliga kommentarer\n\t<\/li>\n<li>\n\t\tDe uppskattar b\u00e5de detaljerat ber\u00f6m och konstruktiv kritik\n\t<\/li>\n<li>\n\t\tEn del studenter v\u00e4rderar ber\u00f6m \/ uppmuntran h\u00f6gt. Andra anser att ber\u00f6m har en mildrande effekt p\u00e5 negativa kommentarer (\u201eSugaring the pill\u201c)\n\t<\/li>\n<\/ul>\n<p>\n\t<span lang=\"IS\" style=\"font-weight: bold\">D. REKOMMENDATIONER<\/span>\n<\/p>\n<p>\n\t<b><span lang=\"IS\" style=\"color:#4472c4\">Responss\u00e4tt<\/span><\/b>\n<\/p>\n<ul style=\"margin-left: 40px\">\n<li>\n\t\tHitta \u00e5tminstone <b>en positiv specifik aspekt<\/b> i varje text s\u00e5 att studenter inte tror att allt \u00e4r d\u00e5ligt, vilket kan leda till frustration och besvikelse\n\t<\/li>\n<\/ul>\n<ul style=\"margin-left: 40px\">\n<li>\n\t\t<b>Specifika kritiska kommentarer kan vara n\u00f6dv\u00e4ndiga<\/b>, eftersom studenter annars kan tolka bristen p\u00e5 kritik som att allting var bra\n\t<\/li>\n<\/ul>\n<ul style=\"margin-left: 40px\">\n<li>\n\t\tBer\u00f6m och kritik b\u00f6r ges <b>genomt\u00e4nkt, uppriktigt, tydligt och med f\u00f6rsiktighet<\/b>\n\t<\/li>\n<\/ul>\n<ul style=\"margin-left: 40px\">\n<li>\n\t\tAnalysera och reflektera \u00f6ver hur <b>sammanhanget mellan ber\u00f6m, konstruktiv\u00a0 kritik, f\u00f6rslag och information <\/b>ser ut\n\t<\/li>\n<\/ul>\n<ul style=\"margin-left: 40px\">\n<li>\n\t\tGe <b>konstruktiva och explicita f\u00f6rslag<\/b> p\u00e5 f\u00f6rb\u00e4ttringar\n\t<\/li>\n<\/ul>\n<ul style=\"margin-left: 40px\">\n<li>\n\t\tTydligt peka p\u00e5 aspekter som <b>tidigare inte fungerat men som nu fungerar bra<\/b>\n\t<\/li>\n<\/ul>\n<p>\n\t<b><span lang=\"IS\" style=\"color:#4472c4\">L\u00e4raren b\u00f6r unders\u00f6ka och reflektera \u00f6ver sin egen respons<\/span><\/b>\n<\/p>\n<p>\n\t<b>Syfte:<\/b> Att tillf\u00f6ra nya aspekter och ny kunskap i sina egna kommentarer\n<\/p>\n<ul style=\"margin-left: 40px\">\n<li>\n\t\tVad kommenterar jag och hur g\u00f6r jag det? Varf\u00f6r?\n\t<\/li>\n<li>\n\t\tVilka responskategorier anv\u00e4nder jag regelbundet?\n\t<\/li>\n<li>\n\t\tFinns det variation i kommentarerna \u00f6ver tid och mellan olika studenter?\n\t<\/li>\n<\/ul>\n<ul style=\"margin-left: 40px\">\n<li>\n\t\t\u00c4r jag f\u00f6r kritisk eller ber\u00f6mmer jag ogrundat?\n\t<\/li>\n<li>\n\t\tVisar jag mig ocks\u00e5 som personlig l\u00e4sare\/lyssnare och inte bara som l\u00e4rare eller examinator?\n\t<\/li>\n<li>\n\t\tFinns det kommentarer som tyder p\u00e5 att responsen inte \u00e4r l\u00e4mplig och till och med skadlig? All respons \u00e4r inte effektiv!\n\t<\/li>\n<\/ul>\n<p>\n\t<b><span lang=\"SV\" style=\"color:#4472c4\">Slutsats<\/span><\/b>\n<\/p>\n<p>\n\t<b>L\u00e4rare:<\/b>\u00a0 Reflektion ger<b> <\/b>\u00f6kad medvetenhet och skicklighet i responsarbetet\n<\/p>\n<p>\n\t<b>Studenter:<\/b>\u00a0 F\u00e5r m\u00f6jlighet att i st\u00f6rre utstr\u00e4ckning dra nytta av l\u00e4rarrespons i sin spr\u00e5k\u2013 och kunskapsutveckling. Vilket leder till \u00f6kad spr\u00e5kutveckling!\n<\/p>\n<p>\n\t\u00a0<\/p>\n","protected":false},"excerpt":{"rendered":"<p>L\u00e4rarhandledning f\u00f6r responsarbete med studenters texter \u00a0 N\u00e4tbaserad undervisning Svenska institutet: \u00a0Webbinarium 25 mars 2021 Vilken respons ger l\u00e4rare i svenskundervisning och vad vill elever ha? \u00c4mne: Presentationen diskuterar framf\u00f6rallt de psykologiska-pedagogiska aspekterna i samband med respons. Fr\u00e5gor som behandlas &#8230;<\/p>\n","protected":false},"author":28,"featured_media":0,"parent":0,"menu_order":0,"comment_status":"closed","ping_status":"closed","template":"","meta":{"_acf_changed":false,"inline_featured_image":false,"footnotes":""},"class_list":["post-10","page","type-page","status-publish","hentry"],"acf":[],"_links":{"self":[{"href":"https:\/\/sisu.ut.ee\/nordplusisland\/wp-json\/wp\/v2\/pages\/10","targetHints":{"allow":["GET"]}}],"collection":[{"href":"https:\/\/sisu.ut.ee\/nordplusisland\/wp-json\/wp\/v2\/pages"}],"about":[{"href":"https:\/\/sisu.ut.ee\/nordplusisland\/wp-json\/wp\/v2\/types\/page"}],"author":[{"embeddable":true,"href":"https:\/\/sisu.ut.ee\/nordplusisland\/wp-json\/wp\/v2\/users\/28"}],"replies":[{"embeddable":true,"href":"https:\/\/sisu.ut.ee\/nordplusisland\/wp-json\/wp\/v2\/comments?post=10"}],"version-history":[{"count":1,"href":"https:\/\/sisu.ut.ee\/nordplusisland\/wp-json\/wp\/v2\/pages\/10\/revisions"}],"predecessor-version":[{"id":25,"href":"https:\/\/sisu.ut.ee\/nordplusisland\/wp-json\/wp\/v2\/pages\/10\/revisions\/25"}],"wp:attachment":[{"href":"https:\/\/sisu.ut.ee\/nordplusisland\/wp-json\/wp\/v2\/media?parent=10"}],"curies":[{"name":"wp","href":"https:\/\/api.w.org\/{rel}","templated":true}]}}