{"id":9,"date":"2024-04-04T06:42:24","date_gmt":"2024-04-04T03:42:24","guid":{"rendered":"https:\/\/sisu.ut.ee\/nordplus3\/e-learning\/"},"modified":"2024-04-04T06:42:28","modified_gmt":"2024-04-04T03:42:28","slug":"e-learning","status":"publish","type":"page","link":"https:\/\/sisu.ut.ee\/nordplus3\/e-learning\/","title":{"rendered":"E-learning"},"content":{"rendered":"<p style=\"margin-bottom:.0001pt\">\n\t<span style=\"background:white\"><span style=\"line-height:normal\"><span style=\"vertical-align:baseline\"><b><span style=\"border:nonewindowtext1.0pt;padding:0cm\"><span style=\"color:black\">e-learning <\/span><\/span><\/b><span style=\"border:nonewindowtext1.0pt;padding:0cm\"><span style=\"color:black\">(lite l\u00e4nkar till n\u00e5gra artiklar, spel, analyser fr\u00e5n <i>corona<\/i>tid mm.)<\/span><\/span><\/span><\/span><\/span>\n<\/p>\n<p style=\"margin-bottom:.0001pt\">\n\t\u00a0\n<\/p>\n<p>\n\t<strong>St\u00f6dmaterial f\u00f6r distansundervisning:<\/strong>\u00a0<a href=\"https:\/\/www.myh.se\/Nyhetsrum\/Nyheter\/2020\/Stodmaterial-for-distansundervisning\/\" rel=\"noopener noreferrer\" target=\"_blank\">https:\/\/www.myh.se\/Nyhetsrum\/Nyheter\/2020\/Stodmaterial-for-distansundervisning\/<\/a>\u00a0(St\u00f6dmaterial f\u00f6r distansundervisning)\n<\/p>\n<p>\n\t\u00a0\n<\/p>\n<p>\n\t<strong>Forskningsbaserat st\u00f6d vid onlineundervisning:\u00a0<\/strong><a href=\"https:\/\/www.skolahemma.se\/forskningsbaserat-stod-for-att-hantera-onlineundervisning-i-samband-med-coronapandemin\/\" rel=\"noopener noreferrer\" target=\"_blank\">https:\/\/www.skolahemma.se\/forskningsbaserat-stod-for-att-hantera-onlineundervisning-i-samband-med-coronapandemin\/<\/a>\u00a0(Forskningsbaserat st\u00f6d vid onlineundervisning)\n<\/p>\n<p>\n\t<strong>Tips f\u00f6r att minska belastningen:<\/strong>\u00a0<a href=\"https:\/\/www.myh.se\/Documents\/Om-oss\/Remisser-och-yttranden\/2020\/Tips-och-trix-vid-belastning-version-1-SEI-23mars2020-1.pdf\" rel=\"noopener noreferrer\" target=\"_blank\">https:\/\/www.myh.se\/Documents\/Om-oss\/Remisser-och-yttranden\/2020\/Tips-och-trix-vid-belastning-version-1-SEI-23mars2020-1.pdf<\/a>\u00a0(Tips f\u00f6r att minska belastningen)\n<\/p>\n<p>\n\t\u00a0\n<\/p>\n<p>\n\t<a href=\"https:\/\/oppimateriaalit.jamk.fi\/svenskaforarbetslivet\/\" rel=\"noopener noreferrer\" target=\"_blank\">https:\/\/oppimateriaalit.jamk.fi\/svenskaforarbetslivet\/<\/a>\u00a0(B\u00e4ttre pedagogik p\u00e5 n\u00e4tet)\n<\/p>\n<p>\n\t<a href=\"https:\/\/www.theseus.fi\/bitstream\/handle\/10024\/156842\/Wallenius_Lehto_Votkin_Halsas.pdf?sequence=1&amp;isAllowed=y\" rel=\"noopener noreferrer\" target=\"_blank\">https:\/\/www.theseus.fi\/bitstream\/handle\/10024\/156842\/Wallenius_Lehto_Votkin_Halsas.pdf?sequence=1&amp;isAllowed=y<\/a>\u00a0 (Online Platform for digital multi-disciplinary language learning).<br>\u00a0\n<\/p>\n<p>\n\tBlended Learning<br><span class=\"file media-element file-os-files-link\" data-file_info=\"%7B%22fid%22:%2274739%22,%22view_mode%22:%22os_files_link%22,%22type%22:%22media%22%7D\"><img decoding=\"async\" alt=\"\" class=\"file-icon\" src=\"\/profiles\/openscholar\/modules\/os\/modules\/os_files\/icons\/application-pdf.svg\"> <a href=\"https:\/\/sisu.ut.ee\/wp-content\/uploads\/sites\/459\/blended_learning_.pdf\">blended_learning_.pdf<\/a><\/span>\n<\/p>\n<p>\n\t<span lang=\"SV\">L\u00e4rarhandledning f\u00f6r responsarbete med studenters texter<\/span>\n<\/p>\n<p>\n\t<span class=\"file media-element file-os-files-link\" data-file_info=\"%7B%22fid%22:%2274740%22,%22view_mode%22:%22os_files_link%22,%22type%22:%22media%22%7D\"><img decoding=\"async\" alt=\"\" class=\"file-icon\" src=\"\/profiles\/openscholar\/modules\/os\/modules\/os_files\/icons\/application-pdf.svg\"> <a href=\"https:\/\/sisu.ut.ee\/wp-content\/uploads\/sites\/459\/lararhandledning_om_responsarbete_1.pdf\">lararhandledning_om_responsarbete_1.pdf<\/a><\/span>\n<\/p>\n<p>\n\tAppar, lexikon, ordb\u00f6cker och andra hj\u00e4lpmedel\n<\/p>\n<p>\n\t<span class=\"file media-element file-os-files-link\" data-file_info=\"%7B%22fid%22:%2274741%22,%22view_mode%22:%22os_files_link%22,%22type%22:%22media%22%7D\"><img decoding=\"async\" alt=\"\" class=\"file-icon\" src=\"\/profiles\/openscholar\/modules\/os\/modules\/os_files\/icons\/application-pdf.svg\"> <a href=\"https:\/\/sisu.ut.ee\/wp-content\/uploads\/sites\/459\/appar_och_andra_hjalpmedel.pdf\">appar_och_andra_hjalpmedel.pdf<\/a><\/span><\/p>\n","protected":false},"excerpt":{"rendered":"<p>e-learning (lite l\u00e4nkar till n\u00e5gra artiklar, spel, analyser fr\u00e5n coronatid mm.) \u00a0 St\u00f6dmaterial f\u00f6r distansundervisning:\u00a0https:\/\/www.myh.se\/Nyhetsrum\/Nyheter\/2020\/Stodmaterial-for-distansundervisning\/\u00a0(St\u00f6dmaterial f\u00f6r distansundervisning) \u00a0 Forskningsbaserat st\u00f6d vid onlineundervisning:\u00a0https:\/\/www.skolahemma.se\/forskningsbaserat-stod-for-att-hantera-onlineundervisning-i-samband-med-coronapandemin\/\u00a0(Forskningsbaserat st\u00f6d vid onlineundervisning) Tips f\u00f6r att minska belastningen:\u00a0https:\/\/www.myh.se\/Documents\/Om-oss\/Remisser-och-yttranden\/2020\/Tips-och-trix-vid-belastning-version-1-SEI-23mars2020-1.pdf\u00a0(Tips f\u00f6r att minska belastningen) \u00a0 https:\/\/oppimateriaalit.jamk.fi\/svenskaforarbetslivet\/\u00a0(B\u00e4ttre pedagogik p\u00e5 n\u00e4tet) https:\/\/www.theseus.fi\/bitstream\/handle\/10024\/156842\/Wallenius_Lehto_Votkin_Halsas.pdf?sequence=1&amp;isAllowed=y\u00a0 &#8230;<\/p>\n","protected":false},"author":28,"featured_media":0,"parent":0,"menu_order":0,"comment_status":"closed","ping_status":"closed","template":"","meta":{"_acf_changed":false,"inline_featured_image":false,"footnotes":""},"class_list":["post-9","page","type-page","status-publish","hentry"],"acf":[],"_links":{"self":[{"href":"https:\/\/sisu.ut.ee\/nordplus3\/wp-json\/wp\/v2\/pages\/9","targetHints":{"allow":["GET"]}}],"collection":[{"href":"https:\/\/sisu.ut.ee\/nordplus3\/wp-json\/wp\/v2\/pages"}],"about":[{"href":"https:\/\/sisu.ut.ee\/nordplus3\/wp-json\/wp\/v2\/types\/page"}],"author":[{"embeddable":true,"href":"https:\/\/sisu.ut.ee\/nordplus3\/wp-json\/wp\/v2\/users\/28"}],"replies":[{"embeddable":true,"href":"https:\/\/sisu.ut.ee\/nordplus3\/wp-json\/wp\/v2\/comments?post=9"}],"version-history":[{"count":1,"href":"https:\/\/sisu.ut.ee\/nordplus3\/wp-json\/wp\/v2\/pages\/9\/revisions"}],"predecessor-version":[{"id":38,"href":"https:\/\/sisu.ut.ee\/nordplus3\/wp-json\/wp\/v2\/pages\/9\/revisions\/38"}],"wp:attachment":[{"href":"https:\/\/sisu.ut.ee\/nordplus3\/wp-json\/wp\/v2\/media?parent=9"}],"curies":[{"name":"wp","href":"https:\/\/api.w.org\/{rel}","templated":true}]}}