{"id":7,"date":"2024-04-04T06:42:24","date_gmt":"2024-04-04T03:42:24","guid":{"rendered":"https:\/\/sisu.ut.ee\/nordplus3\/about-project\/"},"modified":"2024-04-04T06:42:28","modified_gmt":"2024-04-04T03:42:28","slug":"about-project","status":"publish","type":"page","link":"https:\/\/sisu.ut.ee\/nordplus3\/about-project\/","title":{"rendered":"Teori"},"content":{"rendered":"<p style=\"margin-bottom:.0001pt\">\n\t<span style=\"background:white\"><span style=\"line-height:normal\"><span style=\"vertical-align:baseline\"><b><span style=\"border:nonewindowtext1.0pt;padding:0cm\"><span style=\"color:black\">Teori<\/span><\/span><\/b><span style=\"border:nonewindowtext1.0pt;padding:0cm\"><span style=\"color:black\"> (utbildning, inl\u00e4rning, spr\u00e5kinl\u00e4rning) <\/span><\/span><\/span><\/span><\/span>\n<\/p>\n<p style=\"margin-bottom:.0001pt\">\n\t\u00a0\n<\/p>\n<p>\n\tEn gratis online tidning f\u00f6r l\u00e4rare i engelska med en m\u00e4ngd lektionsid\u00e9er, artiklar om spr\u00e5kundervisningen. Kan l\u00e4tt anp<br>(jelenalt)\n<\/p>\n<p>\n\t<a data-auth=\"NotApplicable\" href=\"https:\/\/www.teachingenglish.org.uk\/article\/starter-teachers-a-methodology-course-classroom\" rel=\"noopener noreferrer\" target=\"_blank\">https:\/\/www.teachingenglish.org.uk\/article\/starter-teachers-a-methodology-course-classroom<\/a><br>L\u00e4nken inneh\u00e5ller PDF-fil (<a data-auth=\"NotApplicable\" href=\"https:\/\/www.teachingenglish.org.uk\/sites\/teacheng\/files\/pub_Starter%20Teachers%20A%20methodology%20course%20for%20the%20classroom.pdf\" rel=\"noopener noreferrer\" target=\"_blank\" title=\"pub_Starter Teachers A methodology course for the classroom.pdf\">Starter Teachers: A methodology course for the classroom<\/a>). Den har b\u00e5de teoretisk del och viktigaste, praktiska tips om undervisningsmetodik.<\/p>\n","protected":false},"excerpt":{"rendered":"<p>Teori (utbildning, inl\u00e4rning, spr\u00e5kinl\u00e4rning) \u00a0 En gratis online tidning f\u00f6r l\u00e4rare i engelska med en m\u00e4ngd lektionsid\u00e9er, artiklar om spr\u00e5kundervisningen. Kan l\u00e4tt anp(jelenalt) https:\/\/www.teachingenglish.org.uk\/article\/starter-teachers-a-methodology-course-classroomL\u00e4nken inneh\u00e5ller PDF-fil (Starter Teachers: A methodology course for the classroom). Den har b\u00e5de teoretisk del och &#8230;<\/p>\n","protected":false},"author":28,"featured_media":0,"parent":0,"menu_order":0,"comment_status":"closed","ping_status":"closed","template":"","meta":{"_acf_changed":false,"inline_featured_image":false,"footnotes":""},"class_list":["post-7","page","type-page","status-publish","hentry"],"acf":[],"_links":{"self":[{"href":"https:\/\/sisu.ut.ee\/nordplus3\/wp-json\/wp\/v2\/pages\/7","targetHints":{"allow":["GET"]}}],"collection":[{"href":"https:\/\/sisu.ut.ee\/nordplus3\/wp-json\/wp\/v2\/pages"}],"about":[{"href":"https:\/\/sisu.ut.ee\/nordplus3\/wp-json\/wp\/v2\/types\/page"}],"author":[{"embeddable":true,"href":"https:\/\/sisu.ut.ee\/nordplus3\/wp-json\/wp\/v2\/users\/28"}],"replies":[{"embeddable":true,"href":"https:\/\/sisu.ut.ee\/nordplus3\/wp-json\/wp\/v2\/comments?post=7"}],"version-history":[{"count":1,"href":"https:\/\/sisu.ut.ee\/nordplus3\/wp-json\/wp\/v2\/pages\/7\/revisions"}],"predecessor-version":[{"id":36,"href":"https:\/\/sisu.ut.ee\/nordplus3\/wp-json\/wp\/v2\/pages\/7\/revisions\/36"}],"wp:attachment":[{"href":"https:\/\/sisu.ut.ee\/nordplus3\/wp-json\/wp\/v2\/media?parent=7"}],"curies":[{"name":"wp","href":"https:\/\/api.w.org\/{rel}","templated":true}]}}