{"id":6,"date":"2024-04-04T06:42:24","date_gmt":"2024-04-04T03:42:24","guid":{"rendered":"https:\/\/sisu.ut.ee\/nordplus3\/avaleht\/"},"modified":"2024-04-04T06:42:28","modified_gmt":"2024-04-04T03:42:28","slug":"avaleht","status":"publish","type":"page","link":"https:\/\/sisu.ut.ee\/nordplus3\/","title":{"rendered":"About the Project"},"content":{"rendered":"<p>\n\tM\u00e5let med metodikprojektet \u00e4r att sprida<b>\u00a0information och kunskap\u00a0<\/b><b>om\u00a0 spr\u00e5kundervisning.\u00a0 \u00a0<\/b>\n<\/p>\n<p>\n\t<b>Projektet fokuserar sig p\u00e5 undervisningsmetodik, -teorier och\u00a0-praktik, g\u00e4llande undervisining av fr\u00e4mmande spr\u00e5k\u00a0 (svenska) i h\u00f6gskolor i Baltikum och Norden<\/b>.\u00a0\n<\/p>\n<p>\n\tEn speciell kategori som vi fokuserar p\u00e5 \u00e4r utbildning och medborgarskap.\n<\/p>\n<p>\n\t\u00a0\n<\/p>\n<p>\n\tThe goal of this project is to provide a Forum for our Nordic\/Baltic cooperation partners for developing, researching, spreading information and doing research on learning and teaching of Swedish in higher-educational settings.\n<\/p>\n<p>\n\tIn addition to the International Project Meetings and International Project Seminars that will be carried out in each participant country, organised by each Project member, the current webb-page for a depository of links on relevant materials, and a collection of articles on methodology and learning\/teaching will be published.\n<\/p>\n<p>\n\tThe cooperation includes Latvia, Estonia, Iceland and Sweden universities and high-schools and extends over a longer period of cooperation that covers already two different international projects together with ( partially) same partnerships.\u00a0\n<\/p>\n<p>\n\t\u00a0<\/p>\n","protected":false},"excerpt":{"rendered":"<p>M\u00e5let med metodikprojektet \u00e4r att sprida\u00a0information och kunskap\u00a0om\u00a0 spr\u00e5kundervisning.\u00a0 \u00a0 Projektet fokuserar sig p\u00e5 undervisningsmetodik, -teorier och\u00a0-praktik, g\u00e4llande undervisining av fr\u00e4mmande spr\u00e5k\u00a0 (svenska) i h\u00f6gskolor i Baltikum och Norden.\u00a0 En speciell kategori som vi fokuserar p\u00e5 \u00e4r utbildning och medborgarskap. &#8230;<\/p>\n","protected":false},"author":28,"featured_media":0,"parent":0,"menu_order":0,"comment_status":"closed","ping_status":"closed","template":"","meta":{"_acf_changed":false,"inline_featured_image":false,"footnotes":""},"class_list":["post-6","page","type-page","status-publish","hentry"],"acf":[],"_links":{"self":[{"href":"https:\/\/sisu.ut.ee\/nordplus3\/wp-json\/wp\/v2\/pages\/6","targetHints":{"allow":["GET"]}}],"collection":[{"href":"https:\/\/sisu.ut.ee\/nordplus3\/wp-json\/wp\/v2\/pages"}],"about":[{"href":"https:\/\/sisu.ut.ee\/nordplus3\/wp-json\/wp\/v2\/types\/page"}],"author":[{"embeddable":true,"href":"https:\/\/sisu.ut.ee\/nordplus3\/wp-json\/wp\/v2\/users\/28"}],"replies":[{"embeddable":true,"href":"https:\/\/sisu.ut.ee\/nordplus3\/wp-json\/wp\/v2\/comments?post=6"}],"version-history":[{"count":1,"href":"https:\/\/sisu.ut.ee\/nordplus3\/wp-json\/wp\/v2\/pages\/6\/revisions"}],"predecessor-version":[{"id":35,"href":"https:\/\/sisu.ut.ee\/nordplus3\/wp-json\/wp\/v2\/pages\/6\/revisions\/35"}],"wp:attachment":[{"href":"https:\/\/sisu.ut.ee\/nordplus3\/wp-json\/wp\/v2\/media?parent=6"}],"curies":[{"name":"wp","href":"https:\/\/api.w.org\/{rel}","templated":true}]}}