{"id":4,"date":"2024-04-04T06:42:23","date_gmt":"2024-04-04T03:42:23","guid":{"rendered":"https:\/\/sisu.ut.ee\/nordplus3\/aktuella-lankar-med-materjal-for-larare-och-studenter\/"},"modified":"2024-04-04T06:42:28","modified_gmt":"2024-04-04T03:42:28","slug":"aktuella-lankar-med-materjal-for-larare-och-studenter","status":"publish","type":"page","link":"https:\/\/sisu.ut.ee\/nordplus3\/aktuella-lankar-med-materjal-for-larare-och-studenter\/","title":{"rendered":"Aktuella l\u00e4nkar med materjal f\u00f6r l\u00e4rare och studenter"},"content":{"rendered":"<p>\u2026<\/p>\n","protected":false},"excerpt":{"rendered":"<p>\u2026<\/p>\n","protected":false},"author":28,"featured_media":0,"parent":0,"menu_order":0,"comment_status":"closed","ping_status":"closed","template":"","meta":{"_acf_changed":false,"inline_featured_image":false,"footnotes":""},"class_list":["post-4","page","type-page","status-publish","hentry"],"acf":[],"_links":{"self":[{"href":"https:\/\/sisu.ut.ee\/nordplus3\/wp-json\/wp\/v2\/pages\/4","targetHints":{"allow":["GET"]}}],"collection":[{"href":"https:\/\/sisu.ut.ee\/nordplus3\/wp-json\/wp\/v2\/pages"}],"about":[{"href":"https:\/\/sisu.ut.ee\/nordplus3\/wp-json\/wp\/v2\/types\/page"}],"author":[{"embeddable":true,"href":"https:\/\/sisu.ut.ee\/nordplus3\/wp-json\/wp\/v2\/users\/28"}],"replies":[{"embeddable":true,"href":"https:\/\/sisu.ut.ee\/nordplus3\/wp-json\/wp\/v2\/comments?post=4"}],"version-history":[{"count":1,"href":"https:\/\/sisu.ut.ee\/nordplus3\/wp-json\/wp\/v2\/pages\/4\/revisions"}],"predecessor-version":[{"id":45,"href":"https:\/\/sisu.ut.ee\/nordplus3\/wp-json\/wp\/v2\/pages\/4\/revisions\/45"}],"wp:attachment":[{"href":"https:\/\/sisu.ut.ee\/nordplus3\/wp-json\/wp\/v2\/media?parent=4"}],"curies":[{"name":"wp","href":"https:\/\/api.w.org\/{rel}","templated":true}]}}