{"id":3,"date":"2024-04-04T06:42:23","date_gmt":"2024-04-04T03:42:23","guid":{"rendered":"https:\/\/sisu.ut.ee\/nordplus3\/participants\/"},"modified":"2024-04-04T06:42:28","modified_gmt":"2024-04-04T03:42:28","slug":"participants","status":"publish","type":"page","link":"https:\/\/sisu.ut.ee\/nordplus3\/participants\/","title":{"rendered":"Participants"},"content":{"rendered":"<p>\n\t<strong>Finland<\/strong>\n<\/p>\n<p>\n\tHilkka Bergman, civileconom, magister i filologi och lektor i svenska spr\u00e5ket och kommunikation vid \u00c5bo yrkesh\u00f6gskola.<br>Minna Bj\u00f6rkberg-Suominen, magister i filologi och lektor i svenska spr\u00e5ket och kommunikation vid \u00c5bo yrkesh\u00f6gskola.\n<\/p>\n<p>\n\t<strong>Lettland<\/strong>\n<\/p>\n<p>\n\tJe\u013cena Tretjakova, fil.dr. i j\u00e4mf\u00f6rande spr\u00e5kvetenskap, lektor i svenska spr\u00e5ket vid universitetet i Daugavpils.<br>Zane Va\u013cule, magister i \u00f6vers\u00e4ttning och lektor i svenska spr\u00e5ket vid universitetet i Daugavpils.\n<\/p>\n<p>\n\t<strong>Sverige<\/strong>\n<\/p>\n<p>\n\tSarah Ljungquist, Ph.D, universitetslektor i genusvetenskap och litteraturvetenskap p\u00e5 \u00e4mnesavdelningen Svenska spr\u00e5ket och genusvetenskap, Avdelningen f\u00f6r humaniora vid H\u00f6gskolan i G\u00e4vle\n<\/p>\n<p>\n\t<strong>Litauen<\/strong>\n<\/p>\n<p>\n\tVirginija Jurgaityt\u0117, lektor i svenska vid Institutionen f\u00f6r filologi vid Fakulteten f\u00f6r samh\u00e4llsvetenskapliga och humaniora \u00e4mnen, Klaipeda universitet\n<\/p>\n<p>\n\t<strong>Estland<\/strong>\n<\/p>\n<p>\n\tKristina Mullamaa, PhD, lektor i engelska och svenska vid Tartu universitet.<br>Viivika Voodla, fil.kand. med huvud\u00e4mnet svenska, studieadministrat\u00f6r vid Tartu universitet.\n<\/p>\n<p>\n\t\u00a0<\/p>\n","protected":false},"excerpt":{"rendered":"<p>Finland Hilkka Bergman, civileconom, magister i filologi och lektor i svenska spr\u00e5ket och kommunikation vid \u00c5bo yrkesh\u00f6gskola.Minna Bj\u00f6rkberg-Suominen, magister i filologi och lektor i svenska spr\u00e5ket och kommunikation vid \u00c5bo yrkesh\u00f6gskola. Lettland Je\u013cena Tretjakova, fil.dr. i j\u00e4mf\u00f6rande spr\u00e5kvetenskap, lektor i &#8230;<\/p>\n","protected":false},"author":28,"featured_media":0,"parent":0,"menu_order":0,"comment_status":"closed","ping_status":"closed","template":"","meta":{"_acf_changed":false,"inline_featured_image":false,"footnotes":""},"class_list":["post-3","page","type-page","status-publish","hentry"],"acf":[],"_links":{"self":[{"href":"https:\/\/sisu.ut.ee\/nordplus3\/wp-json\/wp\/v2\/pages\/3","targetHints":{"allow":["GET"]}}],"collection":[{"href":"https:\/\/sisu.ut.ee\/nordplus3\/wp-json\/wp\/v2\/pages"}],"about":[{"href":"https:\/\/sisu.ut.ee\/nordplus3\/wp-json\/wp\/v2\/types\/page"}],"author":[{"embeddable":true,"href":"https:\/\/sisu.ut.ee\/nordplus3\/wp-json\/wp\/v2\/users\/28"}],"replies":[{"embeddable":true,"href":"https:\/\/sisu.ut.ee\/nordplus3\/wp-json\/wp\/v2\/comments?post=3"}],"version-history":[{"count":1,"href":"https:\/\/sisu.ut.ee\/nordplus3\/wp-json\/wp\/v2\/pages\/3\/revisions"}],"predecessor-version":[{"id":44,"href":"https:\/\/sisu.ut.ee\/nordplus3\/wp-json\/wp\/v2\/pages\/3\/revisions\/44"}],"wp:attachment":[{"href":"https:\/\/sisu.ut.ee\/nordplus3\/wp-json\/wp\/v2\/media?parent=3"}],"curies":[{"name":"wp","href":"https:\/\/api.w.org\/{rel}","templated":true}]}}