{"id":14,"date":"2024-04-04T06:42:24","date_gmt":"2024-04-04T03:42:24","guid":{"rendered":"https:\/\/sisu.ut.ee\/nordplus3\/manniska-makt-samhalle\/"},"modified":"2024-04-04T06:42:28","modified_gmt":"2024-04-04T03:42:28","slug":"manniska-makt-samhalle","status":"publish","type":"page","link":"https:\/\/sisu.ut.ee\/nordplus3\/manniska-makt-samhalle\/","title":{"rendered":"M\u00e4nniska, makt, samh\u00e4lle"},"content":{"rendered":"<p>\n\tM\u00e4nniskov\u00e4rde och samh\u00e4llsmilj\u00f6\n<\/p>\n<p>\n\t<a data-auth=\"NotApplicable\" data-linkindex=\"0\" href=\"https:\/\/connect.sunet.se\/p4ktuvdop9f\/\" id=\"LPlnk890745\" rel=\"noopener noreferrer\" target=\"_blank\">https:\/\/connect.sunet.se\/p4ktuvdop9f\/<\/a>\n<\/p>\n<p>\n\tFunktionalitet och normkritiska strategier\n<\/p>\n<p>\n\t<a data-auth=\"NotApplicable\" data-linkindex=\"1\" href=\"https:\/\/connect.sunet.se\/p7gc1thzdpa\/\" id=\"LPlnk535989\" rel=\"noopener noreferrer\" target=\"_blank\">https:\/\/connect.sunet.se\/p7gc1thzdpa\/<\/a>\n<\/p>\n<p>\n\t\u00a0\n<\/p>\n<p>\n\tDemokrati, maktordningar m.m.\u00a0\n<\/p>\n<p>\n\t<a data-auth=\"NotApplicable\" data-linkindex=\"2\" href=\"https:\/\/play.hig.se\/media\/t\/0_omkiz26h\" id=\"LPlnk785854\" rel=\"noopener noreferrer\" target=\"_blank\">https:\/\/play.hig.se\/media\/t\/0_omkiz26h<\/a>\n<\/p>\n<p>\n\t\u00a0\n<\/p>\n<p>\n\tPaula Larsson \u201cVardagsv\u00e5ld, mobbning och mobbningsf\u00f6rebyggande arbete i svensk skolkontext\u201d\n<\/p>\n<p>\n\t<span class=\"file media-element file-os-files-link\" data-file_info=\"%7B%22fid%22:%2274735%22,%22view_mode%22:%22os_files_link%22,%22type%22:%22media%22%7D\"><img decoding=\"async\" alt=\"\" class=\"file-icon\" src=\"\/profiles\/openscholar\/modules\/os\/modules\/os_files\/icons\/application-pdf.svg\"> <a href=\"https:\/\/sisu.ut.ee\/wp-content\/uploads\/sites\/459\/larsson_paula_avhandling_om_mobbning.pdf\">larsson_paula_avhandling_om_mobbning.pdf<\/a><\/span>\n<\/p>\n<p>\n\tMaria Hedlin \u201cLilla genush\u00e4ftet 3.0\u201d\n<\/p>\n<p>\n\t<span class=\"file media-element file-os-files-link\" data-file_info=\"%7B%22fid%22:%2274736%22,%22view_mode%22:%22os_files_link%22,%22type%22:%22media%22%7D\"><img decoding=\"async\" alt=\"\" class=\"file-icon\" src=\"\/profiles\/openscholar\/modules\/os\/modules\/os_files\/icons\/application-pdf.svg\"> <a href=\"https:\/\/sisu.ut.ee\/wp-content\/uploads\/sites\/459\/lilla_genushaftet.pdf\">lilla_genushaftet.pdf<\/a><\/span>\n<\/p>\n<p>\n\tNinni Wahlstr\u00f6m \u201cVad kr\u00e4vs av en demokratisk skola?\u201d\n<\/p>\n<p>\n\t<span class=\"file media-element file-os-files-link\" data-file_info=\"%7B%22fid%22:%2274737%22,%22view_mode%22:%22os_files_link%22,%22type%22:%22media%22%7D\"><img decoding=\"async\" alt=\"\" class=\"file-icon\" src=\"\/profiles\/openscholar\/modules\/os\/modules\/os_files\/icons\/application-pdf.svg\"> <a href=\"https:\/\/sisu.ut.ee\/wp-content\/uploads\/sites\/459\/ninni-wahlstrom-vad-kravs-av-en-demokratisk-skola-john-deweys-demokrati-och-utbildning-i-ett-laroplansteoretiskt-nutidsperspektiv.pdf\">ninni-wahlstrom-vad-kravs-av-en-demokratisk-skola-john-deweys-demokrati-och-utbildning-i-ett-laroplansteoretiskt-nutidsperspektiv.pdf<\/a><\/span>\n<\/p>\n<p>\n\tNolltolerans mot diskriminering och kr\u00e4nkande behandling\n<\/p>\n<p>\n\t<span class=\"file media-element file-os-files-link\" data-file_info=\"%7B%22fid%22:%2274738%22,%22view_mode%22:%22os_files_link%22,%22type%22:%22media%22%7D\"><img decoding=\"async\" alt=\"\" class=\"file-icon\" src=\"\/profiles\/openscholar\/modules\/os\/modules\/os_files\/icons\/application-pdf.svg\"> <a href=\"https:\/\/sisu.ut.ee\/wp-content\/uploads\/sites\/459\/nolltolerans_mot_diskriminering_och_krankande_behandling._skolverket.pdf\">nolltolerans_mot_diskriminering_och_krankande_behandling._skolverket.pdf<\/a><\/span>\n<\/p>\n<p>\n\t\u00a0\n<\/p>\n<p>\n\t\u00a0<\/p>\n","protected":false},"excerpt":{"rendered":"<p>M\u00e4nniskov\u00e4rde och samh\u00e4llsmilj\u00f6 https:\/\/connect.sunet.se\/p4ktuvdop9f\/ Funktionalitet och normkritiska strategier https:\/\/connect.sunet.se\/p7gc1thzdpa\/ \u00a0 Demokrati, maktordningar m.m.\u00a0 https:\/\/play.hig.se\/media\/t\/0_omkiz26h \u00a0 Paula Larsson \u201cVardagsv\u00e5ld, mobbning och mobbningsf\u00f6rebyggande arbete i svensk skolkontext\u201d larsson_paula_avhandling_om_mobbning.pdf Maria Hedlin \u201cLilla genush\u00e4ftet 3.0\u201d lilla_genushaftet.pdf Ninni Wahlstr\u00f6m \u201cVad kr\u00e4vs av en demokratisk skola?\u201d &#8230;<\/p>\n","protected":false},"author":28,"featured_media":0,"parent":0,"menu_order":0,"comment_status":"closed","ping_status":"closed","template":"","meta":{"_acf_changed":false,"inline_featured_image":false,"footnotes":""},"class_list":["post-14","page","type-page","status-publish","hentry"],"acf":[],"_links":{"self":[{"href":"https:\/\/sisu.ut.ee\/nordplus3\/wp-json\/wp\/v2\/pages\/14","targetHints":{"allow":["GET"]}}],"collection":[{"href":"https:\/\/sisu.ut.ee\/nordplus3\/wp-json\/wp\/v2\/pages"}],"about":[{"href":"https:\/\/sisu.ut.ee\/nordplus3\/wp-json\/wp\/v2\/types\/page"}],"author":[{"embeddable":true,"href":"https:\/\/sisu.ut.ee\/nordplus3\/wp-json\/wp\/v2\/users\/28"}],"replies":[{"embeddable":true,"href":"https:\/\/sisu.ut.ee\/nordplus3\/wp-json\/wp\/v2\/comments?post=14"}],"version-history":[{"count":1,"href":"https:\/\/sisu.ut.ee\/nordplus3\/wp-json\/wp\/v2\/pages\/14\/revisions"}],"predecessor-version":[{"id":43,"href":"https:\/\/sisu.ut.ee\/nordplus3\/wp-json\/wp\/v2\/pages\/14\/revisions\/43"}],"wp:attachment":[{"href":"https:\/\/sisu.ut.ee\/nordplus3\/wp-json\/wp\/v2\/media?parent=14"}],"curies":[{"name":"wp","href":"https:\/\/api.w.org\/{rel}","templated":true}]}}