{"id":10,"date":"2024-04-04T06:42:24","date_gmt":"2024-04-04T03:42:24","guid":{"rendered":"https:\/\/sisu.ut.ee\/nordplus3\/utbildning-och-medborgarskap\/"},"modified":"2024-04-04T06:42:28","modified_gmt":"2024-04-04T03:42:28","slug":"utbildning-och-medborgarskap","status":"publish","type":"page","link":"https:\/\/sisu.ut.ee\/nordplus3\/utbildning-och-medborgarskap\/","title":{"rendered":"Utbildning och medborgarskap"},"content":{"rendered":"<p>\n\t<b>Utbildning och medborgarskap\u00a0<\/b>\u00a0(EU Key competencies: att kunna anv\u00e4nda vad du l\u00e4rt Dig i Ditt liv och samh\u00e4llet, ta ansvaret f\u00f6r att utvidga\/ utveckla saker ov\u2026 )\n<\/p>\n<p>\n\tSweden: realities and illusions BBC &amp; the Ruben report videos\n<\/p>\n<p>\n\tBBC: Sweden \u2013 Truth, lies and manipulated narratives?\n<\/p>\n<p>\n\t<a data-url=\"https:\/\/www.youtube.com\/watch?v=dzeb92-rPwI\" href=\"https:\/\/www.youtube.com\/watch?v=dzeb92-rPwI\" target=\"_blank\" title=\"\" rel=\"noopener\">https:\/\/www.youtube.com\/watch?v=dzeb92-rPwI<\/a>\n<\/p>\n<p>\n\tThe Ruben Report on Free Speech in Sweden\n<\/p>\n<p>\n\t<a data-auth=\"NotApplicable\" data-linkindex=\"2\" href=\"https:\/\/www.youtube.com\/watch?v=IWiwgofHTiA&amp;feature=youtu.be&amp;t=2689\" id=\"LPlnk\" rel=\"noopener noreferrer\" target=\"_blank\">https:\/\/www.youtube.com\/watch?v=IWiwgofHTiA&amp;feature=youtu.be&amp;t=2689<\/a><\/p>\n","protected":false},"excerpt":{"rendered":"<p>Utbildning och medborgarskap\u00a0\u00a0(EU Key competencies: att kunna anv\u00e4nda vad du l\u00e4rt Dig i Ditt liv och samh\u00e4llet, ta ansvaret f\u00f6r att utvidga\/ utveckla saker ov\u2026 ) Sweden: realities and illusions BBC &amp; the Ruben report videos BBC: Sweden \u2013 Truth, &#8230;<\/p>\n","protected":false},"author":28,"featured_media":0,"parent":0,"menu_order":0,"comment_status":"closed","ping_status":"closed","template":"","meta":{"_acf_changed":false,"inline_featured_image":false,"footnotes":""},"class_list":["post-10","page","type-page","status-publish","hentry"],"acf":[],"_links":{"self":[{"href":"https:\/\/sisu.ut.ee\/nordplus3\/wp-json\/wp\/v2\/pages\/10","targetHints":{"allow":["GET"]}}],"collection":[{"href":"https:\/\/sisu.ut.ee\/nordplus3\/wp-json\/wp\/v2\/pages"}],"about":[{"href":"https:\/\/sisu.ut.ee\/nordplus3\/wp-json\/wp\/v2\/types\/page"}],"author":[{"embeddable":true,"href":"https:\/\/sisu.ut.ee\/nordplus3\/wp-json\/wp\/v2\/users\/28"}],"replies":[{"embeddable":true,"href":"https:\/\/sisu.ut.ee\/nordplus3\/wp-json\/wp\/v2\/comments?post=10"}],"version-history":[{"count":1,"href":"https:\/\/sisu.ut.ee\/nordplus3\/wp-json\/wp\/v2\/pages\/10\/revisions"}],"predecessor-version":[{"id":39,"href":"https:\/\/sisu.ut.ee\/nordplus3\/wp-json\/wp\/v2\/pages\/10\/revisions\/39"}],"wp:attachment":[{"href":"https:\/\/sisu.ut.ee\/nordplus3\/wp-json\/wp\/v2\/media?parent=10"}],"curies":[{"name":"wp","href":"https:\/\/api.w.org\/{rel}","templated":true}]}}