{"id":14,"date":"2024-04-04T01:48:46","date_gmt":"2024-04-03T22:48:46","guid":{"rendered":"https:\/\/sisu.ut.ee\/nordicnarratologynet\/new-developments-narratology-cognitive-communicative-and-philosophical\/"},"modified":"2024-04-04T01:49:01","modified_gmt":"2024-04-03T22:49:01","slug":"new-developments-narratology-cognitive-communicative-and-philosophical","status":"publish","type":"page","link":"https:\/\/sisu.ut.ee\/nordicnarratologynet\/new-developments-narratology-cognitive-communicative-and-philosophical\/","title":{"rendered":"New Developments in Narratology: Cognitive, Communicative and Philosophical Approaches"},"content":{"rendered":"<p>May 28-30, 2010, Tartu University, Estonia<br><br> Invited speakers:<br><a href=\"http:\/\/lha.uow.edu.au\/hsi\/contacts\/UOW164485.html\" target=\"_blank\" rel=\"noopener\">Prof. Daniel D. Hutto<\/a> (University of Hertfordshire)<br><a href=\"https:\/\/www.york.ac.uk\/philosophy\/about\/staff\/greg-currie\/\" target=\"_blank\" rel=\"noopener\">Prof. Gregory Currie<\/a> (University of Nottingham)<br><a href=\"http:\/\/www.gfk.uni-mainz.de\/428.php\" target=\"_blank\" rel=\"noopener\">Prof. Marie-Laure Ryan<\/a> (University of Colorado, Boulder)\u00a0<\/p><p>Conference schedule: download\u00a0<a class=\"sisutekst\" href=\"https:\/\/sisu.ut.ee\/wp-content\/uploads\/sites\/141\/tartu_program.pdf\" target=\"_blank\" rel=\"noopener\"><span style=\"text-decoration: underline\" data-mce-mark=\"1\"><span style=\"color: #0066cc\" data-mce-mark=\"1\">PDF<\/span><\/span><\/a><a href=\"http:\/\/www.nordicnarratologynet.ut.ee\/802747\" target=\"_blank\" title=\"\" rel=\"noopener\"><br><\/a><\/p><p><a href=\"https:\/\/securewww.ut.ee\/?sid=476\">Theses, abstracts &amp; articles<\/a> (password required)\u00a0<\/p><p style=\"text-align: justify\">The objective of this conference was to promote a dialogue among scholars of narrative and provide an overview of the current state of narratology, a variety of narratological methods and analytic approaches,\u00a0 overlappings with other fields and borrowings from various disciplines (cognitive science, rhetorics, sociolinguistics, semiotics, media studies, psychology, philosophy).\u00a0 The conference invited to reflect upon the (enriching or impoverishing) impact of these overlappings on the state of the art, revision of old concepts and transfer of concepts from one domain to the other and the status of fiction within the new paradigms.\u00a0 The conference set out to develop a critical understanding of these processes and to test the applicability of new methods and concepts. Both theoretical discussions and practical, narrowly focused case studies that addressed these issues were welcomed.<\/p><p>Conference steering committee:<br> Marina Grishakova (Tartu), Pekka Tammi (Tampere), Mari Hatavara (Tampere), <br> Matti Hyv\u00e4rinen(Tampere), Per Krogh Hansen (Kolding), Henrik Skov Nielsen (Aarhus), <br> Jakob Lothe (Oslo), Jeremy Hawthorn (Trondheim), G\u00f6ran Rossholm (Stockholm), <br> Lars-\u00c5ke Skalin (\u00d6rebro), Lars-Christer Hyd\u00e9n (Link\u00f6ping)<\/p><p>Conference workgroup (Tartu): <br> Eva Rein, Katrin Kangur, Anneli Kurm, Erika Renel<\/p><p><br><strong>For information please contact Associate Professor Marina Grishakova <\/strong><a href=\"mailto:marina.grishakova@ut.ee\"><span style=\"text-decoration: underline\" data-mce-mark=\"1\"><span style=\"color: #0066cc\" data-mce-mark=\"1\">marina.grisakova@ut.ee<\/span><\/span><\/a><\/p><p><strong>or conference assistant Katrin Kangur <\/strong><a href=\"mailto:katrin.kangur@ut.ee\"><span style=\"text-decoration: underline\" data-mce-mark=\"1\"><span style=\"color: #0066cc\" data-mce-mark=\"1\">katrin.kangur@ut.ee<\/span><\/span><\/a><\/p><p><br> The conference was sponsored by the NordForsk and Estonian Science Foundation.\u00a0<\/p><p>Conference in pictures:<\/p><p><strong>Gallery<\/strong><\/p><br><figure class=\"wp-block-gallery has-nested-images columns-3 is-cropped wp-block-gallery-1 is-layout-flex wp-block-gallery-is-layout-flex\"><figure class=\"wp-block-image size-large\"><a href=\"https:\/\/sisu.ut.ee\/wp-content\/uploads\/sites\/141\/file1a05ed26d271e0a509aaf0f03cc6e3a2.jpg\"><img decoding=\"async\" data-id=\"47\" src=\"https:\/\/sisu.ut.ee\/wp-content\/uploads\/sites\/141\/file1a05ed26d271e0a509aaf0f03cc6e3a2.jpg\" alt=\"\" class=\"wp-ima&lt;\/figcaption&gt;&lt;\/figure&gt;&lt;figure class=\" wp-block-image size-large><\/a><a href=\"https:\/\/sisu.ut.ee\/wp-content\/uploads\/sites\/141\/file2ae1db8233394398f13a83d06240fa7a.jpg\"><img decoding=\"async\" data-id=\"48\" src=\"https:\/\/sisu.ut.ee\/wp-content\/uploads\/sites\/141\/file2ae1db8233394398f13a83d06240fa7a.jpg\" alt=\"\" class=\"wp-ima&lt;\/figcaption&gt;&lt;\/figure&gt;&lt;figure class=\" wp-block-image size-large><\/a><a href=\"https:\/\/sisu.ut.ee\/wp-content\/uploads\/sites\/141\/file3d5c9921a43d9d2e4d555e061d84e2c8.jpg\"><img decoding=\"async\" data-id=\"49\" src=\"https:\/\/sisu.ut.ee\/wp-content\/uploads\/sites\/141\/file3d5c9921a43d9d2e4d555e061d84e2c8.jpg\" alt=\"\" class=\"wp-ima&lt;\/figcaption&gt;&lt;\/figure&gt;&lt;figure class=\" wp-block-image size-large><\/a><a href=\"https:\/\/sisu.ut.ee\/wp-content\/uploads\/sites\/141\/file8b7c43789351581b62204f0f342e4b19.jpg\"><img decoding=\"async\" data-id=\"50\" src=\"https:\/\/sisu.ut.ee\/wp-content\/uploads\/sites\/141\/file8b7c43789351581b62204f0f342e4b19.jpg\" alt=\"\" class=\"wp-ima&lt;\/figcaption&gt;&lt;\/figure&gt;&lt;figure class=\" wp-block-image size-large><\/a><a href=\"https:\/\/sisu.ut.ee\/wp-content\/uploads\/sites\/141\/file8b46dbe10408e3e6aef6adbe909a078d.jpg\"><img decoding=\"async\" data-id=\"51\" src=\"https:\/\/sisu.ut.ee\/wp-content\/uploads\/sites\/141\/file8b46dbe10408e3e6aef6adbe909a078d.jpg\" alt=\"\" class=\"wp-ima&lt;\/figcaption&gt;&lt;\/figure&gt;&lt;figure class=\" wp-block-image size-large><\/a><a href=\"https:\/\/sisu.ut.ee\/wp-content\/uploads\/sites\/141\/file9f0fa833200c8205c73906423f28a474.jpg\"><img decoding=\"async\" data-id=\"52\" src=\"https:\/\/sisu.ut.ee\/wp-content\/uploads\/sites\/141\/file9f0fa833200c8205c73906423f28a474.jpg\" alt=\"\" class=\"wp-ima&lt;\/figcaption&gt;&lt;\/figure&gt;&lt;figure class=\" wp-block-image size-large><\/a><a href=\"https:\/\/sisu.ut.ee\/wp-content\/uploads\/sites\/141\/file29ceb7bd7d9ba5f848ce9ab931badf1f.jpg\"><img decoding=\"async\" data-id=\"53\" src=\"https:\/\/sisu.ut.ee\/wp-content\/uploads\/sites\/141\/file29ceb7bd7d9ba5f848ce9ab931badf1f.jpg\" alt=\"\" class=\"wp-ima&lt;\/figcaption&gt;&lt;\/figure&gt;&lt;figure class=\" wp-block-image size-large><\/a><a href=\"https:\/\/sisu.ut.ee\/wp-content\/uploads\/sites\/141\/file40a94ce94e248373bb527f23dfcdf41e.jpg\"><img decoding=\"async\" data-id=\"54\" src=\"https:\/\/sisu.ut.ee\/wp-content\/uploads\/sites\/141\/file40a94ce94e248373bb527f23dfcdf41e.jpg\" alt=\"\" class=\"wp-ima&lt;\/figcaption&gt;&lt;\/figure&gt;&lt;figure class=\" wp-block-image size-large><\/a><a href=\"https:\/\/sisu.ut.ee\/wp-content\/uploads\/sites\/141\/file40c7d224ba669b926613bf502239109b.jpg\"><img decoding=\"async\" data-id=\"55\" src=\"https:\/\/sisu.ut.ee\/wp-content\/uploads\/sites\/141\/file40c7d224ba669b926613bf502239109b.jpg\" alt=\"\" class=\"wp-ima&lt;\/figcaption&gt;&lt;\/figure&gt;&lt;figure class=\" wp-block-image size-large><\/a><a href=\"https:\/\/sisu.ut.ee\/wp-content\/uploads\/sites\/141\/file047a5f6a26c00ef69a7cc65ab50c6240.jpg\"><img decoding=\"async\" data-id=\"56\" src=\"https:\/\/sisu.ut.ee\/wp-content\/uploads\/sites\/141\/file047a5f6a26c00ef69a7cc65ab50c6240.jpg\" alt=\"\" class=\"wp-ima&lt;\/figcaption&gt;&lt;\/figure&gt;&lt;figure class=\" wp-block-image size-large><\/a><a href=\"https:\/\/sisu.ut.ee\/wp-content\/uploads\/sites\/141\/file47f4f3a0b2260618872843e12b432896.jpg\"><img decoding=\"async\" data-id=\"57\" src=\"https:\/\/sisu.ut.ee\/wp-content\/uploads\/sites\/141\/file47f4f3a0b2260618872843e12b432896.jpg\" alt=\"\" class=\"wp-ima&lt;\/figcaption&gt;&lt;\/figure&gt;&lt;figure class=\" wp-block-image size-large><\/a><a href=\"https:\/\/sisu.ut.ee\/wp-content\/uploads\/sites\/141\/file51de764176c1a8c2857c26f474cab615.jpg\"><img decoding=\"async\" data-id=\"58\" src=\"https:\/\/sisu.ut.ee\/wp-content\/uploads\/sites\/141\/file51de764176c1a8c2857c26f474cab615.jpg\" alt=\"\" class=\"wp-ima&lt;\/figcaption&gt;&lt;\/figure&gt;&lt;figure class=\" wp-block-image size-large><\/a><a href=\"https:\/\/sisu.ut.ee\/wp-content\/uploads\/sites\/141\/file56bc9ace9406f11db7dea74bbe3f5e2c.jpg\"><img decoding=\"async\" data-id=\"59\" src=\"https:\/\/sisu.ut.ee\/wp-content\/uploads\/sites\/141\/file56bc9ace9406f11db7dea74bbe3f5e2c.jpg\" alt=\"\" class=\"wp-ima&lt;\/figcaption&gt;&lt;\/figure&gt;&lt;figure class=\" wp-block-image size-large><\/a><a href=\"https:\/\/sisu.ut.ee\/wp-content\/uploads\/sites\/141\/file56de3bd6881b94b524837a3c460926d8.jpg\"><img decoding=\"async\" data-id=\"60\" src=\"https:\/\/sisu.ut.ee\/wp-content\/uploads\/sites\/141\/file56de3bd6881b94b524837a3c460926d8.jpg\" alt=\"\" class=\"wp-ima&lt;\/figcaption&gt;&lt;\/figure&gt;&lt;figure class=\" wp-block-image size-large><\/a><a href=\"https:\/\/sisu.ut.ee\/wp-content\/uploads\/sites\/141\/file98aad8ff8b2c1bed29b8014484be0b41.jpg\"><img decoding=\"async\" data-id=\"61\" src=\"https:\/\/sisu.ut.ee\/wp-content\/uploads\/sites\/141\/file98aad8ff8b2c1bed29b8014484be0b41.jpg\" alt=\"\" class=\"wp-ima&lt;\/figcaption&gt;&lt;\/figure&gt;&lt;figure class=\" wp-block-image size-large><\/a><a href=\"https:\/\/sisu.ut.ee\/wp-content\/uploads\/sites\/141\/file423a4031e6023e6ee55d933ba8e97545.jpg\"><img decoding=\"async\" data-id=\"62\" src=\"https:\/\/sisu.ut.ee\/wp-content\/uploads\/sites\/141\/file423a4031e6023e6ee55d933ba8e97545.jpg\" alt=\"\" class=\"wp-ima&lt;\/figcaption&gt;&lt;\/figure&gt;&lt;figure class=\" wp-block-image size-large><\/a><a href=\"https:\/\/sisu.ut.ee\/wp-content\/uploads\/sites\/141\/file507cc0b5e30e44046e88dfb6c4f75afe.jpg\"><img decoding=\"async\" data-id=\"63\" src=\"https:\/\/sisu.ut.ee\/wp-content\/uploads\/sites\/141\/file507cc0b5e30e44046e88dfb6c4f75afe.jpg\" alt=\"\" class=\"wp-ima&lt;\/figcaption&gt;&lt;\/figure&gt;&lt;figure class=\" wp-block-image size-large><\/a><a href=\"https:\/\/sisu.ut.ee\/wp-content\/uploads\/sites\/141\/file885b124ecfc55178fce53817afb597cb.jpg\"><img decoding=\"async\" data-id=\"64\" src=\"https:\/\/sisu.ut.ee\/wp-content\/uploads\/sites\/141\/file885b124ecfc55178fce53817afb597cb.jpg\" alt=\"\" class=\"wp-ima&lt;\/figcaption&gt;&lt;\/figure&gt;&lt;figure class=\" wp-block-image size-large><\/a><a href=\"https:\/\/sisu.ut.ee\/wp-content\/uploads\/sites\/141\/file973e14d0f981eac195025ff20e3b3cae.jpg\"><img decoding=\"async\" data-id=\"65\" src=\"https:\/\/sisu.ut.ee\/wp-content\/uploads\/sites\/141\/file973e14d0f981eac195025ff20e3b3cae.jpg\" alt=\"\" class=\"wp-ima&lt;\/figcaption&gt;&lt;\/figure&gt;&lt;figure class=\" wp-block-image size-large><\/a><a href=\"https:\/\/sisu.ut.ee\/wp-content\/uploads\/sites\/141\/file92133129a896494f6e55eb44c1b32616.jpg\"><img decoding=\"async\" data-id=\"66\" src=\"https:\/\/sisu.ut.ee\/wp-content\/uploads\/sites\/141\/file92133129a896494f6e55eb44c1b32616.jpg\" alt=\"\" class=\"wp-ima&lt;\/figcaption&gt;&lt;\/figure&gt;&lt;figure class=\" wp-block-image size-large><\/a><a href=\"https:\/\/sisu.ut.ee\/wp-content\/uploads\/sites\/141\/filea37e87c4134e50d411c5d0dbf4f37126.jpg\"><img decoding=\"async\" data-id=\"67\" src=\"https:\/\/sisu.ut.ee\/wp-content\/uploads\/sites\/141\/filea37e87c4134e50d411c5d0dbf4f37126.jpg\" alt=\"\" class=\"wp-ima&lt;\/figcaption&gt;&lt;\/figure&gt;&lt;figure class=\" wp-block-image size-large><\/a><a href=\"https:\/\/sisu.ut.ee\/wp-content\/uploads\/sites\/141\/filece7f841ec9157da24db43de9abd36120.jpg\"><img decoding=\"async\" data-id=\"68\" src=\"https:\/\/sisu.ut.ee\/wp-content\/uploads\/sites\/141\/filece7f841ec9157da24db43de9abd36120.jpg\" alt=\"\" class=\"wp-ima&lt;\/figcaption&gt;&lt;\/figure&gt;&lt;figure class=\" wp-block-image size-large><\/a><a href=\"https:\/\/sisu.ut.ee\/wp-content\/uploads\/sites\/141\/filee20f88614a30e92ed293a2d08747ec3b.jpg\"><img decoding=\"async\" data-id=\"69\" src=\"https:\/\/sisu.ut.ee\/wp-content\/uploads\/sites\/141\/filee20f88614a30e92ed293a2d08747ec3b.jpg\" alt=\"\" class=\"wp-ima&lt;\/figcaption&gt;&lt;\/figure&gt;&lt;figure class=\" wp-block-image size-large><\/a><a href=\"https:\/\/sisu.ut.ee\/wp-content\/uploads\/sites\/141\/filee60a3c123c2435e72d8f11cf3e61e15c.jpg\"><img decoding=\"async\" data-id=\"70\" src=\"https:\/\/sisu.ut.ee\/wp-content\/uploads\/sites\/141\/filee60a3c123c2435e72d8f11cf3e61e15c.jpg\" alt=\"\" class=\"wp-ima&lt;\/figcaption&gt;&lt;\/figure&gt;&lt;figure class=\" wp-block-image size-large><\/a><a href=\"https:\/\/sisu.ut.ee\/wp-content\/uploads\/sites\/141\/filee826dab7c1e25166ae222d805472ee93.jpg\"><img decoding=\"async\" data-id=\"71\" src=\"https:\/\/sisu.ut.ee\/wp-content\/uploads\/sites\/141\/filee826dab7c1e25166ae222d805472ee93.jpg\" alt=\"\" class=\"wp-ima&lt;\/figcaption&gt;&lt;\/figure&gt;&lt;figure class=\" wp-block-image size-large><\/a><a href=\"https:\/\/sisu.ut.ee\/wp-content\/uploads\/sites\/141\/filee9414b213777ef90aba998b498499154.jpg\"><img decoding=\"async\" data-id=\"72\" src=\"https:\/\/sisu.ut.ee\/wp-content\/uploads\/sites\/141\/filee9414b213777ef90aba998b498499154.jpg\" alt=\"\" class=\"wp-ima&lt;\/figcaption&gt;&lt;\/figure&gt;&lt;\/figure&gt;\"><\/a><\/figure><\/figure>","protected":false},"excerpt":{"rendered":"<p>May 28-30, 2010, Tartu University, Estonia Invited speakers:Prof. Daniel D. Hutto (University of Hertfordshire)Prof. Gregory Currie (University of Nottingham)Prof. Marie-Laure Ryan (University of Colorado, Boulder)\u00a0 Conference schedule: download\u00a0PDF Theses, abstracts &amp; articles (password required)\u00a0 The objective of this conference was &#8230;<\/p>\n","protected":false},"author":67,"featured_media":0,"parent":0,"menu_order":0,"comment_status":"closed","ping_status":"closed","template":"","meta":{"_acf_changed":false,"inline_featured_image":false,"footnotes":""},"class_list":["post-14","page","type-page","status-publish","hentry"],"acf":[],"_links":{"self":[{"href":"https:\/\/sisu.ut.ee\/nordicnarratologynet\/wp-json\/wp\/v2\/pages\/14","targetHints":{"allow":["GET"]}}],"collection":[{"href":"https:\/\/sisu.ut.ee\/nordicnarratologynet\/wp-json\/wp\/v2\/pages"}],"about":[{"href":"https:\/\/sisu.ut.ee\/nordicnarratologynet\/wp-json\/wp\/v2\/types\/page"}],"author":[{"embeddable":true,"href":"https:\/\/sisu.ut.ee\/nordicnarratologynet\/wp-json\/wp\/v2\/users\/67"}],"replies":[{"embeddable":true,"href":"https:\/\/sisu.ut.ee\/nordicnarratologynet\/wp-json\/wp\/v2\/comments?post=14"}],"version-history":[{"count":2,"href":"https:\/\/sisu.ut.ee\/nordicnarratologynet\/wp-json\/wp\/v2\/pages\/14\/revisions"}],"predecessor-version":[{"id":197,"href":"https:\/\/sisu.ut.ee\/nordicnarratologynet\/wp-json\/wp\/v2\/pages\/14\/revisions\/197"}],"wp:attachment":[{"href":"https:\/\/sisu.ut.ee\/nordicnarratologynet\/wp-json\/wp\/v2\/media?parent=14"}],"curies":[{"name":"wp","href":"https:\/\/api.w.org\/{rel}","templated":true}]}}