{"id":10,"date":"2024-04-04T01:48:46","date_gmt":"2024-04-03T22:48:46","guid":{"rendered":"https:\/\/sisu.ut.ee\/nordicnarratologynet\/past-events\/"},"modified":"2024-04-22T12:25:17","modified_gmt":"2024-04-22T09:25:17","slug":"past-events","status":"publish","type":"page","link":"https:\/\/sisu.ut.ee\/nordicnarratologynet\/past-events\/","title":{"rendered":"Past events"},"content":{"rendered":"<ul>\n<li style=\"text-align: left;\"><span class=\"whitepre\"><strong>June, 2023<\/strong><strong>:<\/strong> \u201cContra-plotting suspicion and ambiguity in the conspiracy discourse of MV Estonia\u201d, paper presented by Siim Sorokin at the <em>Narrative Matters<\/em> 2023 conference (organized by Narrare, Center for Interdisciplinary Narrative Studies, Tampere, University of Tampere). For the e-booklet of abstracts: see <\/span><a title=\"here\" href=\"https:\/\/events.tuni.fi\/uploads\/2023\/06\/9ff1b902-nm2023abstracts.pdf\" target=\"_blank\" rel=\"noopener\" data-url=\"https:\/\/events.tuni.fi\/uploads\/2023\/06\/9ff1b902-nm2023abstracts.pdf\">here<\/a><span class=\"whitepre\">.\u00a0<\/span><\/li>\n<li style=\"text-align: left;\"><span class=\"whitepre\"><strong>2022, October:<\/strong> Workshop \u201cAnalyzing Narrative and Experience in History\u201d with prof. Marina Grishakova as invited speaker (co-organized by Narrare, Center for Interdisciplinary Narrative Studies, and Center of Excellence in the History of Experiences, Tampere University). For more information: see <\/span><a title=\"here\" href=\"https:\/\/research.tuni.fi\/hex\/event\/workshop-analyzing-narratives-and-experience-in-history-tampere-university-31-10-1-11-2022\/\" target=\"_blank\" rel=\"noopener\" data-url=\"https:\/\/research.tuni.fi\/hex\/event\/workshop-analyzing-narratives-and-experience-in-history-tampere-university-31-10-1-11-2022\/\">here<\/a><span class=\"whitepre\">.<\/span><\/li>\n<li style=\"text-align: left;\"><strong>December 2020, Virtual: <\/strong>Online seminar and discussion \u201cNarrative, Fiction, and the Ethics of Representation\u201d with Prof. Jakob Lothe (University of Oslo) and Prof. Asbj\u00f8rn Gr\u00f8nstad (University of Bergen).<br>\nCoordinated by Prof. M. Grishakova (NCC Research Group) and dr. Katrin Kangur. For more information: see <a title=\"\" href=\"https:\/\/www.ncc.ut.ee\/events\/\" target=\"_blank\" rel=\"noopener\" data-url=\"https:\/\/www.ncc.ut.ee\/events\/\">here<\/a>.<\/li>\n<li style=\"text-align: left;\"><strong>November, 2017, \u00d6rebro: <\/strong>international symposium <a href=\"https:\/\/sisu.ut.ee\/wp-content\/uploads\/sites\/141\/orebro_program.pdf\" data-fid=\"69022\">\u201cSameness and difference in narratology\u201d<\/a>. Organized by the interdisciplinary research environment \u201cNarration, Life, Meaning\u201d (\u00d6rebro University; NNNS partners).<\/li>\n<li style=\"text-align: left;\"><strong>October, 4-5, 2012, \u00d6rebro: <\/strong>\u00d6rebro University international conference: <em>Narration and Narratives as an Interdisciplinary Field of Study. <\/em><em><a href=\"https:\/\/sisu.ut.ee\/wp-content\/uploads\/sites\/141\/program.pdf\" data-url=\"https:\/\/sisu.ut.ee\/wp-content\/uploads\/sites\/141\/program.pdf\">Program<\/a><\/em><\/li>\n<li style=\"text-align: left;\"><strong>August 8-19, 2011, Aarhus: <\/strong>Aarhus University Summer School: <em>Narrative Theories in Action<\/em>.<\/li>\n<li style=\"text-align: left;\"><strong>August 8-22, 2010, Aarhus: <\/strong>Aarhus University Summer School: <em>New Media\/New Narratives<\/em>. See more <a title=\"\" href=\"https:\/\/sisu.ut.ee\/nordicnarratologynet\/aarhus-university-summer-school\" target=\"_blank\" rel=\"noopener\" data-url=\"https:\/\/sisu.ut.ee\/nordicnarratologynet\/aarhus-university-summer-school\">here<\/a>.<\/li>\n<li style=\"text-align: left;\"><strong>Mai 26-28, 2011, Tampere<\/strong>: Conference <em>Teaching Narrative and Teaching Through Narrative,\u00a0<a href=\"https:\/\/sisu.ut.ee\/nordicnarratologynet\/conference-teaching-narrative-and-teaching-through-narrative\" data-url=\"https:\/\/sisu.ut.ee\/nordicnarratologynet\/conference-teaching-narrative-and-teaching-through-narrative\">read more\u2026<\/a>\u00a0 <a href=\"https:\/\/sisu.ut.ee\/wp-content\/uploads\/sites\/141\/program.doc\" target=\"_blank\" rel=\"noopener\" data-url=\"https:\/\/sisu.ut.ee\/wp-content\/uploads\/sites\/141\/program.doc\">Program<\/a> <\/em><\/li>\n<li style=\"text-align: left;\"><strong>November 19-20, 2010, Oslo: <\/strong>Conference <em>Narrative Ethics<\/em>, The Norwegian Academy of Science and Letters, <em><a href=\"https:\/\/sisu.ut.ee\/nordicnarratologynet\/conference-narrative-ethics\" data-url=\"https:\/\/sisu.ut.ee\/nordicnarratologynet\/conference-narrative-ethics\">read more\u2026<\/a><\/em><\/li>\n<li style=\"text-align: left;\"><strong>October 1-3, 2010, Sagadi, Estonia:<\/strong> <em>Narrative Interactions: Stories, Identities and Voices \u2013<\/em><br>\nIntensive graduate seminar co-sponsored by the Estonian Graduate School of Culture Studies and Arts (GSCSA) and Nordic Network of Narrative Studies<br>\n<em><a href=\"https:\/\/sisu.ut.ee\/nordicnarratologynet\/intensive-graduate-seminar\" target=\"_blank\" rel=\"noopener\" data-url=\"https:\/\/sisu.ut.ee\/nordicnarratologynet\/intensive-graduate-seminar\">read here\u2026<\/a><\/em><\/li>\n<li style=\"text-align: left;\"><strong>May 28-30, 2010, Tartu:<\/strong> \u00a0 Conference <em>New Develompents in Narratology: Cognitive, Communicative and Philosophical Approaches, <a href=\"https:\/\/sisu.ut.ee\/nordicnarratologynet\/new-developments-narratology-cognitive-communicative-and-philosophical\" data-url=\"https:\/\/sisu.ut.ee\/nordicnarratologynet\/new-developments-narratology-cognitive-communicative-and-philosophical\">read more\u2026<\/a><\/em><\/li>\n<li style=\"text-align: left;\"><strong>November 20-21, 2009, Kolding<strong>: <\/strong><\/strong>Conference <em>Northern Self-Fashionings. Narrating the Self in the Nordic Region<\/em><em>, <a href=\"https:\/\/sisu.ut.ee\/nordicnarratologynet\/conference-northern-self-fashionings-narrating-self-nordic-region\" data-url=\"https:\/\/sisu.ut.ee\/nordicnarratologynet\/conference-northern-self-fashionings-narrating-self-nordic-region\">read more\u2026<\/a><\/em><\/li>\n<li style=\"text-align: left;\"><strong>May 15-16, 2009, \u00d6rebro:<\/strong>\u00a0 Workshop on the Topic <em>Approaching Core Concepts and Disputed Forms in Interdisciplinary Narrative Studies<\/em> at \u00d6rebro university: <em><a href=\"https:\/\/sisu.ut.ee\/wp-content\/uploads\/sites\/141\/workshop_orebro_may_2009_programme.pdf\" data-url=\"https:\/\/sisu.ut.ee\/wp-content\/uploads\/sites\/141\/workshop_orebro_may_2009_programme.pdf\">Program<\/a><\/em><\/li>\n<li style=\"text-align: left;\"><strong>March 27-29, 2009, Stockholm: <\/strong>Conference <em>Nordic Narratology<\/em> at Stockholm university: <em><a href=\"https:\/\/sisu.ut.ee\/wp-content\/uploads\/sites\/141\/stockholm_program.pdf\" data-url=\"https:\/\/sisu.ut.ee\/wp-content\/uploads\/sites\/141\/stockholm_program.pdf\">Program<\/a><\/em> click\u00a0<a href=\"https:\/\/sisu.ut.ee\/nordicnarratologynet\/conference-nordic-narratology\" target=\"_blank\" rel=\"noopener\" data-url=\"https:\/\/sisu.ut.ee\/nordicnarratologynet\/conference-nordic-narratology\">here<\/a> for the conference summary\u00a0 in pictures<\/li>\n<li style=\"text-align: left;\"><strong>February 11th, 2009, Tartu<\/strong>:\u00a0Dr.Paul Cobley from London Metropolitan University delivered a lecture entitled\u00a0 \u201c<em>Narrative: time, modeling systems and abduction\u201d<\/em> at Tartu University. Read the <em><a href=\"https:\/\/sisu.ut.ee\/wp-content\/uploads\/sites\/141\/dr.paul_cobleys_lecture.pdf\" data-url=\" https:\/\/sisu.ut.ee\/wp-content\/uploads\/sites\/141\/dr.paul_cobleys_lecture.pdf\">Abstract<\/a><\/em><\/li>\n<li style=\"text-align: left;\"><strong>October 17-19, 2008, Tartu <\/strong><strong>\u2013 <\/strong>participants of the postgraduate workshop \u201eIntermediality and Storytelling\u201d at Tartu University approached the issues of intermediality, mediation and storytelling from different theoretical perspectives, drawing on recent developments in narratology, film theory and culture studies. A selection of papers from the workshop was published in the online journal <em><a href=\"http:\/\/www.ut.ee\/hortussemioticus\/index.html\" data-url=\"http:\/\/www.ut.ee\/hortussemioticus\/index.html\">Hortus Semioticus<\/a>. <\/em>Along with the papers by young scholars, the special issue includes the interview with Distinguished Humanities Professor Brian McHale (The Ohio State University). Workshop programme: <em><a href=\"https:\/\/sisu.ut.ee\/wp-content\/uploads\/sites\/141\/intermediality_and_storytelling.pdf\" data-url=\"https:\/\/sisu.ut.ee\/wp-content\/uploads\/sites\/141\/intermediality_and_storytelling.pdf\">Intermediality and storytelling<\/a><\/em><\/li>\n<li style=\"text-align: left;\"><strong>September 26th, 2008, Arlanda, Stockholm<\/strong> \u2013 planning meeting, first and foremost to concertize the schedule for the activities for the network period (2008-2011) and the practical questions regarding the network operation.<br>\nParticipants: Marina Grishakova, Rolf Reitan, Lars-Christer Cyd\u00e9n, Matti Hyv\u00e4rinen, Lars-\u00c5ke Skalin, Per Krogh Hansen, Pekka Tammi, G\u00f6ran Rossholm, Jeremy Hawthorn, Henrik Sch\u00e4rfe<\/li>\n<li style=\"text-align: left;\"><strong>November 9\u201310, 2007, \u00d6rebro<\/strong>\u00a0\u2013\u00a0seminar at the department of Comparative Literature at \u00d6rebro University: \u201cThe Narrative Turn and the Study of Literary Fiction\u201d, discussing the relations between key concepts in literary and narrative theory. Most of the speeches given at the event were reworked into essays presented in the publication\u00a0\u201cNarrativity, Fictionality, and Literariness. The Narrative Turn and the Study of Literary Fiction\u201d,\u00a0for more information click <a href=\"https:\/\/sisu.ut.ee\/nordicnarratologynet\/publications-0\" data-url=\"https:\/\/sisu.ut.ee\/nordicnarratologynet\/publications-0\">here,<\/a><\/li>\n<li style=\"text-align: left;\"><strong>February 16-18, 2007, Tartu<\/strong><strong> \u2013<\/strong>\u00a0consultative meeting:\u00a0the Nordic Network of Narrative Studies was formally founded, perspectives on the future network activities, plans and targets were discussed, the coordinating group was elected and a preliminary outline of the NordForsk application compiled.<\/li>\n<\/ul>\n","protected":false},"excerpt":{"rendered":"<p>June, 2023: \u201cContra-plotting suspicion and ambiguity in the conspiracy discourse of MV Estonia\u201d, paper presented by Siim Sorokin at the Narrative Matters 2023 conference (organized by Narrare, Center for Interdisciplinary Narrative Studies, Tampere, University of Tampere). For the e-booklet of &#8230;<\/p>\n","protected":false},"author":67,"featured_media":0,"parent":0,"menu_order":0,"comment_status":"closed","ping_status":"closed","template":"","meta":{"_acf_changed":false,"inline_featured_image":false,"footnotes":""},"class_list":["post-10","page","type-page","status-publish","hentry"],"acf":[],"_links":{"self":[{"href":"https:\/\/sisu.ut.ee\/nordicnarratologynet\/wp-json\/wp\/v2\/pages\/10","targetHints":{"allow":["GET"]}}],"collection":[{"href":"https:\/\/sisu.ut.ee\/nordicnarratologynet\/wp-json\/wp\/v2\/pages"}],"about":[{"href":"https:\/\/sisu.ut.ee\/nordicnarratologynet\/wp-json\/wp\/v2\/types\/page"}],"author":[{"embeddable":true,"href":"https:\/\/sisu.ut.ee\/nordicnarratologynet\/wp-json\/wp\/v2\/users\/67"}],"replies":[{"embeddable":true,"href":"https:\/\/sisu.ut.ee\/nordicnarratologynet\/wp-json\/wp\/v2\/comments?post=10"}],"version-history":[{"count":2,"href":"https:\/\/sisu.ut.ee\/nordicnarratologynet\/wp-json\/wp\/v2\/pages\/10\/revisions"}],"predecessor-version":[{"id":207,"href":"https:\/\/sisu.ut.ee\/nordicnarratologynet\/wp-json\/wp\/v2\/pages\/10\/revisions\/207"}],"wp:attachment":[{"href":"https:\/\/sisu.ut.ee\/nordicnarratologynet\/wp-json\/wp\/v2\/media?parent=10"}],"curies":[{"name":"wp","href":"https:\/\/api.w.org\/{rel}","templated":true}]}}