{"id":54,"date":"2025-08-06T00:02:50","date_gmt":"2025-08-05T21:02:50","guid":{"rendered":"https:\/\/sisu.ut.ee\/noortevaimseterviseuuring\/?page_id=54"},"modified":"2025-11-19T12:24:51","modified_gmt":"2025-11-19T10:24:51","slug":"kontakt","status":"publish","type":"page","link":"https:\/\/sisu.ut.ee\/noortevaimseterviseuuring\/kontakt\/","title":{"rendered":"Kontakt"},"content":{"rendered":"<p><\/p>\n\n\n\n<p>Uuringuga seotud k\u00fcsimustega palun p\u00f6\u00f6rdu uuringu kontaktisiku poole:\u00a0\u00a0<\/p>\n\n\n\n<p>\ud83d\udcde 555 61384 (vastame t\u00f6\u00f6p\u00e4eviti kell 9\u201316)\u00a0\u00a0<\/p>\n\n\n\n<p>\u2709\ufe0f <a href=\"mailto:valideerimisuuring@ut.ee\" target=\"_blank\" rel=\"noreferrer noopener\">valideerimisuuring@ut.ee<\/a>\u00a0<\/p>\n\n\n\n<p><strong><em>Konfidentsiaalsuse eest vastutavate t\u00f6\u00f6tajatega kontakteerumine<\/em><\/strong>\u00a0<\/p>\n\n\n\n<p><em>K\u00f5igi k\u00fcsimuste korral, mis on seotud isikuandmete t\u00f6\u00f6tlemise ja andmete kasutamisega, on Teil v\u00f5imalik p\u00f6\u00f6rduda Tartu \u00dclikooli andmekaitsespetsialisti poole e-posti aadressil\u202f <\/em><a href=\"mailto:andmekaitse@ut.ee\" target=\"_blank\" rel=\"noreferrer noopener\"><em>andmekaitse@ut.ee<\/em><\/a><em>. Kui Teile tundub, et viis, kuidas \u00fclikool t\u00f6\u00f6tleb Teie isikuandmeid, v\u00f5ib olla vastuolus isikuandmete t\u00f6\u00f6tlemist reguleerivate \u00f5igusaktidega, on Teil \u00f5igus p\u00f6\u00f6rduda\u202f <\/em><a href=\"http:\/\/www.aki.ee\/et\" target=\"_blank\" rel=\"noreferrer noopener\"><em>Andmekaitse Inspektsiooni<\/em><\/a><em>\u202f (e-post: \u202f<\/em><a href=\"mailto:info@aki.ee\" target=\"_blank\" rel=\"noreferrer noopener\"><em>info@aki.ee<\/em><\/a><em>, tel: 627 4135).<\/em>\u00a0<\/p>\n\n\n\n<p><strong><em>Teadusuuringute eetikakomiteega kontakteerumine<\/em><\/strong>\u00a0<\/p>\n\n\n\n<p><em>K\u00e4esoleva uuringu on koosk\u00f5lastanud Tervise Arengu Instituudi inimuuringute eetikakomitee\u202f (otsus nr 1525 | 18.11.2025<\/em><em>). Tegemist on s\u00f5ltumatu ekspertidest koosneva organiga, mille eesm\u00e4rk on tagada, et uuringus osalejate tervis, inimv\u00e4\u00e4rikus, identiteet, isikute turvalisus ning muud p\u00f5hi\u00f5igused ja -vabadused oleksid kaitstud. Komiteega saate \u00fchendust v\u00f5tta aadressil \u202f<\/em><a href=\"mailto:eetikakomitee@tai.ee\" target=\"_blank\" rel=\"noreferrer noopener\"><em>eetikakomitee@tai.ee<\/em><\/a><em>.<\/em>\u00a0<\/p>\n","protected":false},"excerpt":{"rendered":"<p>Uuringuga seotud k\u00fcsimustega palun p\u00f6\u00f6rdu uuringu kontaktisiku poole:\u00a0\u00a0 \ud83d\udcde 555 61384 (vastame t\u00f6\u00f6p\u00e4eviti kell 9\u201316)\u00a0\u00a0 \u2709\ufe0f valideerimisuuring@ut.ee\u00a0 Konfidentsiaalsuse eest vastutavate t\u00f6\u00f6tajatega kontakteerumine\u00a0 K\u00f5igi k\u00fcsimuste korral, mis on seotud isikuandmete t\u00f6\u00f6tlemise ja andmete kasutamisega, on Teil v\u00f5imalik p\u00f6\u00f6rduda Tartu \u00dclikooli andmekaitsespetsialisti &#8230;<\/p>\n","protected":false},"author":871,"featured_media":0,"parent":0,"menu_order":0,"comment_status":"closed","ping_status":"closed","template":"","meta":{"_acf_changed":false,"inline_featured_image":false,"footnotes":""},"class_list":["post-54","page","type-page","status-publish","hentry"],"acf":[],"_links":{"self":[{"href":"https:\/\/sisu.ut.ee\/noortevaimseterviseuuring\/wp-json\/wp\/v2\/pages\/54","targetHints":{"allow":["GET"]}}],"collection":[{"href":"https:\/\/sisu.ut.ee\/noortevaimseterviseuuring\/wp-json\/wp\/v2\/pages"}],"about":[{"href":"https:\/\/sisu.ut.ee\/noortevaimseterviseuuring\/wp-json\/wp\/v2\/types\/page"}],"author":[{"embeddable":true,"href":"https:\/\/sisu.ut.ee\/noortevaimseterviseuuring\/wp-json\/wp\/v2\/users\/871"}],"replies":[{"embeddable":true,"href":"https:\/\/sisu.ut.ee\/noortevaimseterviseuuring\/wp-json\/wp\/v2\/comments?post=54"}],"version-history":[{"count":5,"href":"https:\/\/sisu.ut.ee\/noortevaimseterviseuuring\/wp-json\/wp\/v2\/pages\/54\/revisions"}],"predecessor-version":[{"id":356,"href":"https:\/\/sisu.ut.ee\/noortevaimseterviseuuring\/wp-json\/wp\/v2\/pages\/54\/revisions\/356"}],"wp:attachment":[{"href":"https:\/\/sisu.ut.ee\/noortevaimseterviseuuring\/wp-json\/wp\/v2\/media?parent=54"}],"curies":[{"name":"wp","href":"https:\/\/api.w.org\/{rel}","templated":true}]}}