{"id":42,"date":"2025-08-05T23:58:24","date_gmt":"2025-08-05T20:58:24","guid":{"rendered":"https:\/\/sisu.ut.ee\/noortevaimseterviseuuring\/?page_id=42"},"modified":"2025-10-31T12:44:23","modified_gmt":"2025-10-31T10:44:23","slug":"kkk","status":"publish","type":"page","link":"https:\/\/sisu.ut.ee\/noortevaimseterviseuuring\/kkk\/","title":{"rendered":"KKK"},"content":{"rendered":"<p><\/p>\n\n\n\n<p><strong>Kes uuringut l\u00e4bi viivad?<\/strong>\u00a0<\/p>\n\n\n\n<p>Uuringut juhivad ja korraldavad Tartu \u00dclikooli peremeditsiini ja rahvatervishoiu instituudi teadlased ning koolides viivad uuringut l\u00e4bi kliinilised ps\u00fchholoogid. Uuringu t\u00f6\u00f6r\u00fchma aitavad lisaks tehniliste ja statistiliste lahenduste ning kommunikatsioonispetsialistid. Uuringu t\u00f6\u00f6r\u00fchma liikmetega saab tutvuda <strong><a href=\"https:\/\/sisu.ut.ee\/noortevaimseterviseuuring\/uuringu-tooruhm-2\/\" data-type=\"link\" data-id=\"https:\/\/sisu.ut.ee\/noortevaimseterviseuuring\/uuringu-tooruhm-2\/\">siin<\/a><\/strong>.\u00a0<\/p>\n\n\n\n<p><strong>Mida uuritakse ja miks?<\/strong>\u00a0<\/p>\n\n\n\n<p>Uuringu eesm\u00e4rk on v\u00e4lja selgitada, kui h\u00e4sti sobivad enda kohta t\u00e4idetavad k\u00fcsimustikud Eesti noorte vaimse tervise hindamiseks. Praegu kasutatakse vaimse tervise hindamiseks k\u00fcsimustikke, mis on algselt loodud inglise keeles ja hiljem t\u00f5lgitud eesti keelde. Kuid t\u00f5lkeprotsess v\u00f5ib m\u00f5nikord muuta k\u00fcsimuste t\u00e4hendust v\u00f5i sisu, mis omakorda v\u00f5ib m\u00f5jutada k\u00fcsimustele antavaid vastuseid. Selle t\u00f5ttu hetkel usaldusv\u00e4\u00e4rseid ja testitud k\u00fcsimustikke noorte vaimse tervise hindamiseks ei ole. K\u00e4esoleva uuringuga soovimegi kontrollida, kui h\u00e4sti enesekohased ehk iseenda kohta t\u00e4idetavad vaimse tervise k\u00fcsimustikud tegelikult noorte vaimset tervist hindavad.\u00a0<\/p>\n\n\n\n<p><strong>Mille poolest erineb k\u00e4esolev uuring teistest koolides tehtavatest vaimse tervise uuringutest?<\/strong>\u00a0<\/p>\n\n\n\n<p>Koolides tehtavad uuringud keskenduvad sageli sellele, kui levinud on \u00f5pilaste hulgas vaimse tervise probleemid (nt \u00e4revus ja depressioon) ning millised tegurid v\u00f5ivad olla nendega seotud (nt koolistress, sotsiaalne tugi). K\u00e4esolev uuring aga keskendub eesk\u00e4tt Eesti noorte hulgas enda kohta t\u00e4idetavate vaimse tervise k\u00fcsimustike sobivuse v\u00e4ljaselgitamisele. Uuringus soovime teada saada, millised on t\u00e4psemad piirid ehk \u00e4ral\u00f5ikepunktid, mille alusel hinnata vaimse tervise probleemide (meeleolu- ja \u00e4revush\u00e4irete ning t\u00e4helepanuprobleemide) esinemist.\u00a0\u00a0<\/p>\n\n\n\n<p><strong>Kuidas uuring l\u00e4bi viiakse?<\/strong>\u00a0<\/p>\n\n\n\n<p>Uuring toimub koolimaja privaatses ruumis, kus viibivad ainult \u00f5pilane ja kliiniline ps\u00fchholoog. Esmalt t\u00e4idab \u00f5pilane iseseisvalt k\u00fcsimustiku vaimse tervise kohta. Ps\u00fchholoog \u00f5pilase k\u00fcsimustiku vastuseid ei n\u00e4e. Seej\u00e4rel toimub intervjuu samadel teemadel, et hinnata, kui t\u00e4pset infot annab kasutatud k\u00fcsimustik. Intervjuu ajal t\u00e4idab ps\u00fchholoog intervjuuvihikut. K\u00fcsimustikku ja intervjuuvihikusse ei kirjutata \u00f5pilase nime. K\u00fcsimustiku t\u00e4itmiseks ja intervjuuks kulub kokku 50\u201390 minutit. K\u00f5iki uuringus osalejaid t\u00e4natakse e-kinkekaardiga, mille annab \u00f5pilasele ps\u00fchholoog p\u00e4rast intervjuu l\u00f5ppu.\u00a0<\/p>\n\n\n\n<p><strong>Keda kutsutakse uuringus osalema?<\/strong>\u00a0<\/p>\n\n\n\n<p>Uuringus kutsutakse osalema Eesti eri piirkondade koolide 7.-11. klassi \u00f5pilased. Uuringur\u00fchmal on siiralt hea meel, et just Sinu kooli direktor peab laste ja noorte vaimse tervise teemat piisavalt oluliseks ning on valmis lubama selle uuringu l\u00e4biviimist Sinu koolis. See n\u00e4itab hoolivust, vastutustunnet ja valmisolekut panustada paremasse tulevikku.\u00a0\u00a0<\/p>\n\n\n\n<p>Oluline on m\u00f5ista, et Sinu uuringusse kutsumine ei t\u00e4henda, et Sinu vaimse tervisega on midagi halvasti. Uuringusse on oodatud k\u00f5ik \u00f5pilased\u00a0 olenemata vaimse tervise probleemide kogemisest.\u00a0<\/p>\n\n\n\n<p><strong>Kas uuringus osalemine on kohustuslik?<\/strong>\u00a0<\/p>\n\n\n\n<p>Uuringus osalemine on vabatahtlik.<strong> <\/strong>Uuringus osalemise eelduseks on \u00f5pilase n\u00f5usolek uuringus osalemiseks, alla 15-aastaste \u00f5pilaste* puhul on vajalik ka lapsevanema n\u00f5usolek. Iga noore osalemine on v\u00e4\u00e4rtuslik, sest ainult noori uurides saame hinnata vaimse tervise k\u00fcsimustike sobivust noortel kasutamiseks.\u00a0<\/p>\n\n\n\n<p><strong>Mida uuringus k\u00fcsitakse?<\/strong>\u00a0<\/p>\n\n\n\n<p>Uuring koosneb kahest osast: iseseisev veebik\u00fcsimustiku t\u00e4itmine ja intervjuul osalemine. M\u00f5lemas osas k\u00fcsitakse noorte vaimse heaolu ja vaimse tervise probleemide (nt depressioon, \u00e4revus, aktiivsus- ja t\u00e4helepanuh\u00e4ire) esinemise kohta.\u00a0\u00a0<\/p>\n\n\n\n<p><strong>Kas vastata tuleb k\u00f5igile k\u00fcsimustele?<\/strong>\u00a0<\/p>\n\n\n\n<p>T\u00e4psemate tulemuste saamiseks on oluline, et vastaksid k\u00f5igile k\u00fcsimustele. Kuna vaimne tervis on tundlik valdkond, siis v\u00f5ib m\u00f5nedele k\u00fcsimustele vastamine tekitada\u00a0 ebamugavust. Me m\u00f5istame seda ja saame aru, kui m\u00f5nele ebamugavale k\u00fcsimusele j\u00e4\u00e4b vastamata. Samuti v\u00f5ib uuringus osalemise igal hetkel katkestada ilma seda p\u00f5hjendamata.\u00a0\u00a0<\/p>\n\n\n\n<p><strong>Kuidas on kogutud andmed ja vastused kaitstud?<\/strong>\u00a0<\/p>\n\n\n\n<p>Teadliku n\u00f5usoleku vormis k\u00fcsitakse \u00f5pilase nime ja e-posti aadressi, mida vajatakse andmekogumise etapis, n\u00e4iteks \u00f5pilase v\u00f5i vanema n\u00f5usoleku kontrollimiseks ja uuringu aja kokkuleppimiseks. K\u00fcsimustikku ja intervjuuvihikusse \u00f5pilase nime ei kirjutata, uuringus osalejate andmed on t\u00e4histatud vaid uuringukoodiga.\u00a0\u00a0<\/p>\n\n\n\n<p>K\u00fcsimustiku t\u00e4itmine korraldatakse ja viiakse l\u00e4bi Tartu \u00dclikooli piiratud juurdep\u00e4\u00e4suga teaduslike andmekogude loomiseks ja haldamiseks m\u00f5eldud veebirakenduses REDCap (Research Electronic Data Capture), samasse sisestatakse ka intervjuu vastused. Andmeid hoitakse turvaliselt: \u00f5pilase nime ja e-posti aadressi sisaldavat faili hoitakse k\u00fcsimustiku ja intervjuu vastustest eraldi. \u00d5pilase nime ja e-posti aadressi sisaldav fail h\u00e4vitatakse hiljemalt projekti l\u00f5puks 31.12.2028.\u00a0 P\u00e4rast nime ja e-posti aadressi sisaldava faili kustutamist pole k\u00fcsimustiku ja intervjuu andmed isikustatavad ning neid s\u00e4ilitatakse andmebaasis t\u00e4htajatult. Uuringu tulemused esitatakse \u00fcldistatud kujul ning neid ei seostata konkreetsete koolide ega vastajatega. Uuringu l\u00e4biviimisel l\u00e4htutakse heast teadustavast ning uuring on koosk\u00f5lastatud Tervise Arengu Instituudi inimuuringute eetikakomiteega.\u00a0<\/p>\n\n\n\n<p>Hoolime iga uuringus osaleja turvalisusest ja heaolust. Kui ps\u00fchholoog m\u00e4rkab intervjuu ajal, et noor vajab abi, siis aitab ta noorel seda leida. Vastavalt lastekaitseseadusele on iga\u00fchel kohustus teatada abivajavast lapsest, aga seda tehakse alati noorega eelnevalt kokku leppides.\u00a0\u00a0<\/p>\n\n\n\n<p><strong>Kuidas saab uuringus osaleda?<\/strong>\u00a0<\/p>\n\n\n\n<p>Kui kool satub valimisse ja on n\u00f5us uuringus osalema, saavad \u00f5pilased ja lapsevanemad uuringukutse l\u00e4bi \u00f5ppeinfos\u00fcsteemi. Seej\u00e4rel tuleks \u00f5pilasel arutada oma vanema(te) v\u00f5i eestkostjaga uuringus osalemist. Kui \u00f5pilane on valmis uuringus osalema, tuleks s\u00f5ltuvalt \u00f5pilase vanusest toimida j\u00e4rgnevalt:\u00a0<\/p>\n\n\n\n<ol start=\"1\" class=\"wp-block-list\">\n<li>kui \u00f5pilane on alla 15-aastane, siis tuleb \u00fchel vanematest t\u00e4ita teadliku n\u00f5usoleku vorm \u00f5pilase uuringus osalemise kohta;\u00a0<\/li>\n<\/ol>\n\n\n\n<ol start=\"2\" class=\"wp-block-list\">\n<li>kui \u00f5pilane on v\u00e4hemalt 15-aastane, siis t\u00e4idab ta ise teadliku n\u00f5usoleku vormi.\u00a0\u00a0<\/li>\n<\/ol>\n\n\n\n<p><strong>Kuidas uuringu andmeid kasutatakse?<\/strong>\u00a0<\/p>\n\n\n\n<p>Uuringu andmete p\u00f5hjal koostatakse l\u00fchikokkuv\u00f5te, mis avaldatakse uuringu kodulehel. Uuringu tulemused on aluseks teadusartiklitele ning magistri- ja doktorit\u00f6\u00f6dele. K\u00f5ik tulemused esitatakse \u00fcldistatult, neid ei seostata konkreetse \u00f5pilase ega kooliga.\u00a0\u00a0<\/p>\n\n\n\n<p><strong>Millal ja kus saab tutvuda uuringu tulemustega?<\/strong>\u00a0<\/p>\n\n\n\n<p>Uuringu tulemuste p\u00f5hjal koostatakse l\u00fchikokkuv\u00f5te, mis avaldatakse uuringu kodulehel hiljemalt 2028. aasta l\u00f5pus. Uuringu tulemusi kasutatakse teadusartiklites ning magistri- ja doktorit\u00f6\u00f6des. Lingid publikatsioonidele ja meediakajastustele lisatakse jooksvalt uuringu kodulehele.\u00a0<\/p>\n\n\n\n<p><strong>Miks on noorte osalemine uuringus vajalik?<\/strong>\u00a0<\/p>\n\n\n\n<p>Enese kohta t\u00e4idetavate k\u00fcsimustike sobivust noorte vaimse tervise hindamiseks saab v\u00e4lja selgitada vaid noorte kaasamisega uuringusse ning nende vastuste anal\u00fc\u00fcsimisega. Sobivate vaimse tervise k\u00fcsimustike olemasolu omakorda v\u00f5imaldab t\u00e4psemalt hinnata ja j\u00e4lgida Eesti noorte vaimset tervist t\u00e4na ja tulevikus.\u00a0<\/p>\n\n\n\n<p><strong>Mis kasu saab noor uuringus osalemisest?<\/strong>\u00a0<\/p>\n\n\n\n<p>Uuringus osalemine v\u00f5ib suunata noort oma vaimsele tervisele rohkem t\u00e4helepanu p\u00f6\u00f6rama, v\u00f5imalikke vaimse tervise probleeme teadvustama ja neile abi otsima. Osalejatel on v\u00f5imalus saada p\u00e4rast intervjuud kliiniliselt ps\u00fchholoogilt personaalset tagasisidet. Lisaks t\u00e4natakse k\u00f5iki uuringus osalejaid e-kinkekaardiga, mille annab \u00f5pilasele ps\u00fchholoog vahetult peale intervjuud.<\/p>\n\n\n\n<p><em>* Alates 29.10.2025 kaasame\u00a015\u201317-aastased \u00f5pilased uuringusse ilma seadusliku esindaja n\u00f5usolekuta (alus:\u00a0<a href=\"https:\/\/www.riigiteataja.ee\/akt\/112072025001\">teadus- ja arendustegevuse ning innovatsiooni korralduse seadus<\/a>\u00a0\u00a7 28 l\u00f5ige 4; Tervise Arengu Instituudi inimuuringute eetikakomitee otsus nr 1512, 28.10.2025).<\/em><\/p>\n\n\n\n<p><\/p>\n","protected":false},"excerpt":{"rendered":"<p>Kes uuringut l\u00e4bi viivad?\u00a0 Uuringut juhivad ja korraldavad Tartu \u00dclikooli peremeditsiini ja rahvatervishoiu instituudi teadlased ning koolides viivad uuringut l\u00e4bi kliinilised ps\u00fchholoogid. Uuringu t\u00f6\u00f6r\u00fchma aitavad lisaks tehniliste ja statistiliste lahenduste ning kommunikatsioonispetsialistid. Uuringu t\u00f6\u00f6r\u00fchma liikmetega saab tutvuda siin.\u00a0 Mida uuritakse &#8230;<\/p>\n","protected":false},"author":871,"featured_media":0,"parent":0,"menu_order":0,"comment_status":"closed","ping_status":"closed","template":"","meta":{"_acf_changed":false,"inline_featured_image":false,"footnotes":""},"class_list":["post-42","page","type-page","status-publish","hentry"],"acf":[],"_links":{"self":[{"href":"https:\/\/sisu.ut.ee\/noortevaimseterviseuuring\/wp-json\/wp\/v2\/pages\/42","targetHints":{"allow":["GET"]}}],"collection":[{"href":"https:\/\/sisu.ut.ee\/noortevaimseterviseuuring\/wp-json\/wp\/v2\/pages"}],"about":[{"href":"https:\/\/sisu.ut.ee\/noortevaimseterviseuuring\/wp-json\/wp\/v2\/types\/page"}],"author":[{"embeddable":true,"href":"https:\/\/sisu.ut.ee\/noortevaimseterviseuuring\/wp-json\/wp\/v2\/users\/871"}],"replies":[{"embeddable":true,"href":"https:\/\/sisu.ut.ee\/noortevaimseterviseuuring\/wp-json\/wp\/v2\/comments?post=42"}],"version-history":[{"count":9,"href":"https:\/\/sisu.ut.ee\/noortevaimseterviseuuring\/wp-json\/wp\/v2\/pages\/42\/revisions"}],"predecessor-version":[{"id":349,"href":"https:\/\/sisu.ut.ee\/noortevaimseterviseuuring\/wp-json\/wp\/v2\/pages\/42\/revisions\/349"}],"wp:attachment":[{"href":"https:\/\/sisu.ut.ee\/noortevaimseterviseuuring\/wp-json\/wp\/v2\/media?parent=42"}],"curies":[{"name":"wp","href":"https:\/\/api.w.org\/{rel}","templated":true}]}}