{"id":323,"date":"2025-09-23T18:15:30","date_gmt":"2025-09-23T15:15:30","guid":{"rendered":"https:\/\/sisu.ut.ee\/noortevaimseterviseuuring\/?page_id=323"},"modified":"2025-12-08T22:58:09","modified_gmt":"2025-12-08T20:58:09","slug":"kliinilised-psuhholoogid","status":"publish","type":"page","link":"https:\/\/sisu.ut.ee\/noortevaimseterviseuuring\/kliinilised-psuhholoogid\/","title":{"rendered":"Kliinilised ps\u00fchholoogid"},"content":{"rendered":"<p><\/p>\n\n\n\n<p>Uuringu t\u00f6\u00f6r\u00fchma kuuluvad kliinilised ps\u00fchholoogid, kes viivad \u00f5pilastega koolis l\u00e4bi intervjuu.<\/p>\n\n\n\n<p><strong>Piret Annus-Reinberg<\/strong><\/p>\n\n\n\n<hr class=\"wp-block-separator has-alpha-channel-opacity\">\n\n\n\n<p><strong>Mari-Liis Are<\/strong><\/p>\n\n\n\n<hr class=\"wp-block-separator has-alpha-channel-opacity\">\n\n\n\n<p><strong>Maris Hinn<\/strong><\/p>\n\n\n\n<hr class=\"wp-block-separator has-alpha-channel-opacity\">\n\n\n\n<p><strong>Kersti Jakobi<\/strong><\/p>\n\n\n\n<hr class=\"wp-block-separator has-alpha-channel-opacity\">\n\n\n\n<p><strong>Siim Jakobsoo<\/strong><\/p>\n\n\n\n<hr class=\"wp-block-separator has-alpha-channel-opacity\">\n\n\n\n<p><strong>K\u00e4tlin Juurik<\/strong><\/p>\n\n\n\n<hr class=\"wp-block-separator has-alpha-channel-opacity\">\n\n\n\n<p><strong>Janne Marita Kabanen<\/strong><\/p>\n\n\n\n<hr class=\"wp-block-separator has-alpha-channel-opacity\">\n\n\n\n<p><strong>Aija Kala<\/strong><\/p>\n\n\n\n<hr class=\"wp-block-separator has-alpha-channel-opacity\">\n\n\n\n<p><strong>Eve Kanarik-\u00c4nilane<\/strong><\/p>\n\n\n\n<hr class=\"wp-block-separator has-alpha-channel-opacity\">\n\n\n\n<p><strong>Riin Luts<\/strong><\/p>\n\n\n\n<hr class=\"wp-block-separator has-alpha-channel-opacity\">\n\n\n\n<p><strong>Kadri L\u00fc\u00fcs<\/strong><\/p>\n\n\n\n<hr class=\"wp-block-separator has-alpha-channel-opacity\">\n\n\n\n<p><strong>Nade\u017eda Raku<\/strong><\/p>\n\n\n\n<hr class=\"wp-block-separator has-alpha-channel-opacity\">\n\n\n\n<p><strong>Sirje Rass<\/strong><\/p>\n\n\n\n<hr class=\"wp-block-separator has-alpha-channel-opacity\">\n\n\n\n<p><strong>Agnes Riisalu<\/strong><\/p>\n\n\n\n<hr class=\"wp-block-separator has-alpha-channel-opacity\">\n\n\n\n<p><strong>Kadri-Liis Sits<\/strong><\/p>\n\n\n\n<hr class=\"wp-block-separator has-alpha-channel-opacity\">\n\n\n\n<p><strong>Kristina Sorge<\/strong><\/p>\n\n\n\n<hr class=\"wp-block-separator has-alpha-channel-opacity\">\n\n\n\n<p><strong>Anneliis Tali<\/strong><\/p>\n\n\n\n<hr class=\"wp-block-separator has-alpha-channel-opacity\">\n\n\n\n<p><strong>Janne Tamm<\/strong><\/p>\n","protected":false},"excerpt":{"rendered":"<p>Uuringu t\u00f6\u00f6r\u00fchma kuuluvad kliinilised ps\u00fchholoogid, kes viivad \u00f5pilastega koolis l\u00e4bi intervjuu. Piret Annus-Reinberg Mari-Liis Are Maris Hinn Kersti Jakobi Siim Jakobsoo K\u00e4tlin Juurik Janne Marita Kabanen Aija Kala Eve Kanarik-\u00c4nilane Riin Luts Kadri L\u00fc\u00fcs Nade\u017eda Raku Sirje Rass Agnes Riisalu &#8230;<\/p>\n","protected":false},"author":871,"featured_media":0,"parent":0,"menu_order":0,"comment_status":"closed","ping_status":"closed","template":"","meta":{"_acf_changed":false,"inline_featured_image":false,"footnotes":""},"class_list":["post-323","page","type-page","status-publish","hentry"],"acf":[],"_links":{"self":[{"href":"https:\/\/sisu.ut.ee\/noortevaimseterviseuuring\/wp-json\/wp\/v2\/pages\/323","targetHints":{"allow":["GET"]}}],"collection":[{"href":"https:\/\/sisu.ut.ee\/noortevaimseterviseuuring\/wp-json\/wp\/v2\/pages"}],"about":[{"href":"https:\/\/sisu.ut.ee\/noortevaimseterviseuuring\/wp-json\/wp\/v2\/types\/page"}],"author":[{"embeddable":true,"href":"https:\/\/sisu.ut.ee\/noortevaimseterviseuuring\/wp-json\/wp\/v2\/users\/871"}],"replies":[{"embeddable":true,"href":"https:\/\/sisu.ut.ee\/noortevaimseterviseuuring\/wp-json\/wp\/v2\/comments?post=323"}],"version-history":[{"count":6,"href":"https:\/\/sisu.ut.ee\/noortevaimseterviseuuring\/wp-json\/wp\/v2\/pages\/323\/revisions"}],"predecessor-version":[{"id":374,"href":"https:\/\/sisu.ut.ee\/noortevaimseterviseuuring\/wp-json\/wp\/v2\/pages\/323\/revisions\/374"}],"wp:attachment":[{"href":"https:\/\/sisu.ut.ee\/noortevaimseterviseuuring\/wp-json\/wp\/v2\/media?parent=323"}],"curies":[{"name":"wp","href":"https:\/\/api.w.org\/{rel}","templated":true}]}}