{"id":304,"date":"2025-09-22T17:45:06","date_gmt":"2025-09-22T14:45:06","guid":{"rendered":"https:\/\/sisu.ut.ee\/noortevaimseterviseuuring\/?page_id=304"},"modified":"2025-11-06T16:27:56","modified_gmt":"2025-11-06T14:27:56","slug":"meediakajastused-2","status":"publish","type":"page","link":"https:\/\/sisu.ut.ee\/noortevaimseterviseuuring\/meediakajastused-2\/","title":{"rendered":"Meediakajastused"},"content":{"rendered":"<p><\/p>\n\n\n\n<p><strong>Raadio- ja telesaated<\/strong><\/p>\n\n\n\n<ul class=\"wp-block-list\">\n<li>Sihik. Tartu \u00dclikool alustab \u00fcleriigilise noorte vaimse tervise uuringuga <a href=\"https:\/\/kuku.pleier.ee\/podcast\/sihik\/220665\">https:\/\/kuku.pleier.ee\/podcast\/sihik\/220665<\/a> (22.09.2025)<\/li>\n\n\n\n<li>Kuue samba taga. \u00dcleriigiline \u00f5pilaste vaimse tervise uuring. <a href=\"https:\/\/kuku.pleier.ee\/podcast\/kuue-samba-taga\/214064\">https:\/\/kuku.pleier.ee\/podcast\/kuue-samba-taga\/214064<\/a> (13.10.2025)<\/li>\n<\/ul>\n\n\n\n<p><strong>Uuringu pressiteated<\/strong><\/p>\n\n\n\n<ul class=\"wp-block-list\">\n<li>\u00dcleriigilises uuringus selgitatakse v\u00e4lja, kuidas Eesti noorte vaimset tervist \u00fcldse hindama peaks. Tervisegeenius. Loetav\u00a0<a href=\"https:\/\/tervise.geenius.ee\/rubriik\/uudis\/uleriigilises-uuringus-selgitatakse-valja-kuidas-eesti-noorte-vaimset-tervist-uldse-hindama-peaks\/\">siit<\/a>. (17.09.2025)<\/li>\n\n\n\n<li>Tartu \u00dclikool viib koolides l\u00e4bi \u00fcleriigilise noorte vaimse tervise uuringu. Tartu \u00dclikooli\u00a0<a href=\"https:\/\/meditsiiniteadused.ut.ee\/et\/uudis\/tartu-ulikool-viib-koolides-labi-uleriigilise-noorte-vaimse-tervise-uuringu\">pressiteade<\/a>. (15.09.2025)<\/li>\n<\/ul>\n\n\n\n<p><\/p>\n","protected":false},"excerpt":{"rendered":"<p>Raadio- ja telesaated Uuringu pressiteated<\/p>\n","protected":false},"author":871,"featured_media":0,"parent":0,"menu_order":0,"comment_status":"closed","ping_status":"closed","template":"","meta":{"_acf_changed":false,"inline_featured_image":false,"footnotes":""},"class_list":["post-304","page","type-page","status-publish","hentry"],"acf":[],"_links":{"self":[{"href":"https:\/\/sisu.ut.ee\/noortevaimseterviseuuring\/wp-json\/wp\/v2\/pages\/304","targetHints":{"allow":["GET"]}}],"collection":[{"href":"https:\/\/sisu.ut.ee\/noortevaimseterviseuuring\/wp-json\/wp\/v2\/pages"}],"about":[{"href":"https:\/\/sisu.ut.ee\/noortevaimseterviseuuring\/wp-json\/wp\/v2\/types\/page"}],"author":[{"embeddable":true,"href":"https:\/\/sisu.ut.ee\/noortevaimseterviseuuring\/wp-json\/wp\/v2\/users\/871"}],"replies":[{"embeddable":true,"href":"https:\/\/sisu.ut.ee\/noortevaimseterviseuuring\/wp-json\/wp\/v2\/comments?post=304"}],"version-history":[{"count":8,"href":"https:\/\/sisu.ut.ee\/noortevaimseterviseuuring\/wp-json\/wp\/v2\/pages\/304\/revisions"}],"predecessor-version":[{"id":353,"href":"https:\/\/sisu.ut.ee\/noortevaimseterviseuuring\/wp-json\/wp\/v2\/pages\/304\/revisions\/353"}],"wp:attachment":[{"href":"https:\/\/sisu.ut.ee\/noortevaimseterviseuuring\/wp-json\/wp\/v2\/media?parent=304"}],"curies":[{"name":"wp","href":"https:\/\/api.w.org\/{rel}","templated":true}]}}