{"id":2,"date":"2025-08-05T19:58:02","date_gmt":"2025-08-05T19:58:02","guid":{"rendered":"https:\/\/sisu.ut.ee\/noortevaimseterviseuuring\/?page_id=2"},"modified":"2025-10-31T11:33:01","modified_gmt":"2025-10-31T09:33:01","slug":"sample-page","status":"publish","type":"page","link":"https:\/\/sisu.ut.ee\/noortevaimseterviseuuring\/","title":{"rendered":""},"content":{"rendered":"<h3 class=\"wp-block-heading has-text-align-left has-primary-color has-text-color has-link-color wp-elements-626f9c9bfd9f7203f1c7561521d862c5\" style=\"padding-top:var(--wp--preset--spacing--20);padding-bottom:var(--wp--preset--spacing--20)\">Tere tulemast noorte vaimse tervise uuringu kodulehele!\u00a0<\/h3>\n\n\n\n<p class=\"has-text-align-center\"><\/p>\n\n\n\n<p class=\"has-text-align-left has-regular-font-size\">Viimastel aastatel on vaimse tervise mured noorte seas sagenenud nii Eestis kui mujal maailmas. Eesti kooli\u00f5pilaste tervisek\u00e4itumise 2021\/2022. aasta uuringu andmetel olid ligi pooled 11\u201315aastastest t\u00fcdrukutest ja veerand poistest viimase aasta jooksul kogenud v\u00e4hemalt kahen\u00e4dalasi masenduse ja kurvameelsuse perioode. Kuidas aga eristada loomulikke tundeid seisunditest nagu depressioon v\u00f5i aktiivsus- ja t\u00e4helepanuh\u00e4ire, mille korral on vajalik spetsialisti abi?\u00a0<\/p>\n\n\n\n<p class=\"has-text-align-left has-regular-font-size\">Praegu kasutatakse vaimse tervise hindamisel k\u00fcsimustikke, mille sobivust Eesti noortele pole piisavalt uuritud. Seet\u00f5ttu pole teada, kui t\u00e4pselt need k\u00fcsimustikud noorte vaimset tervist m\u00f5\u00f5davad.\u00a0<\/p>\n\n\n\n<p class=\"has-text-align-left has-regular-font-size\"><strong>Miks on oluline, et noorte vaimse tervise hindamiseks oleksid sobivad k\u00fcsimustikud?<\/strong>\u00a0<\/p>\n\n\n\n<p class=\"has-text-align-left has-regular-font-size\">Sobivad k\u00fcsimustikud v\u00f5imaldavad t\u00e4psemalt hinnata Eesti noorte vaimse tervise seisundit, v\u00f5rrelda erinevate uuringute andmeid, j\u00e4lgida muutusi ajas ning planeerida ennetus- ja sekkumistegevusi.\u00a0<\/p>\n\n\n\n<p>Uuringu l\u00e4biviimisel l\u00e4htutakse heast teadustavast ning uuring on koosk\u00f5lastatud Tervise Arengu Instituudi inimuuringute eetikakomiteega.<\/p>\n\n\n\n<figure class=\"wp-block-embed is-type-video is-provider-youtube wp-block-embed-youtube wp-embed-aspect-16-9 wp-has-aspect-ratio\"><div class=\"wp-block-embed__wrapper\">\n<div class=\"ratio ratio-16x9 mb-3\"><div class=\"video-placeholder-wrapper video-placeholder-wrapper--16x9\">\n\t\t\t    <div class=\"video-placeholder d-flex justify-content-center align-items-center\">\n\t\t\t        <div class=\"overlay text-white p-2 w-100 text-center d-block justify-content-center align-items-center\">\n\t\t\t            <div>Kolmandate osapoolte sisu n\u00e4gemiseks palun n\u00f5ustu k\u00fcpsistega.<\/div>\n\t\t\t            <button class=\"btn btn-secondary btn-sm mt-1 consent-change\">Muuda n\u00f5usolekut<\/button>\n\t\t\t        <\/div>\n\t\t\t    <\/div>\n\t\t\t<\/div>\n<\/div>\n<\/div><\/figure>\n\n\n\n<p class=\"has-text-align-center\"><em>Alates 29.10.2025 kaasame\u00a015\u201317-aastased \u00f5pilased uuringusse ilma seadusliku esindaja n\u00f5usolekuta (alus:\u00a0<a href=\"https:\/\/www.riigiteataja.ee\/akt\/112072025001\">teadus- ja arendustegevuse ning innovatsiooni korralduse seadus<\/a>\u00a0\u00a7 28 l\u00f5ige 4; Tervise Arengu Instituudi inimuuringute eetikakomitee otsus nr 1512, 28.10.2025).<\/em><\/p>\n\n\n\n<p><\/p>\n","protected":false},"excerpt":{"rendered":"<p>Tere tulemast noorte vaimse tervise uuringu kodulehele!\u00a0 Viimastel aastatel on vaimse tervise mured noorte seas sagenenud nii Eestis kui mujal maailmas. Eesti kooli\u00f5pilaste tervisek\u00e4itumise 2021\/2022. aasta uuringu andmetel olid ligi pooled 11\u201315aastastest t\u00fcdrukutest ja veerand poistest viimase aasta jooksul kogenud &#8230;<\/p>\n","protected":false},"author":871,"featured_media":0,"parent":0,"menu_order":0,"comment_status":"closed","ping_status":"open","template":"","meta":{"_acf_changed":false,"inline_featured_image":false,"footnotes":""},"class_list":["post-2","page","type-page","status-publish","hentry"],"acf":[],"_links":{"self":[{"href":"https:\/\/sisu.ut.ee\/noortevaimseterviseuuring\/wp-json\/wp\/v2\/pages\/2","targetHints":{"allow":["GET"]}}],"collection":[{"href":"https:\/\/sisu.ut.ee\/noortevaimseterviseuuring\/wp-json\/wp\/v2\/pages"}],"about":[{"href":"https:\/\/sisu.ut.ee\/noortevaimseterviseuuring\/wp-json\/wp\/v2\/types\/page"}],"author":[{"embeddable":true,"href":"https:\/\/sisu.ut.ee\/noortevaimseterviseuuring\/wp-json\/wp\/v2\/users\/871"}],"replies":[{"embeddable":true,"href":"https:\/\/sisu.ut.ee\/noortevaimseterviseuuring\/wp-json\/wp\/v2\/comments?post=2"}],"version-history":[{"count":28,"href":"https:\/\/sisu.ut.ee\/noortevaimseterviseuuring\/wp-json\/wp\/v2\/pages\/2\/revisions"}],"predecessor-version":[{"id":348,"href":"https:\/\/sisu.ut.ee\/noortevaimseterviseuuring\/wp-json\/wp\/v2\/pages\/2\/revisions\/348"}],"wp:attachment":[{"href":"https:\/\/sisu.ut.ee\/noortevaimseterviseuuring\/wp-json\/wp\/v2\/media?parent=2"}],"curies":[{"name":"wp","href":"https:\/\/api.w.org\/{rel}","templated":true}]}}