{"id":581,"date":"2026-01-16T14:14:40","date_gmt":"2026-01-16T12:14:40","guid":{"rendered":"https:\/\/sisu.ut.ee\/noorlingvist\/?page_id=581"},"modified":"2026-01-16T14:33:31","modified_gmt":"2026-01-16T12:33:31","slug":"laager","status":"publish","type":"page","link":"https:\/\/sisu.ut.ee\/noorlingvist\/laager\/","title":{"rendered":"Laager"},"content":{"rendered":"<div style=\"height:20px\" aria-hidden=\"true\" class=\"wp-block-spacer\"><\/div>\n\n\n\n<h2 class=\"wp-block-heading\"><span style=\"color: black;\">Noorlingvistide keeleklubi 2026. aasta laager <\/span><\/h2>\n\n\n\n<div style=\"height:38px\" aria-hidden=\"true\" class=\"wp-block-spacer\"><\/div>\n\n\n\n<div class=\"wp-block-columns is-layout-flex wp-container-core-columns-is-layout-9d6595d7 wp-block-columns-is-layout-flex\">\n<div class=\"wp-block-column is-layout-flow wp-block-column-is-layout-flow\" style=\"flex-basis:70%\">\n<p><span style=\"color: black;\"><strong>Kas\u00a0tead, et\u00a0keelte\u00a0grammatika<\/strong><strong>\u00a0v\u00f5ib\u00a0olla\u00a0tundlik\u00a0info\u00a0allika\u00a0suhtes?<\/strong>\u00a0Maailmas\u00a0leidub\u00a0keeli,\u00a0kus tegus\u00f5na\u00a0vorm\u00a0s\u00f5ltub\u00a0sellest,<\/span><\/p>\n\n\n\n<p><span style=\"color: black;\">\ud83d\udc40\u00a0kas\u00a0n\u00e4gime\u00a0toimunut\u00a0oma\u00a0silmadega,<br>\ud83d\udc42\u00a0kas\u00a0kuulsime, aga\u00a0ei\u00a0n\u00e4inud\u00a0ise\u00a0pealt, et\u00a0midagi\u00a0toimus,<br>\ud83d\udca1\u00a0kas\u00a0j\u00e4reldame\u00a0k\u00e4esolevate\u00a0asjaolude\u00a0p\u00f5hjal, et\u00a0midagi\u00a0on\u00a0toimunud.<\/span><\/p>\n\n\n\n<p><span style=\"color: black;\"><strong>26.-27. veebruaril 2026<\/strong> toimub Tartu \u00dclikooli eesti ja \u00fcldkeeleteaduse instituudis j\u00e4rjekorras teine <strong>noorlingvistide keeleklubi laager \u201cOma silm on kuningas? \u2013 Evidentsiaalsus soome-ugri keeltes\u201d<\/strong>. Seekordne laager keskendub grammatilistele struktuuridele soome-ugri keeltes; erilist t\u00e4helepanu p\u00f6\u00f6ratakse aga just evidentsiaalsuse kategooriale.<\/span><\/p>\n\n\n\n<p><span style=\"color: black;\"><strong>Evidentsiaalsuseks<\/strong>\u00a0nimetatakse n\u00e4htust, mille korral keelevormis v\u00e4ljendub lisaks infole ka info allikas, mis t\u00f5endab selle usaldusv\u00e4\u00e4rsust. N\u00e4iteks eesti keeleskaudne k\u00f5neviis -vat (n\u00e4iteks\u00a0<em>Tema laps jonnivat palju<\/em>) v\u00e4ljendab, kui info on kelleltki kolmandalt kuuldud ja v\u00f5ib-olla isegi kaheldav. Sellist nii-\u00f6elda v\u00e4ikest evidentsiaalsuse s\u00fcsteemi v\u00f5ib kohata paljudes uurali keeltes, aga m\u00f5ned sugulaskeeled kasutavad palju peenemaid viise, et m\u00e4rkida, kas inimene ise n\u00e4gi, kuulis, katsus, arvas v\u00f5i j\u00e4reldas seda, mida ta v\u00e4idab. Laagris uurime, kuidas info allikas on n\u00e4iteks mari ja udmurdi keeltes tihedalt seotud minevikuga, p\u00f5hjasamojeedi keeltes seevastu k\u00f5neviisiga. Saame ka teada, kuidas on v\u00f5imalik \u00f6elda asju, mida ise l\u00e4bi elasime, aga pealt ei n\u00e4inud. Lisaks soome-ugri keeltele teeme p\u00f5gusat tutvust ka rahvastega.<\/span><\/p>\n\n\n\n<p><span style=\"color: black;\">Laagri kavasse on p\u00f5imitud ka muud tegevused. Esimesel p\u00e4eval saavad huvilised k\u00fclastada\u00a0<strong>Tartu \u00dclikooli lahtiste uste p\u00e4eva\u00a0<\/strong>ning osaleda t\u00f6\u00f6toas \u201cKeelest ja keeleteadusest\u201d. Programm sisaldab ka\u00a0<strong>Eesti Rahva Muuseumi<\/strong>\u00a0<strong>p\u00fcsin\u00e4ituse \u201cUurali kaja\u201d k\u00fclastust<\/strong>, samuti saavad laagrilised osa v\u00f5tta\u00a0<strong>Filmo-Ugri filmi\u00f5htust<\/strong>\u00a0ning \u00fchisest \u00f5htus\u00f6\u00f6gist koos keeleviktoriiniga.<\/span><\/p>\n<\/div>\n\n\n\n<div class=\"wp-block-column is-layout-flow wp-block-column-is-layout-flow\" style=\"flex-basis:30%\">\n<figure class=\"wp-block-image size-large\"><img loading=\"lazy\" decoding=\"async\" width=\"724\" height=\"1024\" src=\"https:\/\/sisu.ut.ee\/wp-content\/uploads\/sites\/617\/Noorlingvistide-laager_plakat_2026-724x1024.png\" alt=\"\" class=\"wp-image-583\" srcset=\"https:\/\/sisu.ut.ee\/wp-content\/uploads\/sites\/617\/Noorlingvistide-laager_plakat_2026-724x1024.png 724w, https:\/\/sisu.ut.ee\/wp-content\/uploads\/sites\/617\/Noorlingvistide-laager_plakat_2026-212x300.png 212w, https:\/\/sisu.ut.ee\/wp-content\/uploads\/sites\/617\/Noorlingvistide-laager_plakat_2026-768x1086.png 768w, https:\/\/sisu.ut.ee\/wp-content\/uploads\/sites\/617\/Noorlingvistide-laager_plakat_2026.png 1414w\" sizes=\"auto, (max-width: 724px) 100vw, 724px\"><\/figure>\n\n\n\n<div class=\"wp-block-buttons is-layout-flex wp-block-buttons-is-layout-flex\">\n<div class=\"wp-block-button has-custom-width wp-block-button__width-50\"><a class=\"wp-block-button__link wp-element-button\" href=\"https:\/\/forms.office.com\/e\/0QEmkAkuzR\">Registreerimine<\/a><\/div>\n<\/div>\n<\/div>\n<\/div>\n\n\n\n<p><span style=\"color: black;\">Laagris\u00a0astuvad\u00a0\u00fcles\u00a0Tartu\u00a0\u00dclikooli\u00a0soome-ugri\u00a0keeleteadlased\u00a0Bog\u00e1ta Tim\u00e1r,\u00a0Gerson Klumpp ja\u00a0Nikolay Kuznetsov.<\/span><\/p>\n\n\n\n<div class=\"wp-block-media-text is-stacked-on-mobile\" style=\"grid-template-columns:15% auto\"><figure class=\"wp-block-media-text__media\"><img loading=\"lazy\" decoding=\"async\" width=\"1024\" height=\"1024\" src=\"https:\/\/sisu.ut.ee\/wp-content\/uploads\/sites\/617\/1-1024x1024.png\" alt=\"\" class=\"wp-image-585 size-full\" srcset=\"https:\/\/sisu.ut.ee\/wp-content\/uploads\/sites\/617\/1-1024x1024.png 1024w, https:\/\/sisu.ut.ee\/wp-content\/uploads\/sites\/617\/1-300x300.png 300w, https:\/\/sisu.ut.ee\/wp-content\/uploads\/sites\/617\/1-150x150.png 150w, https:\/\/sisu.ut.ee\/wp-content\/uploads\/sites\/617\/1-768x768.png 768w, https:\/\/sisu.ut.ee\/wp-content\/uploads\/sites\/617\/1.png 1080w\" sizes=\"auto, (max-width: 1024px) 100vw, 1024px\"><\/figure><div class=\"wp-block-media-text__content\">\n<p><span style=\"color: black;\"><strong>Bog\u00e1ta Tim\u00e1r <\/strong>on Ungarist p\u00e4rit soome-ugri osakonna nooremteadur, kes uurib mari keelt. Ta on huvitatud nii nominaalsetest kui verbaalsetest kategooriadest, aga eriti grammatikaliseerumisest ja modaalsusest. Samuti on ta tegelenud mitu aastat keelet\u00fcpoloogiaga. Lisaks uurimist\u00f6\u00f6le on ta t\u00f5eline soome-ugri entusiast: tema lemmiktegevus on kaasaegse soome-ugri kultuuri levitamine ja arendamine nii sotsiaalmeedias kui p\u00e4riselus.<\/span><\/p>\n<\/div><\/div>\n\n\n\n<div style=\"height:16px\" aria-hidden=\"true\" class=\"wp-block-spacer\"><\/div>\n\n\n\n<div class=\"wp-block-media-text is-stacked-on-mobile\" style=\"grid-template-columns:15% auto\"><figure class=\"wp-block-media-text__media\"><img loading=\"lazy\" decoding=\"async\" width=\"1024\" height=\"1024\" src=\"https:\/\/sisu.ut.ee\/wp-content\/uploads\/sites\/617\/2-1024x1024.png\" alt=\"\" class=\"wp-image-586 size-full\" srcset=\"https:\/\/sisu.ut.ee\/wp-content\/uploads\/sites\/617\/2-1024x1024.png 1024w, https:\/\/sisu.ut.ee\/wp-content\/uploads\/sites\/617\/2-300x300.png 300w, https:\/\/sisu.ut.ee\/wp-content\/uploads\/sites\/617\/2-150x150.png 150w, https:\/\/sisu.ut.ee\/wp-content\/uploads\/sites\/617\/2-768x768.png 768w, https:\/\/sisu.ut.ee\/wp-content\/uploads\/sites\/617\/2.png 1080w\" sizes=\"auto, (max-width: 1024px) 100vw, 1024px\"><\/figure><div class=\"wp-block-media-text__content\">\n<p><span style=\"color: black;\"><strong>Gerson\u00a0Klumpp<\/strong>\u00a0on soome-ugri keelte professor ning eesti keele ja soome-ugri keelte magistri\u00f5ppe programmijuht. Tema uuritavad keeled on l\u00f5unasamojeedi keeled kamassi ja s\u00f6lkupi ning permi keeled komi ja udmurdi. Teda huvitavad keelte grammatiline areng, eriliselt verbaalsed kategooriad nagu aeg, aspekt ja k\u00f5neviis, aga ka uurali keelte\u00a0infostrukuur\u00a0ja t\u00fcpoloogia. Viimasel aastatel juhtis ta\u00a0uurimisprojekti\u00a0uurali keelte diskursusepartiklite\u00a0grammatika\u00a0kohta.\u00a0<\/span><\/p>\n<\/div><\/div>\n\n\n\n<div style=\"height:16px\" aria-hidden=\"true\" class=\"wp-block-spacer\"><\/div>\n\n\n\n<div class=\"wp-block-media-text is-stacked-on-mobile\" style=\"grid-template-columns:15% auto\"><figure class=\"wp-block-media-text__media\"><img loading=\"lazy\" decoding=\"async\" width=\"1024\" height=\"1024\" src=\"https:\/\/sisu.ut.ee\/wp-content\/uploads\/sites\/617\/3-1-1024x1024.png\" alt=\"\" class=\"wp-image-587 size-full\" srcset=\"https:\/\/sisu.ut.ee\/wp-content\/uploads\/sites\/617\/3-1-1024x1024.png 1024w, https:\/\/sisu.ut.ee\/wp-content\/uploads\/sites\/617\/3-1-300x300.png 300w, https:\/\/sisu.ut.ee\/wp-content\/uploads\/sites\/617\/3-1-150x150.png 150w, https:\/\/sisu.ut.ee\/wp-content\/uploads\/sites\/617\/3-1-768x768.png 768w, https:\/\/sisu.ut.ee\/wp-content\/uploads\/sites\/617\/3-1.png 1080w\" sizes=\"auto, (max-width: 1024px) 100vw, 1024px\"><\/figure><div class=\"wp-block-media-text__content\">\n<p><span style=\"color: black;\"><strong>Nikolay\u00a0Kuznetsov<\/strong>\u00a0on soome-ugri keelte lektor.\u00a0P\u00e4ritolult on ta komi,\u00a0kes \u00f5petab\u00a0\u00fclikoolis\u00a0komi keelt ja peab loenguid komi kultuurist,\u00a0samuti loeb sissejuhatavat kursust soome-ugri keeltest ja rahvastest\u00a0ning fennougristikast.\u00a0Teda\u00a0huvitavad permi keeled, eriti komi keele morfoloogia ja\u00a0morfos\u00fcntaks, aga ka komi folkloor ja kultuur laiemas m\u00f5ttes.\u00a0<\/span><\/p>\n<\/div><\/div>\n\n\n\n<p><span style=\"color: black;\">Osalejate ridadesse ootame <strong>9.-12. klassis<\/strong> \u00f5ppivaid keelehuvilisi. Osav\u00f5tt on laagrilistele <strong>tasuta<\/strong>, kahel p\u00e4eval pakume toitlustust, Tartust kaugemalt tulijaid majutame hotellis ning h\u00fcvitame nende s\u00f5idukulud. Kohtade arv on <strong>piiratud<\/strong> ja laagrisse p\u00e4\u00e4seb kuni <strong>25 \u00f5pilast<\/strong>!<\/span><\/p>\n\n\n\n<p><span style=\"color: black;\"><em>Laagrit korraldab Tartu \u00dclikooli eesti ja \u00fcldkeeleteaduse instituut. Laagri korraldamist rahastab Eesti Teadusagentuur.<\/em><\/span><\/p>\n","protected":false},"excerpt":{"rendered":"<p>Noorlingvistide keeleklubi 2026. aasta laager Kas\u00a0tead, et\u00a0keelte\u00a0grammatika\u00a0v\u00f5ib\u00a0olla\u00a0tundlik\u00a0info\u00a0allika\u00a0suhtes?\u00a0Maailmas\u00a0leidub\u00a0keeli,\u00a0kus tegus\u00f5na\u00a0vorm\u00a0s\u00f5ltub\u00a0sellest, \ud83d\udc40\u00a0kas\u00a0n\u00e4gime\u00a0toimunut\u00a0oma\u00a0silmadega,\ud83d\udc42\u00a0kas\u00a0kuulsime, aga\u00a0ei\u00a0n\u00e4inud\u00a0ise\u00a0pealt, et\u00a0midagi\u00a0toimus,\ud83d\udca1\u00a0kas\u00a0j\u00e4reldame\u00a0k\u00e4esolevate\u00a0asjaolude\u00a0p\u00f5hjal, et\u00a0midagi\u00a0on\u00a0toimunud. 26.-27. veebruaril 2026 toimub Tartu \u00dclikooli eesti ja \u00fcldkeeleteaduse instituudis j\u00e4rjekorras teine noorlingvistide keeleklubi laager \u201cOma silm on kuningas? \u2013 Evidentsiaalsus soome-ugri keeltes\u201d. Seekordne laager keskendub grammatilistele struktuuridele &#8230;<\/p>\n","protected":false},"author":308,"featured_media":0,"parent":0,"menu_order":0,"comment_status":"closed","ping_status":"closed","template":"","meta":{"_acf_changed":false,"inline_featured_image":false,"footnotes":""},"class_list":["post-581","page","type-page","status-publish","hentry"],"acf":[],"_links":{"self":[{"href":"https:\/\/sisu.ut.ee\/noorlingvist\/wp-json\/wp\/v2\/pages\/581","targetHints":{"allow":["GET"]}}],"collection":[{"href":"https:\/\/sisu.ut.ee\/noorlingvist\/wp-json\/wp\/v2\/pages"}],"about":[{"href":"https:\/\/sisu.ut.ee\/noorlingvist\/wp-json\/wp\/v2\/types\/page"}],"author":[{"embeddable":true,"href":"https:\/\/sisu.ut.ee\/noorlingvist\/wp-json\/wp\/v2\/users\/308"}],"replies":[{"embeddable":true,"href":"https:\/\/sisu.ut.ee\/noorlingvist\/wp-json\/wp\/v2\/comments?post=581"}],"version-history":[{"count":16,"href":"https:\/\/sisu.ut.ee\/noorlingvist\/wp-json\/wp\/v2\/pages\/581\/revisions"}],"predecessor-version":[{"id":609,"href":"https:\/\/sisu.ut.ee\/noorlingvist\/wp-json\/wp\/v2\/pages\/581\/revisions\/609"}],"wp:attachment":[{"href":"https:\/\/sisu.ut.ee\/noorlingvist\/wp-json\/wp\/v2\/media?parent=581"}],"curies":[{"name":"wp","href":"https:\/\/api.w.org\/{rel}","templated":true}]}}