{"id":5,"date":"2024-04-04T08:29:59","date_gmt":"2024-04-04T05:29:59","guid":{"rendered":"https:\/\/sisu.ut.ee\/noorlingvist\/ajakava\/"},"modified":"2026-02-04T00:05:47","modified_gmt":"2026-02-03T22:05:47","slug":"ajakava","status":"publish","type":"page","link":"https:\/\/sisu.ut.ee\/noorlingvist\/ajakava\/","title":{"rendered":"Ajakava"},"content":{"rendered":"<h2 class=\"wp-block-heading\"><span style=\"color: #f34213;\"><strong>Ajakava<\/strong><\/span><\/h2>\n\n\n\n<div style=\"height:34px\" aria-hidden=\"true\" class=\"wp-block-spacer\"><\/div>\n\n\n\n<p><span style=\"font-size: 16px;\"><span style=\"color: #000000;\">Iga noorlingvistide keeleklubi kohtumine keskendub <strong>\u00fchele kitsamale uurimisteemale<\/strong>. Kohtumised toimuvad laup\u00e4eviti vahemikus kl 12:00-15:00 Tartu \u00dclikooli eesti ja \u00fcldkeeleteaduse instituudis.<\/span><\/span><\/p>\n\n\n\n<p><span style=\"font-size: 16px;\"><span style=\"color: black;\"><strong>2025\/2026. \u00f5ppeaasta <\/strong>kohtumiste kava on j\u00e4rgnev:<\/span><\/span><\/p>\n\n\n<div class=\"accordion-block mb-3\">\n\t\t<div class=\"accordion \" id=\"accordion-accordion-69da27ff268ea\">\n\t\t\t\t\t\t\t<div class=\"accordion-item accordion-item--blue\">\n\t\t\t\t\t<h2 class=\"accordion-header\" id=\"accordion-69da27ff268ea-heading-1\">\n\t\t\t\t\t\t<button class=\"accordion-button collapsed\" type=\"button\" data-bs-toggle=\"collapse\" data-bs-target=\"#accordion-69da27ff268ea-collapse-1\" aria-expanded=\"true\" aria-controls=\"accordion-69da27ff268ea-collapse-1\">\n\t\t\t\t\t\t\t25. oktoober: Kv\u00e4\u00e4ridest ja koristajat\u00e4didest ehk Kuidas on seotud keel, sugu ja seksuaalsus?\n\t\t\t\t\t\t<\/button>\n\t\t\t\t\t<\/h2>\n\t\t\t\t\t<div id=\"accordion-69da27ff268ea-collapse-1\" class=\"accordion-collapse collapse \" aria-labelledby=\"accordion-69da27ff268ea-heading-1\">\n\t\t\t\t\t\t<div class=\"accordion-body\">\n\t\t\t\t\t\t\t<p>T\u00f6\u00f6toas arutame keele, soo ja seksuaalsuse l\u00f5imumispunkte. Kuna eesti keele kohta on arvatud, et see on sootu, siis avame seda, kuidas see tegelikult paika ei pea, ning keskendume eesti keele sugude v\u00e4ljendamise v\u00f5imalustele \u2013 seda nii \u00fcksikute s\u00f5nade kui ka laiemate teksti\u00fcksuste kaudu. T\u00f6\u00f6tuba algab l\u00fchikese teooriaosaga, kuid peamiselt teeme koos harjutusi ja m\u00f5tleme kaasava keele k\u00fcsimuste \u00fcle.<\/p>\n<p>Kohtumist viivad l\u00e4bi eesti keele teadur Elisabeth Kaukonen ja keeleteaduse nooremteadur Aet Kuusik (Tartu \u00dclikool).<\/p>\n\n\t\t\t\t\t\t<\/div>\n\t\t\t\t\t<\/div>\n\t\t\t\t<\/div>\n\t\t\t\t\t\t\t<div class=\"accordion-item accordion-item--blue\">\n\t\t\t\t\t<h2 class=\"accordion-header\" id=\"accordion-69da27ff268ea-heading-2\">\n\t\t\t\t\t\t<button class=\"accordion-button collapsed\" type=\"button\" data-bs-toggle=\"collapse\" data-bs-target=\"#accordion-69da27ff268ea-collapse-2\" aria-expanded=\"true\" aria-controls=\"accordion-69da27ff268ea-collapse-2\">\n\t\t\t\t\t\t\t22. november: Kas keelehoiakud on nagu kehahoiakud \u2013 lihtsalt selg sirgu ja korras?\n\t\t\t\t\t\t<\/button>\n\t\t\t\t\t<\/h2>\n\t\t\t\t\t<div id=\"accordion-69da27ff268ea-collapse-2\" class=\"accordion-collapse collapse \" aria-labelledby=\"accordion-69da27ff268ea-heading-2\">\n\t\t\t\t\t\t<div class=\"accordion-body\">\n\t\t\t\t\t\t\t<p>Keeleliste hoiakute uurimine on \u00fchtaegu p\u00f5nev, kuid ka keerukas \u00fclesanne. Et m\u00e4rgata hoiakut, tuleb end esmalt v\u00e4ga teraselt vaadelda, m\u00f5istmaks, et ka teadlased ei ole keelelistest eelarvamustest ja hoiakutest vabad. Meid on m\u00f5jutanud n\u00e4iteks m\u00f5ned v\u00e4ga levinud keeleideoloogiad. Vaatleme, kuidas hoiakuid uurida, katsetame intervjuude l\u00e4biviimist ja anal\u00fc\u00fcsimist, arutleme koos nii keeleliste hoiakute \u00fcle, kui ka selle \u00fcle, mis v\u00f5ib peituda nende taga.<\/p>\n<p>Kohtumist viib l\u00e4bi keeleteaduse nooremteadur Kristel Algvere (Tartu \u00dclikool).<\/p>\n\n\t\t\t\t\t\t<\/div>\n\t\t\t\t\t<\/div>\n\t\t\t\t<\/div>\n\t\t\t\t\t\t\t<div class=\"accordion-item accordion-item--blue\">\n\t\t\t\t\t<h2 class=\"accordion-header\" id=\"accordion-69da27ff268ea-heading-3\">\n\t\t\t\t\t\t<button class=\"accordion-button collapsed\" type=\"button\" data-bs-toggle=\"collapse\" data-bs-target=\"#accordion-69da27ff268ea-collapse-3\" aria-expanded=\"true\" aria-controls=\"accordion-69da27ff268ea-collapse-3\">\n\t\t\t\t\t\t\t13. detsember: \u20ac\u20acST! K\u20ac\u20acL D1G1AJA$TUL ehk Sissevaade internetilingvistikasse\n\t\t\t\t\t\t<\/button>\n\t\t\t\t\t<\/h2>\n\t\t\t\t\t<div id=\"accordion-69da27ff268ea-collapse-3\" class=\"accordion-collapse collapse \" aria-labelledby=\"accordion-69da27ff268ea-heading-3\">\n\t\t\t\t\t\t<div class=\"accordion-body\">\n\t\t\t\t\t\t\t<p>Digiajastul on m\u00e4rkimisv\u00e4\u00e4rne osa igap\u00e4evasuhtlusest kolinud veebiavarustesse, mist\u00f5ttu \u00fcha rohkem r\u00e4\u00e4gitakse sellest, kuidas suulise ning kirjaliku keele k\u00f5rval on tekkinud uus keeleregister \u2013 netikeel. T\u00f6\u00f6toas teeme l\u00e4hemat tutvust internetilingvistikaga ning vaatame, mida p\u00f5nevat on leitud n\u00e4iteks emoji\u2019de, GIFide, netil\u00fchendite aga ka sotsiaalmeedia moev\u00e4ljendite teemal. T\u00f6\u00f6toa teises osas keskendume t\u0161\u00e4tivestlustele, nende kogumisele ning anal\u00fc\u00fcsimisele.<\/p>\n<p>Kohtumist viivad l\u00e4bi mitmekeelsuse keskuse teadmussiirde koordinaator Mari-Liis Korkus ja ps\u00fchholingvistika professor Virve Vihman (Tartu \u00dclikool).<\/p>\n\n\t\t\t\t\t\t<\/div>\n\t\t\t\t\t<\/div>\n\t\t\t\t<\/div>\n\t\t\t\t\t\t\t<div class=\"accordion-item accordion-item--blue\">\n\t\t\t\t\t<h2 class=\"accordion-header\" id=\"accordion-69da27ff268ea-heading-4\">\n\t\t\t\t\t\t<button class=\"accordion-button collapsed\" type=\"button\" data-bs-toggle=\"collapse\" data-bs-target=\"#accordion-69da27ff268ea-collapse-4\" aria-expanded=\"true\" aria-controls=\"accordion-69da27ff268ea-collapse-4\">\n\t\t\t\t\t\t\t24. jaanuar: Kas tehisaru j\u00e4tab eesti keele s\u00f5naraamatud riiulile tolmu koguma?!\n\t\t\t\t\t\t<\/button>\n\t\t\t\t\t<\/h2>\n\t\t\t\t\t<div id=\"accordion-69da27ff268ea-collapse-4\" class=\"accordion-collapse collapse \" aria-labelledby=\"accordion-69da27ff268ea-heading-4\">\n\t\t\t\t\t\t<div class=\"accordion-body\">\n\t\t\t\t\t\t\t<p>T\u00f6\u00f6toas uurime ja katsetame suuri keelemudeleid. Vaatame, kui h\u00e4sti t\u00e4idavad need eesti keeles erinevaid s\u00f5naraamatut\u00f6\u00f6ga seotud \u00fclesandeid ja hindame tulemusi. L\u00e4hemalt keskendume eesti s\u00f5nade t\u00e4hendustele ja stiilivarjunditele. T\u00f6\u00f6toa alguses tutvustame nii s\u00f5naraamatut\u00f6\u00f6d kui ka v\u00f5imalusi, kuidas suuri keelemudeleid sellesse kaasata. Praktilises osas teeme koos \u00fclesandeid ja anal\u00fc\u00fcsime suurte keelemudelite eesti keele oskust.<\/p>\n<p>Kohtumist viivad l\u00e4bi teadur Lydia Risberg ja vanemteadur Maria Tuulik (Eesti Keele Instituut).<\/p>\n\n\t\t\t\t\t\t<\/div>\n\t\t\t\t\t<\/div>\n\t\t\t\t<\/div>\n\t\t\t\t\t\t\t<div class=\"accordion-item accordion-item--blue\">\n\t\t\t\t\t<h2 class=\"accordion-header\" id=\"accordion-69da27ff268ea-heading-5\">\n\t\t\t\t\t\t<button class=\"accordion-button collapsed\" type=\"button\" data-bs-toggle=\"collapse\" data-bs-target=\"#accordion-69da27ff268ea-collapse-5\" aria-expanded=\"true\" aria-controls=\"accordion-69da27ff268ea-collapse-5\">\n\t\t\t\t\t\t\tNB! Edasi l\u00fckatud! 7. veebruar: Mis juhtub, kui keeled kohtuvad? Keelekontaktidest eestirootsi ja L\u00e4\u00e4ne-Eesti murrete n\u00e4itel\n\t\t\t\t\t\t<\/button>\n\t\t\t\t\t<\/h2>\n\t\t\t\t\t<div id=\"accordion-69da27ff268ea-collapse-5\" class=\"accordion-collapse collapse \" aria-labelledby=\"accordion-69da27ff268ea-heading-5\">\n\t\t\t\t\t\t<div class=\"accordion-body\">\n\t\t\t\t\t\t\t<p><strong>NB! Esineja haigestumise t\u00f5ttu l\u00fckkub t\u00f6\u00f6tuba s\u00fcgissemestrisse.\u00a0<\/strong><\/p>\n<p>T\u00f6\u00f6toas arutleme keelekontaktide \u00fcle: mida keelekontakti all m\u00f5eldakse, kuidas m\u00f5jutab kontakti pikkus ja intensiivsus keele eri tasandeid, mis on keeles p\u00fcsivam, mis kiiremini muutuv. Vaatame, millised on olnud Eesti l\u00e4\u00e4nealadel k\u00f5neldud eestirootsi murded ja kuidas nad erinevad t\u00e4nap\u00e4eva rootsi keelest. Uurime l\u00e4hemalt, kuidas eestirootsi murded on m\u00f5jutanud eesti murdeid ja mil viisil on eesti keel omakorda m\u00f5jutanud eestirootsi murdeid. Loeme ka \u00fchiselt paari keelen\u00e4idet ja p\u00fc\u00fcame neist aru saada.<\/p>\n<p>Kohtumist viivad l\u00e4bi foneetika kaasprofessor Eva Liina Asu-Garcia, l\u00e4\u00e4nemeresoome keelte ja keelet\u00fcpoloogia kaasprofessor Miina Norvik ja rahvusvaheliste suhete ja regiooni uuringute magistrant Johannes Sarapuu (Tartu \u00dclikool).<\/p>\n\n\t\t\t\t\t\t<\/div>\n\t\t\t\t\t<\/div>\n\t\t\t\t<\/div>\n\t\t\t\t\t\t\t<div class=\"accordion-item accordion-item--blue\">\n\t\t\t\t\t<h2 class=\"accordion-header\" id=\"accordion-69da27ff268ea-heading-6\">\n\t\t\t\t\t\t<button class=\"accordion-button collapsed\" type=\"button\" data-bs-toggle=\"collapse\" data-bs-target=\"#accordion-69da27ff268ea-collapse-6\" aria-expanded=\"true\" aria-controls=\"accordion-69da27ff268ea-collapse-6\">\n\t\t\t\t\t\t\t21. m\u00e4rts: Kas\/miks head asjad on \u00fcleval?\n\t\t\t\t\t\t<\/button>\n\t\t\t\t\t<\/h2>\n\t\t\t\t\t<div id=\"accordion-69da27ff268ea-collapse-6\" class=\"accordion-collapse collapse \" aria-labelledby=\"accordion-69da27ff268ea-heading-6\">\n\t\t\t\t\t\t<div class=\"accordion-body\">\n\t\t\t\t\t\t\t<p>V\u00e4ljendid, nagu <em>tipptasemel kool<\/em> v\u00f5i <em>\u00fcle k\u00f5ige<\/em> on tavalised ja igap\u00e4evased, me ei seosta neid ilukirjanduse ja poeetilise keelekasutusega. Kuid kui neid fraase l\u00e4hemalt vaatame, v\u00f5ib tekkida k\u00fcsimus, miks ruumisuundade abil (ruumis k\u00f5rgemal asumine) v\u00e4ljendatakse hinnangut millelegi, mis pole seotud asukohaga ruumis (tipptasemel kool v\u00f5ib asuda maastikul hoopis n\u00f5os!). T\u00f6\u00f6toas uurime, mis peitub selliste v\u00e4ljendite kasutamise taga ja milliseid laiemaid m\u00f5ttemustreid need esindavad. Kas head asjad on alati \u00fcleval? Milliseid ruumisuundi saab veel kasutada milliste mitteruumiliste m\u00f5istete (hinnangud, emotsioonid) v\u00e4ljendamiseks?<\/p>\n<p>Kohtumist viivad l\u00e4bi \u00fcldkeeleteaduse kaasprofessor Ann Veismann ja keeleteaduse nooremteadur Ly Kaasik.<\/p>\n\n\t\t\t\t\t\t<\/div>\n\t\t\t\t\t<\/div>\n\t\t\t\t<\/div>\n\t\t\t\t\t<\/div>\n\t<\/div>\n\n\n\n<div style=\"height:34px\" aria-hidden=\"true\" class=\"wp-block-spacer\"><\/div>\n\n\n\n<p><span style=\"color: #f34213;\"><span style=\"font-size: 20px;\"><strong>Varasemad kohtumised:<\/strong><\/span><\/span><\/p>\n\n\n<div class=\"accordion-block mb-3\">\n\t\t<div class=\"accordion \" id=\"accordion-accordion-69da27ff26e6d\">\n\t\t\t\t\t\t\t<div class=\"accordion-item accordion-item--white\">\n\t\t\t\t\t<h2 class=\"accordion-header\" id=\"accordion-69da27ff26e6d-heading-1\">\n\t\t\t\t\t\t<button class=\"accordion-button collapsed\" type=\"button\" data-bs-toggle=\"collapse\" data-bs-target=\"#accordion-69da27ff26e6d-collapse-1\" aria-expanded=\"true\" aria-controls=\"accordion-69da27ff26e6d-collapse-1\">\n\t\t\t\t\t\t\t2024\/2025. \u00f5ppeaasta\n\t\t\t\t\t\t<\/button>\n\t\t\t\t\t<\/h2>\n\t\t\t\t\t<div id=\"accordion-69da27ff26e6d-collapse-1\" class=\"accordion-collapse collapse \" aria-labelledby=\"accordion-69da27ff26e6d-heading-1\">\n\t\t\t\t\t\t<div class=\"accordion-body\">\n\t\t\t\t\t\t\t<p>Kokku toimus kuus t\u00f6\u00f6tuba:<\/p>\n<ul>\n<li>5. oktoobril esinesid Mari Aigro ja Anton Malmi teemal \u201cSuured tekstid ja v\u00e4iksed tekstid (v\u00e4ikestel on kellad kaelas)\u201d<\/li>\n<li>16. novembril esines Nikolay Kuznetsov teemal \u201cSugulaskeeled ja keelesugulased\u201d<\/li>\n<li>18. jaanuaril esines K\u00fclli Prillop teemal \u201cM\u00f6istad Sinna luggeda?\u201d<\/li>\n<li>22. m\u00e4rtsil esinesid Eva Saar ja Triin Todesk teemal \u201cSissevaade p\u00f5hja- ja l\u00f5unaeesti keele murretesse\u201d<\/li>\n<li>5. aprillil esines Kerttu Rozenvalde teemal \u201cKas oleme mitmekeelsemad, kui arvame ja v\u00e4lja n\u00e4itame?\u201d<\/li>\n<li>17. mail esines Axel Jagau teemal \u201c\u00dcht-teist p\u00f5nevat maailma keelte kirevusest\u201d<\/li>\n<\/ul>\n<p>Lisaks toimus 27.-28. veebruaril noor(ps\u00fchho)lingvistide laager \u201cKeel meie peas\u201d, kus esinesid Virve Vihman, Kaidi L\u00f5o ning Adele Vaks.<\/p>\n\n\t\t\t\t\t\t<\/div>\n\t\t\t\t\t<\/div>\n\t\t\t\t<\/div>\n\t\t\t\t\t\t\t<div class=\"accordion-item accordion-item--white\">\n\t\t\t\t\t<h2 class=\"accordion-header\" id=\"accordion-69da27ff26e6d-heading-2\">\n\t\t\t\t\t\t<button class=\"accordion-button collapsed\" type=\"button\" data-bs-toggle=\"collapse\" data-bs-target=\"#accordion-69da27ff26e6d-collapse-2\" aria-expanded=\"true\" aria-controls=\"accordion-69da27ff26e6d-collapse-2\">\n\t\t\t\t\t\t\t2023\/2024. \u00f5ppeaasta\n\t\t\t\t\t\t<\/button>\n\t\t\t\t\t<\/h2>\n\t\t\t\t\t<div id=\"accordion-69da27ff26e6d-collapse-2\" class=\"accordion-collapse collapse \" aria-labelledby=\"accordion-69da27ff26e6d-heading-2\">\n\t\t\t\t\t\t<div class=\"accordion-body\">\n\t\t\t\t\t\t\t<p>Kokku toimus kaheksa t\u00f6\u00f6tuba:<\/p>\n<ul>\n<li>14. oktoobril esinesid Helen Plado ja Triin Todesk teemal \u201cL\u00f5una-Eesti kirju keelemaastik\u201d<\/li>\n<li>11. novembril esinesid Adele Vaks ja Mari-Liis Korkus teemal \u201c\u2018S\u00fcdames eestlane\u2019: missugune on eesti keel v\u00e4ljaspool Eestit?\u201d<\/li>\n<li>9. detsembril esinesid Andra Annuka-Loik ja Piret Upser teemal \u201cSuuline suhtlus ehk k(h)uidas me=sis `tegelt `r\u00e4\u00e4:gime,\u201d<\/li>\n<li>20. jaanuaril esinesid Katrin Leppik ja Anton Malmi teemal \u201cH\u00e4\u00e4lduse uurimise mitu tahku\u201d<\/li>\n<li>9. m\u00e4rtsil esinesid Miina Norvik, Lehti Saag, Kristiina Tambets ja Mari T\u00f5iv teemal \u201cH\u00f5bevalge rahvas. Kolme teadusharu vaatenurk Eesti rahva kujunemisele\u201d<\/li>\n<li>13. aprillil esinesid Mariko Faster, Evar Saar ja Fred Puss teemal \u201cMida k\u00f5nelevad nimed meie \u00fcmber?\u201d<\/li>\n<li>11. mail esines Jesse Holmes teemal \u201c<em>Constructed languages and the art of language creation<\/em>\u201c<\/li>\n<li>6. juunil esinesid Helen Kaljum\u00e4e ja Tiiu Kivistik teemal \u201cKeeletehnoloogia laineid l\u00f6\u00f6mas: kas r\u00e4\u00e4gimegi vaid ChatGPT-st?\u201d<\/li>\n<\/ul>\n\n\t\t\t\t\t\t<\/div>\n\t\t\t\t\t<\/div>\n\t\t\t\t<\/div>\n\t\t\t\t\t\t\t<div class=\"accordion-item accordion-item--white\">\n\t\t\t\t\t<h2 class=\"accordion-header\" id=\"accordion-69da27ff26e6d-heading-3\">\n\t\t\t\t\t\t<button class=\"accordion-button collapsed\" type=\"button\" data-bs-toggle=\"collapse\" data-bs-target=\"#accordion-69da27ff26e6d-collapse-3\" aria-expanded=\"true\" aria-controls=\"accordion-69da27ff26e6d-collapse-3\">\n\t\t\t\t\t\t\t2022\/2023. \u00f5ppeaasta\n\t\t\t\t\t\t<\/button>\n\t\t\t\t\t<\/h2>\n\t\t\t\t\t<div id=\"accordion-69da27ff26e6d-collapse-3\" class=\"accordion-collapse collapse \" aria-labelledby=\"accordion-69da27ff26e6d-heading-3\">\n\t\t\t\t\t\t<div class=\"accordion-body\">\n\t\t\t\t\t\t\t<p>Kokku toimus kolm t\u00f6\u00f6tuba:<\/p>\n<ul>\n<li>3. m\u00e4rtsil esinesid Aive Mandel, Triin Aasa ja Mari-Liis Korkus teemal \u201cTeismeliste keel\u201d<\/li>\n<li>14. aprillil esinesid Elisabeth Kaukonen ja Aet Kuusik teemal \u201cKeel, sugu ja seksuaalsus\u201d<\/li>\n<li>12. mail esinesid Agu Bleive, Katrin Leppik ja Kristel Algvere teemal \u201cEesti keel teise keelena \u00f5petamine\u201d<\/li>\n<\/ul>\n\n\t\t\t\t\t\t<\/div>\n\t\t\t\t\t<\/div>\n\t\t\t\t<\/div>\n\t\t\t\t\t<\/div>\n\t<\/div>\n","protected":false},"excerpt":{"rendered":"<p>Ajakava Iga noorlingvistide keeleklubi kohtumine keskendub \u00fchele kitsamale uurimisteemale. Kohtumised toimuvad laup\u00e4eviti vahemikus kl 12:00-15:00 Tartu \u00dclikooli eesti ja \u00fcldkeeleteaduse instituudis. 2025\/2026. \u00f5ppeaasta kohtumiste kava on j\u00e4rgnev: Varasemad kohtumised:<\/p>\n","protected":false},"author":308,"featured_media":0,"parent":0,"menu_order":0,"comment_status":"closed","ping_status":"closed","template":"","meta":{"_acf_changed":false,"inline_featured_image":false,"footnotes":""},"class_list":["post-5","page","type-page","status-publish","hentry"],"acf":[],"_links":{"self":[{"href":"https:\/\/sisu.ut.ee\/noorlingvist\/wp-json\/wp\/v2\/pages\/5","targetHints":{"allow":["GET"]}}],"collection":[{"href":"https:\/\/sisu.ut.ee\/noorlingvist\/wp-json\/wp\/v2\/pages"}],"about":[{"href":"https:\/\/sisu.ut.ee\/noorlingvist\/wp-json\/wp\/v2\/types\/page"}],"author":[{"embeddable":true,"href":"https:\/\/sisu.ut.ee\/noorlingvist\/wp-json\/wp\/v2\/users\/308"}],"replies":[{"embeddable":true,"href":"https:\/\/sisu.ut.ee\/noorlingvist\/wp-json\/wp\/v2\/comments?post=5"}],"version-history":[{"count":29,"href":"https:\/\/sisu.ut.ee\/noorlingvist\/wp-json\/wp\/v2\/pages\/5\/revisions"}],"predecessor-version":[{"id":622,"href":"https:\/\/sisu.ut.ee\/noorlingvist\/wp-json\/wp\/v2\/pages\/5\/revisions\/622"}],"wp:attachment":[{"href":"https:\/\/sisu.ut.ee\/noorlingvist\/wp-json\/wp\/v2\/media?parent=5"}],"curies":[{"name":"wp","href":"https:\/\/api.w.org\/{rel}","templated":true}]}}