{"id":3,"date":"2024-04-04T08:29:59","date_gmt":"2024-04-04T05:29:59","guid":{"rendered":"https:\/\/sisu.ut.ee\/noorlingvist\/avaleht\/"},"modified":"2026-02-03T23:58:32","modified_gmt":"2026-02-03T21:58:32","slug":"avaleht","status":"publish","type":"page","link":"https:\/\/sisu.ut.ee\/noorlingvist\/","title":{"rendered":"Avaleht"},"content":{"rendered":"<h3 class=\"wp-block-heading has-text-align-center\"><span style=\"color: #f34213;\"><strong>Keeleteemad panevad sul silmad s\u00e4rama? Tahad n\u00e4ha, millega tegeleb \u00fcks keeleteadlane?<\/strong><\/span><\/h3>\n\n\n\n<div style=\"height:34px\" aria-hidden=\"true\" class=\"wp-block-spacer\"><\/div>\n\n\n\n<p><span style=\"font-size: 16px;\"><span style=\"color: #000000;\"><strong>Sel juhul kutsume sind liituma noorlingvistide keeleklubiga! <\/strong>Noorlingvistide keeleklubi on keelehuviliste koolinoorte ning Eestis tegutsevate keeleuurijate kohtumispaik. Projekt sai alguse 2023. aasta kevadel <a href=\"https:\/\/keel.ut.ee\">Tartu \u00fclikooli eesti ja \u00fcldkeeleteaduse instituudis<\/a>. Keeleklubi ridadesse ootame k\u00f5iki teadmisjanulisi <strong>9.-12. klassi \u00f5pilasi<\/strong>, keda k\u00f5netavad keelevaldkonna teemad. Projekti p\u00f5hitegevuseks on igakuised <strong>t\u00f6\u00f6toad<\/strong>, mille k\u00e4igus tutvutakse uue teemaga ning osalejad saavad k\u00e4tt proovida keeleandmete uurimises. Varasemad kohtumised on k\u00e4sitlenud n\u00e4iteks p\u00f5hja- ja l\u00f5unaeesti keele murdeid, tehiskeeli, mitmekeelsust, keelekorpuseid ning teismeliste keelt. 2025. aastast toimub ka kord aastas <strong>noorlingvistide laager<\/strong>. Kohtumised toimuvad <strong>eesti keeles<\/strong> ning nendel osalemine on \u00f5pilastele <strong>tasuta<\/strong>!<\/span><\/span><br><br><span style=\"font-size: 16px;\"><span style=\"color: #000000;\"><strong>Soovid liituda?<\/strong> Pane end kirja <strong><a href=\"https:\/\/forms.office.com\/e\/Lrqicm8GjM.\">siin<\/a><\/strong>. <\/span><\/span><\/p>\n\n\n<section class=\"countdown-block py-3 px-2 p-md-4 page-section page-section--wide \" style=\"background-color: #8172f1;\">\n\t<h2 class=\"visually-hidden\">Loendur<\/h2>\n\t<div class=\"container-fluid g-0\">\n\t\t<div class=\"countdown-block__content\">\n\t\t\t<div class=\"row align-items-center\">\n\t\t\t\t<div class=\"col-md-4 text-center\">\n\t\t\t\t\t<p class=\"h4 mb-2 mb-md-0 text-white\">J\u00e4rgmise kohtumiseni on j\u00e4\u00e4nud\u2026<\/p>\n\t\t\t\t<\/div>\n\t\t\t\t<div class=\"col-md-4 text-center\">\n\t\t\t\t\t<div class=\"countdown-timer h1 text-white d-flex flex-md-column justify-content-center mb-0\" data-date=\"03\/21\/2026 12:00:00\">\n\t\t\t\t\t\t<span class=\"days me-2 me-md-0 d-block\">0 p\u00e4eva<\/span>\n\t\t\t\t\t\t<div class=\"d-flex justify-content-center\">\n\t\t\t\t\t\t\t<span class=\"hours\">00:<\/span>\n\t\t\t\t\t\t\t<span class=\"minutes\">00:<\/span>\n\t\t\t\t\t\t\t<span class=\"seconds\">00<\/span>\n\t\t\t\t\t\t<\/div>\n\t\t\t\t\t<\/div>\n\t\t\t\t<\/div>\n\t\t\t\t<div class=\"col-md-4 text-center text-md-start\">\n\t\t\t\t\t                <\/div>\n            <\/div>\n        <\/div>\n  <\/div>\n<\/section>\n\n\n\n<div style=\"height:19px\" aria-hidden=\"true\" class=\"wp-block-spacer\"><\/div>\n\n\n\n<p><span style=\"color: #f34213;\"><span style=\"font-size: 20px;\"><strong>Mida on \u00f6elnud varasemad osalejad?<\/strong><\/span><\/span><\/p>\n\n\n\n<div class=\"wp-block-group is-nowrap is-layout-flex wp-container-core-group-is-layout-ad2f72ca wp-block-group-is-layout-flex\">\n<blockquote class=\"wp-block-quote is-layout-flow wp-block-quote-is-layout-flow\">\n<p><span style=\"color: #034589;\">Keeleteadus on palju laiem m\u00f5iste, kui ma tegelt arvasin ja seal on v\u00e4ga palju erinevaid teemasid, mida \u00f5ppida.<\/span><\/p>\n<\/blockquote>\n\n\n\n<blockquote class=\"wp-block-quote is-layout-flow wp-block-quote-is-layout-flow\">\n<p><span style=\"color: #034589;\">K\u00f5ige rohkem meeldis mulle see, kui mitmek\u00fclgselt keeleteadust tutvustati, aga ka r\u00fchma\u00fclesanded, kus saime ise k\u00e4tt proovida.<\/span><\/p>\n<\/blockquote>\n\n\n\n<blockquote class=\"wp-block-quote is-layout-flow wp-block-quote-is-layout-flow\">\n<p><span style=\"color: #034589;\">V\u00e4ga sisukas ja silmaringi laiendav. Samuti olid toredad lektorid, kes r\u00e4\u00e4kisid p\u00f5nevalt. K\u00f5ige rohkem meeldisid \u00fclesanded, mida sai lahendada.<\/span><\/p>\n<\/blockquote>\n<\/div>\n\n\n\n<p><\/p>\n","protected":false},"excerpt":{"rendered":"<p>Keeleteemad panevad sul silmad s\u00e4rama? Tahad n\u00e4ha, millega tegeleb \u00fcks keeleteadlane? Sel juhul kutsume sind liituma noorlingvistide keeleklubiga! Noorlingvistide keeleklubi on keelehuviliste koolinoorte ning Eestis tegutsevate keeleuurijate kohtumispaik. Projekt sai alguse 2023. aasta kevadel Tartu \u00fclikooli eesti ja \u00fcldkeeleteaduse instituudis. &#8230;<\/p>\n","protected":false},"author":308,"featured_media":0,"parent":0,"menu_order":0,"comment_status":"closed","ping_status":"closed","template":"","meta":{"_acf_changed":false,"inline_featured_image":false,"footnotes":""},"class_list":["post-3","page","type-page","status-publish","hentry"],"acf":[],"_links":{"self":[{"href":"https:\/\/sisu.ut.ee\/noorlingvist\/wp-json\/wp\/v2\/pages\/3","targetHints":{"allow":["GET"]}}],"collection":[{"href":"https:\/\/sisu.ut.ee\/noorlingvist\/wp-json\/wp\/v2\/pages"}],"about":[{"href":"https:\/\/sisu.ut.ee\/noorlingvist\/wp-json\/wp\/v2\/types\/page"}],"author":[{"embeddable":true,"href":"https:\/\/sisu.ut.ee\/noorlingvist\/wp-json\/wp\/v2\/users\/308"}],"replies":[{"embeddable":true,"href":"https:\/\/sisu.ut.ee\/noorlingvist\/wp-json\/wp\/v2\/comments?post=3"}],"version-history":[{"count":30,"href":"https:\/\/sisu.ut.ee\/noorlingvist\/wp-json\/wp\/v2\/pages\/3\/revisions"}],"predecessor-version":[{"id":620,"href":"https:\/\/sisu.ut.ee\/noorlingvist\/wp-json\/wp\/v2\/pages\/3\/revisions\/620"}],"wp:attachment":[{"href":"https:\/\/sisu.ut.ee\/noorlingvist\/wp-json\/wp\/v2\/media?parent=3"}],"curies":[{"name":"wp","href":"https:\/\/api.w.org\/{rel}","templated":true}]}}