{"id":197,"date":"2025-09-03T11:14:56","date_gmt":"2025-09-03T08:14:56","guid":{"rendered":"https:\/\/sisu.ut.ee\/noorlingvist\/?page_id=197"},"modified":"2025-09-03T11:14:56","modified_gmt":"2025-09-03T08:14:56","slug":"keeleteadusest","status":"publish","type":"page","link":"https:\/\/sisu.ut.ee\/noorlingvist\/keeleteadusest\/","title":{"rendered":"Keeleteadusest"},"content":{"rendered":"<h2 class=\"wp-block-heading\"><span style=\"color: #f34213;\"><strong>Keeleteadusest<\/strong><\/span><\/h2>\n\n\n\n<div style=\"height:34px\" aria-hidden=\"true\" class=\"wp-block-spacer\"><\/div>\n\n\n\n<p><span style=\"font-size: 16px;\"><span style=\"color: black;\">Millega \u00f5igupoolest tegeleb keeleteadus? Nagu nimigi viitab, siis <strong><a href=\"http:\/\/novaator.err.ee\/258704\/kuhu-lahed-eesti-keeleteadus\" data-type=\"link\" data-id=\"http:\/\/novaator.err.ee\/258704\/kuhu-lahed-eesti-keeleteadus\">keeleteadus <\/a><\/strong>ehk <strong>lingvistika <\/strong>on tihedalt seotud keel(t)ega. Tegemist on teadusharuga, mis uurib (eesk\u00e4tt) loomulikke keeli, nende ehitust, ajaloolist kujunemist ja levikut ning kasutamist. Keeleteadusel on mitmesuguseid allharusid, mis on seotud teiste teadusaladega, n\u00e4iteks sotsiolingvistika, ajalooline lingvistika, ps\u00fchholingvistika, neurolingvistika jne. Keeleteadlased ei tegele \u00f5ige ja vale keelekasutuse m\u00e4\u00e4ratlemisega, vaid kirjeldavad keeli ja keelevariante nende t\u00e4ies rikkuses. Huvi korral v\u00f5id uudistada allj\u00e4rgnevaid <strong>linke<\/strong>, kust leiad mitmesuguseid keel(t)e ja keeleteadusega seotud artikleid, postitusi ja saateid.<\/span><\/span><\/p>\n\n\n<section class=\"page-cards-block page-section page-section--wide\">\n    <h2 class=\"visually-hidden\">Lehed<\/h2>\n    <div class=\"container-fluid g-0\">\n      <div class=\"row g-0\">\n                  <div class=\"col-md-6 col-lg-3\">\n            <div class=\"page-card d-flex justify-content-center align-items-end w-100 position-relative\" style=\"background-image: url(https:\/\/sisu.ut.ee\/wp-content\/uploads\/sites\/617\/9vLh8Xkl-e1756886280822-1024x768.jpg);\">\n  <div class=\"page-card__content text-center w-100 p-2 p-lg-4\">\n          <h3 class=\"h4 text-white mb-2\">Keeleajakiri Oma Keel<\/h3>\n        <a href=\"https:\/\/www.emakeeleselts.ee\/valjaanded\/oma-keel\/\" class=\"btn btn-outline-light btn-icon\" target=\"_self\">Loe l\u00e4hemalt<\/a>\n  <\/div>\n<\/div>\n          <\/div>\n                  <div class=\"col-md-6 col-lg-3\">\n            <div class=\"page-card d-flex justify-content-center align-items-end w-100 position-relative\" style=\"background-image: url(https:\/\/sisu.ut.ee\/wp-content\/uploads\/sites\/617\/hor_6kaas-768x1024-1.jpg);\">\n  <div class=\"page-card__content text-center w-100 p-2 p-lg-4\">\n          <h3 class=\"h4 text-white mb-2\">Ajakirja Horisont keeleteaduse erinumber<\/h3>\n        <a href=\"https:\/\/www.blog.keel.ut.ee\/horisont\/ava\/\" class=\"btn btn-outline-light btn-icon\" target=\"_self\">Loe l\u00e4hemalt<\/a>\n  <\/div>\n<\/div>\n          <\/div>\n                  <div class=\"col-md-6 col-lg-3\">\n            <div class=\"page-card d-flex justify-content-center align-items-end w-100 position-relative\" style=\"background-image: url(https:\/\/sisu.ut.ee\/wp-content\/uploads\/sites\/617\/enlarge.jpg);\">\n  <div class=\"page-card__content text-center w-100 p-2 p-lg-4\">\n          <h3 class=\"h4 text-white mb-2\">Vikerraadio keeles\u00e4utsud<\/h3>\n        <a href=\"https:\/\/vikerraadio.err.ee\/arhiiv\/vikerhommik\/keelesauts\" class=\"btn btn-outline-light btn-icon\" target=\"_self\">Loe l\u00e4hemalt<\/a>\n  <\/div>\n<\/div>\n          <\/div>\n                  <div class=\"col-md-6 col-lg-3\">\n            <div class=\"page-card d-flex justify-content-center align-items-end w-100 position-relative\" style=\"background-image: url(https:\/\/sisu.ut.ee\/wp-content\/uploads\/sites\/617\/ajaveeb.png);\">\n  <div class=\"page-card__content text-center w-100 p-2 p-lg-4\">\n          <h3 class=\"h4 text-white mb-2\">T\u00dc eesti ja \u00fcldkeeleteaduse instituudi ajaveeb<\/h3>\n        <a href=\"https:\/\/www.blog.keel.ut.ee\/\" class=\"btn btn-outline-light btn-icon\" target=\"_self\">Loe l\u00e4hemalt<\/a>\n  <\/div>\n<\/div>\n          <\/div>\n              <\/div>\n    <\/div>\n  <\/section>\n\n\n\n<p><\/p>\n","protected":false},"excerpt":{"rendered":"<p>Keeleteadusest Millega \u00f5igupoolest tegeleb keeleteadus? Nagu nimigi viitab, siis keeleteadus ehk lingvistika on tihedalt seotud keel(t)ega. Tegemist on teadusharuga, mis uurib (eesk\u00e4tt) loomulikke keeli, nende ehitust, ajaloolist kujunemist ja levikut ning kasutamist. Keeleteadusel on mitmesuguseid allharusid, mis on seotud teiste &#8230;<\/p>\n","protected":false},"author":308,"featured_media":0,"parent":0,"menu_order":0,"comment_status":"closed","ping_status":"closed","template":"","meta":{"_acf_changed":false,"inline_featured_image":false,"footnotes":""},"class_list":["post-197","page","type-page","status-publish","hentry"],"acf":[],"_links":{"self":[{"href":"https:\/\/sisu.ut.ee\/noorlingvist\/wp-json\/wp\/v2\/pages\/197","targetHints":{"allow":["GET"]}}],"collection":[{"href":"https:\/\/sisu.ut.ee\/noorlingvist\/wp-json\/wp\/v2\/pages"}],"about":[{"href":"https:\/\/sisu.ut.ee\/noorlingvist\/wp-json\/wp\/v2\/types\/page"}],"author":[{"embeddable":true,"href":"https:\/\/sisu.ut.ee\/noorlingvist\/wp-json\/wp\/v2\/users\/308"}],"replies":[{"embeddable":true,"href":"https:\/\/sisu.ut.ee\/noorlingvist\/wp-json\/wp\/v2\/comments?post=197"}],"version-history":[{"count":13,"href":"https:\/\/sisu.ut.ee\/noorlingvist\/wp-json\/wp\/v2\/pages\/197\/revisions"}],"predecessor-version":[{"id":531,"href":"https:\/\/sisu.ut.ee\/noorlingvist\/wp-json\/wp\/v2\/pages\/197\/revisions\/531"}],"wp:attachment":[{"href":"https:\/\/sisu.ut.ee\/noorlingvist\/wp-json\/wp\/v2\/media?parent=197"}],"curies":[{"name":"wp","href":"https:\/\/api.w.org\/{rel}","templated":true}]}}