{"id":9,"date":"2024-04-04T03:33:57","date_gmt":"2024-04-04T00:33:57","guid":{"rendered":"https:\/\/sisu.ut.ee\/nooredkoodi\/avaleht\/"},"modified":"2024-06-25T17:02:09","modified_gmt":"2024-06-25T14:02:09","slug":"avaleht","status":"publish","type":"page","link":"https:\/\/sisu.ut.ee\/nooredkoodi\/","title":{"rendered":"Avaleht"},"content":{"rendered":"<p>\n\t<img loading=\"lazy\" decoding=\"async\" alt='Pildil on N- ja O-t\u00e4htede sees imelikult tumedad numbrid - sinna on peidetud parool! Pilti saad suurendada, tehes sellel paremkliki ja avades selle uues aknas. Parooli saad k\u00e4tte, kui viid need numbrid ASCII formaati. VIHJE: guugelda \"binary to text\".' height=\"318\" src=\"\/wp-content\/uploads\/sites\/237\/logo2temp.png\" width=\"1200\">\n<\/p>\n<hr>\n<p>\n\t\u00a0\n<\/p>\n<h2>\n\tHei p\u00f5hikooli ja g\u00fcmnaasiumi \u00f5pilane!<br>\n<\/h2>\n<table class=\"table table-hover\" border=\"0\" cellpadding=\"1\" cellspacing=\"1\" style=\"width: 100%\">\n<tbody>\n<tr>\n<td style=\"width:\">\n\t\t\t\t<img loading=\"lazy\" decoding=\"async\" width=\"973\" height=\"720\" class=\"alignnone wp-image-20\" src=\"https:\/\/sisu.ut.ee\/wp-content\/uploads\/sites\/237\/nk1_01.png\" title=\"nk1_01.png\" alt=\"None\" srcset=\"https:\/\/sisu.ut.ee\/wp-content\/uploads\/sites\/237\/nk1_01.png 973w, https:\/\/sisu.ut.ee\/wp-content\/uploads\/sites\/237\/nk1_01-300x222.png 300w, https:\/\/sisu.ut.ee\/wp-content\/uploads\/sites\/237\/nk1_01-768x568.png 768w\" sizes=\"auto, (max-width: 973px) 100vw, 973px\">\n\t\t\t<\/td>\n<td>\n<p>\n\t\t\t\t\tTudengid paluvad Sinu abi. Eksamik\u00fcsimuste otsimisel j\u00e4i Martin Deltasse l\u00f5ksu ega\u00a0saa enam v\u00e4lja. Lahenda seitse IT-teemalist \u00fclesannet ning p\u00e4\u00e4sta Martin enne 10. novembrit! K\u00f5ikide p\u00e4\u00e4stjate vahel loosib Martin v\u00e4lja auhindu LED-ribadest, 3D-pliiatsitest kuni Spherode ning RasPi klaviatuurideni!\n\t\t\t\t<\/p>\n<p>\n\t\t\t\t\tMartini p\u00e4\u00e4stmiseks mine siia: <a data-url=\"https:\/\/www.nooredkoodi.ee\" href=\"https:\/\/www.nooredkoodi.ee\" target=\"_blank\" title=\"\" rel=\"noopener\">www.nooredkoodi.ee<\/a>\n\t\t\t\t<\/p>\n<p>\n\t\t\t\t\t***Tegemist on m\u00e4nguga***\n\t\t\t\t<\/p>\n<\/td>\n<\/tr>\n<\/tbody>\n<\/table>\n<hr>\n<p>\n\t\u201cNoored Koodi\u201d \u2013 toob Tartu \u00dclikooli arvutiteaduse Instituudi tudengid Progebussiga koolidesse viima l\u00e4bi t\u00f6\u00f6tubasid ning tegema \u00fchep\u00e4evaseid laagreid p\u00f5hikooli ja g\u00fcmnaasiumi \u00f5pilastele. Eesm\u00e4rk on pakkuda v\u00f5imalust tegeleda <strong>programmeerimise<\/strong>, <strong>robotite<\/strong>, <strong>virtuaalreaalsuse<\/strong> ja palju muuga selleks, et \u00f5pilased teeksid k\u00f5rgkooli IKT erialadele astudes teadlikumaid valikuid. Keegi ei tea, kas temast v\u00f5iks saada programmeerija enne, kui ta pole seda ise proovinud. Noored Koodi!\n<\/p>\n<p>\n\t<\/p><div class=\"ratio ratio-16x9 mb-3\"><div class=\"video-placeholder-wrapper video-placeholder-wrapper--16x9\">\n\t\t\t    <div class=\"video-placeholder d-flex justify-content-center align-items-center\">\n\t\t\t        <div class=\"overlay text-white p-2 w-100 text-center d-block justify-content-center align-items-center\">\n\t\t\t            <div>Kolmandate osapoolte sisu n\u00e4gemiseks palun n\u00f5ustu k\u00fcpsistega.<\/div>\n\t\t\t            <button class=\"btn btn-secondary btn-sm mt-1 consent-change\">Muuda n\u00f5usolekut<\/button>\n\t\t\t        <\/div>\n\t\t\t    <\/div>\n\t\t\t<\/div>\n<\/div>\n","protected":false},"excerpt":{"rendered":"<p>\u00a0 Hei p\u00f5hikooli ja g\u00fcmnaasiumi \u00f5pilane! Tudengid paluvad Sinu abi. Eksamik\u00fcsimuste otsimisel j\u00e4i Martin Deltasse l\u00f5ksu ega\u00a0saa enam v\u00e4lja. Lahenda seitse IT-teemalist \u00fclesannet ning p\u00e4\u00e4sta Martin enne 10. novembrit! K\u00f5ikide p\u00e4\u00e4stjate vahel loosib Martin v\u00e4lja auhindu LED-ribadest, 3D-pliiatsitest kuni Spherode &#8230;<\/p>\n","protected":false},"author":119,"featured_media":0,"parent":0,"menu_order":0,"comment_status":"closed","ping_status":"closed","template":"","meta":{"_acf_changed":false,"inline_featured_image":false,"footnotes":""},"class_list":["post-9","page","type-page","status-publish","hentry"],"acf":[],"_links":{"self":[{"href":"https:\/\/sisu.ut.ee\/nooredkoodi\/wp-json\/wp\/v2\/pages\/9","targetHints":{"allow":["GET"]}}],"collection":[{"href":"https:\/\/sisu.ut.ee\/nooredkoodi\/wp-json\/wp\/v2\/pages"}],"about":[{"href":"https:\/\/sisu.ut.ee\/nooredkoodi\/wp-json\/wp\/v2\/types\/page"}],"author":[{"embeddable":true,"href":"https:\/\/sisu.ut.ee\/nooredkoodi\/wp-json\/wp\/v2\/users\/119"}],"replies":[{"embeddable":true,"href":"https:\/\/sisu.ut.ee\/nooredkoodi\/wp-json\/wp\/v2\/comments?post=9"}],"version-history":[{"count":2,"href":"https:\/\/sisu.ut.ee\/nooredkoodi\/wp-json\/wp\/v2\/pages\/9\/revisions"}],"predecessor-version":[{"id":77,"href":"https:\/\/sisu.ut.ee\/nooredkoodi\/wp-json\/wp\/v2\/pages\/9\/revisions\/77"}],"wp:attachment":[{"href":"https:\/\/sisu.ut.ee\/nooredkoodi\/wp-json\/wp\/v2\/media?parent=9"}],"curies":[{"name":"wp","href":"https:\/\/api.w.org\/{rel}","templated":true}]}}