{"id":8,"date":"2024-04-04T03:33:57","date_gmt":"2024-04-04T00:33:57","guid":{"rendered":"https:\/\/sisu.ut.ee\/nooredkoodi\/koolitus\/"},"modified":"2024-04-04T03:34:34","modified_gmt":"2024-04-04T00:34:34","slug":"koolitus","status":"publish","type":"page","link":"https:\/\/sisu.ut.ee\/nooredkoodi\/koolitus\/","title":{"rendered":"Koolitus &#8211; 1.-4. veebruar"},"content":{"rendered":"<p>\n\t<img loading=\"lazy\" decoding=\"async\" width=\"2000\" height=\"369\" class=\"alignnone wp-image-19\" src=\"https:\/\/sisu.ut.ee\/wp-content\/uploads\/sites\/237\/pilt_veebi3.png\" title=\"pilt_veebi3.png\" alt=\"koolitus\" srcset=\"https:\/\/sisu.ut.ee\/wp-content\/uploads\/sites\/237\/pilt_veebi3.png 2000w, https:\/\/sisu.ut.ee\/wp-content\/uploads\/sites\/237\/pilt_veebi3-300x55.png 300w, https:\/\/sisu.ut.ee\/wp-content\/uploads\/sites\/237\/pilt_veebi3-1024x189.png 1024w, https:\/\/sisu.ut.ee\/wp-content\/uploads\/sites\/237\/pilt_veebi3-768x142.png 768w, https:\/\/sisu.ut.ee\/wp-content\/uploads\/sites\/237\/pilt_veebi3-1536x283.png 1536w, https:\/\/sisu.ut.ee\/wp-content\/uploads\/sites\/237\/pilt_veebi3-1920x354.png 1920w\" sizes=\"auto, (max-width: 2000px) 100vw, 2000px\">\n<\/p>\n<p>\n\t<span style=\"font-size:18px\"><strong>Head informaatika \u00f5petajad ja huvitatud inimesed!<\/strong><\/span>\n<\/p>\n<p>\n\tNoored Koodi korraldab veebruari esimesel n\u00e4dala\u00a0neljal p\u00e4eval unustamatud l\u00fchikoolitused. Iga koolitus kestab kaks tundi, mille k\u00e4igus avatakse k\u00fcberturvalisuse, Arduino, veebilehtede ning Linux (Raspberry PI) kursuste huvitavaid v\u00f5imalusi g\u00fcmnaasiumi v\u00f5i nooremas kooliastmes\u00a0informaatika\u00a0ja arvuti\u00f5petuse tundides kasutamiseks. Noored Koodi tegijad on saanud valmis kuus kursust: Linux (32 h), veebilehed (16 h), algoritmid(16 h), k\u00fcberturvalidus(16 h), Arduino(32\u00a0h) ning virtuaalreaalsus\u00a0(16 h). Viimast korda tutvustavad tegijad l\u00e4hemalt materjalide\u00a0sisu.\n<\/p>\n<p>\n\tOsale \u00fchel v\u00f5i k\u00f5ikidel sessioonidel \u2013 valik on Sinu!\n<\/p>\n<p>\n\t1. veebruar 16:00-18:00 \u2013 K\u00fcberturvalisus<br>2. veebruar 16:00-18:00 \u2013 Arduino<br>3. veebruar 16:00-18:00 \u2013 Veebilehed<br>4. veebruar 16:00-18:00 \u2013\u00a0Linux (Raspberry Pi)\n<\/p>\n<p>\n\t<strong>Registreeri siin:<\/strong>\n<\/p>\n<p>\n\t<a data-url=\"https:\/\/forms.gle\/RVuFkGtd8DfjFX5BA\" href=\"https:\/\/forms.gle\/RVuFkGtd8DfjFX5BA\" target=\"_blank\" title=\"\" rel=\"noopener\">https:\/\/forms.gle\/RVuFkGtd8DfjFX5BA<\/a>\n<\/p>\n<p>\n\t<strong>Veebilehtede loomine<\/strong>. Me k\u00f5ik kasutame igap\u00e4evaselt erinevaid veebilehti, et suhelda tuttavatega, lugeda uudiseid ja teha tuhandeid muid asju, aga mis toimub nende telgitagustes? Kuidas veebilehti \u00fcldse luuakse?<br>Veebilehtede kursuse raames \u00f5petatakse, kuidas panna nullist kokku veebileht ja teha see ilusaks, kasutades selleks m\u00e4rgistuskeelt HTML5 ja kaskaadlaadistikku CSS3.\n<\/p>\n<p>\n\t<strong>Linux ja Raspberry PI<\/strong>: Kursus koosneb kahest osast. Kursuse esimeses osas \u00f5pitakse, mis on Linux (Ubuntu) ning kuidas seda kasutada. Muidugi \u00f5pitakse tundma ka k\u00e4surida ning katsetatakse Linuxi turvalisust. \u00d5pe toimub virtuaalmasinas, kus \u00f5pilased saavad igas tunnis lahendada praktilisi \u00fclesandeid. Kursuse teises osas kasutatakse Raspberry Pid koos mitmete lisatarvikutega. Seega on iga Raspberry Pi tund eelmisest erinev ning \u00f5pilased saavad v\u00e4ga laia \u00fclevaate, mis on nende v\u00f5imalused Raspberry Piga oma igap\u00e4evaelu lihtsustamiseks\/p\u00f5nevamaks tegemiseks. Viimases tunnis kirjutatakse oma isiklik projekt, mida saavad \u00f5pilased soovi korral kodus ka iseseisvalt teostada.\n<\/p>\n<p>\n\t<strong>K\u00fcberturvalisus<\/strong> kogub iga aastaga j\u00e4rjest rohkem populaarsust ja t\u00e4htsust digitaalses \u00fchiskonnas.Turvalisuse moodulis saate tutvuda erinevate T\u00dc arvutiteaduse instituudi turvalisuse valdkonna \u00f5ppematerjalidega (k.a. Noored koodi projekti raames loodud turvalisuse \u00f5ppematerjalidega). Osalejad saavad v\u00f5imaluse katsetada isoleeritud Virtualbox keskkonda kus teeme l\u00e4bi illustreerivaid n\u00e4idisr\u00fcndeid ja kaitse harjutusi.\n<\/p>\n<p>\n\t<strong>Arduino<\/strong> on suhteliselt odav ja mugav elektroonika ja riistvara programmeerimise platvorm, millega saavad hakkama alates juba p\u00f5hikooli l\u00f5puklasside koolinoored. Noored Koodi projekti raames loodi 32 tunnine \u00f5ppematerjal f\u00fc\u00fcsilise Arduino arendusplaadiga harjutuste tegemiseks. TinkerCad keskkond seostub paljude noorte ja \u00f5petajate jaoks 3D mudelite joonistamise keskkonnana, kuid hiljuti lisati sinna ka elektroonikaskeemide ja riistvara programmeerimise v\u00f5imalused. Veebikoolitusel tutvume TinkerCad Circuits keskkonna v\u00f5imalustega ja n\u00e4itame kuidas keskkond saab aidata f\u00fc\u00fcsika aines elektroonikat \u00f5petada ja tehnoloogia\u00f5petuses v\u00f5imaldab Arduino riistvara virtuaalses keskkonnas programmeerimist ja alusteadmisi harjutada. Harjutuste osas saavad osalised ka iseseisvalt keskkonnas erinevaid \u00fclesandeid sooritada ning kasutamise kohta k\u00fcsimusi esitada. <a href=\"https:\/\/www.tinkercad.com\/learn\/circuits\">https:\/\/www.tinkercad.com\/learn\/circuits<\/a>\n<\/p>\n<p>\n\t\u00a0\n<\/p>\n<hr>\n<p>\n\t<s><strong>Teeme seda veelkord! 4. aprillil korraldab Tartu \u00dclikooli Arvutiteaduse instituut Tallinnas, HITSA\u00a0majas Noored Koodi koolitusp\u00e4eva.<\/strong><\/s>\n<\/p>\n<p>\n\t<s>Koolitusel on v\u00f5imalik\u00a0tutvuda Noored Koodi kursustega ja saada praktiline kogemus nende l\u00e4biviimiseks koolis. Iga \u00f5petaja saab\u00a0osaleda neljas paralleelsessioonis (Linux, K\u00fcberturvalisus, Veebilehed ja Arduino).<\/s>\n<\/p>\n<p>\n\t<s>Noored Koodi kursused on v\u00e4lja arendanud Arvutiteaduse instituudi t\u00f6\u00f6tajad ning tudengid. Need on suunatud III kooliastme ning g\u00fcmnaasiumi \u00f5pilastele ning k\u00f5igile vabalt k\u00e4ttesaadavad.<\/s>\n<\/p>\n<p>\n\t<s>Kursuseid on piloteeritud P\u00f5ltsamaa, Tartu ning P\u00e4rnu koolides.\u00a0<\/s>\n<\/p>\n<p>\n\t<s>Linux ja Raspberry PI \u2013\u00a032 x 45 min<br>K\u00fcberturvalisus \u2013\u00a016 x 45 min<br>Veebilehed -16 x 45 min<br>Arduino (UUS) \u2013 32\u00a0x 45 min<\/s>\n<\/p>\n<p>\n\t<s>Ootame koolitusele kuni 51 \u00f5petajat. K\u00f5ik koolitusel osalenud saavad tunnistused!<\/s>\n<\/p>\n<p>\n\t<s><a data-url=\"https:\/\/forms.gle\/LD6oS9Ar1RMLpqLQA\" href=\"https:\/\/forms.gle\/LD6oS9Ar1RMLpqLQA\" target=\"_blank\" title=\"\" rel=\"noopener\">Registreeri\u00a0SIIN!<\/a><\/s>\n<\/p>\n<p>\n\t\u00a0\n<\/p>\n<p>\n\tKUIDAS KOHALE J\u00d5UDA?<br>Uus Nutiklass asub Hariduse Infotehnoloogia SA ruumides Tallinnas, aadressil Akadeemia tee 21\/4 (III korrus). NB! Sissep\u00e4\u00e4s on Teaduspargi t\u00e4nava poolt!\n<\/p>\n<p>\n\tNutiklassi saamiseks vali lifti juures oleval tahvelarvutil \u201cHITSA nutiklass\u201d ja mine lifti. Seej\u00e4rel s\u00f5idab lift automaatselt kolmandale korrusele nutiklassi. T\u00f5rgete korral helista oma kontaktile v\u00f5i numbrile +372 510 5706.\n<\/p>\n<p>\n\tKesklinnast toob mugavalt kohale troll nr 3. V\u00e4ljuda tuleks l\u00f5pp-peatuses \u201cMustam\u00e4e\u201d. HITSA juurde saab ka mitme bussiga (vaata s\u00f5iduplaani). Autoga tulijatel on v\u00f5imalik tasuta parkida l\u00e4hipiirkonnas.\n<\/p>\n<table class=\"table table-hover\" bgcolor=\"#00FF00\" border=\"1\" cellpadding=\"1\" cellspacing=\"1\" style=\"width: 100%\">\n<tbody>\n<tr>\n<td>\n\t\t\t\t<em>Vana koolituse info<\/em>\n\t\t\t<\/td>\n<\/tr>\n<\/tbody>\n<\/table>\n<p>\n\t<em><strong>15. veebruaril korraldab Tartu \u00dclikooli Arvutiteaduse instituut \u00e4sjaavatud DELTA majas Noored Koodi koolitusp\u00e4eva.<\/strong> Koolitusel on v\u00f5imalik\u00a0tutvuda Noored Koodi kursustega ja saada praktiline kogemus nende l\u00e4biviimiseks koolis. Iga \u00f5petaja saab\u00a0osaleda kuni kolmes paralleelsessioonis.<\/em>\n<\/p>\n<p>\n\t<em>Noored Koodi kursused on v\u00e4lja arendanud Arvutiteaduse instituudi t\u00f6\u00f6tajad ning tudengid. Need on suunatud III kooliastme ning g\u00fcmnaasiumi \u00f5pilastele ning k\u00f5igile vabalt k\u00e4ttesaadavad.<\/em>\n<\/p>\n<p>\n\t<em>Kursuseid on piloteeritud P\u00f5ltsamaa, Tartu ning P\u00e4rnu koolides. Loe kursuste l\u00fchikirjeldust allpool.<\/em>\n<\/p>\n<p>\n\t<em>Linux ja Raspberry PI \u2013\u00a032 x 45 min<br>K\u00fcberturvalisus \u2013\u00a016 x 45 min<br>Veebilehed -16 x 45 min<br>Virtuaalreaalsus \u2013\u00a016 x 45 min<\/em>\n<\/p>\n<p>\n\t<em>Ootame koolitusele kuni 101 \u00f5petajat. K\u00f5ik koolitusel osalenud saavad tunnistused!<\/em>\n<\/p>\n<p>\n\t<em><a data-url=\"https:\/\/forms.gle\/LD6oS9Ar1RMLpqLQA\" href=\"https:\/\/forms.gle\/LD6oS9Ar1RMLpqLQA\" target=\"_blank\" title=\"\" rel=\"noopener\">Registreeri\u00a0SIIN!<\/a><\/em>\n<\/p>\n<p>\n\t\u00a0\n<\/p>\n<p>\n\t<em>Asukoht: Tartu \u00dclikooli DELTA keskus \u2013 Narva mnt 18, Tartu<br>Aeg: 15. veebruar 2020<br>Ajakava:<br>09:30 \u2013 10:00 Saabumine<br>10:00 \u2013 10:15 Koolitusp\u00e4eva avamine<\/em>\n<\/p>\n<p>\n\t<em>Esimene paralleelsessioon<br>10:15 \u2013 11:45 Linux ja Raspberry PI ruumis 2005<br>10:15 \u2013 11:45 K\u00fcberturvalisus ruumis 2004<br>10:15 \u2013 11:45 Veebilehtede tegemine ruumis 2030<br>10:15 \u2013 11:45 Virtuaalreaalsus ruumis 2006<\/em>\n<\/p>\n<p>\n\t<em>11:45-12:45 L\u00f5una<\/em>\n<\/p>\n<p>\n\t<em>Teine paralleelsessioon<br>13:00 \u2013 14:30 Linux ja Raspberry PI ruumis 2005<br>13:00 \u2013 14:30 K\u00fcberturvalisus ruumis 2004<br>13:00 \u2013 14:30 Veebilehtede tegemine ruumis 2030<br>13:00 \u2013 14:30 Virtuaalreaalsus ruumis 2006<\/em>\n<\/p>\n<p>\n\t<em>Pisike kohvipaus<\/em>\n<\/p>\n<p>\n\t<em>Kolmas paralleelsessioon<br>14:45 \u2013 16:15 Linux ja Raspberry PI ruumis 2005<br>14:45 \u2013 16:15 K\u00fcberturvalisus ruumis 2004<br>14:45 \u2013 16:15 Veebilehtede tegemine ruumis 2030<br>14:45 \u2013 16:15 Virtuaalreaalsus ruumis 2006<\/em>\n<\/p>\n<p>\n\t<em>16:30 Soovijatele DELTA maja tutvustav tuur<\/em>\n<\/p>\n<p>\n\t<em>Kontakt. Heilo Altin \u2013 Heilo.Altin@ut.ee<\/em>\n<\/p>\n<p>\n\t\u00a0\n<\/p>\n<p>\n\t<strong>Virtuaalreaalsuse<\/strong>\u00a0ja arvutim\u00e4ngude loomine laiemalt on j\u00e4rjest kasvav majandusharu ning reaalne karj\u00e4\u00e4rivalik t\u00e4nastele noortele. T\u00f6\u00f6toas teeme tutvust vabalt k\u00e4ttesaadava m\u00e4ngumootoriga Unreal Engine, loome lihtsa virtuaalse maailma, m\u00e4\u00e4rame materjalid ning katsetame visuaalse koodi kirjutamist keeles Blueprint. Seminari eesm\u00e4rgiks on n\u00e4idata, et t\u00e4nap\u00e4evane m\u00e4nguarendus on segu disainist, programmeerimisest ja loovast probleemilahendusest. Noored Koodi kursuste hulgas on 16 tunni pikkune Unreal Engine koolitus, mille m\u00f5nel moodulil k\u00e4esolev seminar rajaneb.\n<\/p>\n<p>\n\t\u00a0\n<\/p>\n<p>\n\t<strong>Veebilehtede loomine<\/strong>. Me k\u00f5ik kasutame igap\u00e4evaselt erinevaid veebilehti, et suhelda tuttavatega, lugeda uudiseid ja teha tuhandeid muid asju, aga mis toimub nende telgitagustes? Kuidas veebilehti \u00fcldse luuakse?<br>Veebilehtede kursuse raames \u00f5petatakse, kuidas panna nullist kokku veebileht ja teha see ilusaks, kasutades selleks m\u00e4rgistuskeelt HTML5 ja kaskaadlaadistikku CSS3.\n<\/p>\n<p>\n\t<strong>Linux ja Raspberry PI<\/strong>: Kursus koosneb kahest osast. Kursuse esimeses osas \u00f5pitakse, mis on Linux (Ubuntu) ning kuidas seda kasutada. Muidugi \u00f5pitakse tundma ka k\u00e4surida ning katsetatakse Linuxi turvalisust. \u00d5pe toimub virtuaalmasinas, kus \u00f5pilased saavad igas tunnis lahendada praktilisi \u00fclesandeid. Kursuse teises osas kasutatakse Raspberry Pid koos mitmete lisatarvikutega. Seega on iga Raspberry Pi tund eelmisest erinev ning \u00f5pilased saavad v\u00e4ga laia \u00fclevaate, mis on nende v\u00f5imalused Raspberry Piga oma igap\u00e4evaelu lihtsustamiseks\/p\u00f5nevamaks tegemiseks. Viimases tunnis kirjutatakse oma isiklik projekt, mida saavad \u00f5pilased soovi korral kodus ka iseseisvalt teostada.\n<\/p>\n<p>\n\t<strong>K\u00fcberturvalisus<\/strong> kogub iga aastaga j\u00e4rjest rohkem populaarsust ja t\u00e4htsust digitaalses \u00fchiskonnas.Turvalisuse moodulis saate tutvuda erinevate T\u00dc arvutiteaduse instituudi turvalisuse valdkonna \u00f5ppematerjalidega (k.a. Noored koodi projekti raames loodud turvalisuse \u00f5ppematerjalidega). Osalejad saavad v\u00f5imaluse katsetada isoleeritud Virtualbox keskkonda kus teeme l\u00e4bi illustreerivaid n\u00e4idisr\u00fcndeid ja kaitse harjutusi. \u00a0\n<\/p>\n<p>\n\t<br>\u00a0\n<\/p>\n<p>\n\t\u00a0<\/p>\n","protected":false},"excerpt":{"rendered":"<p>Head informaatika \u00f5petajad ja huvitatud inimesed! Noored Koodi korraldab veebruari esimesel n\u00e4dala\u00a0neljal p\u00e4eval unustamatud l\u00fchikoolitused. Iga koolitus kestab kaks tundi, mille k\u00e4igus avatakse k\u00fcberturvalisuse, Arduino, veebilehtede ning Linux (Raspberry PI) kursuste huvitavaid v\u00f5imalusi g\u00fcmnaasiumi v\u00f5i nooremas kooliastmes\u00a0informaatika\u00a0ja arvuti\u00f5petuse tundides kasutamiseks. &#8230;<\/p>\n","protected":false},"author":119,"featured_media":0,"parent":0,"menu_order":0,"comment_status":"closed","ping_status":"closed","template":"","meta":{"_acf_changed":false,"inline_featured_image":false,"footnotes":""},"class_list":["post-8","page","type-page","status-publish","hentry"],"acf":[],"_links":{"self":[{"href":"https:\/\/sisu.ut.ee\/nooredkoodi\/wp-json\/wp\/v2\/pages\/8","targetHints":{"allow":["GET"]}}],"collection":[{"href":"https:\/\/sisu.ut.ee\/nooredkoodi\/wp-json\/wp\/v2\/pages"}],"about":[{"href":"https:\/\/sisu.ut.ee\/nooredkoodi\/wp-json\/wp\/v2\/types\/page"}],"author":[{"embeddable":true,"href":"https:\/\/sisu.ut.ee\/nooredkoodi\/wp-json\/wp\/v2\/users\/119"}],"replies":[{"embeddable":true,"href":"https:\/\/sisu.ut.ee\/nooredkoodi\/wp-json\/wp\/v2\/comments?post=8"}],"version-history":[{"count":1,"href":"https:\/\/sisu.ut.ee\/nooredkoodi\/wp-json\/wp\/v2\/pages\/8\/revisions"}],"predecessor-version":[{"id":66,"href":"https:\/\/sisu.ut.ee\/nooredkoodi\/wp-json\/wp\/v2\/pages\/8\/revisions\/66"}],"wp:attachment":[{"href":"https:\/\/sisu.ut.ee\/nooredkoodi\/wp-json\/wp\/v2\/media?parent=8"}],"curies":[{"name":"wp","href":"https:\/\/api.w.org\/{rel}","templated":true}]}}