{"id":7,"date":"2024-04-04T03:33:57","date_gmt":"2024-04-04T00:33:57","guid":{"rendered":"https:\/\/sisu.ut.ee\/nooredkoodi\/informaatika-tartu-ulikoolis\/"},"modified":"2024-04-04T03:34:34","modified_gmt":"2024-04-04T00:34:34","slug":"informaatika-tartu-ulikoolis","status":"publish","type":"page","link":"https:\/\/sisu.ut.ee\/nooredkoodi\/informaatika-tartu-ulikoolis\/","title":{"rendered":"Informaatika bakalaureuse\u00f5pe Tartu \u00fclikoolis"},"content":{"rendered":"<p><strong>\u00d5ppet\u00f6\u00f6<\/strong><\/p>\n<p>Informaatika erialal omandatakse nii arvutiteaduse teoreetilised alused kui ka tugevad praktilised oskused.<\/p>\n<p>\u00d5pe ei eelda eelteadmisi programmeerimisest, kuid samas leiab ka k\u00f5ige nutikam ol\u00fcmpiaadikogemusega \u00fcli\u00f5pilane endale \u00f5ppe\u00adt\u00f6\u00f6 jooksul t\u00f5siseid v\u00e4ljakutseid. Ained variee\u00adruvad programmeerimiskeeltest algoritmide, tehisintellekti, matemaatilise loogika ja keele\u00adtehnoloogiani.<\/p>\n<p>\u00d5ppekava kohustuslik osa keskendub eelk\u00f5ige valdkonna baasteadmistele, mis annavad hea aluse kitsamate oskuste ja tehnoloogiate omandamiseks (n\u00e4iteks programmeerimiskeel C++, pilvearvutused, arvutuslik neuroteadus jne), mida saab teha valikainete raames juba l\u00e4htuvalt enda huvidest.<\/p>\n<p>P\u00f5neva n\u00fcansi \u00f5pingutele annab koost\u00f6\u00f6 ettev\u00f5tjatega IT sektorist ja ka mujalt. Koos ettev\u00f5tjatest klientidega \u00f5pitakse r\u00fchmat\u00f6\u00f6des ellu viima p\u00e4ris tarkvaraprojekte l\u00e4bi k\u00f5ikide etappide \u2013 kliendisuhtlusest ja anal\u00fc\u00fcsist disaini, realisatsiooni, testimise ja halduseni. Praktilisi kogemusi saab omandada ka iga-aastasel Garage48-ga koost\u00f6\u00f6s toimuval Student Startup Camp\u2019il, kus saab omal nahal kogeda ideest idufirma arendamist.<\/p>\n<p><img loading=\"lazy\" decoding=\"async\" src=\"\/wp-content\/uploads\/sites\/237\/robotid.jpg\" width=\"600\" height=\"400\"><\/p>\n\n<p>Loe l\u00e4hemalt informaatika \u00f5ppimise kohta <strong><a href=\"https:\/\/www.ut.ee\/et\/ut-oppekavad\/informaatika\" target=\"_blank\" rel=\"noopener\">Tartu \u00fclikooli kodulehelt.<\/a><\/strong><\/p>\n\n<p><strong>Vastuv\u00f5tutingimused<\/strong><\/p>\n<ul>\n<li>Eesti keel v\u00f5i eesti keel teise keelena riigieksam 40%<\/li>\n<li>Matemaatika riigieksam (kitsas v\u00f5i lai*) 60%<\/li>\n<\/ul>\n<p>* Laia v\u00f5i enne 2014. aastat sooritatud matemaatika riigieksami tulemusele lisatakse kandideerimisel 16 punkti.<\/p>\n<p>Vastuv\u00f5tu tagab punktisumma 80,0.\u00a0\u00dclej\u00e4\u00e4nud \u00f5ppekohad t\u00e4idetakse paremusj\u00e4rjestuse alusel. Kandideerimiseks vajalik minimaalne punktisumma on 66,0.<\/p>\n<p><strong>Vastuv\u00f5tutingimusi arvestamata v\u00f5etakse lisaks\u00a0<a style=\"background-color: #ffffff\" href=\"https:\/\/www.ut.ee\/29827\">\u00fcldistele eritingimustele<\/a>\u00a0vastu \u00fcli\u00f5pilaskandidaat, kes on<\/strong><\/p>\n<ul>\n<li>g\u00fcmnaasiumiklasside \u00f5pilasena v\u00f5tnud osa Eestis \u00fcleriigilise\u00a0<strong>bioloogia-, geograafia-, keemia-, f\u00fc\u00fcsika-, matemaatika-\u00a0<\/strong>v\u00f5i\u00a0<strong>informaatikaol\u00fcmpiaadi\u00a0<\/strong>l\u00f5ppvoorust;<\/li>\n<li>11. v\u00f5i 12. klassi \u00f5pilasena saanud f\u00fc\u00fcsika, keemia v\u00f5i matemaatika lahtistel v\u00f5istlustel tulemuseks v\u00e4hemalt 50% maksimumpunktidest.<\/li>\n<\/ul>\n<ul>\n<li>kandidaat, kes on sooritanud kontrollitud oludes l\u00f5pphindamise ning positiivse tulemusega Tartu \u00dclikooli MOOCi\u00a0<strong>kursuse\u00a0<a href=\"https:\/\/courses.cs.ut.ee\/2016\/eprogalkool\/fall\/Main\/HomePage\" target=\"_blank\" rel=\"noopener\">\u201cProgrammeerimise alused \u00f5pilastele\u201d<\/a>\u00a0<\/strong>(registreerimist\u00e4htaeg 15.01.2017) v\u00f5i\u00a0<strong><a href=\"https:\/\/courses.cs.ut.ee\/2017\/eprogalused\/spring\">\u201cProgrammeerimise alused\u201d<\/a><\/strong>. T\u00f5endit kursuse l\u00e4bimise kohta SAISi avaldusele lisama ei pea, tuleb vaid m\u00e4rkida kandideerimine eritingimusel. MOOCi kursuse l\u00f5petanud kandidaadile arvestatakse kandideerimisel kogusummaks 80 punkti.<\/li>\n<\/ul>\n<p>Informaatika bakalaurseuse\u00f5ppesse astumiseks saab avalduse esitada alates 20. juuni kuni 1. juuli 2018.<\/p>\n\n<p>\u00a0<\/p>\n<p>\u00a0<\/p>\n","protected":false},"excerpt":{"rendered":"<p>\u00d5ppet\u00f6\u00f6 Informaatika erialal omandatakse nii arvutiteaduse teoreetilised alused kui ka tugevad praktilised oskused. \u00d5pe ei eelda eelteadmisi programmeerimisest, kuid samas leiab ka k\u00f5ige nutikam ol\u00fcmpiaadikogemusega \u00fcli\u00f5pilane endale \u00f5ppe\u00adt\u00f6\u00f6 jooksul t\u00f5siseid v\u00e4ljakutseid. Ained variee\u00adruvad programmeerimiskeeltest algoritmide, tehisintellekti, matemaatilise loogika ja keele\u00adtehnoloogiani. &#8230;<\/p>\n","protected":false},"author":119,"featured_media":0,"parent":0,"menu_order":0,"comment_status":"closed","ping_status":"closed","template":"","meta":{"_acf_changed":false,"inline_featured_image":false,"footnotes":""},"class_list":["post-7","page","type-page","status-publish","hentry"],"acf":[],"_links":{"self":[{"href":"https:\/\/sisu.ut.ee\/nooredkoodi\/wp-json\/wp\/v2\/pages\/7","targetHints":{"allow":["GET"]}}],"collection":[{"href":"https:\/\/sisu.ut.ee\/nooredkoodi\/wp-json\/wp\/v2\/pages"}],"about":[{"href":"https:\/\/sisu.ut.ee\/nooredkoodi\/wp-json\/wp\/v2\/types\/page"}],"author":[{"embeddable":true,"href":"https:\/\/sisu.ut.ee\/nooredkoodi\/wp-json\/wp\/v2\/users\/119"}],"replies":[{"embeddable":true,"href":"https:\/\/sisu.ut.ee\/nooredkoodi\/wp-json\/wp\/v2\/comments?post=7"}],"version-history":[{"count":1,"href":"https:\/\/sisu.ut.ee\/nooredkoodi\/wp-json\/wp\/v2\/pages\/7\/revisions"}],"predecessor-version":[{"id":67,"href":"https:\/\/sisu.ut.ee\/nooredkoodi\/wp-json\/wp\/v2\/pages\/7\/revisions\/67"}],"wp:attachment":[{"href":"https:\/\/sisu.ut.ee\/nooredkoodi\/wp-json\/wp\/v2\/media?parent=7"}],"curies":[{"name":"wp","href":"https:\/\/api.w.org\/{rel}","templated":true}]}}