{"id":6,"date":"2024-04-04T03:33:57","date_gmt":"2024-04-04T00:33:57","guid":{"rendered":"https:\/\/sisu.ut.ee\/nooredkoodi\/kkk\/"},"modified":"2024-04-04T03:34:34","modified_gmt":"2024-04-04T00:34:34","slug":"kkk","status":"publish","type":"page","link":"https:\/\/sisu.ut.ee\/nooredkoodi\/kkk\/","title":{"rendered":"KORDUMA KIPPUVAD K\u00dcSIMUSED"},"content":{"rendered":"<p><strong>Mitu t\u00f6\u00f6tuba \u00fches koolis teeme?<\/strong><\/p>\n<p>Igasse kooli kuhu tuleme, teeme 4 t\u00f6\u00f6tuba<\/p>\n\n<p>\u00a0<strong>Kui kaua kestab \u00fcks t\u00f6\u00f6tuba?<\/strong><\/p>\n<p>\u00dche t\u00f6\u00f6toa kestvus on 45-75 minutit, vastavalt kuidas koolile mugavam on.<\/p>\n<p>\u00a0<\/p>\n<p><strong>Mitu \u00f5pilast on vaja \u00fchte t\u00f6\u00f6tuppa?<\/strong><\/p>\n<p>\u00dches t\u00f6\u00f6toas peaks osalema 25 \u00f5pilast.<\/p>\n<p>\u00a0<\/p>\n<p><strong>Mis varustus on vajalik kooli poolt?<\/strong><\/p>\n<p>\u00dcldjuhul teeme k\u00f5ik t\u00f6\u00f6toad j\u00e4rjest \u00fches ruumis. Vajalik on kas klassiruum laudade ja toolidega v\u00f5i arvutiklass. Ruumis peaks olema projektor ja vajadusel pikendusjuhtmed.<\/p>\n<p>\u00a0<\/p>\n<p><strong>Kes on sihtgrupp?<\/strong><\/p>\n<p>Sihtgrupiks on 7.-12. klassi \u00f5pilased.<\/p>\n<p>\u00a0<\/p>\n<p><strong>Mis kell t\u00f6\u00f6tubadega alustada?<\/strong><\/p>\n<p>S\u00f5idame Teie kooli Tartust. Seega olenevalt v\u00e4ljas\u00f5idu kaugusest alustame vahemikus 8:00-10:00, aja lepime omavahel kokku.<\/p>\n<p>\u00a0<\/p>\n<p><strong>Mitu t\u00f6\u00f6tuba on v\u00f5imalik samaaegselt teha?<\/strong><\/p>\n<p>Samaaegselt saame teha maksimaalselt kaks t\u00f6\u00f6tuba.<\/p>\n<p>\u00a0<\/p>\n<p><strong>Kas on oluline, et \u00f5pilased omavad eelnevat kogemust?<\/strong><\/p>\n<p>T\u00f6\u00f6toad ja laagrid sobivad igale tasemele.<\/p>\n<p>\u00a0<\/p>\n<p><strong>Kuidas erineb laager t\u00f6\u00f6tubadest?<\/strong><\/p>\n<p>T\u00f6\u00f6toad on 45-75 minutlised tutvustavad tegevused. Laagri puhul valitakse \u00fcks teema ja l\u00e4bitakse see natuke p\u00f5hjalikumalt.<\/p>\n<p>\u00a0<\/p>\n<p><strong>Kas \u00f5petaja kohalviibimine on kohustuslik?<\/strong><\/p>\n<p>Ei ole.<\/p>\n","protected":false},"excerpt":{"rendered":"<p>Mitu t\u00f6\u00f6tuba \u00fches koolis teeme? Igasse kooli kuhu tuleme, teeme 4 t\u00f6\u00f6tuba \u00a0Kui kaua kestab \u00fcks t\u00f6\u00f6tuba? \u00dche t\u00f6\u00f6toa kestvus on 45-75 minutit, vastavalt kuidas koolile mugavam on. \u00a0 Mitu \u00f5pilast on vaja \u00fchte t\u00f6\u00f6tuppa? \u00dches t\u00f6\u00f6toas peaks osalema 25 &#8230;<\/p>\n","protected":false},"author":119,"featured_media":0,"parent":0,"menu_order":0,"comment_status":"closed","ping_status":"closed","template":"","meta":{"_acf_changed":false,"inline_featured_image":false,"footnotes":""},"class_list":["post-6","page","type-page","status-publish","hentry"],"acf":[],"_links":{"self":[{"href":"https:\/\/sisu.ut.ee\/nooredkoodi\/wp-json\/wp\/v2\/pages\/6","targetHints":{"allow":["GET"]}}],"collection":[{"href":"https:\/\/sisu.ut.ee\/nooredkoodi\/wp-json\/wp\/v2\/pages"}],"about":[{"href":"https:\/\/sisu.ut.ee\/nooredkoodi\/wp-json\/wp\/v2\/types\/page"}],"author":[{"embeddable":true,"href":"https:\/\/sisu.ut.ee\/nooredkoodi\/wp-json\/wp\/v2\/users\/119"}],"replies":[{"embeddable":true,"href":"https:\/\/sisu.ut.ee\/nooredkoodi\/wp-json\/wp\/v2\/comments?post=6"}],"version-history":[{"count":1,"href":"https:\/\/sisu.ut.ee\/nooredkoodi\/wp-json\/wp\/v2\/pages\/6\/revisions"}],"predecessor-version":[{"id":68,"href":"https:\/\/sisu.ut.ee\/nooredkoodi\/wp-json\/wp\/v2\/pages\/6\/revisions\/68"}],"wp:attachment":[{"href":"https:\/\/sisu.ut.ee\/nooredkoodi\/wp-json\/wp\/v2\/media?parent=6"}],"curies":[{"name":"wp","href":"https:\/\/api.w.org\/{rel}","templated":true}]}}